{"id":18,"date":"2014-01-09T14:22:00","date_gmt":"2014-01-09T16:22:00","guid":{"rendered":"https:\/\/wp.ufpel.edu.br\/laburb\/?page_id=18"},"modified":"2023-08-02T04:48:46","modified_gmt":"2023-08-02T07:48:46","slug":"apresetacao","status":"publish","type":"page","link":"https:\/\/wp.ufpel.edu.br\/laburb\/","title":{"rendered":"LabUrb &#8211; Laborat\u00f3rio de Urbanismo"},"content":{"rendered":"<p style=\"text-align: justify;\"><span style=\"font-weight: 400;\">O Laborat\u00f3rio de Urbanismo da FAUrb \u2013 LabUrb pretende reunir e apoiar iniciativas e projetos comprometidos com o conhecimento sobre o urbanismo, em suas diversas escalas e possibilidades tem\u00e1ticas. Trabalha com ensino, pesquisa, extens\u00e3o e administra\u00e7\u00e3o integrados, com base na Faculdade de Arquitetura e Urbanismo da UFPel. Suas atividades incluem apoiar a realiza\u00e7\u00e3o de disciplinas de gradua\u00e7\u00e3o no Curso de Arquitetura e Urbanismo e de Mestrado no Programa de P\u00f3s-Gradua\u00e7\u00e3o em Arquitetura e Urbanismo \u2013 PROGRAU. No LabUrb tamb\u00e9m s\u00e3o realizados projetos de extens\u00e3o, particularmente dedicados a apoiar a\u00e7\u00f5es de planejamento e desenho urbano de prefeituras, fortalecendo as equipes locais e indicando para sua autonomia e aperfei\u00e7oamento. As atividades de pesquisa est\u00e3o voltadas para estudos de teoria de urbanismo contempor\u00e2neo, morfologia, clima urbano, modelagem, cartografia, SIG, geocomputa\u00e7\u00e3o e recursos de visualiza\u00e7\u00e3o.<\/span><\/p>\n<p class=\"jetpack-slideshow-noscript robots-nocontent\">Este slideshow necessita de JavaScript.<\/p><div id=\"gallery-18-1-slideshow\" class=\"jetpack-slideshow-window jetpack-slideshow jetpack-slideshow-black\" data-trans=\"fade\" data-autostart=\"1\" data-gallery=\"[{&quot;src&quot;:&quot;https:\\\/\\\/wp.ufpel.edu.br\\\/laburb\\\/files\\\/2021\\\/05\\\/11402596_695513987221148_219794892479935511_o.jpg&quot;,&quot;id&quot;:&quot;899&quot;,&quot;title&quot;:&quot;11402596_695513987221148_219794892479935511_o&quot;,&quot;alt&quot;:&quot;&quot;,&quot;caption&quot;:&quot;&quot;,&quot;itemprop&quot;:&quot;image&quot;},{&quot;src&quot;:&quot;https:\\\/\\\/wp.ufpel.edu.br\\\/laburb\\\/files\\\/2021\\\/05\\\/10269500_517288498377032_3377629231477939603_n.jpg&quot;,&quot;id&quot;:&quot;886&quot;,&quot;title&quot;:&quot;10269500_517288498377032_3377629231477939603_n&quot;,&quot;alt&quot;:&quot;&quot;,&quot;caption&quot;:&quot;&quot;,&quot;itemprop&quot;:&quot;image&quot;},{&quot;src&quot;:&quot;https:\\\/\\\/wp.ufpel.edu.br\\\/laburb\\\/files\\\/2021\\\/05\\\/10553877_568421863263695_4134897560125871880_o.jpg&quot;,&quot;id&quot;:&quot;894&quot;,&quot;title&quot;:&quot;10553877_568421863263695_4134897560125871880_o&quot;,&quot;alt&quot;:&quot;&quot;,&quot;caption&quot;:&quot;&quot;,&quot;itemprop&quot;:&quot;image&quot;},{&quot;src&quot;:&quot;https:\\\/\\\/wp.ufpel.edu.br\\\/laburb\\\/files\\\/2021\\\/05\\\/12113279_743016902470856_969302116097078132_o.jpg&quot;,&quot;id&quot;:&quot;905&quot;,&quot;title&quot;:&quot;12113279_743016902470856_969302116097078132_o&quot;,&quot;alt&quot;:&quot;&quot;,&quot;caption&quot;:&quot;&quot;,&quot;itemprop&quot;:&quot;image&quot;},{&quot;src&quot;:&quot;https:\\\/\\\/wp.ufpel.edu.br\\\/laburb\\\/files\\\/2021\\\/05\\\/10443221_568517236587491_8221937650650953125_o.jpg&quot;,&quot;id&quot;:&quot;889&quot;,&quot;title&quot;:&quot;10443221_568517236587491_8221937650650953125_o&quot;,&quot;alt&quot;:&quot;&quot;,&quot;caption&quot;:&quot;&quot;,&quot;itemprop&quot;:&quot;image&quot;},{&quot;src&quot;:&quot;https:\\\/\\\/wp.ufpel.edu.br\\\/laburb\\\/files\\\/2021\\\/05\\\/12140075_743016569137556_5660611584488294172_o.jpg&quot;,&quot;id&quot;:&quot;907&quot;,&quot;title&quot;:&quot;12140075_743016569137556_5660611584488294172_o&quot;,&quot;alt&quot;:&quot;&quot;,&quot;caption&quot;:&quot;&quot;,&quot;itemprop&quot;:&quot;image&quot;},{&quot;src&quot;:&quot;https:\\\/\\\/wp.ufpel.edu.br\\\/laburb\\\/files\\\/2021\\\/05\\\/11699081_711428022296411_5270496027662334260_o.jpg&quot;,&quot;id&quot;:&quot;902&quot;,&quot;title&quot;:&quot;11699081_711428022296411_5270496027662334260_o&quot;,&quot;alt&quot;:&quot;&quot;,&quot;caption&quot;:&quot;&quot;,&quot;itemprop&quot;:&quot;image&quot;},{&quot;src&quot;:&quot;https:\\\/\\\/wp.ufpel.edu.br\\\/laburb\\\/files\\\/2021\\\/05\\\/13458576_853462544759624_2155677611343655591_o.jpg&quot;,&quot;id&quot;:&quot;908&quot;,&quot;title&quot;:&quot;13458576_853462544759624_2155677611343655591_o&quot;,&quot;alt&quot;:&quot;&quot;,&quot;caption&quot;:&quot;&quot;,&quot;itemprop&quot;:&quot;image&quot;},{&quot;src&quot;:&quot;https:\\\/\\\/wp.ufpel.edu.br\\\/laburb\\\/files\\\/2021\\\/05\\\/12091391_743485359090677_8818870573802111912_o.jpg&quot;,&quot;id&quot;:&quot;904&quot;,&quot;title&quot;:&quot;12091391_743485359090677_8818870573802111912_o&quot;,&quot;alt&quot;:&quot;&quot;,&quot;caption&quot;:&quot;&quot;,&quot;itemprop&quot;:&quot;image&quot;},{&quot;src&quot;:&quot;https:\\\/\\\/wp.ufpel.edu.br\\\/laburb\\\/files\\\/2021\\\/05\\\/1599109_580970488675499_1293629606950474732_o.jpg&quot;,&quot;id&quot;:&quot;883&quot;,&quot;title&quot;:&quot;1599109_580970488675499_1293629606950474732_o&quot;,&quot;alt&quot;:&quot;&quot;,&quot;caption&quot;:&quot;&quot;,&quot;itemprop&quot;:&quot;image&quot;},{&quot;src&quot;:&quot;https:\\\/\\\/wp.ufpel.edu.br\\\/laburb\\\/files\\\/2021\\\/05\\\/10669198_607391112700103_2331077754878550277_o.png&quot;,&quot;id&quot;:&quot;895&quot;,&quot;title&quot;:&quot;10669198_607391112700103_2331077754878550277_o&quot;,&quot;alt&quot;:&quot;&quot;,&quot;caption&quot;:&quot;&quot;,&quot;itemprop&quot;:&quot;image&quot;},{&quot;src&quot;:&quot;https:\\\/\\\/wp.ufpel.edu.br\\\/laburb\\\/files\\\/2021\\\/05\\\/1097800_408649419240941_1865334416_o.jpg&quot;,&quot;id&quot;:&quot;882&quot;,&quot;title&quot;:&quot;1097800_408649419240941_1865334416_o&quot;,&quot;alt&quot;:&quot;&quot;,&quot;caption&quot;:&quot;&quot;,&quot;itemprop&quot;:&quot;image&quot;},{&quot;src&quot;:&quot;https:\\\/\\\/wp.ufpel.edu.br\\\/laburb\\\/files\\\/2021\\\/05\\\/12080312_743485539090659_3368429682286415704_o.jpg&quot;,&quot;id&quot;:&quot;903&quot;,&quot;title&quot;:&quot;12080312_743485539090659_3368429682286415704_o&quot;,&quot;alt&quot;:&quot;&quot;,&quot;caption&quot;:&quot;&quot;,&quot;itemprop&quot;:&quot;image&quot;},{&quot;src&quot;:&quot;https:\\\/\\\/wp.ufpel.edu.br\\\/laburb\\\/files\\\/2021\\\/05\\\/11129337_673070582798822_5472528441069352498_o.jpg&quot;,&quot;id&quot;:&quot;896&quot;,&quot;title&quot;:&quot;11129337_673070582798822_5472528441069352498_o&quot;,&quot;alt&quot;:&quot;&quot;,&quot;caption&quot;:&quot;&quot;,&quot;itemprop&quot;:&quot;image&quot;},{&quot;src&quot;:&quot;https:\\\/\\\/wp.ufpel.edu.br\\\/laburb\\\/files\\\/2021\\\/05\\\/11406391_695509393888274_5635265686563874464_o.jpg&quot;,&quot;id&quot;:&quot;900&quot;,&quot;title&quot;:&quot;11406391_695509393888274_5635265686563874464_o&quot;,&quot;alt&quot;:&quot;&quot;,&quot;caption&quot;:&quot;&quot;,&quot;itemprop&quot;:&quot;image&quot;},{&quot;src&quot;:&quot;https:\\\/\\\/wp.ufpel.edu.br\\\/laburb\\\/files\\\/2021\\\/05\\\/13718733_868820799890465_6456198578845701537_n.jpg&quot;,&quot;id&quot;:&quot;909&quot;,&quot;title&quot;:&quot;13718733_868820799890465_6456198578845701537_n&quot;,&quot;alt&quot;:&quot;&quot;,&quot;caption&quot;:&quot;&quot;,&quot;itemprop&quot;:&quot;image&quot;},{&quot;src&quot;:&quot;https:\\\/\\\/wp.ufpel.edu.br\\\/laburb\\\/files\\\/2021\\\/05\\\/10356695_572629439509604_725282435812300044_n.jpg&quot;,&quot;id&quot;:&quot;888&quot;,&quot;title&quot;:&quot;10356695_572629439509604_725282435812300044_n&quot;,&quot;alt&quot;:&quot;&quot;,&quot;caption&quot;:&quot;&quot;,&quot;itemprop&quot;:&quot;image&quot;},{&quot;src&quot;:&quot;https:\\\/\\\/wp.ufpel.edu.br\\\/laburb\\\/files\\\/2021\\\/05\\\/10531283_559842374121644_1814171640986447860_o.jpg&quot;,&quot;id&quot;:&quot;893&quot;,&quot;title&quot;:&quot;10531283_559842374121644_1814171640986447860_o&quot;,&quot;alt&quot;:&quot;&quot;,&quot;caption&quot;:&quot;&quot;,&quot;itemprop&quot;:&quot;image&quot;},{&quot;src&quot;:&quot;https:\\\/\\\/wp.ufpel.edu.br\\\/laburb\\\/files\\\/2021\\\/05\\\/1658341_517288528377029_3682536410417661288_o.jpg&quot;,&quot;id&quot;:&quot;884&quot;,&quot;title&quot;:&quot;1658341_517288528377029_3682536410417661288_o&quot;,&quot;alt&quot;:&quot;&quot;,&quot;caption&quot;:&quot;&quot;,&quot;itemprop&quot;:&quot;image&quot;},{&quot;src&quot;:&quot;https:\\\/\\\/wp.ufpel.edu.br\\\/laburb\\\/files\\\/2021\\\/05\\\/858945_451429968296219_154631594_o.jpg&quot;,&quot;id&quot;:&quot;881&quot;,&quot;title&quot;:&quot;858945_451429968296219_154631594_o&quot;,&quot;alt&quot;:&quot;&quot;,&quot;caption&quot;:&quot;&quot;,&quot;itemprop&quot;:&quot;image&quot;},{&quot;src&quot;:&quot;https:\\\/\\\/wp.ufpel.edu.br\\\/laburb\\\/files\\\/2021\\\/05\\\/10256614_743486499090563_4005118746416690255_o.jpg&quot;,&quot;id&quot;:&quot;885&quot;,&quot;title&quot;:&quot;10256614_743486499090563_4005118746416690255_o&quot;,&quot;alt&quot;:&quot;&quot;,&quot;caption&quot;:&quot;&quot;,&quot;itemprop&quot;:&quot;image&quot;},{&quot;src&quot;:&quot;https:\\\/\\\/wp.ufpel.edu.br\\\/laburb\\\/files\\\/2021\\\/05\\\/10519765_568421866597028_3003949208733068949_o.jpg&quot;,&quot;id&quot;:&quot;892&quot;,&quot;title&quot;:&quot;10519765_568421866597028_3003949208733068949_o&quot;,&quot;alt&quot;:&quot;&quot;,&quot;caption&quot;:&quot;&quot;,&quot;itemprop&quot;:&quot;image&quot;},{&quot;src&quot;:&quot;https:\\\/\\\/wp.ufpel.edu.br\\\/laburb\\\/files\\\/2021\\\/05\\\/10458613_572629446176270_6532799562096797799_n.jpg&quot;,&quot;id&quot;:&quot;890&quot;,&quot;title&quot;:&quot;10458613_572629446176270_6532799562096797799_n&quot;,&quot;alt&quot;:&quot;&quot;,&quot;caption&quot;:&quot;&quot;,&quot;itemprop&quot;:&quot;image&quot;},{&quot;src&quot;:&quot;https:\\\/\\\/wp.ufpel.edu.br\\\/laburb\\\/files\\\/2021\\\/05\\\/11144955_711428095629737_1779202399006182986_o.jpg&quot;,&quot;id&quot;:&quot;897&quot;,&quot;title&quot;:&quot;11144955_711428095629737_1779202399006182986_o&quot;,&quot;alt&quot;:&quot;&quot;,&quot;caption&quot;:&quot;&quot;,&quot;itemprop&quot;:&quot;image&quot;},{&quot;src&quot;:&quot;https:\\\/\\\/wp.ufpel.edu.br\\\/laburb\\\/files\\\/2021\\\/05\\\/11696599_711428042296409_8506474991630688692_o.jpg&quot;,&quot;id&quot;:&quot;901&quot;,&quot;title&quot;:&quot;11696599_711428042296409_8506474991630688692_o&quot;,&quot;alt&quot;:&quot;&quot;,&quot;caption&quot;:&quot;&quot;,&quot;itemprop&quot;:&quot;image&quot;},{&quot;src&quot;:&quot;https:\\\/\\\/wp.ufpel.edu.br\\\/laburb\\\/files\\\/2021\\\/05\\\/11393438_698033256969221_2826043037299576418_o.jpg&quot;,&quot;id&quot;:&quot;898&quot;,&quot;title&quot;:&quot;11393438_698033256969221_2826043037299576418_o&quot;,&quot;alt&quot;:&quot;&quot;,&quot;caption&quot;:&quot;&quot;,&quot;itemprop&quot;:&quot;image&quot;},{&quot;src&quot;:&quot;https:\\\/\\\/wp.ufpel.edu.br\\\/laburb\\\/files\\\/2021\\\/05\\\/12140001_743016659137547_8955691930132555303_o.jpg&quot;,&quot;id&quot;:&quot;906&quot;,&quot;title&quot;:&quot;12140001_743016659137547_8955691930132555303_o&quot;,&quot;alt&quot;:&quot;&quot;,&quot;caption&quot;:&quot;&quot;,&quot;itemprop&quot;:&quot;image&quot;},{&quot;src&quot;:&quot;https:\\\/\\\/wp.ufpel.edu.br\\\/laburb\\\/files\\\/2021\\\/05\\\/10329737_520944414678107_4061103118954306800_o.jpg&quot;,&quot;id&quot;:&quot;887&quot;,&quot;title&quot;:&quot;10329737_520944414678107_4061103118954306800_o&quot;,&quot;alt&quot;:&quot;&quot;,&quot;caption&quot;:&quot;&quot;,&quot;itemprop&quot;:&quot;image&quot;},{&quot;src&quot;:&quot;https:\\\/\\\/wp.ufpel.edu.br\\\/laburb\\\/files\\\/2021\\\/05\\\/10462425_568421859930362_7358594449870165549_o.jpg&quot;,&quot;id&quot;:&quot;891&quot;,&quot;title&quot;:&quot;10462425_568421859930362_7358594449870165549_o&quot;,&quot;alt&quot;:&quot;&quot;,&quot;caption&quot;:&quot;&quot;,&quot;itemprop&quot;:&quot;image&quot;}]\" itemscope itemtype=\"https:\/\/schema.org\/ImageGallery\"><\/div>\n","protected":false},"excerpt":{"rendered":"<p>O Laborat\u00f3rio de Urbanismo da FAUrb \u2013 LabUrb pretende reunir e apoiar iniciativas e projetos comprometidos com o conhecimento sobre o urbanismo, em suas diversas escalas e possibilidades tem\u00e1ticas. Trabalha com ensino, pesquisa, extens\u00e3o e administra\u00e7\u00e3o integrados, com base na&#8230; <a class=\"more-link\" href=\"https:\/\/wp.ufpel.edu.br\/laburb\/\">Continue lendo &rarr;<\/a><\/p>\n","protected":false},"author":336,"featured_media":0,"parent":0,"menu_order":1,"comment_status":"closed","ping_status":"closed","template":"","meta":{"jetpack_post_was_ever_published":false,"footnotes":""},"class_list":["post-18","page","type-page","status-publish","hentry"],"jetpack_sharing_enabled":true,"jetpack_shortlink":"https:\/\/wp.me\/P8N9kW-i","_links":{"self":[{"href":"https:\/\/wp.ufpel.edu.br\/laburb\/wp-json\/wp\/v2\/pages\/18","targetHints":{"allow":["GET"]}}],"collection":[{"href":"https:\/\/wp.ufpel.edu.br\/laburb\/wp-json\/wp\/v2\/pages"}],"about":[{"href":"https:\/\/wp.ufpel.edu.br\/laburb\/wp-json\/wp\/v2\/types\/page"}],"author":[{"embeddable":true,"href":"https:\/\/wp.ufpel.edu.br\/laburb\/wp-json\/wp\/v2\/users\/336"}],"replies":[{"embeddable":true,"href":"https:\/\/wp.ufpel.edu.br\/laburb\/wp-json\/wp\/v2\/comments?post=18"}],"version-history":[{"count":12,"href":"https:\/\/wp.ufpel.edu.br\/laburb\/wp-json\/wp\/v2\/pages\/18\/revisions"}],"predecessor-version":[{"id":1105,"href":"https:\/\/wp.ufpel.edu.br\/laburb\/wp-json\/wp\/v2\/pages\/18\/revisions\/1105"}],"wp:attachment":[{"href":"https:\/\/wp.ufpel.edu.br\/laburb\/wp-json\/wp\/v2\/media?parent=18"}],"curies":[{"name":"wp","href":"https:\/\/api.w.org\/{rel}","templated":true}]}}