{"id":161,"date":"2015-06-23T16:03:56","date_gmt":"2015-06-23T19:03:56","guid":{"rendered":"https:\/\/wp.ufpel.edu.br\/laburb\/?page_id=161"},"modified":"2023-08-02T05:37:24","modified_gmt":"2023-08-02T08:37:24","slug":"artigos","status":"publish","type":"page","link":"https:\/\/wp.ufpel.edu.br\/laburb\/produtos\/artigos\/","title":{"rendered":"Artigos"},"content":{"rendered":"<p><span style=\"font-size: 18pt;\"><strong>2023<\/strong><\/span><\/p>\n<p><span style=\"font-size: 14pt;\">Lisandra Krebs e Maur\u00edcio Polidori<\/span><\/p>\n<p>SANTOS, M. M. ; KREBS,L,F.\u00a0; RIBAK, R. H. ; POLIDORI, M. C. . Efeitos do Adensamento Construtivo Sobre Microclimas Urbanos: estudo de caso em Bage\u0301\/RS. Revista de Morfologia Urbana, v. 11, p. 1-9, 2023.<\/p>\n<p>&nbsp;<\/p>\n<p><a href=\"https:\/\/revistademorfologiaurbana.org\/index.php\/rmu\/issue\/view\/20\"><img loading=\"lazy\" decoding=\"async\" class=\"aligncenter wp-image-1088 size-medium\" src=\"https:\/\/wp.ufpel.edu.br\/laburb\/files\/2023\/08\/cover_issue_20_pt_BR-225x318.png\" alt=\"\" width=\"225\" height=\"318\" srcset=\"https:\/\/wp.ufpel.edu.br\/laburb\/files\/2023\/08\/cover_issue_20_pt_BR-225x318.png 225w, https:\/\/wp.ufpel.edu.br\/laburb\/files\/2023\/08\/cover_issue_20_pt_BR-112x159.png 112w, https:\/\/wp.ufpel.edu.br\/laburb\/files\/2023\/08\/cover_issue_20_pt_BR-768x1086.png 768w, https:\/\/wp.ufpel.edu.br\/laburb\/files\/2023\/08\/cover_issue_20_pt_BR-1086x1536.png 1086w, https:\/\/wp.ufpel.edu.br\/laburb\/files\/2023\/08\/cover_issue_20_pt_BR-1448x2048.png 1448w, https:\/\/wp.ufpel.edu.br\/laburb\/files\/2023\/08\/cover_issue_20_pt_BR-619x876.png 619w\" sizes=\"auto, (max-width: 225px) 100vw, 225px\" \/><\/a><\/p>\n<p><span style=\"font-size: 18pt;\"><strong>2022<\/strong><\/span><\/p>\n<p><span style=\"font-size: 14pt;\">Lisandra Krebs\u00a0<\/span><\/p>\n<p>SANTOS, M. M. ;\u00a0KREBS,L,F<b>.<\/b>\u00a0; RIBAK, R. H. . Urban verticalization: predicting the effect of a Master Plan on microclimate in Bage\u0301, Brazil. In: Passive and Low Energy Architecture (PLEA) 22: Will Cities Survive?, 2022, Santiago do Chile. PLEA 2022: Will Cities Survive? Proceedings, 2022.<\/p>\n<p>RIBAK. R. H.; KREBS, L. F.; OLIVEIRA, B. P. de; BRITO, A. M. do A. SANTOS, M. M. dos. EFEITOS DO ADENSAMENTO URBANO NAS VARI\u00c1VEIS CLIM\u00c1TICAS EM ESPA\u00c7OS ABERTOS: estudo de caso na cidade de Pelotas-RS. In: ENCONTRO NACIONAL DE TECNOLOGIA DO AMBIENTE CONSTRU\u00cdDO, 19., 2022, Canela. Anais&#8230; Porto Alegre: ANTAC, 2022.<\/p>\n<p>SANTOS, M. M. ;\u00a0KREBS, LISANDRA FACHINELLO\u00a0; RIBAK, R. H. . Influe\u0302ncia do adensamento construtivo sobre os microclimas: Estudos brasileiros e singularidades do Sul. PIXO &#8211; Revista de Arquitetura, Cidade e Contemporaneidade, v. 6, p. 388-401, 2022.<\/p>\n<p><a class=\"https\" href=\"https:\/\/periodicos.ufpel.edu.br\/index.php\/pixo\/issue\/view\/1114\" rel=\"https:\/\/periodicos.ufpel.edu.br\/index.php\/pixo\/issue\/view\/1114\"><img loading=\"lazy\" decoding=\"async\" class=\"aligncenter wp-image-1085 size-medium\" src=\"https:\/\/wp.ufpel.edu.br\/laburb\/files\/2023\/08\/cover_issue_1114_pt_BR-225x318.png\" alt=\"\" width=\"225\" height=\"318\" srcset=\"https:\/\/wp.ufpel.edu.br\/laburb\/files\/2023\/08\/cover_issue_1114_pt_BR-225x318.png 225w, https:\/\/wp.ufpel.edu.br\/laburb\/files\/2023\/08\/cover_issue_1114_pt_BR-112x159.png 112w, https:\/\/wp.ufpel.edu.br\/laburb\/files\/2023\/08\/cover_issue_1114_pt_BR.png 400w\" sizes=\"auto, (max-width: 225px) 100vw, 225px\" \/><\/a><\/p>\n<p><span style=\"font-size: 18pt;\"><strong>2021<\/strong><\/span><\/p>\n<p><span style=\"font-size: 14pt;\">Lisandra Krebs<\/span><\/p>\n<p>FACHINELLO KREBS, LISANDRA; JOHANSSON, ERIK . Influence of microclimate on the effect of green roofs in Southern Brazil &#8211; A study coupling outdoor and indoor thermal simulations. ENERGY AND BUILDINGS<sup><img decoding=\"async\" id=\"03787788_4\" class=\"ajaxJCR jcrTip\" style=\"background: none 0px 0px repeat scroll transparent; border: 0px none; font-size: 11px; margin: 0px; padding: 0px; outline: none 0px; vertical-align: baseline; text-align: left;\" src=\"http:\/\/buscatextual.cnpq.br\/buscatextual\/images\/curriculo\/jcr.gif\" data-issn=\"03787788\" \/><\/sup>, v. 241, p. 110963, 2021.<\/p>\n<p><a class=\"https\" href=\"https:\/\/www.sciencedirect.com\/science\/article\/abs\/pii\/S0378778821002474\" target=\"_blank\" rel=\"https:\/\/www.sciencedirect.com\/science\/article\/abs\/pii\/S0378778821002474 noopener\"><img loading=\"lazy\" decoding=\"async\" class=\"aligncenter wp-image-1077 size-medium\" src=\"https:\/\/wp.ufpel.edu.br\/laburb\/files\/2023\/08\/X03787788-239x318.jpg\" alt=\"\" width=\"239\" height=\"318\" srcset=\"https:\/\/wp.ufpel.edu.br\/laburb\/files\/2023\/08\/X03787788-239x318.jpg 239w, https:\/\/wp.ufpel.edu.br\/laburb\/files\/2023\/08\/X03787788-119x159.jpg 119w, https:\/\/wp.ufpel.edu.br\/laburb\/files\/2023\/08\/X03787788.jpg 576w\" sizes=\"auto, (max-width: 239px) 100vw, 239px\" \/><\/a><\/p>\n<p><span style=\"font-size: 18pt;\"><strong>2019<\/strong><\/span><\/p>\n<p><span style=\"font-size: 14pt;\">Lisandra Krebs<\/span><\/p>\n<p>EDUARDO GRALA DA CUNHA ; CELINA MARIA BRITTO CORREA ; VIVIANE RITTER ; DANIELA HOHN ; ROBERTA MARINS NOGUEIRA PEIL ; HELAYNE APARECIDA MAIEVES ;\u00a0LISANDRA FACHINELLO KREBS\u00a0; MARIANA ESTIMA SILVA . Growing Food on Green Roofs: The First Step of an Interdisciplinary Approach. Journal of Civil Engineering and Architecture, v. 13, p. 694-703, 2019.<\/p>\n<p><span style=\"font-size: 18pt;\"><strong>2018<\/strong><\/span><\/p>\n<p><span style=\"font-size: 14pt;\">Lisandra Krebs<\/span><\/p>\n<p>FERNANDES, T. B.; RUIVO, R. B.; CUNHA, E. G. da; KREBS, L. F. Desempenho termoenerg\u00e9tico de coberturas vegetadas em clima subtropical.\u00a0<b>PARC Pesquisa em Arquitetura e Constru\u00e7\u00e3o<\/b>, Campinas, SP, v. 9, n. 4, p. 262\u2013275, 2018. DOI: 10.20396\/parc.v9i4.8650882. Dispon\u00edvel em: https:\/\/periodicos.sbu.unicamp.br\/ojs\/index.php\/parc\/article\/view\/8650882.<\/p>\n<p>CUNHA, E. G.\u00a0; DUARTE, CAROLINA MESQUITA ;\u00a0KREBS, LISANDRA FACHINELLO\u00a0; LEITZKE, R. K. . Analysis of urban surroundings shading in insulated building in hot and cold climates in Brazil. CADERNOS DO PROARQ (UFRJ), v. 30, p. 74-96-96, 2018.<\/p>\n<p><strong><span style=\"font-size: 18pt;\">2017<\/span><\/strong><\/p>\n<p><span style=\"font-size: 14pt;\">Lisandra Krebs<\/span><\/p>\n<p>KREBS, LISANDRA FACHINELLO; JOHANSSON, E. ; KREBS, C. L. M. ; FEDRIZZI, B. ;\u00a0CUNHA, E. G.\u00a0. Influence of Extensive Green Roofs to the Local Microclimate: cooling assessment for a social housing project in the South of Brazil. In: Passive Low Architecture (PLEA): Design to Thrive, 2017, Edimburgh. Proceedings of 33rd PLEA International Conference Design to Thrive volume II. Edimburgh, 2017. v. 2. p. 2880-2887.<\/p>\n","protected":false},"excerpt":{"rendered":"<p>2023 Lisandra Krebs e Maur\u00edcio Polidori SANTOS, M. M. ; KREBS,L,F.\u00a0; RIBAK, R. H. ; POLIDORI, M. C. . Efeitos do Adensamento Construtivo Sobre Microclimas Urbanos: estudo de caso em Bage\u0301\/RS. Revista de Morfologia Urbana, v. 11, p. 1-9, 2023&#8230;. <a class=\"more-link\" href=\"https:\/\/wp.ufpel.edu.br\/laburb\/produtos\/artigos\/\">Continue lendo &rarr;<\/a><\/p>\n","protected":false},"author":336,"featured_media":0,"parent":62,"menu_order":6,"comment_status":"closed","ping_status":"closed","template":"","meta":{"jetpack_post_was_ever_published":false,"footnotes":""},"class_list":["post-161","page","type-page","status-publish","hentry"],"jetpack_sharing_enabled":true,"jetpack_shortlink":"https:\/\/wp.me\/P8N9kW-2B","_links":{"self":[{"href":"https:\/\/wp.ufpel.edu.br\/laburb\/wp-json\/wp\/v2\/pages\/161","targetHints":{"allow":["GET"]}}],"collection":[{"href":"https:\/\/wp.ufpel.edu.br\/laburb\/wp-json\/wp\/v2\/pages"}],"about":[{"href":"https:\/\/wp.ufpel.edu.br\/laburb\/wp-json\/wp\/v2\/types\/page"}],"author":[{"embeddable":true,"href":"https:\/\/wp.ufpel.edu.br\/laburb\/wp-json\/wp\/v2\/users\/336"}],"replies":[{"embeddable":true,"href":"https:\/\/wp.ufpel.edu.br\/laburb\/wp-json\/wp\/v2\/comments?post=161"}],"version-history":[{"count":82,"href":"https:\/\/wp.ufpel.edu.br\/laburb\/wp-json\/wp\/v2\/pages\/161\/revisions"}],"predecessor-version":[{"id":1127,"href":"https:\/\/wp.ufpel.edu.br\/laburb\/wp-json\/wp\/v2\/pages\/161\/revisions\/1127"}],"up":[{"embeddable":true,"href":"https:\/\/wp.ufpel.edu.br\/laburb\/wp-json\/wp\/v2\/pages\/62"}],"wp:attachment":[{"href":"https:\/\/wp.ufpel.edu.br\/laburb\/wp-json\/wp\/v2\/media?parent=161"}],"curies":[{"name":"wp","href":"https:\/\/api.w.org\/{rel}","templated":true}]}}