{"id":904,"date":"2014-11-28T14:44:25","date_gmt":"2014-11-28T16:44:25","guid":{"rendered":"https:\/\/wp.ufpel.edu.br\/labserg\/?page_id=904"},"modified":"2023-08-07T14:18:26","modified_gmt":"2023-08-07T17:18:26","slug":"eventos","status":"publish","type":"page","link":"https:\/\/wp.ufpel.edu.br\/labserg\/eventos\/","title":{"rendered":"Agenda de eventos"},"content":{"rendered":"<div class=\"bodytext_left\"><strong>Eventos aderentes ao NUMESA<\/strong> (\u00faltima atualiza\u00e7\u00e3o desta se\u00e7\u00e3o: 07.ago.2023)<\/div>\n<p><!-- Introdu\u00e7\u00e3o begin --><\/p>\n<div class=\"bodytext_justify\">Veja abaixo uma listagem de eventos que abrangem \u00e1reas de conhecimento associadas aquelas abrangidas pelo NUMESA. Este espa\u00e7o ser\u00e1 periodicamente atualizado. Portanto, vale \u00e0 pena dar uma passada por aqui para conferir as novidades. Na parte inferior da p\u00e1gina \u00e9 poss\u00edvel conferir uma agenda mais detalhada, com diversas coisas interessantes que podem estar acontecendo em situa\u00e7\u00f5es de interesse do NUMESA.<\/div>\n<div class=\"bodytext_center\">\n<table>\n<!-- Introdu\u00e7\u00e3o end --><\/p>\n<tr valign=\"top\">\n<td width=\"680\">\n<div class=\"bodytext_left\">2024 . . <a href=\"http:\/\/iea2024.com\/Call\" title=\"Congress of the International Ergonomics Association\" target=\"_blank\" rel=\"noopener\"><strong>22\u00ba IEA<\/strong><\/a>. . (Jeju \/ KOR) . . 25-29.ago . . Deadline submiss\u00f5es: <strong>31.out.2023<\/strong><\/div>\n<\/td>\n<td style=\"text-align: center\" width=\"40\"><img loading=\"lazy\" decoding=\"async\" class=\"aligncenter wp-image-13\" src=\"https:\/\/wp.ufpel.edu.br\/numesa\/files\/2017\/05\/ergonomia_logo.jpg\" alt=\"\" width=\"20\" height=\"20\"\/><\/td>\n<td style=\"text-align: center\" width=\"40\">.<\/td>\n<td style=\"text-align: center\" width=\"40\">.<\/td>\n<td style=\"text-align: center\" width=\"40\">.<\/td>\n<\/tr>\n<tr valign=\"top\">\n<td width=\"680\">\n<div class=\"bodytext_left\">2024 . . <a href=\"http:\/\/www.geocities.ws\/3d-ahm\/index.html#2024\" title=\"An\u00e1lisis en 3D del movimiento humano o por su sigla en ingl\u00e9s 3D Analysis of Human Movement\" target=\"_blank\" rel=\"noopener\"><strong>3D-AHM<\/strong><\/a> . . (Montevideo \/ URY) . . 20-22.nov <\/div>\n<\/td>\n<td style=\"text-align: center\" width=\"40\"><img loading=\"lazy\" decoding=\"async\" class=\"aligncenter wp-image-13\" src=\"https:\/\/wp.ufpel.edu.br\/numesa\/files\/2017\/05\/ergonomia_logo.jpg\" alt=\"\" width=\"20\" height=\"20\"\/><\/td>\n<td style=\"text-align: center\" width=\"40\"><img loading=\"lazy\" decoding=\"async\" class=\"aligncenter wp-image-13\" src=\"http:\/\/wp.ufpel.edu.br\/numesa\/files\/2017\/05\/seguranca_logo-159x159.jpg\" alt=\"\" width=\"20\" height=\"20\"\/><\/td>\n<td style=\"text-align: center\" width=\"40\"><img loading=\"lazy\" decoding=\"async\" class=\"aligncenter wp-image-13\" src=\"http:\/\/wp.ufpel.edu.br\/numesa\/files\/2017\/05\/acessibilidade_logo.jpg\" alt=\"\" width=\"20\" height=\"20\"\/><\/td>\n<td style=\"text-align: center\" width=\"40\"><img loading=\"lazy\" decoding=\"async\" class=\"aligncenter wp-image-13\" src=\"https:\/\/wp.ufpel.edu.br\/labserg\/files\/2021\/07\/numesa_icon.jpg\" alt=\"\" width=\"20\" height=\"20\"\/><\/td>\n<\/tr>\n<tr valign=\"top\">\n<td width=\"680\">\n<div class=\"bodytext_left\">2023 . . <a href=\"https:\/\/doity.com.br\/conace2023\" title=\"Congresso Nacional de Engenharia\" target=\"_blank\" rel=\"noopener\"><strong>3\u00ba CONACE<\/strong><\/a>. . (Salvador-BA \/ BRA) . . 15-16.set . . Deadline submiss\u00f5es: <strong>16.set.2023<\/strong><\/div>\n<\/td>\n<td style=\"text-align: center\" width=\"40\"><img loading=\"lazy\" decoding=\"async\" class=\"aligncenter wp-image-13\" src=\"https:\/\/wp.ufpel.edu.br\/numesa\/files\/2017\/05\/ergonomia_logo.jpg\" alt=\"\" width=\"20\" height=\"20\"\/><\/td>\n<td style=\"text-align: center\" width=\"40\"><img loading=\"lazy\" decoding=\"async\" class=\"aligncenter wp-image-13\" src=\"http:\/\/wp.ufpel.edu.br\/numesa\/files\/2017\/05\/seguranca_logo-159x159.jpg\" alt=\"\" width=\"20\" height=\"20\"\/><\/td>\n<td style=\"text-align: center\" width=\"40\">.<\/td>\n<td style=\"text-align: center\" width=\"40\"><img loading=\"lazy\" decoding=\"async\" class=\"aligncenter wp-image-13\" src=\"https:\/\/wp.ufpel.edu.br\/labserg\/files\/2021\/07\/numesa_icon.jpg\" alt=\"\" width=\"20\" height=\"20\"\/><\/td>\n<\/tr>\n<tr valign=\"top\">\n<td width=\"680\">\n<div class=\"bodytext_left\">2023 . . <a href=\"http:\/\/portal.abepro.org.br\/enegep\/\" title=\"Encontro Nacional de Engenharia de Produ\u00e7\u00e3o\" target=\"_blank\" rel=\"noopener\"><strong>43\u00b0 ENEGEP<\/strong><\/a> . . (Fortaleza-CE \/ BRA) . . 17-20.out <\/div>\n<\/td>\n<td style=\"text-align: center\" width=\"40\"><img loading=\"lazy\" decoding=\"async\" class=\"aligncenter wp-image-13\" src=\"https:\/\/wp.ufpel.edu.br\/numesa\/files\/2017\/05\/ergonomia_logo.jpg\" alt=\"\" width=\"20\" height=\"20\"\/><\/td>\n<td style=\"text-align: center\" width=\"40\"><img loading=\"lazy\" decoding=\"async\" class=\"aligncenter wp-image-13\" src=\"http:\/\/wp.ufpel.edu.br\/numesa\/files\/2017\/05\/seguranca_logo-159x159.jpg\" alt=\"\" width=\"20\" height=\"20\"\/><\/td>\n<td style=\"text-align: center\" width=\"40\"><img loading=\"lazy\" decoding=\"async\" class=\"aligncenter wp-image-13\" src=\"http:\/\/wp.ufpel.edu.br\/numesa\/files\/2017\/05\/acessibilidade_logo.jpg\" alt=\"\" width=\"20\" height=\"20\"\/><\/td>\n<td style=\"text-align: center\" width=\"40\"><img loading=\"lazy\" decoding=\"async\" class=\"aligncenter wp-image-13\" src=\"https:\/\/wp.ufpel.edu.br\/labserg\/files\/2021\/07\/numesa_icon.jpg\" alt=\"\" width=\"20\" height=\"20\"\/><\/td>\n<\/tr>\n<tr valign=\"top\">\n<td width=\"680\">\n<div class=\"bodytext_left\">2023 . . <a href=\"https:\/\/www.even3.com.br\/abergo2022\/\" title=\"Congresso Brasileiro de Ergonomia\" target=\"_blank\" rel=\"noopener\"><strong>23\u00ba ABERGO<\/strong><\/a> . . (Florian\u00f3polis-SC \/ BRA) . . 21-24.nov <\/div>\n<\/td>\n<td style=\"text-align: center\" width=\"40\"><img loading=\"lazy\" decoding=\"async\" class=\"aligncenter wp-image-13\" src=\"https:\/\/wp.ufpel.edu.br\/numesa\/files\/2017\/05\/ergonomia_logo.jpg\" alt=\"\" width=\"20\" height=\"20\"\/><\/td>\n<td style=\"text-align: center\" width=\"40\"><img loading=\"lazy\" decoding=\"async\" class=\"aligncenter wp-image-13\" src=\"http:\/\/wp.ufpel.edu.br\/numesa\/files\/2017\/05\/seguranca_logo-159x159.jpg\" alt=\"\" width=\"20\" height=\"20\"\/><\/td>\n<td style=\"text-align: center\" width=\"40\"><img loading=\"lazy\" decoding=\"async\" class=\"aligncenter wp-image-13\" src=\"http:\/\/wp.ufpel.edu.br\/numesa\/files\/2017\/05\/acessibilidade_logo.jpg\" alt=\"\" width=\"20\" height=\"20\"\/><\/td>\n<td style=\"text-align: center\" width=\"40\">.<\/td>\n<\/tr>\n<tr valign=\"top\">\n<td width=\"680\">\n<div class=\"bodytext_left\">2023 . . <a href=\"https:\/\/www.sbqp2021.com\/\" title=\"Simp\u00f3sio Brasileiro de Qualidade do Projeto no Ambiente Constru\u00eddo\" target=\"_blank\" rel=\"noopener\"><strong>SBQP<\/strong><\/a> . . (Pelotas-RS \/ BRA) . . 17-19.nov <\/div>\n<\/td>\n<td style=\"text-align: center\" width=\"40\"><img loading=\"lazy\" decoding=\"async\" class=\"aligncenter wp-image-13\" src=\"https:\/\/wp.ufpel.edu.br\/numesa\/files\/2017\/05\/ergonomia_logo.jpg\" alt=\"\" width=\"20\" height=\"20\"\/><\/td>\n<td style=\"text-align: center\" width=\"40\"><img loading=\"lazy\" decoding=\"async\" class=\"aligncenter wp-image-13\" src=\"http:\/\/wp.ufpel.edu.br\/numesa\/files\/2017\/05\/seguranca_logo-159x159.jpg\" alt=\"\" width=\"20\" height=\"20\"\/><\/td>\n<td style=\"text-align: center\" width=\"40\"><img loading=\"lazy\" decoding=\"async\" class=\"aligncenter wp-image-13\" src=\"http:\/\/wp.ufpel.edu.br\/numesa\/files\/2017\/05\/acessibilidade_logo.jpg\" alt=\"\" width=\"20\" height=\"20\"\/><\/td>\n<td style=\"text-align: center\" width=\"40\"><img loading=\"lazy\" decoding=\"async\" class=\"aligncenter wp-image-13\" src=\"https:\/\/wp.ufpel.edu.br\/labserg\/files\/2021\/07\/numesa_icon.jpg\" alt=\"\" width=\"20\" height=\"20\"\/><\/td>\n<\/tr>\n<tr valign=\"top\">\n<td width=\"680\">\n<div class=\"bodytext_left\">2023 . . <a href=\"https:\/\/safety2023sydney.com\/\" title=\"World Congress on Safety and Health at Work\" target=\"_blank\" rel=\"noopener\"><strong>23\u00ba WCSHW<\/strong><\/a>. . (Sidney \/ AUS) . . 27-30.nov . . Deadline submiss\u00f5es: <strong>01.abr.2023<\/strong><\/div>\n<\/td>\n<td style=\"text-align: center\" width=\"40\"><img loading=\"lazy\" decoding=\"async\" class=\"aligncenter wp-image-13\" src=\"https:\/\/wp.ufpel.edu.br\/numesa\/files\/2017\/05\/ergonomia_logo.jpg\" alt=\"\" width=\"20\" height=\"20\"\/><\/td>\n<td style=\"text-align: center\" width=\"40\"><img loading=\"lazy\" decoding=\"async\" class=\"aligncenter wp-image-13\" src=\"http:\/\/wp.ufpel.edu.br\/numesa\/files\/2017\/05\/seguranca_logo-159x159.jpg\" alt=\"\" width=\"20\" height=\"20\"\/><\/td>\n<td style=\"text-align: center\" width=\"40\"><img loading=\"lazy\" decoding=\"async\" class=\"aligncenter wp-image-13\" src=\"http:\/\/wp.ufpel.edu.br\/numesa\/files\/2017\/05\/acessibilidade_logo.jpg\" alt=\"\" width=\"20\" height=\"20\"\/><\/td>\n<td style=\"text-align: center\" width=\"40\">.<\/td>\n<\/tr>\n<p><!--Eventos end --><br \/>\n<\/table>\n<\/div>\n<div class=\"bodytext_center\">.<\/div>\n<div class=\"bodytext_center\"><iframe loading=\"lazy\" src=\"https:\/\/calendar.google.com\/calendar\/embed?height=400&#038;wkst=1&#038;bgcolor=%23ffffff&#038;ctz=America%2FSao_Paulo&#038;showDate=0&#038;showTitle=0&#038;showNav=1&#038;showCalendars=0&#038;showTabs=1&#038;showPrint=0&#038;showTz=1&#038;src=bGFic2VyZ3VmcGVsQGdtYWlsLmNvbQ&#038;color=%237986CB\" style=\"border-width:0\" width=\"840\" height=\"540\" frameborder=\"0\" scrolling=\"no\"><\/iframe><\/div>\n","protected":false},"excerpt":{"rendered":"<p>Eventos aderentes ao NUMESA (\u00faltima atualiza\u00e7\u00e3o desta se\u00e7\u00e3o: 07.ago.2023) Veja abaixo uma listagem de eventos que abrangem \u00e1reas de conhecimento associadas aquelas abrangidas pelo NUMESA. Este espa\u00e7o ser\u00e1 periodicamente atualizado. Portanto, vale \u00e0 pena dar uma passada por aqui para conferir as novidades. Na parte inferior da p\u00e1gina \u00e9 poss\u00edvel conferir uma agenda mais detalhada, &hellip; <\/p>\n<p><a class=\"more-link btn\" href=\"https:\/\/wp.ufpel.edu.br\/labserg\/eventos\/\">Continue lendo<\/a><\/p>\n","protected":false},"author":275,"featured_media":0,"parent":0,"menu_order":4,"comment_status":"closed","ping_status":"closed","template":"template-onecolumn.php","meta":{"jetpack_post_was_ever_published":false,"footnotes":""},"class_list":["post-904","page","type-page","status-publish","hentry","nodate","item-wrap"],"jetpack_sharing_enabled":true,"jetpack_shortlink":"https:\/\/wp.me\/P3ZG28-eA","_links":{"self":[{"href":"https:\/\/wp.ufpel.edu.br\/labserg\/wp-json\/wp\/v2\/pages\/904","targetHints":{"allow":["GET"]}}],"collection":[{"href":"https:\/\/wp.ufpel.edu.br\/labserg\/wp-json\/wp\/v2\/pages"}],"about":[{"href":"https:\/\/wp.ufpel.edu.br\/labserg\/wp-json\/wp\/v2\/types\/page"}],"author":[{"embeddable":true,"href":"https:\/\/wp.ufpel.edu.br\/labserg\/wp-json\/wp\/v2\/users\/275"}],"replies":[{"embeddable":true,"href":"https:\/\/wp.ufpel.edu.br\/labserg\/wp-json\/wp\/v2\/comments?post=904"}],"version-history":[{"count":58,"href":"https:\/\/wp.ufpel.edu.br\/labserg\/wp-json\/wp\/v2\/pages\/904\/revisions"}],"predecessor-version":[{"id":5413,"href":"https:\/\/wp.ufpel.edu.br\/labserg\/wp-json\/wp\/v2\/pages\/904\/revisions\/5413"}],"wp:attachment":[{"href":"https:\/\/wp.ufpel.edu.br\/labserg\/wp-json\/wp\/v2\/media?parent=904"}],"curies":[{"name":"wp","href":"https:\/\/api.w.org\/{rel}","templated":true}]}}