{"id":785,"date":"2014-08-17T22:34:33","date_gmt":"2014-08-18T01:34:33","guid":{"rendered":"https:\/\/wp.ufpel.edu.br\/labserg\/?page_id=785"},"modified":"2018-06-02T21:08:20","modified_gmt":"2018-06-03T00:08:20","slug":"labserg_pesquisa_prospect_theory","status":"publish","type":"page","link":"https:\/\/wp.ufpel.edu.br\/labserg\/quem_somos\/labserg_pesquisa_prospect_theory\/","title":{"rendered":"Investiga\u00e7\u00e3o quanto \u00e0s Contribui\u00e7\u00f5es da Teoria dos Propectos para a SST"},"content":{"rendered":"<p><a title=\"inicio\" name=\"inicio\"><\/a><\/p>\n<tbody>\n<tr>\n<td width=\"645\"><img loading=\"lazy\" decoding=\"async\" class=\"size-full wp-image-75\" style=\"border: 0px;margin: 0px\" src=\"https:\/\/wp.ufpel.edu.br\/labserg\/files\/2018\/06\/projeto_pesquisa_prospect_theory_header_890x150.jpg\" alt=\"\" width=\"890\" height=\"150\" \/><\/td>\n<\/tr>\n<\/tbody>\n<p><!-- informa\u00e7\u00f5es iniciais in\u00edcio --><\/p>\n<div class=\"bodytext_justify\">Abordagens comportamentais ligadas \u00e0 gest\u00e3o e percep\u00e7\u00e3o dos riscos podem emergir como uma alternativa aos modelos tradicionalmente utilizados como apoio \u00e0 gest\u00e3o da SST. Para al\u00e9m das abordagens tradicionais j\u00e1 consolidadas para gest\u00e3o dos riscos no contexto da SST e de normas como a NBR ISO 31000:2009, abordagens comportamentais mostram-se como uma importante alternativa para compreender a rela\u00e7\u00e3o do trabalhador com seu ambiente de trabalho e mais particularmente com sua percep\u00e7\u00e3o dos riscos. Neste sentido, o trabalho desenvolvido por Kahneman e Tversky no \u00e2mbito do que foi denominada ainda nos anos 70 como a moderna teoria das finan\u00e7as mostra-se uma alternativa interessante. Para estes autores a decis\u00e3o efetiva dos indiv\u00edduos muitas vezes n\u00e3o \u00e9 consistente com a decis\u00e3o esperada a partir dos modelos te\u00f3ricos de maximiza\u00e7\u00e3o da utilidade esperada. Esta percep\u00e7\u00e3o, reconhecida como a Prospect Theory, ou a Teoria dos Prospectos, difundiu-se como uma alternativa aos modelos tradicionais associados ao estudo dos riscos e levou Daniel Kahneman ao Pr\u00eamio Nobel de Economia em 2002. Contudo, e apesar amplamente difundida no contexto financeiro, a Teoria dos Prospectos ainda consta como um assunto deserto no contexto da SST. Mesmo no campo financeiro o comportamento ligado \u00e0s decis\u00f5es se constitui um campo f\u00e9rtil para pesquisas, incorporando modelagem matem\u00e1tica e pesquisa emp\u00edrica, inclusive aspectos de psicologia. Neste sentido, uma pesquisa que busque a adequada associa\u00e7\u00e3o entre como se d\u00e3o as percep\u00e7\u00f5es de risco do trabalhador e a Teoria dos Prospectos contribuir\u00e1 n\u00e3o s\u00f3 com uma abordagem inovadora no campo da SST, mas tamb\u00e9m trar\u00e1 uma possibilidade concreta para novas a\u00e7\u00f5es diretamente vinculadas \u00e0 minimiza\u00e7\u00e3o dos acidentes de trabalho. O projeto est\u00e1 associado \u00e0 iniciativas do <a href=\"http:\/\/dgp.cnpq.br\/dgp\/espelhogrupo\/9364709860383299\" target=\"_blank\">N\u00facleo de Inova\u00e7\u00e3o e Pesquisa em Engenharia de Produ\u00e7\u00e3o<\/a> (<a href=\"http:\/\/dgp.cnpq.br\/dgp\/espelhogrupo\/9364709860383299\" target=\"_blank\">NIPEP<\/a>).<\/div>\n<p><!-- informa\u00e7\u00f5es inciais fim --><br \/>\n<!-- equipe in\u00edcio--><\/p>\n<div class=\"bodytext_center\">&#8230;&#8230;&#8230;&#8230;&#8230;&#8230;&#8230;&#8230;&#8230;&#8230;&#8230;&#8230;&#8230;&#8230;&#8230;&#8230;&#8230;&#8230;&#8230;&#8230;&#8230;&#8230;&#8230;&#8230;&#8230;&#8230;&#8230;&#8230;&#8230;&#8230;&#8230;&#8230;&#8230;&#8230;&#8230;&#8230;&#8230;&#8230;&#8230;&#8230;&#8230;&#8230;&#8230;&#8230;&#8230;&#8230;&#8230;&#8230;&#8230;&#8230;&#8230;&#8230;..<\/div>\n<div class=\"bodytext_left\">1. <strong>Dados do Projeto<\/strong><\/div>\n<div class=\"bodytext_left\">.<\/div>\n<div class=\"bodytext_left\"><b>T\u00edtulo do Projeto<\/b>:<\/div>\n<div class=\"bodytext_left\">Uma investiga\u00e7\u00e3o quanto \u00e0 associa\u00e7\u00e3o entre a Teoria dos Prospectos e sua contribui\u00e7\u00e3o para a compreens\u00e3o da percep\u00e7\u00e3o dos riscos no ambiente de trabalho<\/div>\n<p><\/p>\n<div class=\"bodytext_left\">.<\/div>\n<div class=\"bodytext_left\"><b>Objetivos (Geral e Espec\u00edficos)<\/b>:<\/div>\n<div class=\"bodytext_justify\">O presente projeto se prop\u00f5e a investigar em que n\u00edvel a Teoria dos Prospectos pode contribuir no \u00e2mbito das percep\u00e7\u00f5es de risco dos trabalhadores no \u00e2mbito da Seguran\u00e7a e Sa\u00fade no Trabalho. No contexto deste objetivo principal, pretende-se ainda cumprir ainda alguns objetivos espec\u00edficos, sendo eles:<br \/>\na.\tInvestigar quais os conceitos centrais e abrang\u00eancias envolvidos no contexto da Teoria dos Prospectos no campo das teorias financeiras comportamentais;<br \/>\nb.\tInvestigar em que n\u00edvel os principais aspectos utilizados no contexto da Teoria dos Prospectos vinculam-se com abordagens de percep\u00e7\u00e3o de riscos aplic\u00e1veis no campo da SST;<br \/>\nc.\tPropor e discutir caminhos para a aplica\u00e7\u00e3o da Teoria dos Prospectos no contexto da percep\u00e7\u00e3o de riscos ocupacionais durante a rotina laboral;<br \/>\nd.\tPropor um modelo conceitual para levantamento da propens\u00e3o ao risco de acidentes por parte dos trabalhadores com base em suas percep\u00e7\u00f5es de riscos e a Teoria dos Prospectos.<\/div>\n<p><\/p>\n<div class=\"bodytext_left\">.<\/div>\n<div class=\"bodytext_left\"><b>Metodologia<\/b>:<\/div>\n<p><\/p>\n<div class=\"bodytext_justify\">O projeto foi desenvolvido considerando os caminhos metodol\u00f3gicos apresentados na figura abaixo.<\/div>\n<div class=\"bodytext_justify\"><img loading=\"lazy\" decoding=\"async\" class=\"size-full wp-image-75\" style=\"border: 0px;margin: 0px\" src=\"https:\/\/wp.ufpel.edu.br\/labserg\/files\/2015\/07\/projeto_pesquisa_prospect_theory_642x469.jpg\" alt=\"\" width=\"642\" height=\"469\" \/><\/div>\n<div class=\"bodytext_right\"><a href=\"#inicio\"> &lt;&lt; <\/a><\/div>\n<p><!-- equipe fim --><br \/>\n<!-- in\u00edcio colaboradores no projeto --><\/p>\n<div class=\"bodytext_center\">&#8230;&#8230;&#8230;&#8230;&#8230;&#8230;&#8230;&#8230;&#8230;&#8230;&#8230;&#8230;&#8230;&#8230;&#8230;&#8230;&#8230;&#8230;&#8230;&#8230;&#8230;&#8230;&#8230;&#8230;&#8230;&#8230;&#8230;&#8230;&#8230;&#8230;&#8230;&#8230;&#8230;&#8230;&#8230;&#8230;&#8230;&#8230;&#8230;&#8230;&#8230;&#8230;&#8230;&#8230;&#8230;&#8230;&#8230;&#8230;&#8230;&#8230;&#8230;&#8230;..<\/div>\n<div class=\"bodytext_left\">2. <strong>Colaboradores no Projeto<\/strong><\/br><\/div>\n<div class=\"bodytext_left\"><strong>Orientador<\/strong><\/div>\n<table>\n<tr>\n<td width=\"77\" height=\"101\"><img loading=\"lazy\" decoding=\"async\" class=\"size-full wp-image-75\" title=\"Prof Franz\" src=\"http:\/\/servicosweb.cnpq.br\/wspessoa\/servletrecuperafoto?tipo=1&amp;id=K4760945T2\" width=\"77\" height=\"101\" \/><\/a><\/td>\n<td width=\"20\" height=\"101\"><\/td>\n<td width=\"580\" height=\"101\" valign=\"center\">\n<div class=\"bodytext_left\">LUIS ANTONIO DOS SANTOS FRANZ, Dr.<br \/>Ceng &#8211; Engenharia de Produ\u00e7\u00e3o<br \/><a href=\"http:\/\/lattes.cnpq.br\/9673217950052451\" target=\"_blank\">curr\u00edculo lattes<\/a><\/div>\n<\/td>\n<\/tr>\n<tr>\n<td width=\"77\" height=\"101\"><img loading=\"lazy\" decoding=\"async\" class=\"size-full wp-image-75\" title=\"Prof Everton\" src=\"http:\/\/servicosweb.cnpq.br\/wspessoa\/servletrecuperafoto?tipo=1&amp;id=K4234636Y9\" width=\"77\" height=\"101\" \/><\/a><\/td>\n<td width=\"20\" height=\"101\"><\/td>\n<td width=\"580\" height=\"101\" valign=\"center\">\n<div class=\"bodytext_left\">EVERTON ANGER CAVALHEIRO, MSc.<br \/>Ceng &#8211; Engenharia de Produ\u00e7\u00e3o<br \/><a href=\"http:\/\/lattes.cnpq.br\/9676047419085686\" target=\"_blank\">curr\u00edculo lattes<\/a><\/div>\n<\/td>\n<\/tr>\n<\/table>\n<div class=\"bodytext_left\"><b>Discente bolsista<\/b>:<\/div>\n<table>\n<tr>\n<td width=\"77\" height=\"101\"><img loading=\"lazy\" decoding=\"async\" class=\"size-full wp-image-75\" title=\"Ana Maria\" src=\"http:\/\/servicosweb.cnpq.br\/wspessoa\/servletrecuperafoto?tipo=1&amp;id=K8189112U3\" width=\"77\" height=\"101\" \/><\/a><\/td>\n<td width=\"20\" height=\"101\"><\/td>\n<td width=\"580\" height=\"101\" valign=\"center\">\n<div class=\"bodytext_left\">ANA MARIA NUNES DO SANTOS.<br \/>Discente do curso de Engenharia de Produ\u00e7\u00e3o<br \/><a href=\"http:\/\/lattes.cnpq.br\/6210559337185616\" target=\"_blank\">curr\u00edculo lattes<\/a><\/div>\n<\/td>\n<\/tr>\n<\/table>\n<div class=\"bodytext_right\"><a href=\"#inicio\"> &lt;&lt; <\/a><\/div>\n<p><!-- fim colaboradores no projeto --><br \/>\n<!-- in\u00edcio resultados e repercuss\u00f5es --><\/p>\n<div class=\"bodytext_center\">&#8230;&#8230;&#8230;&#8230;&#8230;&#8230;&#8230;&#8230;&#8230;&#8230;&#8230;&#8230;&#8230;&#8230;&#8230;&#8230;&#8230;&#8230;&#8230;&#8230;&#8230;&#8230;&#8230;&#8230;&#8230;&#8230;&#8230;&#8230;&#8230;&#8230;&#8230;&#8230;&#8230;&#8230;&#8230;&#8230;&#8230;&#8230;&#8230;&#8230;&#8230;&#8230;&#8230;&#8230;&#8230;&#8230;&#8230;&#8230;&#8230;&#8230;&#8230;&#8230;..<\/div>\n<div class=\"bodytext_left\">3. <strong>Resultados e Repercuss\u00f5es<\/strong><\/br><\/div>\n<div class=\"bodytext_left\">Novidades em breve. Aguarde.<\/div>\n<div class=\"bodytext_right\"><a href=\"#inicio\"> &lt;&lt; <\/a><\/div>\n<p><!-- fim resultados e repercuss\u00f5es --><\/p>\n","protected":false},"excerpt":{"rendered":"<p>Abordagens comportamentais ligadas \u00e0 gest\u00e3o e percep\u00e7\u00e3o dos riscos podem emergir como uma alternativa aos modelos tradicionalmente utilizados como apoio \u00e0 gest\u00e3o da SST. Para al\u00e9m das abordagens tradicionais j\u00e1 consolidadas para gest\u00e3o dos riscos no contexto da SST e de normas como a NBR ISO 31000:2009, abordagens comportamentais mostram-se como uma importante alternativa para &hellip; <\/p>\n<p><a class=\"more-link btn\" href=\"https:\/\/wp.ufpel.edu.br\/labserg\/quem_somos\/labserg_pesquisa_prospect_theory\/\">Continue lendo<\/a><\/p>\n","protected":false},"author":275,"featured_media":1043,"parent":166,"menu_order":0,"comment_status":"closed","ping_status":"closed","template":"template-onecolumn.php","meta":{"jetpack_post_was_ever_published":false,"footnotes":""},"class_list":["post-785","page","type-page","status-publish","has-post-thumbnail","hentry","nodate","item-wrap"],"jetpack_sharing_enabled":true,"jetpack_shortlink":"https:\/\/wp.me\/P3ZG28-cF","_links":{"self":[{"href":"https:\/\/wp.ufpel.edu.br\/labserg\/wp-json\/wp\/v2\/pages\/785","targetHints":{"allow":["GET"]}}],"collection":[{"href":"https:\/\/wp.ufpel.edu.br\/labserg\/wp-json\/wp\/v2\/pages"}],"about":[{"href":"https:\/\/wp.ufpel.edu.br\/labserg\/wp-json\/wp\/v2\/types\/page"}],"author":[{"embeddable":true,"href":"https:\/\/wp.ufpel.edu.br\/labserg\/wp-json\/wp\/v2\/users\/275"}],"replies":[{"embeddable":true,"href":"https:\/\/wp.ufpel.edu.br\/labserg\/wp-json\/wp\/v2\/comments?post=785"}],"version-history":[{"count":11,"href":"https:\/\/wp.ufpel.edu.br\/labserg\/wp-json\/wp\/v2\/pages\/785\/revisions"}],"predecessor-version":[{"id":2191,"href":"https:\/\/wp.ufpel.edu.br\/labserg\/wp-json\/wp\/v2\/pages\/785\/revisions\/2191"}],"up":[{"embeddable":true,"href":"https:\/\/wp.ufpel.edu.br\/labserg\/wp-json\/wp\/v2\/pages\/166"}],"wp:featuredmedia":[{"embeddable":true,"href":"https:\/\/wp.ufpel.edu.br\/labserg\/wp-json\/wp\/v2\/media\/1043"}],"wp:attachment":[{"href":"https:\/\/wp.ufpel.edu.br\/labserg\/wp-json\/wp\/v2\/media?parent=785"}],"curies":[{"name":"wp","href":"https:\/\/api.w.org\/{rel}","templated":true}]}}