{"id":408,"date":"2013-11-19T13:22:54","date_gmt":"2013-11-19T15:22:54","guid":{"rendered":"https:\/\/wp.ufpel.edu.br\/labserg\/?page_id=408"},"modified":"2018-03-24T13:44:28","modified_gmt":"2018-03-24T16:44:28","slug":"labserg_pesquisa_acessibilidade_aeroportos","status":"publish","type":"page","link":"https:\/\/wp.ufpel.edu.br\/labserg\/quem_somos\/labserg_pesquisa_acessibilidade_aeroportos\/","title":{"rendered":"Avalia\u00e7\u00e3o das condi\u00e7\u00f5es de orienta\u00e7\u00e3o espacial no terminal de embarque do Aeroporto Internacional de Pelotas"},"content":{"rendered":"<p><a title=\"inicio\" name=\"inicio\"><\/a><br \/>\n<!-- equipe in\u00edcio--><\/p>\n<div class=\"bodytext_center\">&#8230;&#8230;&#8230;&#8230;&#8230;&#8230;&#8230;&#8230;&#8230;&#8230;&#8230;&#8230;&#8230;&#8230;&#8230;&#8230;&#8230;&#8230;&#8230;&#8230;&#8230;&#8230;&#8230;&#8230;&#8230;&#8230;&#8230;&#8230;&#8230;&#8230;&#8230;&#8230;&#8230;&#8230;&#8230;&#8230;&#8230;&#8230;&#8230;&#8230;&#8230;&#8230;&#8230;&#8230;&#8230;&#8230;&#8230;&#8230;&#8230;&#8230;&#8230;&#8230;..<\/div>\n<div class=\"bodytext_left\">1. <strong>Dados do Projeto<\/strong><\/div>\n<div class=\"bodytext_left\"><b>T\u00edtulo do Projeto<\/b>:<\/div>\n<div class=\"bodytext_left\">Avalia\u00e7\u00e3o das condi\u00e7\u00f5es de orienta\u00e7\u00e3o espacial no terminal de embarque do Aeroporto Internacional de Pelotas<\/div>\n<p><\/p>\n<div class=\"bodytext_left\"><b>Resumo do projeto<\/b>:<\/div>\n<div class=\"bodytext_justify\">O projeto tem como objetivo avaliar as condi\u00e7\u00f5es de orienta\u00e7\u00e3o espacial do terminal de embarque do Aeroporto Internacional de Pelotas. Passa isso, ser\u00e1 adotada uma abordagem multim\u00e9todos: pesquisa bibliogr\u00e1fica, visita explorat\u00f3ria, passeio acompanhado e entrevista focalizadas (focus groups). A partir da aplica\u00e7\u00e3o de instrumentos que avaliem as condi\u00e7\u00f5es de orienta\u00e7\u00e3o espacial, espera-se contribuir na adapta\u00e7\u00e3o de espa\u00e7os existentes e no projeto de novos terminais aeroportu\u00e1rios, atrav\u00e9s das diretrizes e sugest\u00f5es para a implementa\u00e7\u00e3o de uma norma para a orienta\u00e7\u00e3o espacial em terminais aeroportu\u00e1rios. Cabe ressaltar que os resultados que podem ser alcan\u00e7ados a partir dessa pesquisa tem grande relev\u00e2ncia social, visto que o estudo pode auxiliar na inclus\u00e3o de todas as pessoas, independente de suas capacidades e\/ou limita\u00e7\u00f5es.<\/div>\n<p><\/p>\n<div class=\"bodytext_right\"><a href=\"#inicio\"> &lt;&lt; <\/a><\/div>\n<p><!-- equipe fim --><br \/>\n<!-- in\u00edcio colaboradores no projeto --><\/p>\n<div class=\"bodytext_center\">&#8230;&#8230;&#8230;&#8230;&#8230;&#8230;&#8230;&#8230;&#8230;&#8230;&#8230;&#8230;&#8230;&#8230;&#8230;&#8230;&#8230;&#8230;&#8230;&#8230;&#8230;&#8230;&#8230;&#8230;&#8230;&#8230;&#8230;&#8230;&#8230;&#8230;&#8230;&#8230;&#8230;&#8230;&#8230;&#8230;&#8230;&#8230;&#8230;&#8230;&#8230;&#8230;&#8230;&#8230;&#8230;&#8230;&#8230;&#8230;&#8230;&#8230;&#8230;&#8230;..<\/div>\n<div class=\"bodytext_left\">2. <strong>Colaboradores no Projeto<\/strong><\/br><\/div>\n<div class=\"bodytext_left\"><strong>Orientador<\/strong><\/div>\n<table>\n<tr>\n<td width=\"77\" height=\"101\"><img loading=\"lazy\" decoding=\"async\" class=\"size-full wp-image-75\" title=\"Prof Isabela\" src=\"http:\/\/servicosweb.cnpq.br\/wspessoa\/servletrecuperafoto?tipo=1&amp;id=K4715405D3\" width=\"77\" height=\"101\" \/><\/a><\/td>\n<td width=\"20\" height=\"101\"><\/td>\n<td width=\"580\" height=\"101\" valign=\"center\">\n<div class=\"bodytext_left\">Isabela Fernandes Andrade, MSc.<br \/>Ceng &#8211; N\u00facleo de Desenho<br \/><a href=\"http:\/\/lattes.cnpq.br\/3077011108422970\" target=\"_blank\">curr\u00edculo lattes<\/a><\/div>\n<\/td>\n<\/tr>\n<\/table>\n<div class=\"bodytext_left\"><b>Discentes bolsistas<\/b>:<\/div>\n<table>\n<tr>\n<td width=\"77\" height=\"101\"><img loading=\"lazy\" decoding=\"async\" class=\"size-full wp-image-75\" title=\"Milene\" src=\"http:\/\/servicosweb.cnpq.br\/wspessoa\/servletrecuperafoto?tipo=1&amp;id=K4904292U4\" width=\"77\" height=\"101\" \/><\/a><\/td>\n<td width=\"20\" height=\"101\"><\/td>\n<td width=\"580\" height=\"101\" valign=\"center\">\n<div class=\"bodytext_left\">Milene Sottoriva Andr\u00e9ia.<br \/>Discente do curso de Engenharia Civil<br \/><a href=\"http:\/\/lattes.cnpq.br\/9296329566478534\" target=\"_blank\">curr\u00edculo lattes<\/a><\/div>\n<\/td>\n<\/tr>\n<tr>\n<td width=\"77\" height=\"101\"><img loading=\"lazy\" decoding=\"async\" class=\"size-full wp-image-75\" title=\"Mayara\" src=\"http:\/\/servicosweb.cnpq.br\/wspessoa\/servletrecuperafoto?tipo=1&amp;id=K4618277T2\" width=\"77\" height=\"101\" \/><\/a><\/td>\n<td width=\"20\" height=\"101\"><\/td>\n<td width=\"580\" height=\"101\" valign=\"center\">\n<div class=\"bodytext_left\">Mayara Zanchin.<br \/>Discente do curso de Engenharia Ambiental e Sanit\u00e1ria<br \/><a href=\"http:\/\/lattes.cnpq.br\/1780472541548130\" target=\"_blank\">curr\u00edculo lattes<\/a><\/div>\n<\/td>\n<\/tr>\n<tr>\n<td width=\"77\" height=\"101\"><img loading=\"lazy\" decoding=\"async\" class=\"size-full wp-image-75\" title=\"Augusto\" src=\"http:\/\/servicosweb.cnpq.br\/wspessoa\/servletrecuperafoto?tipo=1&amp;id=K4897369H2\" width=\"77\" height=\"101\" \/><\/a><\/td>\n<td width=\"20\" height=\"101\"><\/td>\n<td width=\"580\" height=\"101\" valign=\"center\">\n<div class=\"bodytext_left\">Augusto Dal Mas.<br \/>Discente do curso de Engenharia de Produ\u00e7\u00e3o <br \/><a href=\"http:\/\/lattes.cnpq.br\/0417431451125299\" target=\"_blank\">curr\u00edculo lattes<\/a><\/div>\n<\/td>\n<\/tr>\n<\/table>\n<div class=\"bodytext_right\"><a href=\"#inicio\"> &lt;&lt; <\/a><\/div>\n<p><!-- fim colaboradores no projeto --><br \/>\n<!-- in\u00edcio resultados e repercuss\u00f5es --><\/p>\n<div class=\"bodytext_center\">&#8230;&#8230;&#8230;&#8230;&#8230;&#8230;&#8230;&#8230;&#8230;&#8230;&#8230;&#8230;&#8230;&#8230;&#8230;&#8230;&#8230;&#8230;&#8230;&#8230;&#8230;&#8230;&#8230;&#8230;&#8230;&#8230;&#8230;&#8230;&#8230;&#8230;&#8230;&#8230;&#8230;&#8230;&#8230;&#8230;&#8230;&#8230;&#8230;&#8230;&#8230;&#8230;&#8230;&#8230;&#8230;&#8230;&#8230;&#8230;&#8230;&#8230;&#8230;&#8230;..<\/div>\n<div class=\"bodytext_left\">3. <strong>Resultados e Repercuss\u00f5es<\/strong><\/br><\/div>\n<div class=\"bodytext_left\">ZANCHIN, M.; ANDREIA, M.S.; FRANZ, L.A.S.; ANDRADE, I.F.; BROMBILLA, D.C.. <strong>Introdu\u00e7\u00e3o aos conceitos de acessibilidade espacial<\/strong>. In: CEC &#8211; Congresso de Extens\u00e3o e Cultura, 2014, Pelotas. CEC &#8211; Congresso de Extens\u00e3o e Cultura, 2014. Dispon\u00edvel <a href=\"https:\/\/wp.ufpel.edu.br\/congressoextensao\/files\/2015\/03\/AnaisCEC2014.pdf#page=329\" title=\"download do arquivo\" target=\"_blank\">AQUI<\/a><\/div>\n<div class=\"bodytext_right\"><a href=\"#inicio\"> &lt;&lt; <\/a><\/div>\n<p><!-- fim resultados e repercuss\u00f5es --><\/p>\n","protected":false},"excerpt":{"rendered":"<p>&#8230;&#8230;&#8230;&#8230;&#8230;&#8230;&#8230;&#8230;&#8230;&#8230;&#8230;&#8230;&#8230;&#8230;&#8230;&#8230;&#8230;&#8230;&#8230;&#8230;&#8230;&#8230;&#8230;&#8230;&#8230;&#8230;&#8230;&#8230;&#8230;&#8230;&#8230;&#8230;&#8230;&#8230;&#8230;&#8230;&#8230;&#8230;&#8230;&#8230;&#8230;&#8230;&#8230;&#8230;&#8230;&#8230;&#8230;&#8230;&#8230;&#8230;&#8230;&#8230;.. 1. Dados do Projeto T\u00edtulo do Projeto: Avalia\u00e7\u00e3o das condi\u00e7\u00f5es de orienta\u00e7\u00e3o espacial no terminal de embarque do Aeroporto Internacional de Pelotas Resumo do projeto: O projeto tem como objetivo avaliar as condi\u00e7\u00f5es de orienta\u00e7\u00e3o espacial do terminal de embarque do Aeroporto Internacional de Pelotas. Passa isso, ser\u00e1 adotada uma abordagem multim\u00e9todos: pesquisa bibliogr\u00e1fica, &hellip; <\/p>\n<p><a class=\"more-link btn\" href=\"https:\/\/wp.ufpel.edu.br\/labserg\/quem_somos\/labserg_pesquisa_acessibilidade_aeroportos\/\">Continue lendo<\/a><\/p>\n","protected":false},"author":275,"featured_media":0,"parent":166,"menu_order":2,"comment_status":"closed","ping_status":"closed","template":"template-onecolumn.php","meta":{"jetpack_post_was_ever_published":false,"footnotes":""},"class_list":["post-408","page","type-page","status-publish","hentry","nodate","item-wrap"],"jetpack_sharing_enabled":false,"jetpack_shortlink":"https:\/\/wp.me\/P3ZG28-6A","_links":{"self":[{"href":"https:\/\/wp.ufpel.edu.br\/labserg\/wp-json\/wp\/v2\/pages\/408","targetHints":{"allow":["GET"]}}],"collection":[{"href":"https:\/\/wp.ufpel.edu.br\/labserg\/wp-json\/wp\/v2\/pages"}],"about":[{"href":"https:\/\/wp.ufpel.edu.br\/labserg\/wp-json\/wp\/v2\/types\/page"}],"author":[{"embeddable":true,"href":"https:\/\/wp.ufpel.edu.br\/labserg\/wp-json\/wp\/v2\/users\/275"}],"replies":[{"embeddable":true,"href":"https:\/\/wp.ufpel.edu.br\/labserg\/wp-json\/wp\/v2\/comments?post=408"}],"version-history":[{"count":7,"href":"https:\/\/wp.ufpel.edu.br\/labserg\/wp-json\/wp\/v2\/pages\/408\/revisions"}],"predecessor-version":[{"id":994,"href":"https:\/\/wp.ufpel.edu.br\/labserg\/wp-json\/wp\/v2\/pages\/408\/revisions\/994"}],"up":[{"embeddable":true,"href":"https:\/\/wp.ufpel.edu.br\/labserg\/wp-json\/wp\/v2\/pages\/166"}],"wp:attachment":[{"href":"https:\/\/wp.ufpel.edu.br\/labserg\/wp-json\/wp\/v2\/media?parent=408"}],"curies":[{"name":"wp","href":"https:\/\/api.w.org\/{rel}","templated":true}]}}