{"id":209,"date":"2013-09-30T20:05:31","date_gmt":"2013-09-30T23:05:31","guid":{"rendered":"https:\/\/wp.ufpel.edu.br\/labserg\/?page_id=209"},"modified":"2018-06-02T21:10:31","modified_gmt":"2018-06-03T00:10:31","slug":"labserg_pesquisa_protecao_engenhos","status":"publish","type":"page","link":"https:\/\/wp.ufpel.edu.br\/labserg\/quem_somos\/labserg_pesquisa_protecao_engenhos\/","title":{"rendered":"Prote\u00e7\u00e3o de M\u00e1quinas e Equipamentos nas Unidades de Beneficiamento de Gr\u00e3os"},"content":{"rendered":"<p><a title=\"inicio\" name=\"inicio\"><\/a><\/p>\n<tbody>\n<tr>\n<td width=\"645\"><img loading=\"lazy\" decoding=\"async\" class=\"size-full wp-image-75\" style=\"border: 0px;margin: 0px\" src=\"https:\/\/wp.ufpel.edu.br\/labserg\/files\/2018\/05\/projeto_pesquisa_protecao_engenhos_header_890x150.jpg\" alt=\"\" width=\"890\" height=\"150\" \/><\/td>\n<\/tr>\n<\/tbody>\n<p><!-- informa\u00e7\u00f5es iniciais in\u00edcio --><\/p>\n<div class=\"bodytext_justify\">Apesar de sua import\u00e2ncia, o tema Seguran\u00e7a e Sa\u00fade no Trabalho (SST) ainda carece de estudo e a\u00e7\u00f5es com vistas \u00e0 obten\u00e7\u00e3o de melhorias. Um caso particular deste cen\u00e1rio ocorre nos engenhos de gr\u00e3os, sobretudo no que se refere \u00e0 prote\u00e7\u00e3o de partes em m\u00e1quinas e equipamentos em movimento. Sendo assim, este projeto se prop\u00f5e a investigar nos engenhos de gr\u00e3os da regi\u00e3o de Pelotas quais as caracter\u00edsticas dos riscos e pontos em que estes s\u00e3o mais cr\u00edticos e evidentes em equipamentos e m\u00e1quinas com elementos em movimento. Est\u00e1 previsto durante o projeto a realiza\u00e7\u00e3o de atividades a caracteriza\u00e7\u00e3o do setor produtivo de armazenagem e beneficiamento de gr\u00e3os, entrevistas, registros de imagens, aplica\u00e7\u00e3o de checklists e tratamento de dados, tanto pelo uso de abordagem qualitativa como quantitativa. Para tanto, o projeto contar\u00e1 com uma metodologia composta por cinco etapas, sendo elas a prospec\u00e7\u00e3o inicial e caracteriza\u00e7\u00e3o da amostra, a identifica\u00e7\u00e3o dos perigos, a an\u00e1lise e avalia\u00e7\u00e3o dos riscos, o tratamento dos riscos e, por fim, a conclus\u00e3o do projeto. Do ponto de vista dos resultados este projeto permitir\u00e1 n\u00e3o s\u00f3 ganhos em termos de pesquisa, mas tamb\u00e9m na gera\u00e7\u00e3o de informa\u00e7\u00f5es aplic\u00e1veis a a\u00e7\u00f5es futuras em termos de extens\u00e3o e ensino. O projeto est\u00e1 associado \u00e0 iniciativas do <a href=\"http:\/\/dgp.cnpq.br\/dgp\/espelhogrupo\/9364709860383299\" target=\"_blank\">N\u00facleo de Inova\u00e7\u00e3o e Pesquisa em Engenharia de Produ\u00e7\u00e3o<\/a> (<a href=\"http:\/\/dgp.cnpq.br\/dgp\/espelhogrupo\/9364709860383299\" target=\"_blank\">NIPEP<\/a>).<\/div>\n<p><!-- informa\u00e7\u00f5es inciais fim --><br \/>\n<!-- equipe in\u00edcio--><\/p>\n<div class=\"bodytext_center\">&#8230;&#8230;&#8230;&#8230;&#8230;&#8230;&#8230;&#8230;&#8230;&#8230;&#8230;&#8230;&#8230;&#8230;&#8230;&#8230;&#8230;&#8230;&#8230;&#8230;&#8230;&#8230;&#8230;&#8230;&#8230;&#8230;&#8230;&#8230;&#8230;&#8230;&#8230;&#8230;&#8230;&#8230;&#8230;&#8230;&#8230;&#8230;&#8230;&#8230;&#8230;&#8230;&#8230;&#8230;&#8230;&#8230;&#8230;&#8230;&#8230;&#8230;&#8230;&#8230;..<\/div>\n<div class=\"bodytext_left\">1. <strong>Dados do Projeto<\/strong><\/div>\n<div class=\"bodytext_left\"><b>T\u00edtulo do Projeto<\/b>:<\/div>\n<div class=\"bodytext_left\">Prote\u00e7\u00e3o de m\u00e1quinas e equipamentos nas unidades de beneficiamento de gr\u00e3os: uma investiga\u00e7\u00e3o com vistas a identificar os principais riscos e propor a\u00e7\u00f5es para minimizar incidentes<\/div>\n<p><\/p>\n<div class=\"bodytext_left\"><b>Objetivos (Geral e Espec\u00edficos)<\/b>:<\/div>\n<div class=\"bodytext_justify\">Investigar nas unidades de beneficiamento de gr\u00e3os da regi\u00e3o de Pelotas quais as caracter\u00edsticas dos riscos e pontos em que estes s\u00e3o mais cr\u00edticos e evidentes nos equipamentos e m\u00e1quinas com elementos em movimento. O Projeto possui ainda alguns objetivos espec\u00edficos: (<i>a<\/i>) Investigar quais as caracter\u00edsticas econ\u00f4micas e f\u00edsicas do setor de armazenamento e beneficiamento de gr\u00e3os na regi\u00e3o de Pelotas; (<i>b<\/i>) Investigar no processo de armazenagem e beneficiamento de gr\u00e3os em que n\u00edvel se encontra presente nos equipamentos o uso de elementos em movimentos; (<i>c<\/i>) Fazer um levantamento das caracter\u00edsticas dos riscos existentes nos locais em que se encontram partes de m\u00e1quinas e equipamentos em movimento no que se refere a sua ocorr\u00eancia, frequ\u00eancia e severidade; (<i>d<\/i>) Propor e discutir meios para implanta\u00e7\u00e3o ou melhoria de prote\u00e7\u00e3o nas m\u00e1quinas e equipamentos mais cr\u00edticos nas unidades de beneficiamento de gr\u00e3os, conforme os n\u00edveis de risco identificados nestes locais; (<i>e<\/i>) Propor um modelo conceitual de levantamento e investiga\u00e7\u00e3o dos riscos associados \u00e0 presen\u00e7a de elementos em movimento de m\u00e1quinas e equipamentos para unidades de beneficiamento de gr\u00e3os.<\/div>\n<p><\/p>\n<div class=\"bodytext_left\"><b>Metodologia<\/b>:<\/div>\n<p><\/p>\n<div class=\"bodytext_justify\"><img loading=\"lazy\" decoding=\"async\" class=\"size-full wp-image-75\" style=\"border: 0px;margin: 0px\" src=\"https:\/\/wp.ufpel.edu.br\/labserg\/files\/2013\/09\/projeto_pesquisa_protecao_engenhos_metodologia.jpg\" alt=\"\" width=\"645\" height=\"446\" \/><\/div>\n<div class=\"bodytext_right\"><a href=\"#inicio\"> &lt;&lt; <\/a><\/div>\n<p><!-- equipe fim --><br \/>\n<!-- in\u00edcio coabroadores no projeto --><\/p>\n<div class=\"bodytext_center\">&#8230;&#8230;&#8230;&#8230;&#8230;&#8230;&#8230;&#8230;&#8230;&#8230;&#8230;&#8230;&#8230;&#8230;&#8230;&#8230;&#8230;&#8230;&#8230;&#8230;&#8230;&#8230;&#8230;&#8230;&#8230;&#8230;&#8230;&#8230;&#8230;&#8230;&#8230;&#8230;&#8230;&#8230;&#8230;&#8230;&#8230;&#8230;&#8230;&#8230;&#8230;&#8230;&#8230;&#8230;&#8230;&#8230;&#8230;&#8230;&#8230;&#8230;&#8230;&#8230;..<\/div>\n<div class=\"bodytext_left\">2. <strong>Colaboradores no Projeto<\/strong><\/br><\/div>\n<div class=\"bodytext_left\"><strong>Orientador<\/strong><\/div>\n<table>\n<tr>\n<td width=\"77\" height=\"101\"><img loading=\"lazy\" decoding=\"async\" class=\"size-full wp-image-75\" title=\"Prof Franz\" src=\"http:\/\/servicosweb.cnpq.br\/wspessoa\/servletrecuperafoto?tipo=1&amp;id=K4760945T2\" width=\"77\" height=\"101\" \/><\/a><\/td>\n<td width=\"20\" height=\"101\"><\/td>\n<td width=\"580\" height=\"101\" valign=\"center\">\n<div class=\"bodytext_left\">LUIS ANTONIO DOS SANTOS FRANZ, Dr.<br \/>Ceng &#8211; Engenharia de Produ\u00e7\u00e3o<br \/><a href=\"http:\/\/lattes.cnpq.br\/9673217950052451\" target=\"_blank\">curr\u00edculo lattes<\/a><\/div>\n<\/td>\n<\/tr>\n<\/table>\n<div class=\"bodytext_left\"><b>Discente bolsista<\/b>:<\/div>\n<table>\n<tr>\n<td width=\"77\" height=\"101\"><img loading=\"lazy\" decoding=\"async\" class=\"size-full wp-image-75\" title=\"Estela\" src=\"http:\/\/servicosweb.cnpq.br\/wspessoa\/servletrecuperafoto?tipo=1&amp;id=K4848757D3\" width=\"77\" height=\"101\" \/><\/a><\/td>\n<td width=\"20\" height=\"101\"><\/td>\n<td width=\"580\" height=\"101\" valign=\"center\">\n<div class=\"bodytext_left\">ESTELA SCHNIDER M\u00dcLLER.<br \/>Discente do curso de Engenharia de Produ\u00e7\u00e3o<br \/><a href=\"http:\/\/lattes.cnpq.br\/5992492048128292\" target=\"_blank\">curr\u00edculo lattes<\/a><\/div>\n<\/td>\n<\/tr>\n<\/table>\n<div class=\"bodytext_right\"><a href=\"#inicio\"> &lt;&lt; <\/a><\/div>\n<p><!-- fim coabroadores no projeto --><br \/>\n<!-- in\u00edcio resultados e repercuss\u00f5es --><\/p>\n<div class=\"bodytext_center\">&#8230;&#8230;&#8230;&#8230;&#8230;&#8230;&#8230;&#8230;&#8230;&#8230;&#8230;&#8230;&#8230;&#8230;&#8230;&#8230;&#8230;&#8230;&#8230;&#8230;&#8230;&#8230;&#8230;&#8230;&#8230;&#8230;&#8230;&#8230;&#8230;&#8230;&#8230;&#8230;&#8230;&#8230;&#8230;&#8230;&#8230;&#8230;&#8230;&#8230;&#8230;&#8230;&#8230;&#8230;&#8230;&#8230;&#8230;&#8230;&#8230;&#8230;&#8230;&#8230;..<\/div>\n<div class=\"bodytext_left\">3. <strong>Resultados e Repercuss\u00f5es<\/strong><\/br><\/div>\n<div class=\"bodytext_left\">M\u00dcLLER, E.S.; FRANZ, L.A.S.. <strong>Um estudo sobre a prote\u00e7\u00e3o de m\u00e1quinas e equipamentos nas unidades de beneficiamento de gr\u00e3os<\/strong>. In: XXII Congresso de Inicia\u00e7\u00e3o Cient\u00edfica da Universidade Federal de Pelotas &#8211; CIC 2013, 2013, Pelotas. XXII Congresso de Inicia\u00e7\u00e3o Cient\u00edfica da Universidade Federal de Pelotas &#8211; CIC 2013, 2013. Dispon\u00edvel <a href=\"http:\/\/cti.ufpel.edu.br\/cic\/arquivos\/2013\/EN_01514.pdf\" title=\"download do arquivo\" target=\"_blank\">AQUI<\/a><\/div>\n<div class=\"bodytext_left\">M\u00dcLLER, E.S.; FRANZ, L.A.S.. <strong>Um estudo sobre a prote\u00e7\u00e3o de m\u00e1quinas e equipamentos em uma unidade de beneficiamento de gr\u00e3os<\/strong>. In: XXXIV Encontro Nacional de Engenharia de Produ\u00e7\u00e3o &#8211; XXXIV ENEGEP, 2014, Curitiba. XXXIV Encontro Nacional de Engenharia de Produ\u00e7\u00e3o &#8211; XXXIV ENEGEP. Rio de Janeiro: ABEPRO, 2014. Dispon\u00edvel <a href=\"http:\/\/www.abepro.org.br\/biblioteca\/enegep2014_TN_STO_198_123_25309.pdf\" title=\"download do arquivo\" target=\"_blank\">AQUI<\/a><\/div>\n<div class=\"bodytext_left\">M\u00dcLLER, E.S.; FRANZ, L.A.S.. <strong>Um diagn\u00f3stico quanto a seguran\u00e7a de m\u00e1quinas e equipamentos em uma unidade de armazenamento de gr\u00e3os<\/strong>. In: XXIII Congresso de Inicia\u00e7\u00e3o Cient\u00edfica da Universidade Federal de Pelotas &#8211; CIC 2014, 2014, Pelotas. XXIII Congresso de Inicia\u00e7\u00e3o Cient\u00edfica da Universidade Federal de Pelotas &#8211; CIC 2014, 2014. Dispon\u00edvel <a href=\"http:\/\/cti.ufpel.edu.br\/siepe\/arquivos\/2014\/EN_02852.pdf\" title=\"download do arquivo\" target=\"_blank\">AQUI<\/a><\/div>\n<div class=\"bodytext_right\"><a href=\"#inicio\"> &lt;&lt; <\/a><\/div>\n<p><!-- fim resultados e repercuss\u00f5es --><\/p>\n","protected":false},"excerpt":{"rendered":"<p>Apesar de sua import\u00e2ncia, o tema Seguran\u00e7a e Sa\u00fade no Trabalho (SST) ainda carece de estudo e a\u00e7\u00f5es com vistas \u00e0 obten\u00e7\u00e3o de melhorias. Um caso particular deste cen\u00e1rio ocorre nos engenhos de gr\u00e3os, sobretudo no que se refere \u00e0 prote\u00e7\u00e3o de partes em m\u00e1quinas e equipamentos em movimento. Sendo assim, este projeto se prop\u00f5e &hellip; <\/p>\n<p><a class=\"more-link btn\" href=\"https:\/\/wp.ufpel.edu.br\/labserg\/quem_somos\/labserg_pesquisa_protecao_engenhos\/\">Continue lendo<\/a><\/p>\n","protected":false},"author":275,"featured_media":0,"parent":166,"menu_order":0,"comment_status":"closed","ping_status":"closed","template":"template-onecolumn.php","meta":{"jetpack_post_was_ever_published":false,"footnotes":""},"class_list":["post-209","page","type-page","status-publish","hentry","nodate","item-wrap"],"jetpack_sharing_enabled":true,"jetpack_shortlink":"https:\/\/wp.me\/P3ZG28-3n","_links":{"self":[{"href":"https:\/\/wp.ufpel.edu.br\/labserg\/wp-json\/wp\/v2\/pages\/209","targetHints":{"allow":["GET"]}}],"collection":[{"href":"https:\/\/wp.ufpel.edu.br\/labserg\/wp-json\/wp\/v2\/pages"}],"about":[{"href":"https:\/\/wp.ufpel.edu.br\/labserg\/wp-json\/wp\/v2\/types\/page"}],"author":[{"embeddable":true,"href":"https:\/\/wp.ufpel.edu.br\/labserg\/wp-json\/wp\/v2\/users\/275"}],"replies":[{"embeddable":true,"href":"https:\/\/wp.ufpel.edu.br\/labserg\/wp-json\/wp\/v2\/comments?post=209"}],"version-history":[{"count":16,"href":"https:\/\/wp.ufpel.edu.br\/labserg\/wp-json\/wp\/v2\/pages\/209\/revisions"}],"predecessor-version":[{"id":2193,"href":"https:\/\/wp.ufpel.edu.br\/labserg\/wp-json\/wp\/v2\/pages\/209\/revisions\/2193"}],"up":[{"embeddable":true,"href":"https:\/\/wp.ufpel.edu.br\/labserg\/wp-json\/wp\/v2\/pages\/166"}],"wp:attachment":[{"href":"https:\/\/wp.ufpel.edu.br\/labserg\/wp-json\/wp\/v2\/media?parent=209"}],"curies":[{"name":"wp","href":"https:\/\/api.w.org\/{rel}","templated":true}]}}