{"id":1815,"date":"2017-07-19T15:17:14","date_gmt":"2017-07-19T18:17:14","guid":{"rendered":"https:\/\/wp.ufpel.edu.br\/labserg\/?page_id=1815"},"modified":"2018-06-02T21:05:10","modified_gmt":"2018-06-03T00:05:10","slug":"labsergin_2017","status":"publish","type":"page","link":"https:\/\/wp.ufpel.edu.br\/labserg\/quem_somos\/labsergin_2017\/","title":{"rendered":"Dissemina\u00e7\u00e3o e orienta\u00e7\u00e3o sobre conte\u00fados e t\u00e9cnicas no Laborat\u00f3rio de Seguran\u00e7a e Ergonomia (LABSERG) &#8211; edi\u00e7\u00e3o 2017"},"content":{"rendered":"<p><a title=\"inicio\" name=\"inicio\"><\/a><\/p>\n<tbody>\n<tr>\n<td width=\"645\"><img loading=\"lazy\" decoding=\"async\" class=\"size-full wp-image-75\" style=\"border: 0px;margin: 0px\" src=\"https:\/\/wp.ufpel.edu.br\/labserg\/files\/2018\/06\/labserg_ensino_labsergin_head_2016_890x150.jpg\" alt=\"\" width=\"890\" height=\"150\" \/><\/td>\n<\/tr>\n<\/tbody>\n<p><!-- informa\u00e7\u00f5es iniciais in\u00edcio --><\/p>\n<div class=\"bodytext_justify\">Um dos grandes desafios pedag\u00f3gicos no \u00e2mbito dos cursos de Engenharia de Produ\u00e7\u00e3o consiste no uso de instrumentos did\u00e1ticos que permitam ao aluno vivenciar em laborat\u00f3rio condi\u00e7\u00f5es iguais, ou pelo menos pr\u00f3ximas, daquelas encontradas no cotidiano de trabalho. Este desafio acentua-se no caso daquelas disciplinas que envolvem a organiza\u00e7\u00e3o do trabalho e suas vari\u00e1veis. Aspectos como a identifica\u00e7\u00e3o e estudo das condi\u00e7\u00f5es de Ergonomia e Seguran\u00e7a do Trabalho s\u00e3o elementos nem sempre de f\u00e1cil assimila\u00e7\u00e3o pelo aluno. Apesar da exist\u00eancia de software e de conte\u00fados te\u00f3ricos consolidados no meio acad\u00eamico, ainda assim, a experimenta\u00e7\u00e3o do processo em uma condi\u00e7\u00e3o pr\u00f3xima da realidade se torna um recurso imprescind\u00edvel e eficaz para o aprendizado. Sendo assim, o uso de instrumentos de medi\u00e7\u00e3o e simula\u00e7\u00e3o de postos de trabalho em laborat\u00f3rio revela-se um artif\u00edcio de extrema import\u00e2ncia para enriquecimento das atividades em algumas disciplinas para a forma\u00e7\u00e3o dos alunos no curso de Engenharia de Produ\u00e7\u00e3o. Estes desafios acentuam-se quando adiciona-se aqui a necessidade de atendimento de alunos em hor\u00e1rios alternativos, organiza\u00e7\u00e3o pr\u00e9via dos ensaios e dificuldade em o professor oferecer sozinho todas as orienta\u00e7\u00f5es necess\u00e1rias aos alunos. O projeto est\u00e1 associado \u00e0 iniciativas do <a href=\"http:\/\/dgp.cnpq.br\/dgp\/espelhogrupo\/9364709860383299\" target=\"_blank\">N\u00facleo de Inova\u00e7\u00e3o e Pesquisa em Engenharia de Produ\u00e7\u00e3o<\/a> (<a href=\"http:\/\/dgp.cnpq.br\/dgp\/espelhogrupo\/9364709860383299\" target=\"_blank\">NIPEP<\/a>). Acompanhe este espa\u00e7o e fique a par de nossas a\u00e7\u00f5es.<\/div>\n<p><!-- informa\u00e7\u00f5es inciais fim --><br \/>\n<!-- detalhes do projeto in\u00edcio--><\/p>\n<div class=\"bodytext_center\">&#8230;&#8230;&#8230;&#8230;&#8230;&#8230;&#8230;&#8230;&#8230;&#8230;&#8230;&#8230;&#8230;&#8230;&#8230;&#8230;&#8230;&#8230;&#8230;&#8230;&#8230;&#8230;&#8230;&#8230;&#8230;&#8230;&#8230;&#8230;&#8230;&#8230;&#8230;&#8230;&#8230;&#8230;&#8230;&#8230;&#8230;&#8230;&#8230;&#8230;&#8230;&#8230;&#8230;&#8230;&#8230;&#8230;&#8230;&#8230;&#8230;&#8230;&#8230;&#8230;..<\/div>\n<div class=\"bodytext_left\">1. <strong>Dados do Projeto<\/strong><\/div>\n<div class=\"bodytext_left\"><b>T\u00edtulo do Projeto<\/b>:<\/div>\n<div class=\"bodytext_left\">Dissemina\u00e7\u00e3o e orienta\u00e7\u00e3o sobre conte\u00fados e t\u00e9cnicas no Laborat\u00f3rio de Seguran\u00e7a e Ergonomia (LABSERG)<\/div>\n<div class=\"bodytext_left\"><b>Objetivos (Gerais e Espec\u00edficos)<\/b>:<\/div>\n<div class=\"bodytext_justify\">O presente projeto tem por objetivo alocar um bolsista de ensino para atua\u00e7\u00e3o direta em atividades de monitoria no apoio ao desenvolvimento das disciplinas de Ergonomia 1, Ergonomia 2, Engenharia do Trabalho e Seguran\u00e7a Industrial, com foco na melhoria da qualidade do processo de ensino-aprendizagem. Objetivos espec\u00edficos:<\/br>a. Desenvolver e aplicar protocolos de ensaio usando instrumentos de medi\u00e7\u00e3o de ru\u00eddo, ilumina\u00e7\u00e3o, conforto t\u00e9rmico e vibra\u00e7\u00e3o;<\/br>b. Desenvolver e documentar procedimentos de atividades pr\u00e1ticas usadas na reten\u00e7\u00e3o de conte\u00fados durante a simula\u00e7\u00e3o de postos de trabalho;<\/br>c. Elaborar e implantar uma rotina de atendimento extra classe com vistas ao estudo individualizado dos instrumentos e protocolos de ensaio usados no laborat\u00f3rio.<\/div>\n<div class=\"bodytext_left\"><b>Justificativa\/Relev\u00e2ncia<\/b>:<\/div>\n<div class=\"bodytext_justify\">Atualmente, o laborat\u00f3rio precisa da atua\u00e7\u00e3o direta de bolsista em atividades de monitoria no apoio ao desenvolvimento das disciplinas de Ergonomia 1, Ergonomia 2, Engenharia do Trabalho e Seguran\u00e7a Industrial, com foco na melhoria da qualidade do processo de ensino-aprendizagem. Este bolsista ainda contribuiria enormemente, mesmo que indiretamente, para o aperfei\u00e7oamento ou desenvolvimento de abordagens did\u00e1tico-pedag\u00f3gicas inovadoras e criativas capazes de impactar positivamente o desempenho acad\u00eamico dos discentes em atividades n\u00e3o disciplinares. N\u00e3o obstante, o acumulo de atividades administrativas e did\u00e1tico-pedag\u00f3gicas realizadas pelo docente respons\u00e1vel pela coordena\u00e7\u00e3o do LABSERG tornam proibitiva a possibilidade deste atuar no atendimento particularizado \u00e0s demandas de ensino individuais trazidas por todos os alunos. Hoje o curso de Engenharia de Produ\u00e7\u00e3o possui aproximadamente 300 alunos, dos quais aproximadamente 90 demandam constantemente aten\u00e7\u00e3o individual para assimila\u00e7\u00e3o e fortalecimento dos conte\u00fados nas disciplinas de Ergonomia 1 (68hs-50 vagas anuais), Ergonomia 2 (34hs-50 vagas anuais), Engenharia do Trabalho (34hs-50 vagas anuais) e Seguran\u00e7a Industrial (68hs-50 vagas anuais).<\/div>\n<div class=\"bodytext_left\"><b>Metodologia<\/b>:<\/div>\n<div class=\"bodytext_justify\">A metodologia de execu\u00e7\u00e3o deste projeto consistir\u00e1:<\/br>Etapa 1 \u2013 Estudo, sele\u00e7\u00e3o e prioriza\u00e7\u00e3o das demandas cr\u00edticas existentes no laborat\u00f3rio;<\/br>Etapa 2 \u2013 Estudo e registro dos m\u00e9todos de utiliza\u00e7\u00e3o dos instrumentos de medi\u00e7\u00e3o presentes no LABSERG;<\/br>Etapa 3 \u2013 Constru\u00e7\u00e3o de instrumentos did\u00e1ticos (apostilas ou protocolo de ensaio) para auxiliar n\u00e3o s\u00f3 no desenvolvimento das aulas mas tamb\u00e9m em atividades de laborat\u00f3rio extra classe;<\/br>Etapa 4 \u2013 Divulgar e promover o uso do espa\u00e7o do laborat\u00f3rio em toda sua capacidade.<\/div>\n<div class=\"bodytext_right\"><a href=\"#inicio\"> &lt;&lt; <\/a><\/div>\n<p><!-- detalhes do projeto fim --><br \/>\n<!-- in\u00edcio colaboradores no projeto --><\/p>\n<div class=\"bodytext_center\">&#8230;&#8230;&#8230;&#8230;&#8230;&#8230;&#8230;&#8230;&#8230;&#8230;&#8230;&#8230;&#8230;&#8230;&#8230;&#8230;&#8230;&#8230;&#8230;&#8230;&#8230;&#8230;&#8230;&#8230;&#8230;&#8230;&#8230;&#8230;&#8230;&#8230;&#8230;&#8230;&#8230;&#8230;&#8230;&#8230;&#8230;&#8230;&#8230;&#8230;&#8230;&#8230;&#8230;&#8230;&#8230;&#8230;&#8230;&#8230;&#8230;&#8230;&#8230;&#8230;..<\/div>\n<div class=\"bodytext_left\">2. <strong>Colaboradores no Projeto<\/strong><\/br><\/div>\n<div class=\"bodytext_left\"><strong>Orientador<\/strong><\/div>\n<table>\n<tr>\n<td width=\"77\" height=\"101\"><img loading=\"lazy\" decoding=\"async\" class=\"size-full wp-image-75\" title=\"Prof Franz\" src=\"http:\/\/servicosweb.cnpq.br\/wspessoa\/servletrecuperafoto?tipo=1&amp;id=K4760945T2\" width=\"77\" height=\"101\" \/><\/a><\/td>\n<td width=\"20\" height=\"101\"><\/td>\n<td width=\"580\" height=\"101\" valign=\"center\">\n<div class=\"bodytext_left\">LUIS ANTONIO DOS SANTOS FRANZ, Dr.<br \/>Ceng &#8211; Engenharia de Produ\u00e7\u00e3o<br \/><a href=\"http:\/\/lattes.cnpq.br\/9673217950052451\" target=\"_blank\">curr\u00edculo lattes<\/a><\/div>\n<\/td>\n<\/tr>\n<\/table>\n<div class=\"bodytext_left\"><b>Discentes colaboradores<\/b>:<\/div>\n<table>\n<tr>\n<td width=\"77\" height=\"101\"><img loading=\"lazy\" decoding=\"async\" class=\"size-full wp-image-75\" title=\"Bernardo\" src=\"http:\/\/servicosweb.cnpq.br\/wspessoa\/servletrecuperafoto?tipo=1&amp;id=K4025328A5\" width=\"77\" height=\"101\" \/><\/a><\/td>\n<td width=\"20\" height=\"101\"><\/td>\n<td width=\"580\" height=\"101\" valign=\"center\">\n<div class=\"bodytext_left\">BERNARDO REIS STRAPASON<br \/> Discente do curso de Engenharia Civil<br \/><a href=\"http:\/\/lattes.cnpq.br\/4429251699929458\" target=\"_blank\">curr\u00edculo lattes<\/a><\/div>\n<\/td>\n<\/tr>\n<tr>\n<td width=\"77\" height=\"101\"><img loading=\"lazy\" decoding=\"async\" class=\"size-full wp-image-75\" title=\"Dieims\" src=\"http:\/\/servicosweb.cnpq.br\/wspessoa\/servletrecuperafoto?tipo=1&amp;id=K8494268U2\" width=\"77\" height=\"101\" \/><\/a><\/td>\n<td width=\"20\" height=\"101\"><\/td>\n<td width=\"580\" height=\"101\" valign=\"center\">\n<div class=\"bodytext_left\">DIEIMS SILVA MARTINS<br \/> Discente do curso de Engenharia de Produ\u00e7\u00e3o<br \/><a href=\"http:\/\/lattes.cnpq.br\/1803973940425744\" target=\"_blank\">curr\u00edculo lattes<\/a><\/div>\n<\/td>\n<\/tr>\n<tr>\n<td width=\"77\" height=\"101\"><img loading=\"lazy\" decoding=\"async\" class=\"size-full wp-image-75\" title=\"Ingrid\" src=\"http:\/\/servicosweb.cnpq.br\/wspessoa\/servletrecuperafoto?tipo=1&amp;id=K8803529P9\" width=\"77\" height=\"101\" \/><\/a><\/td>\n<td width=\"20\" height=\"101\"><\/td>\n<td width=\"580\" height=\"101\" valign=\"center\">\n<div class=\"bodytext_left\">INGRID LOSEKAN<br \/> Discente do curso de Engenharia de Produ\u00e7\u00e3o<br \/><a href=\"http:\/\/lattes.cnpq.br\/5328013517846328\" target=\"_blank\">curr\u00edculo lattes<\/a><\/div>\n<\/td>\n<\/tr>\n<tr>\n<td width=\"77\" height=\"101\"><img loading=\"lazy\" decoding=\"async\" class=\"size-full wp-image-75\" title=\"Joice\" src=\"http:\/\/servicosweb.cnpq.br\/wspessoa\/servletrecuperafoto?tipo=1&amp;id=K8876028P6\" width=\"77\" height=\"101\" \/><\/a><\/td>\n<td width=\"20\" height=\"101\"><\/td>\n<td width=\"580\" height=\"101\" valign=\"center\">\n<div class=\"bodytext_left\">JOICE PRISCILA SILVEIRA DIAS<br \/> Discente do curso de Engenharia de Produ\u00e7\u00e3o<br \/><a href=\"http:\/\/lattes.cnpq.br\/5276848225842748\" target=\"_blank\">curr\u00edculo lattes<\/a><\/div>\n<\/td>\n<\/tr>\n<tr>\n<td width=\"77\" height=\"101\"><img loading=\"lazy\" decoding=\"async\" class=\"size-full wp-image-75\" title=\"Tatiane\" src=\"http:\/\/servicosweb.cnpq.br\/wspessoa\/servletrecuperafoto?tipo=1&amp;id=K8709290Z2\" width=\"77\" height=\"101\" \/><\/a><\/td>\n<td width=\"20\" height=\"101\"><\/td>\n<td width=\"580\" height=\"101\" valign=\"center\">\n<div class=\"bodytext_left\">TATIANE LANDUCI DA SILVA<br \/> Discente do curso de Engenharia do Petr\u00f3leo<br \/><a href=\"http:\/\/lattes.cnpq.br\/8790476187164491\" target=\"_blank\">curr\u00edculo lattes<\/a><\/div>\n<\/td>\n<\/tr>\n<\/table>\n<div class=\"bodytext_right\"><a href=\"#inicio\"> &lt;&lt; <\/a><\/div>\n<p><!-- fim colaboradores no projeto --><br \/>\n<!-- in\u00edcio resultados e repercuss\u00f5es --><\/p>\n<div class=\"bodytext_center\">&#8230;&#8230;&#8230;&#8230;&#8230;&#8230;&#8230;&#8230;&#8230;&#8230;&#8230;&#8230;&#8230;&#8230;&#8230;&#8230;&#8230;&#8230;&#8230;&#8230;&#8230;&#8230;&#8230;&#8230;&#8230;&#8230;&#8230;&#8230;&#8230;&#8230;&#8230;&#8230;&#8230;&#8230;&#8230;&#8230;&#8230;&#8230;&#8230;&#8230;&#8230;&#8230;&#8230;&#8230;&#8230;&#8230;&#8230;&#8230;&#8230;&#8230;&#8230;&#8230;..<\/div>\n<div class=\"bodytext_left\">3. <strong>Resultados e Repercuss\u00f5es<\/strong><\/br><\/div>\n<div class=\"bodytext_left\">&#8230;<\/div>\n<div class=\"bodytext_right\"><a href=\"#inicio\"> &lt;&lt; <\/a><\/div>\n<p><!-- fim resultados e repercuss\u00f5es --><\/p>\n","protected":false},"excerpt":{"rendered":"<p>Um dos grandes desafios pedag\u00f3gicos no \u00e2mbito dos cursos de Engenharia de Produ\u00e7\u00e3o consiste no uso de instrumentos did\u00e1ticos que permitam ao aluno vivenciar em laborat\u00f3rio condi\u00e7\u00f5es iguais, ou pelo menos pr\u00f3ximas, daquelas encontradas no cotidiano de trabalho. Este desafio acentua-se no caso daquelas disciplinas que envolvem a organiza\u00e7\u00e3o do trabalho e suas vari\u00e1veis. Aspectos &hellip; <\/p>\n<p><a class=\"more-link btn\" href=\"https:\/\/wp.ufpel.edu.br\/labserg\/quem_somos\/labsergin_2017\/\">Continue lendo<\/a><\/p>\n","protected":false},"author":275,"featured_media":0,"parent":166,"menu_order":0,"comment_status":"closed","ping_status":"closed","template":"template-onecolumn.php","meta":{"jetpack_post_was_ever_published":false,"footnotes":""},"class_list":["post-1815","page","type-page","status-publish","hentry","nodate","item-wrap"],"jetpack_sharing_enabled":true,"jetpack_shortlink":"https:\/\/wp.me\/P3ZG28-th","_links":{"self":[{"href":"https:\/\/wp.ufpel.edu.br\/labserg\/wp-json\/wp\/v2\/pages\/1815","targetHints":{"allow":["GET"]}}],"collection":[{"href":"https:\/\/wp.ufpel.edu.br\/labserg\/wp-json\/wp\/v2\/pages"}],"about":[{"href":"https:\/\/wp.ufpel.edu.br\/labserg\/wp-json\/wp\/v2\/types\/page"}],"author":[{"embeddable":true,"href":"https:\/\/wp.ufpel.edu.br\/labserg\/wp-json\/wp\/v2\/users\/275"}],"replies":[{"embeddable":true,"href":"https:\/\/wp.ufpel.edu.br\/labserg\/wp-json\/wp\/v2\/comments?post=1815"}],"version-history":[{"count":9,"href":"https:\/\/wp.ufpel.edu.br\/labserg\/wp-json\/wp\/v2\/pages\/1815\/revisions"}],"predecessor-version":[{"id":2189,"href":"https:\/\/wp.ufpel.edu.br\/labserg\/wp-json\/wp\/v2\/pages\/1815\/revisions\/2189"}],"up":[{"embeddable":true,"href":"https:\/\/wp.ufpel.edu.br\/labserg\/wp-json\/wp\/v2\/pages\/166"}],"wp:attachment":[{"href":"https:\/\/wp.ufpel.edu.br\/labserg\/wp-json\/wp\/v2\/media?parent=1815"}],"curies":[{"name":"wp","href":"https:\/\/api.w.org\/{rel}","templated":true}]}}