{"id":1021,"date":"2015-07-15T10:11:13","date_gmt":"2015-07-15T13:11:13","guid":{"rendered":"https:\/\/wp.ufpel.edu.br\/labserg\/?page_id=1021"},"modified":"2018-11-02T20:54:39","modified_gmt":"2018-11-02T23:54:39","slug":"labserg_pesquisa_ergofrentistas","status":"publish","type":"page","link":"https:\/\/wp.ufpel.edu.br\/labserg\/quem_somos\/labserg_pesquisa_ergofrentistas\/","title":{"rendered":"Manifesta\u00e7\u00f5es de demandas ergon\u00f4micas entre frentistas"},"content":{"rendered":"<p><a title=\"inicio\" name=\"inicio\"><\/a><\/p>\n<tbody>\n<tr>\n<td width=\"645\"><img loading=\"lazy\" decoding=\"async\" class=\"size-full wp-image-75\" style=\"border: 0px;margin: 0px\" src=\"https:\/\/wp.ufpel.edu.br\/labserg\/files\/2018\/06\/projeto_pesquisa_ergofrentistas_header_890x150.jpg\" alt=\"\" width=\"890\" height=\"150\" \/><\/td>\n<\/tr>\n<\/tbody>\n<p><!-- informa\u00e7\u00f5es iniciais in\u00edcio --><\/p>\n<div class=\"bodytext_justify\">A Ergonomia vem se mostrando em anos recentes uma crescente fonte de estudos e aplica\u00e7\u00f5es em diversos campos profissionais, seja por quest\u00f5es legais trabalhistas, seja por desejo em otimizar a efici\u00eancia de processos e opera\u00e7\u00f5es. De fato, o campo de atua\u00e7\u00e3o da Ergonomia nas empresas \u00e9 muito amplo podendo ser aplicado em casos desde o setor prim\u00e1rio at\u00e9 o terceiro setor. Dentre os locais que podem possuir demandas de estudos no \u00e2mbito da Ergonomia encontram-se os postos de combust\u00edveis, os quais costumam apresentar diferentes frentes de trabalho em espa\u00e7os como a loja de conveni\u00eancia, a lavagem de ve\u00edculos, troca de \u00f3leos e principalmente, o abastecimento dos ve\u00edculos. Adiciona-se a isso,extensos per\u00edodos de exposi\u00e7\u00e3o f\u00edsica na atividade nos postos de combust\u00edveis como mudan\u00e7as clim\u00e1ticas, fortes aromas de produtos qu\u00edmicos, ingest\u00e3o de leite \u2013 visando \u00e0 desintoxica\u00e7\u00e3o \u2013 o uso de equipamentos de prote\u00e7\u00e3o individual, a\u00e7\u00f5es educativas e medidas preventivas s\u00e3o limitados ou inexistentes, al\u00e9m disso, h\u00e1 sensa\u00e7\u00e3o de inseguran\u00e7a no trabalho e falta de oportunidade de crescimento e desenvolvimento pessoal, culminando na escolha de um trabalho tempor\u00e1rio. Dessa forma, a atividade cont\u00e9m subst\u00e2ncia pouco atrativa \u00e0 reten\u00e7\u00e3o de pessoal. \u00c9 fact\u00edvel assumir que a exposi\u00e7\u00e3o f\u00edsica \u00e9 pr\u00f3pria da natureza da atividade, n\u00e3o constituindo, portanto, fator de manipula\u00e7\u00e3o administrativa (SOUZA; MEDEIROS, 2007). Sendo assim, uma pesquisa que busque compreender em parte as demandas ergon\u00f4micas em postos de combust\u00edveis de Pelotas poderia trazer oportunidades de aplica\u00e7\u00f5es de melhorias nestes locais. O projeto est\u00e1 associado \u00e0 iniciativas do <a href=\"http:\/\/dgp.cnpq.br\/dgp\/espelhogrupo\/9364709860383299\" target=\"_blank\">N\u00facleo de Inova\u00e7\u00e3o e Pesquisa em Engenharia de Produ\u00e7\u00e3o<\/a> (<a href=\"http:\/\/dgp.cnpq.br\/dgp\/espelhogrupo\/9364709860383299\" target=\"_blank\">NIPEP<\/a>).<\/div>\n<p><!-- informa\u00e7\u00f5es inciais fim --><br \/>\n<!-- equipe in\u00edcio--><\/p>\n<div class=\"bodytext_center\">&#8230;&#8230;&#8230;&#8230;&#8230;&#8230;&#8230;&#8230;&#8230;&#8230;&#8230;&#8230;&#8230;&#8230;&#8230;&#8230;&#8230;&#8230;&#8230;&#8230;&#8230;&#8230;&#8230;&#8230;&#8230;&#8230;&#8230;&#8230;&#8230;&#8230;&#8230;&#8230;&#8230;&#8230;&#8230;&#8230;&#8230;&#8230;&#8230;&#8230;&#8230;&#8230;&#8230;&#8230;&#8230;&#8230;&#8230;&#8230;&#8230;&#8230;&#8230;&#8230;..<\/div>\n<div class=\"bodytext_left\">1. <strong>Dados do Projeto<\/strong><\/div>\n<div class=\"bodytext_left\"><b>T\u00edtulo do Projeto<\/b>:<\/div>\n<div class=\"bodytext_left\">Investiga\u00e7\u00e3o quanto \u00e0s principais demandas ergon\u00f4micas manifestadas por frentistas na cidade de Pelotas<\/div>\n<p><\/p>\n<div class=\"bodytext_left\"><b>Objetivos (Gerais e Espec\u00edficos)<\/b>:<\/div>\n<div class=\"bodytext_justify\">O presente projeto tem como objetivo principal investigar qual a freq\u00fc\u00eancia observada para manifesta\u00e7\u00f5es dos frentistas em termos de demandas ergon\u00f4micas em postos de combust\u00edveis na cidade de Pelotas\/RS. Com vistas a alcan\u00e7ar este objetivo principal, deve-se cumprir alguns objetivos espec\u00edficos, sendo eles:<br \/>\na. Investigar quais as caracter\u00edsticas do espa\u00e7o amostral relacionado ao trabalho nos postos de combust\u00edveis na cidade de Pelotas;<br \/>\nb. Investigar quais as freq\u00fc\u00eancias das principais vari\u00e1veis ergon\u00f4micas e qual o n\u00edvel de correla\u00e7\u00e3o entre elas, considerando as manifesta\u00e7\u00f5es de frentistas em termos de demandas ergon\u00f4micas presentes na rotina de trabalho em postos de combust\u00edveis na cidade de Pelotas\/RS;<br \/>\nc. Propor e discutir sobre quais os desafios e possibilidades para interven\u00e7\u00e3o nos postos de combust\u00edveis na cidade de Pelotas relativamente \u00e0s principais freq\u00fc\u00eancias identificadas no projeto.<\/div>\n<p><\/p>\n<div class=\"bodytext_left\"><b>Metodologia<\/b>:<\/div>\n<p><\/p>\n<div class=\"bodytext_justify\">O projeto foi desenvolvido considerando os caminhos metodol\u00f3gicos apresentados na figura abaixo.<\/div>\n<div class=\"bodytext_justify\"><img loading=\"lazy\" decoding=\"async\" class=\"size-full wp-image-75\" style=\"border: 0px;margin: 0px\" src=\"https:\/\/wp.ufpel.edu.br\/labserg\/files\/2015\/07\/projeto_pesquisa_ergofrentistas_650x465.jpg\" alt=\"\" width=\"650\" height=\"465\" \/><\/div>\n<div class=\"bodytext_right\"><a href=\"#inicio\"> &lt;&lt; <\/a><\/div>\n<p><!-- equipe fim --><br \/>\n<!-- in\u00edcio colaboradores no projeto --><\/p>\n<div class=\"bodytext_center\">&#8230;&#8230;&#8230;&#8230;&#8230;&#8230;&#8230;&#8230;&#8230;&#8230;&#8230;&#8230;&#8230;&#8230;&#8230;&#8230;&#8230;&#8230;&#8230;&#8230;&#8230;&#8230;&#8230;&#8230;&#8230;&#8230;&#8230;&#8230;&#8230;&#8230;&#8230;&#8230;&#8230;&#8230;&#8230;&#8230;&#8230;&#8230;&#8230;&#8230;&#8230;&#8230;&#8230;&#8230;&#8230;&#8230;&#8230;&#8230;&#8230;&#8230;&#8230;&#8230;..<\/div>\n<div class=\"bodytext_left\">2. <strong>Colaboradores no Projeto<\/strong><\/br><\/div>\n<div class=\"bodytext_left\"><strong>Orientador<\/strong><\/div>\n<table>\n<tr>\n<td width=\"77\" height=\"101\"><img loading=\"lazy\" decoding=\"async\" class=\"size-full wp-image-75\" title=\"Prof Franz\" src=\"http:\/\/servicosweb.cnpq.br\/wspessoa\/servletrecuperafoto?tipo=1&amp;id=K4760945T2\" width=\"77\" height=\"101\" \/><\/a><\/td>\n<td width=\"20\" height=\"101\"><\/td>\n<td width=\"580\" height=\"101\" valign=\"center\">\n<div class=\"bodytext_left\">LUIS ANTONIO DOS SANTOS FRANZ, Dr.<br \/>Ceng &#8211; Engenharia de Produ\u00e7\u00e3o<br \/><a href=\"http:\/\/lattes.cnpq.br\/9673217950052451\" target=\"_blank\">curr\u00edculo lattes<\/a><\/div>\n<\/td>\n<\/tr>\n<\/table>\n<div class=\"bodytext_left\"><b>Discente bolsista<\/b>:<\/div>\n<table>\n<tr>\n<td width=\"77\" height=\"101\"><img loading=\"lazy\" decoding=\"async\" class=\"size-full wp-image-75\" title=\"Corintha\" src=\"http:\/\/servicosweb.cnpq.br\/wspessoa\/servletrecuperafoto?tipo=1&amp;id=K4408845H1\" width=\"77\" height=\"101\" \/><\/a><\/td>\n<td width=\"20\" height=\"101\"><\/td>\n<td width=\"580\" height=\"101\" valign=\"center\">\n<div class=\"bodytext_left\">CORINTHA DA TRINDADE DIAS NETA.<br \/>Discente do curso de Engenharia de Produ\u00e7\u00e3o<br \/><a href=\"http:\/\/lattes.cnpq.br\/2836403469917055\" target=\"_blank\">curr\u00edculo lattes<\/a><\/div>\n<\/td>\n<\/tr>\n<tr>\n<td width=\"77\" height=\"101\"><img loading=\"lazy\" decoding=\"async\" class=\"size-full wp-image-75\" title=\"Micael\" src=\"http:\/\/servicosweb.cnpq.br\/wspessoa\/servletrecuperafoto?tipo=1&amp;id=K8454918A2\" width=\"77\" height=\"101\" \/><\/a><\/td>\n<td width=\"20\" height=\"101\"><\/td>\n<td width=\"580\" height=\"101\" valign=\"center\">\n<div class=\"bodytext_left\">MICAEL MARTINS.<br \/>Discente do curso de Engenharia de Produ\u00e7\u00e3o<br \/><a href=\"http:\/\/lattes.cnpq.br\/3969361768739331\" target=\"_blank\">curr\u00edculo lattes<\/a><\/div>\n<\/td>\n<\/tr>\n<tr>\n<td width=\"77\" height=\"101\"><img loading=\"lazy\" decoding=\"async\" class=\"size-full wp-image-75\" title=\"Gabriela\" src=\"http:\/\/servicosweb.cnpq.br\/wspessoa\/servletrecuperafoto?tipo=1&amp;id=K8208639A3\" width=\"77\" height=\"101\" \/><\/a><\/td>\n<td width=\"20\" height=\"101\"><\/td>\n<td width=\"580\" height=\"101\" valign=\"center\">\n<div class=\"bodytext_left\">GABRIELA YOHANA SMANIOTTO.<br \/> Discente do curso de Engenharia de Produ\u00e7\u00e3o<br \/><a href=\"http:\/\/lattes.cnpq.br\/3958675427560728\" target=\"_blank\">curr\u00edculo lattes<\/a><\/div>\n<\/td>\n<\/tr>\n<\/table>\n<div class=\"bodytext_right\"><a href=\"#inicio\"> &lt;&lt; <\/a><\/div>\n<p><!-- fim colaboradores no projeto --><br \/>\n<!-- in\u00edcio resultados e repercuss\u00f5es --><\/p>\n<div class=\"bodytext_center\">&#8230;&#8230;&#8230;&#8230;&#8230;&#8230;&#8230;&#8230;&#8230;&#8230;&#8230;&#8230;&#8230;&#8230;&#8230;&#8230;&#8230;&#8230;&#8230;&#8230;&#8230;&#8230;&#8230;&#8230;&#8230;&#8230;&#8230;&#8230;&#8230;&#8230;&#8230;&#8230;&#8230;&#8230;&#8230;&#8230;&#8230;&#8230;&#8230;&#8230;&#8230;&#8230;&#8230;&#8230;&#8230;&#8230;&#8230;&#8230;&#8230;&#8230;&#8230;&#8230;..<\/div>\n<div class=\"bodytext_left\">3. <strong>Resultados e Repercuss\u00f5es<\/strong><\/br><\/div>\n<div class=\"bodytext_justify\">MARTINS, M.; DIAS NETA, C.T.; FRANZ, L.A.S.. Frequ\u00eancia de ocorr\u00eancia das classes de riscos aos quais est\u00e3o expostos os trabalhadores frentistas. In: XXIV Congresso de Inicia\u00e7\u00e3o Cient\u00edfica da Universidade Federal de Pelotas \u2013 CIC 2015, 2015, Pelotas. XXIV Congresso de Inicia\u00e7\u00e3o Cient\u00edfica da Universidade Federal de Pelotas \u2013 CIC 2015. 2015. Dispon\u00edvel em breve.<\/div>\n<div class=\"bodytext_justify\"><a href=\"https:\/\/revista.feb.unesp.br\/index.php\/gepros\/article\/view\/1965\/863\" rel=\"noopener\" target=\"_blank\">MARTINS, M.; NETA, C.D.; SMANIOTTO, G.Y.; FRANZ, L.A.S. Investiga\u00e7\u00e3o quanto \u00e0 percep\u00e7\u00e3o dos trabalhadores sobre os riscos em seu ambiente de trabalho: um estudo nos postos de combust\u00edveis da cidade de Pelotas-RS. GEPROS. Gest\u00e3o da Produ\u00e7\u00e3o, Opera\u00e7\u00f5es e Sistemas, Bauru, Ano 14, n\u00ba 4, out-dez\/2018, p. 1-23. DOI: 10.15675\/gepros.v13i4.1965<\/a><\/div>\n<div class=\"bodytext_right\"><a href=\"#inicio\"> &lt;&lt; <\/a><\/div>\n<p><!-- fim resultados e repercuss\u00f5es --><\/p>\n","protected":false},"excerpt":{"rendered":"<p>A Ergonomia vem se mostrando em anos recentes uma crescente fonte de estudos e aplica\u00e7\u00f5es em diversos campos profissionais, seja por quest\u00f5es legais trabalhistas, seja por desejo em otimizar a efici\u00eancia de processos e opera\u00e7\u00f5es. De fato, o campo de atua\u00e7\u00e3o da Ergonomia nas empresas \u00e9 muito amplo podendo ser aplicado em casos desde o &hellip; <\/p>\n<p><a class=\"more-link btn\" href=\"https:\/\/wp.ufpel.edu.br\/labserg\/quem_somos\/labserg_pesquisa_ergofrentistas\/\">Continue lendo<\/a><\/p>\n","protected":false},"author":275,"featured_media":1051,"parent":166,"menu_order":0,"comment_status":"closed","ping_status":"closed","template":"template-onecolumn.php","meta":{"jetpack_post_was_ever_published":false,"footnotes":""},"class_list":["post-1021","page","type-page","status-publish","has-post-thumbnail","hentry","nodate","item-wrap"],"jetpack_sharing_enabled":true,"jetpack_shortlink":"https:\/\/wp.me\/P3ZG28-gt","_links":{"self":[{"href":"https:\/\/wp.ufpel.edu.br\/labserg\/wp-json\/wp\/v2\/pages\/1021","targetHints":{"allow":["GET"]}}],"collection":[{"href":"https:\/\/wp.ufpel.edu.br\/labserg\/wp-json\/wp\/v2\/pages"}],"about":[{"href":"https:\/\/wp.ufpel.edu.br\/labserg\/wp-json\/wp\/v2\/types\/page"}],"author":[{"embeddable":true,"href":"https:\/\/wp.ufpel.edu.br\/labserg\/wp-json\/wp\/v2\/users\/275"}],"replies":[{"embeddable":true,"href":"https:\/\/wp.ufpel.edu.br\/labserg\/wp-json\/wp\/v2\/comments?post=1021"}],"version-history":[{"count":12,"href":"https:\/\/wp.ufpel.edu.br\/labserg\/wp-json\/wp\/v2\/pages\/1021\/revisions"}],"predecessor-version":[{"id":2463,"href":"https:\/\/wp.ufpel.edu.br\/labserg\/wp-json\/wp\/v2\/pages\/1021\/revisions\/2463"}],"up":[{"embeddable":true,"href":"https:\/\/wp.ufpel.edu.br\/labserg\/wp-json\/wp\/v2\/pages\/166"}],"wp:featuredmedia":[{"embeddable":true,"href":"https:\/\/wp.ufpel.edu.br\/labserg\/wp-json\/wp\/v2\/media\/1051"}],"wp:attachment":[{"href":"https:\/\/wp.ufpel.edu.br\/labserg\/wp-json\/wp\/v2\/media?parent=1021"}],"curies":[{"name":"wp","href":"https:\/\/api.w.org\/{rel}","templated":true}]}}