{"id":6,"date":"2019-05-19T16:29:06","date_gmt":"2019-05-19T19:29:06","guid":{"rendered":"https:\/\/dequimicalaboratorio.wordpress.com\/?page_id=3"},"modified":"2020-07-28T09:18:06","modified_gmt":"2020-07-28T12:18:06","slug":"contato","status":"publish","type":"page","link":"https:\/\/wp.ufpel.edu.br\/labquimica\/contato\/","title":{"rendered":"Contato"},"content":{"rendered":"<p style=\"text-align: center\">Esta \u00e9 uma p\u00e1gina Contato com algumas informa\u00e7\u00f5es b\u00e1sicas de contato e um formul\u00e1rio de contato. Ou escreva diretamente para o e-mail <strong>quimi2019.lab@gmail.com<\/strong> ou ainda mande uma mensagem no Facebook para <strong>@quimicalaboratorio<\/strong><\/p>\n<p>&nbsp;<\/p>\n","protected":false},"excerpt":{"rendered":"<p>Esta \u00e9 uma p\u00e1gina Contato com algumas informa\u00e7\u00f5es b\u00e1sicas de contato e um formul\u00e1rio de contato. Ou escreva diretamente para o e-mail quimi2019.lab@gmail.com ou ainda mande uma mensagem no Facebook para @quimicalaboratorio &nbsp;<\/p>\n","protected":false},"author":1043,"featured_media":0,"parent":0,"menu_order":2,"comment_status":"closed","ping_status":"closed","template":"","meta":{"footnotes":""},"class_list":["post-6","page","type-page","status-publish","hentry"],"_links":{"self":[{"href":"https:\/\/wp.ufpel.edu.br\/labquimica\/wp-json\/wp\/v2\/pages\/6","targetHints":{"allow":["GET"]}}],"collection":[{"href":"https:\/\/wp.ufpel.edu.br\/labquimica\/wp-json\/wp\/v2\/pages"}],"about":[{"href":"https:\/\/wp.ufpel.edu.br\/labquimica\/wp-json\/wp\/v2\/types\/page"}],"author":[{"embeddable":true,"href":"https:\/\/wp.ufpel.edu.br\/labquimica\/wp-json\/wp\/v2\/users\/1043"}],"replies":[{"embeddable":true,"href":"https:\/\/wp.ufpel.edu.br\/labquimica\/wp-json\/wp\/v2\/comments?post=6"}],"version-history":[{"count":1,"href":"https:\/\/wp.ufpel.edu.br\/labquimica\/wp-json\/wp\/v2\/pages\/6\/revisions"}],"predecessor-version":[{"id":222,"href":"https:\/\/wp.ufpel.edu.br\/labquimica\/wp-json\/wp\/v2\/pages\/6\/revisions\/222"}],"wp:attachment":[{"href":"https:\/\/wp.ufpel.edu.br\/labquimica\/wp-json\/wp\/v2\/media?parent=6"}],"curies":[{"name":"wp","href":"https:\/\/api.w.org\/{rel}","templated":true}]}}