{"id":5,"date":"2019-05-19T16:29:07","date_gmt":"2019-05-19T19:29:07","guid":{"rendered":"https:\/\/dequimicalaboratorio.wordpress.com\/?page_id=2"},"modified":"2019-05-19T16:29:07","modified_gmt":"2019-05-19T19:29:07","slug":"sobre","status":"publish","type":"page","link":"https:\/\/wp.ufpel.edu.br\/labquimica\/sobre\/","title":{"rendered":"Sobre"},"content":{"rendered":"\n<p class=\"has-text-align-center\">Laborat\u00f3rio de Qu\u00edmica \u00e9 um projeto criado com o intuito de auxiliar os<br>discentes da gradua\u00e7\u00e3o nas disciplinas de Qu\u00edmica Inorg\u00e2nica da Universidade Federal de Pelotas \u2013 UFPel.<\/p>\n\n\n\n<p class=\"has-text-align-center\">Este site \u00e9 resultado do planejamento, resultados e divulga\u00e7\u00e3o de metodologias de ensino n\u00e3o tradicionais, mais precisamente, v\u00eddeos did\u00e1ticos das atividades propostas para as disciplinas de Qu\u00edmica Inorg\u00e2nica.<\/p>\n","protected":false},"excerpt":{"rendered":"<p>Laborat\u00f3rio de Qu\u00edmica \u00e9 um projeto criado com o intuito de auxiliar osdiscentes da gradua\u00e7\u00e3o nas disciplinas de Qu\u00edmica Inorg\u00e2nica da Universidade Federal de Pelotas \u2013 UFPel. Este site \u00e9 resultado do planejamento, resultados e divulga\u00e7\u00e3o de metodologias de ensino n\u00e3o tradicionais, mais precisamente, v\u00eddeos did\u00e1ticos das atividades propostas para as disciplinas de Qu\u00edmica Inorg\u00e2nica.<\/p>\n","protected":false},"author":1043,"featured_media":0,"parent":0,"menu_order":1,"comment_status":"closed","ping_status":"closed","template":"","meta":{"footnotes":""},"class_list":["post-5","page","type-page","status-publish","hentry"],"_links":{"self":[{"href":"https:\/\/wp.ufpel.edu.br\/labquimica\/wp-json\/wp\/v2\/pages\/5","targetHints":{"allow":["GET"]}}],"collection":[{"href":"https:\/\/wp.ufpel.edu.br\/labquimica\/wp-json\/wp\/v2\/pages"}],"about":[{"href":"https:\/\/wp.ufpel.edu.br\/labquimica\/wp-json\/wp\/v2\/types\/page"}],"author":[{"embeddable":true,"href":"https:\/\/wp.ufpel.edu.br\/labquimica\/wp-json\/wp\/v2\/users\/1043"}],"replies":[{"embeddable":true,"href":"https:\/\/wp.ufpel.edu.br\/labquimica\/wp-json\/wp\/v2\/comments?post=5"}],"version-history":[{"count":0,"href":"https:\/\/wp.ufpel.edu.br\/labquimica\/wp-json\/wp\/v2\/pages\/5\/revisions"}],"wp:attachment":[{"href":"https:\/\/wp.ufpel.edu.br\/labquimica\/wp-json\/wp\/v2\/media?parent=5"}],"curies":[{"name":"wp","href":"https:\/\/api.w.org\/{rel}","templated":true}]}}