{"id":22,"date":"2022-01-25T12:52:55","date_gmt":"2022-01-25T15:52:55","guid":{"rendered":"https:\/\/wp.ufpel.edu.br\/labpan\/?page_id=22"},"modified":"2022-01-25T12:53:14","modified_gmt":"2022-01-25T15:53:14","slug":"sobre","status":"publish","type":"page","link":"https:\/\/wp.ufpel.edu.br\/labpan\/sobre\/","title":{"rendered":"Sobre"},"content":{"rendered":"<p>A Tecnologia de Farinhas e Panifica\u00e7\u00e3o estuda a defini\u00e7\u00e3o, estrutura, composi\u00e7\u00e3o qu\u00edmica e qualidade dos diferentes gr\u00e3os (cereais, pseudocereais, leguminosas, tub\u00e9rculos), tipos de farinhas, etapas de processamento, embalagem e conserva\u00e7\u00e3o, processos e produtos de panifica\u00e7\u00e3o, controle de qualidade e legisla\u00e7\u00e3o.<\/p>\n","protected":false},"excerpt":{"rendered":"<p>A Tecnologia de Farinhas e Panifica\u00e7\u00e3o estuda a defini\u00e7\u00e3o, estrutura, composi\u00e7\u00e3o qu\u00edmica e qualidade dos diferentes gr\u00e3os (cereais, pseudocereais, leguminosas, tub\u00e9rculos), tipos de farinhas, etapas de processamento, embalagem e conserva\u00e7\u00e3o, processos e produtos de panifica\u00e7\u00e3o, controle de qualidade e legisla\u00e7\u00e3o.<\/p>\n","protected":false},"author":28,"featured_media":0,"parent":0,"menu_order":0,"comment_status":"closed","ping_status":"closed","template":"","meta":{"footnotes":""},"class_list":["post-22","page","type-page","status-publish","hentry"],"_links":{"self":[{"href":"https:\/\/wp.ufpel.edu.br\/labpan\/wp-json\/wp\/v2\/pages\/22","targetHints":{"allow":["GET"]}}],"collection":[{"href":"https:\/\/wp.ufpel.edu.br\/labpan\/wp-json\/wp\/v2\/pages"}],"about":[{"href":"https:\/\/wp.ufpel.edu.br\/labpan\/wp-json\/wp\/v2\/types\/page"}],"author":[{"embeddable":true,"href":"https:\/\/wp.ufpel.edu.br\/labpan\/wp-json\/wp\/v2\/users\/28"}],"replies":[{"embeddable":true,"href":"https:\/\/wp.ufpel.edu.br\/labpan\/wp-json\/wp\/v2\/comments?post=22"}],"version-history":[{"count":2,"href":"https:\/\/wp.ufpel.edu.br\/labpan\/wp-json\/wp\/v2\/pages\/22\/revisions"}],"predecessor-version":[{"id":24,"href":"https:\/\/wp.ufpel.edu.br\/labpan\/wp-json\/wp\/v2\/pages\/22\/revisions\/24"}],"wp:attachment":[{"href":"https:\/\/wp.ufpel.edu.br\/labpan\/wp-json\/wp\/v2\/media?parent=22"}],"curies":[{"name":"wp","href":"https:\/\/api.w.org\/{rel}","templated":true}]}}