{"id":2,"date":"2021-10-29T19:52:14","date_gmt":"2021-10-29T22:52:14","guid":{"rendered":"https:\/\/wp.ufpel.edu.br\/labpan\/?page_id=2"},"modified":"2022-01-25T12:05:07","modified_gmt":"2022-01-25T15:05:07","slug":"pagina-exemplo","status":"publish","type":"page","link":"https:\/\/wp.ufpel.edu.br\/labpan\/pagina-exemplo\/","title":{"rendered":"Contato"},"content":{"rendered":"<p>Centro de Ci\u00eancias Qu\u00edmicas, Farmac\u00eauticas e de Alimentos \u2013 Universidade Federal de Pelotas, RS, Brasil<\/p>\n<p>Campus Univesit\u00e1rio, Cx.P. 354, CEP 96010-900<\/p>\n<p><strong>E-mail:<\/strong> labpanificacao.ufpel@gmail.com<\/p>\n<p><strong>Fone:<\/strong> (53) 3275-7283<\/p>\n<p>&nbsp;<\/p>\n","protected":false},"excerpt":{"rendered":"<p>Centro de Ci\u00eancias Qu\u00edmicas, Farmac\u00eauticas e de Alimentos \u2013 Universidade Federal de Pelotas, RS, Brasil Campus Univesit\u00e1rio, Cx.P. 354, CEP 96010-900 E-mail: labpanificacao.ufpel@gmail.com Fone: (53) 3275-7283 &nbsp;<\/p>\n","protected":false},"author":28,"featured_media":0,"parent":0,"menu_order":0,"comment_status":"closed","ping_status":"closed","template":"","meta":{"footnotes":""},"class_list":["post-2","page","type-page","status-publish","hentry"],"_links":{"self":[{"href":"https:\/\/wp.ufpel.edu.br\/labpan\/wp-json\/wp\/v2\/pages\/2","targetHints":{"allow":["GET"]}}],"collection":[{"href":"https:\/\/wp.ufpel.edu.br\/labpan\/wp-json\/wp\/v2\/pages"}],"about":[{"href":"https:\/\/wp.ufpel.edu.br\/labpan\/wp-json\/wp\/v2\/types\/page"}],"author":[{"embeddable":true,"href":"https:\/\/wp.ufpel.edu.br\/labpan\/wp-json\/wp\/v2\/users\/28"}],"replies":[{"embeddable":true,"href":"https:\/\/wp.ufpel.edu.br\/labpan\/wp-json\/wp\/v2\/comments?post=2"}],"version-history":[{"count":3,"href":"https:\/\/wp.ufpel.edu.br\/labpan\/wp-json\/wp\/v2\/pages\/2\/revisions"}],"predecessor-version":[{"id":8,"href":"https:\/\/wp.ufpel.edu.br\/labpan\/wp-json\/wp\/v2\/pages\/2\/revisions\/8"}],"wp:attachment":[{"href":"https:\/\/wp.ufpel.edu.br\/labpan\/wp-json\/wp\/v2\/media?parent=2"}],"curies":[{"name":"wp","href":"https:\/\/api.w.org\/{rel}","templated":true}]}}