{"id":414,"date":"2023-10-14T13:53:16","date_gmt":"2023-10-14T16:53:16","guid":{"rendered":"https:\/\/wp.ufpel.edu.br\/laboratorioimagensjustica\/?page_id=414"},"modified":"2023-10-14T20:19:54","modified_gmt":"2023-10-14T23:19:54","slug":"8-constituicao-justica-social-e-imagens","status":"publish","type":"page","link":"https:\/\/wp.ufpel.edu.br\/laboratorioimagensjustica\/v-seminario-internacional-imagens-da-justica-curriculo-e-pedagogia-juridica\/8-constituicao-justica-social-e-imagens\/","title":{"rendered":"GT8. CONSTITUI\u00c7\u00c3O, JUSTI\u00c7A SOCIAL E IMAGENS"},"content":{"rendered":"\n<h2 class=\"wp-block-heading\">Trabalhos completos<\/h2>\n\n\n\n<p><a href=\"https:\/\/wp.ufpel.edu.br\/laboratorioimagensjustica\/files\/2023\/10\/GT8-completo-miranda.pdf\" data-type=\"attachment\" data-id=\"545\">EDUCA\u00c7\u00c3O EM DIREITOS HUMANOS E PRESERVA\u00c7\u00c3O DA MEM\u00d3RIA: OMISS\u00d5ES E POSSIBILIDADES FRENTE A CONDENA\u00c7\u00c3O BRASILEIRA NA CORTE INTERAMERICANA DE DIREITOS HUMANOS EM FACE DA GUERRILHA DO ARAGUAIA<\/a><\/p>\n\n\n\n<p>Fernando Silveira Melo Plentz Miranda<\/p>\n\n\n\n<p><\/p>\n\n\n\n<p><a href=\"https:\/\/wp.ufpel.edu.br\/laboratorioimagensjustica\/files\/2023\/10\/GT8-completo-oliveira_1.pdf\" data-type=\"attachment\" data-id=\"546\">A GEOLOCALIZA\u00c7\u00c3O COMO MEIO DE PROVA NO PROCESSO DO TRABALHO BRASILEIRO<\/a><\/p>\n\n\n\n<p>Alexandre Corr\u00eaa de Oliveira<\/p>\n\n\n\n<p><\/p>\n\n\n\n<p><a href=\"https:\/\/wp.ufpel.edu.br\/laboratorioimagensjustica\/files\/2023\/10\/GT8-completo-oliveira_2.pdf\" data-type=\"attachment\" data-id=\"547\">O ACESSO A INTERNET COMO M\u00cdNIMO EXISTENCIAL NO BRASIL<\/a><\/p>\n\n\n\n<p>Alexandre Corr\u00eaa de Oliveira<\/p>\n\n\n\n<p><\/p>\n\n\n\n<p><a href=\"https:\/\/wp.ufpel.edu.br\/laboratorioimagensjustica\/files\/2023\/10\/GT8-completo-rodrigues-e-silva.pdf\" data-type=\"attachment\" data-id=\"548\">A TORTURA COMO PR\u00c1TICA DE REPRESS\u00c3O \u00c0 MOVIMENTOS CIVIS NO BRASIL<\/a><\/p>\n\n\n\n<p>Alexandre Lamas Rodrigues e Jo\u00e3o R\u00farick Ara\u00fajo Silva<\/p>\n\n\n\n<p><\/p>\n\n\n\n<p><a href=\"https:\/\/wp.ufpel.edu.br\/laboratorioimagensjustica\/files\/2023\/10\/GT8-completo-vieira.pdf\" data-type=\"attachment\" data-id=\"549\">O PROJETO DE LEI 8.058\/2014 E A EFETIVA\u00c7\u00c3O DO DIREITO \u00c0 SA\u00daDE<\/a><\/p>\n\n\n\n<p>Silvia Maria Corr\u00eaa Vieira<\/p>\n\n\n\n<p><\/p>\n\n\n\n<h2 class=\"wp-block-heading\">Resumos<\/h2>\n\n\n\n<p><a href=\"https:\/\/wp.ufpel.edu.br\/laboratorioimagensjustica\/files\/2023\/10\/GT8-resumo-barrios-e-lima.pdf\" data-type=\"attachment\" data-id=\"550\">DESAFIOS E JUSTI\u00c7A: A MULHER NEGRA DEFICIENTE NA PERSPECTIVA DA LEI DE COTAS<\/a><\/p>\n\n\n\n<p>Simone Teixeira Barrios e Georgina Helena Lima<\/p>\n\n\n\n<p><\/p>\n\n\n\n<p><a href=\"https:\/\/wp.ufpel.edu.br\/laboratorioimagensjustica\/files\/2023\/10\/GT8-resumo-cardozo-e-nunes.pdf\" data-type=\"attachment\" data-id=\"551\">REALIDADES E DIREITOS POL\u00cdTICOS DE COMUNIDADES E POVOS TRADICIONAIS: O QUE SE ENTENDE POR DOMIC\u00cdLIO ELEITORAL?<\/a><\/p>\n\n\n\n<p>Renan Cardozo e Georgina Helena Lima Nunes<\/p>\n\n\n\n<p><\/p>\n\n\n\n<p><a href=\"https:\/\/wp.ufpel.edu.br\/laboratorioimagensjustica\/files\/2023\/10\/GT8-resumo-coelho.pdf\" data-type=\"attachment\" data-id=\"552\">CONTRIBUI\u00c7\u00c3O DOS ESTUDOS DE PAZ PARA A PREVEN\u00c7\u00c3O E COMBATE \u00c0S FORMAS DE VIOL\u00caNCIA NO CONTEXTO CARCER\u00c1RIO<\/a><\/p>\n\n\n\n<p>Alice Scheer Coelho<\/p>\n\n\n\n<p><\/p>\n\n\n\n<p><a href=\"https:\/\/wp.ufpel.edu.br\/laboratorioimagensjustica\/files\/2023\/10\/GT8-resumo-ferreira-e-lima.pdf\" data-type=\"attachment\" data-id=\"553\">CONSTITUI\u00c7\u00c3O FEDERAL DE 1988-ARTIGO 68 ADCT: E A REGULAMENTA\u00c7\u00c3O DOS TERRITORIOS QUILOMBOLAS<\/a><\/p>\n\n\n\n<p>Adriana da Silva Ferreira e Georgina Helena Lima<\/p>\n\n\n\n<p><\/p>\n\n\n\n<p><a href=\"https:\/\/wp.ufpel.edu.br\/laboratorioimagensjustica\/files\/2023\/10\/GT8-resumo-gomes.pdf\" data-type=\"attachment\" data-id=\"554\">ACESSO E REPARTI\u00c7\u00c3O DE BENEF\u00cdCIOS: UMA AN\u00c1LISE SOB A PERSPECTIVA DOS ESTUDOS DA LINHA DE PESQUISA ESTADO E CONSTITUI\u00c7\u00c3O DO PROGRAMA DE P\u00d3S-GRADUA\u00c7\u00c3O EM DIREITO DA UNIVERSIDADE FEDERAL DE PELOTAS<\/a><\/p>\n\n\n\n<p>Yuri Pereira Gomes<\/p>\n\n\n\n<p><\/p>\n\n\n\n<p><a href=\"https:\/\/wp.ufpel.edu.br\/laboratorioimagensjustica\/files\/2023\/10\/GT8-resumo-hasegawa-e-aguiar.pdf\" data-type=\"attachment\" data-id=\"555\">CRIAN\u00c7AS E ADOLESCENTES MIGRANTES: A RELA\u00c7\u00c3O ENTRE O DESLOCAMENTO FOR\u00c7ADO E O TR\u00c1FICO INFANTIL<\/a><\/p>\n\n\n\n<p>Alessandra Hasegawa Sandini e Eduardo Pitrez de Aguiar Correa<\/p>\n\n\n\n<p><\/p>\n\n\n\n<p><a href=\"https:\/\/wp.ufpel.edu.br\/laboratorioimagensjustica\/files\/2023\/10\/GT8-resumo-santos_1.pdf\" data-type=\"attachment\" data-id=\"556\">FAM\u00cdLIA E CONSTITUI\u00c7\u00c3O O DIREITO CONSTITUCIONAL NO DIA-A-DIA DAS RELA\u00c7\u00d5ES FAMILIARES<\/a><\/p>\n\n\n\n<p>Mariana Galvan dos Santos<\/p>\n\n\n\n<p><\/p>\n\n\n\n<p><a href=\"https:\/\/wp.ufpel.edu.br\/laboratorioimagensjustica\/files\/2023\/10\/GT8-resumo-santos_2.pdf\" data-type=\"attachment\" data-id=\"557\">FERRAMENTAS DIGITAIS PARA FACILITA\u00c7\u00c3O DA COMUNICA\u00c7\u00c3O DE PAIS E FILHOS DIANTE DE DISSOLU\u00c7\u00d5ES AFETIVAS<\/a><\/p>\n\n\n\n<p>Mariana Galvan dos Santos<\/p>\n\n\n\n<p><\/p>\n\n\n\n<p><a href=\"https:\/\/wp.ufpel.edu.br\/laboratorioimagensjustica\/files\/2023\/10\/GT8-resumo-scolari.pdf\" data-type=\"attachment\" data-id=\"558\">VIOL\u00caNCIA INSTITUCIONAL: UMA AN\u00c1LISE DO DIREITO SOCIAL \u00c0 SA\u00daDE MENSTRUAL NO SISTEMA CARCER\u00c1RIO FEMININO<\/a><\/p>\n\n\n\n<p>Lici\u00ea Iasmin Hencker Scolari<\/p>\n\n\n\n<p><\/p>\n\n\n\n<p><a href=\"https:\/\/wp.ufpel.edu.br\/laboratorioimagensjustica\/files\/2023\/10\/GT8-resumo-segat-e-scott_junior.pdf\" data-type=\"attachment\" data-id=\"559\">ACESSO \u00c0 JUSTI\u00c7A E VIOL\u00caNCIA DOM\u00c9STICA: PERCEP\u00c7\u00d5ES DE MAGISTRADOS\/AS GA\u00daCHOS\/AS<\/a><\/p>\n\n\n\n<p>Juliana Lazzaretti Segat e Valm\u00f4r Scott Junior<\/p>\n\n\n\n<p><\/p>\n\n\n\n<p><a href=\"https:\/\/wp.ufpel.edu.br\/laboratorioimagensjustica\/files\/2023\/10\/GT8-resumo-silva-e-rodrigues.pdf\" data-type=\"attachment\" data-id=\"560\">A TORTURA COMO PR\u00c1TICA DE REPRESS\u00c3O \u00c0 MOVIMENTOS CIVIS NO BRASIL<\/a><\/p>\n\n\n\n<p>Jo\u00e3o R\u00farick Ara\u00fajo Silva e Alexandre Lamas Rodrigues<\/p>\n","protected":false},"excerpt":{"rendered":"<p>Trabalhos completos EDUCA\u00c7\u00c3O EM DIREITOS HUMANOS E PRESERVA\u00c7\u00c3O DA MEM\u00d3RIA: OMISS\u00d5ES E POSSIBILIDADES FRENTE A CONDENA\u00c7\u00c3O BRASILEIRA NA CORTE INTERAMERICANA DE DIREITOS HUMANOS EM FACE DA GUERRILHA DO ARAGUAIA Fernando Silveira Melo Plentz Miranda A GEOLOCALIZA\u00c7\u00c3O COMO MEIO DE PROVA NO PROCESSO DO TRABALHO BRASILEIRO Alexandre Corr\u00eaa de Oliveira O ACESSO A INTERNET COMO M\u00cdNIMO&#8230; <\/p>\n<div class=\"link-more\"><a href=\"https:\/\/wp.ufpel.edu.br\/laboratorioimagensjustica\/v-seminario-internacional-imagens-da-justica-curriculo-e-pedagogia-juridica\/8-constituicao-justica-social-e-imagens\/\">Leia mais<\/a><\/div>\n","protected":false},"author":1009,"featured_media":0,"parent":386,"menu_order":0,"comment_status":"closed","ping_status":"closed","template":"","meta":{"footnotes":""},"class_list":["post-414","page","type-page","status-publish","hentry"],"_links":{"self":[{"href":"https:\/\/wp.ufpel.edu.br\/laboratorioimagensjustica\/wp-json\/wp\/v2\/pages\/414","targetHints":{"allow":["GET"]}}],"collection":[{"href":"https:\/\/wp.ufpel.edu.br\/laboratorioimagensjustica\/wp-json\/wp\/v2\/pages"}],"about":[{"href":"https:\/\/wp.ufpel.edu.br\/laboratorioimagensjustica\/wp-json\/wp\/v2\/types\/page"}],"author":[{"embeddable":true,"href":"https:\/\/wp.ufpel.edu.br\/laboratorioimagensjustica\/wp-json\/wp\/v2\/users\/1009"}],"replies":[{"embeddable":true,"href":"https:\/\/wp.ufpel.edu.br\/laboratorioimagensjustica\/wp-json\/wp\/v2\/comments?post=414"}],"version-history":[{"count":6,"href":"https:\/\/wp.ufpel.edu.br\/laboratorioimagensjustica\/wp-json\/wp\/v2\/pages\/414\/revisions"}],"predecessor-version":[{"id":585,"href":"https:\/\/wp.ufpel.edu.br\/laboratorioimagensjustica\/wp-json\/wp\/v2\/pages\/414\/revisions\/585"}],"up":[{"embeddable":true,"href":"https:\/\/wp.ufpel.edu.br\/laboratorioimagensjustica\/wp-json\/wp\/v2\/pages\/386"}],"wp:attachment":[{"href":"https:\/\/wp.ufpel.edu.br\/laboratorioimagensjustica\/wp-json\/wp\/v2\/media?parent=414"}],"curies":[{"name":"wp","href":"https:\/\/api.w.org\/{rel}","templated":true}]}}