{"id":411,"date":"2023-10-14T13:52:58","date_gmt":"2023-10-14T16:52:58","guid":{"rendered":"https:\/\/wp.ufpel.edu.br\/laboratorioimagensjustica\/?page_id=411"},"modified":"2023-10-14T19:54:20","modified_gmt":"2023-10-14T22:54:20","slug":"7-meio-ambiente-justica-e-imagens","status":"publish","type":"page","link":"https:\/\/wp.ufpel.edu.br\/laboratorioimagensjustica\/v-seminario-internacional-imagens-da-justica-curriculo-e-pedagogia-juridica\/7-meio-ambiente-justica-e-imagens\/","title":{"rendered":"GT7. MEIO AMBIENTE, JUSTI\u00c7A E IMAGENS"},"content":{"rendered":"\n<h2 class=\"wp-block-heading\">Trabalhos completos<\/h2>\n\n\n\n<p><a href=\"https:\/\/wp.ufpel.edu.br\/laboratorioimagensjustica\/files\/2023\/10\/GT7-completo-ayres.pdf\" data-type=\"attachment\" data-id=\"537\">SALTANDO COM UM PARAQUEDAS COLORIDO: PROBLEMATIZANDO A CRISE AMBIENTAL A PARTIR DA ECOSOFIA<\/a><\/p>\n\n\n\n<p>Isabel Gomes Ayres<\/p>\n\n\n\n<p><\/p>\n\n\n\n<p><a href=\"https:\/\/wp.ufpel.edu.br\/laboratorioimagensjustica\/files\/2023\/10\/GT7-completo-schlee-e-henning.pdf\" data-type=\"attachment\" data-id=\"538\">CEN\u00c1RIOS IMAG\u00c9TICOS DA FRONTEIRA BRASIL\/URUGUAI: UM PENSAR SOBRE EDUCA\u00c7\u00d5ES AMBIENTAIS POSS\u00cdVEIS<\/a><\/p>\n\n\n\n<p>Juliana Corr\u00eaa Pereira Schlee e Paula Corr\u00eaa Henning<\/p>\n\n\n\n<p><\/p>\n\n\n\n<p><\/p>\n\n\n\n<h2 class=\"wp-block-heading\">Resumos<\/h2>\n\n\n\n<p><a href=\"https:\/\/wp.ufpel.edu.br\/laboratorioimagensjustica\/files\/2023\/10\/GT7-resumo-conrado-e-ferraro.pdf\" data-type=\"attachment\" data-id=\"539\">EDUCA\u00c7\u00c3O FINANCEIRA NEOLIBERAL E SEUS EFEITOS PARA AMBIENTE E SOCIEDADE<\/a><\/p>\n\n\n\n<p>Gabriela Dutra Rodrigues Conrado e Jos\u00e9 Lu\u00eds Ferraro<\/p>\n\n\n\n<p><\/p>\n\n\n\n<p><a href=\"https:\/\/wp.ufpel.edu.br\/laboratorioimagensjustica\/files\/2023\/10\/GT7-resumo-melo.pdf\" data-type=\"attachment\" data-id=\"540\">OS DANOS AMBIENTAIS ORIUNDOS DO F\u00caNOMENO FAST FASHION: DESAFIOS DO ORDENAMENTO JUR\u00cdDICO BRASILEIRO<\/a><\/p>\n\n\n\n<p>Ana Julia Faria Techera de Melo<\/p>\n\n\n\n<p><\/p>\n\n\n\n<p><a href=\"https:\/\/wp.ufpel.edu.br\/laboratorioimagensjustica\/files\/2023\/10\/GT7-resumo-nunes.pdf\" data-type=\"attachment\" data-id=\"541\">\u201cA \u00c1GUA \u00c9 UMA PROMESSA QUE APARECE DE 4 EM 4 ANOS\u201d: A IMAGEM SOBRE OS RECURSOS H\u00cdDRICOS NA CIDADE DO CAP\u00c3O DO LE\u00c3O<\/a><\/p>\n\n\n\n<p>Juliana dos Santos Nunes<\/p>\n\n\n\n<p><\/p>\n\n\n\n<p><a href=\"https:\/\/wp.ufpel.edu.br\/laboratorioimagensjustica\/files\/2023\/10\/GT7-resumo-ribeiro-veras_neto-e-diogo.pdf\" data-type=\"attachment\" data-id=\"542\">A IMBRICA\u00c7\u00c3O SEM\u00c2NTICO-DISCURSIVA DA TEORIA CR\u00cdTICA DA RA\u00c7A COM A EDUCA\u00c7\u00c3O AMBIENTAL CR\u00cdTICA DECOLONIAL (EACD) E O DIREITO COM SUAS MANIFESTA\u00c7\u00d5ES DE INSURG\u00caNCIA<\/a><\/p>\n\n\n\n<p>Bernard Constantino Ribeiro, Francisco Quintanilha Veras Neto e Helen Rejane Silva Maciel Diogo<\/p>\n\n\n\n<p><\/p>\n\n\n\n<p><a href=\"https:\/\/wp.ufpel.edu.br\/laboratorioimagensjustica\/files\/2023\/10\/GT7-resumo-silva-e-henning.pdf\" data-type=\"attachment\" data-id=\"543\">RELA\u00c7\u00d5ES COM A NATUREZA HUMANA E N\u00c3O HUMANA NAS PRA\u00c7AS: O QUE PODE A FILOSOFIA PARA POTENCIALIZAR SOCIALIDADES E EDUCA\u00c7\u00d5ES AMBIENTAIS OUTRAS?<\/a><\/p>\n\n\n\n<p>C\u00edntia Gruppelli da Silva e Paula Corr\u00eaa Henning<\/p>\n\n\n\n<p><\/p>\n\n\n\n<p><a href=\"https:\/\/wp.ufpel.edu.br\/laboratorioimagensjustica\/files\/2023\/10\/GT7-resumo-vieira.pdf\" data-type=\"attachment\" data-id=\"544\">TRILHA, UM INSTRUMENTO PARA DIMINUIR AS FRONTEIRAS DA DESIGUALDADE SOCIAL<\/a><\/p>\n\n\n\n<p>Daniel Nunes Vieira<\/p>\n","protected":false},"excerpt":{"rendered":"<p>Trabalhos completos SALTANDO COM UM PARAQUEDAS COLORIDO: PROBLEMATIZANDO A CRISE AMBIENTAL A PARTIR DA ECOSOFIA Isabel Gomes Ayres CEN\u00c1RIOS IMAG\u00c9TICOS DA FRONTEIRA BRASIL\/URUGUAI: UM PENSAR SOBRE EDUCA\u00c7\u00d5ES AMBIENTAIS POSS\u00cdVEIS Juliana Corr\u00eaa Pereira Schlee e Paula Corr\u00eaa Henning Resumos EDUCA\u00c7\u00c3O FINANCEIRA NEOLIBERAL E SEUS EFEITOS PARA AMBIENTE E SOCIEDADE Gabriela Dutra Rodrigues Conrado e Jos\u00e9 Lu\u00eds&#8230; <\/p>\n<div class=\"link-more\"><a href=\"https:\/\/wp.ufpel.edu.br\/laboratorioimagensjustica\/v-seminario-internacional-imagens-da-justica-curriculo-e-pedagogia-juridica\/7-meio-ambiente-justica-e-imagens\/\">Leia mais<\/a><\/div>\n","protected":false},"author":1009,"featured_media":0,"parent":386,"menu_order":0,"comment_status":"closed","ping_status":"closed","template":"","meta":{"footnotes":""},"class_list":["post-411","page","type-page","status-publish","hentry"],"_links":{"self":[{"href":"https:\/\/wp.ufpel.edu.br\/laboratorioimagensjustica\/wp-json\/wp\/v2\/pages\/411","targetHints":{"allow":["GET"]}}],"collection":[{"href":"https:\/\/wp.ufpel.edu.br\/laboratorioimagensjustica\/wp-json\/wp\/v2\/pages"}],"about":[{"href":"https:\/\/wp.ufpel.edu.br\/laboratorioimagensjustica\/wp-json\/wp\/v2\/types\/page"}],"author":[{"embeddable":true,"href":"https:\/\/wp.ufpel.edu.br\/laboratorioimagensjustica\/wp-json\/wp\/v2\/users\/1009"}],"replies":[{"embeddable":true,"href":"https:\/\/wp.ufpel.edu.br\/laboratorioimagensjustica\/wp-json\/wp\/v2\/comments?post=411"}],"version-history":[{"count":4,"href":"https:\/\/wp.ufpel.edu.br\/laboratorioimagensjustica\/wp-json\/wp\/v2\/pages\/411\/revisions"}],"predecessor-version":[{"id":581,"href":"https:\/\/wp.ufpel.edu.br\/laboratorioimagensjustica\/wp-json\/wp\/v2\/pages\/411\/revisions\/581"}],"up":[{"embeddable":true,"href":"https:\/\/wp.ufpel.edu.br\/laboratorioimagensjustica\/wp-json\/wp\/v2\/pages\/386"}],"wp:attachment":[{"href":"https:\/\/wp.ufpel.edu.br\/laboratorioimagensjustica\/wp-json\/wp\/v2\/media?parent=411"}],"curies":[{"name":"wp","href":"https:\/\/api.w.org\/{rel}","templated":true}]}}