{"id":408,"date":"2023-10-14T13:52:36","date_gmt":"2023-10-14T16:52:36","guid":{"rendered":"https:\/\/wp.ufpel.edu.br\/laboratorioimagensjustica\/?page_id=408"},"modified":"2023-10-14T19:46:37","modified_gmt":"2023-10-14T22:46:37","slug":"6-poeticas-e-direito-artes-visuais-memoria-literatura-e-midias","status":"publish","type":"page","link":"https:\/\/wp.ufpel.edu.br\/laboratorioimagensjustica\/v-seminario-internacional-imagens-da-justica-curriculo-e-pedagogia-juridica\/6-poeticas-e-direito-artes-visuais-memoria-literatura-e-midias\/","title":{"rendered":"GT6. PO\u00c9TICAS E DIREITO: ARTES VISUAIS, MEM\u00d3RIA, LITERATURA E M\u00cdDIAS"},"content":{"rendered":"\n<h2 class=\"wp-block-heading\">Trabalho completo<\/h2>\n\n\n\n<p><a href=\"https:\/\/wp.ufpel.edu.br\/laboratorioimagensjustica\/files\/2023\/10\/GT6-completo-ferreira.pdf\" data-type=\"attachment\" data-id=\"525\">O ENSINO DO DIREITO PELA FOTOGRAFIA<\/a><\/p>\n\n\n\n<p>Renata Hellwig Ferreira<\/p>\n\n\n\n<p><\/p>\n\n\n\n<p><\/p>\n\n\n\n<h2 class=\"wp-block-heading\">Resumos<\/h2>\n\n\n\n<p><a href=\"https:\/\/wp.ufpel.edu.br\/laboratorioimagensjustica\/files\/2023\/10\/GT6-resumo-alves.pdf\" data-type=\"attachment\" data-id=\"526\">PEDAGOGIAS DE G\u00caNERO E SEXUALIDADE ENTRE AS ARTES VISUAIS E OS CH\u00c1S DE REVELA\u00c7\u00c3O<\/a><\/p>\n\n\n\n<p>Ricardo Henrique Ayres Alves<\/p>\n\n\n\n<p><\/p>\n\n\n\n<p><a href=\"https:\/\/wp.ufpel.edu.br\/laboratorioimagensjustica\/files\/2023\/10\/GT6-resumo-brum-e-leite.pdf\" data-type=\"attachment\" data-id=\"527\">A INSTITUCIONALI\u00c7\u00c3O DA CULTURA VISUAL NO BRASIL<\/a><\/p>\n\n\n\n<p>Lucas Pacheco Brum e Maria Cecilia Lorea Leite<\/p>\n\n\n\n<p><\/p>\n\n\n\n<p><a href=\"https:\/\/wp.ufpel.edu.br\/laboratorioimagensjustica\/files\/2023\/10\/GT6-resumo-cuadros.pdf\" data-type=\"attachment\" data-id=\"528\">REPENSANDO O \u201cESTERE\u00d3TIPO DA PRIMEIRA-DAMA\u201d NO TEXTO E NA TELA: IMAGEM MIDI\u00c1TICA VERSUS CONSTRU\u00c7\u00c3O CINEMATOGR\u00c1FICA INSPIRADA NO RELATO DE SI NOS CASOS JACQUELINE KENNEDY E LADY DIANA<\/a><\/p>\n\n\n\n<p>L\u00f3ren Cristine Ferreira Cuadros<\/p>\n\n\n\n<p><\/p>\n\n\n\n<p><a href=\"https:\/\/wp.ufpel.edu.br\/laboratorioimagensjustica\/files\/2023\/10\/GT6-resumo-cunha-e-bussoletti.pdf\" data-type=\"attachment\" data-id=\"529\">A POSS\u00cdVEL CONTRIBUI\u00c7\u00c3O DO SURREALISMO JUR\u00cdDICO PARA UMA EDUCA\u00c7\u00c3O SURREALISTA<\/a><\/p>\n\n\n\n<p>Higor Antonio da Cunha e Denise Marcos Bussoletti<\/p>\n\n\n\n<p><\/p>\n\n\n\n<p><a href=\"https:\/\/wp.ufpel.edu.br\/laboratorioimagensjustica\/files\/2023\/10\/GT6-resumo-henning-e-santos.pdf\" data-type=\"attachment\" data-id=\"530\">CORPOS HETEROT\u00d3PICOS, DECOLONIALIDADE, DIREITOS E DAN\u00c7AS NA ENCRUZILHADA DE SABERES ACAD\u00caMICOS<\/a><\/p>\n\n\n\n<p>Ana Clara Correa Henning e Eleonora Campos da Motta Santos<\/p>\n\n\n\n<p><\/p>\n\n\n\n<p><a href=\"https:\/\/wp.ufpel.edu.br\/laboratorioimagensjustica\/files\/2023\/10\/GT6-resumo-sinani-e-dias.pdf\" data-type=\"attachment\" data-id=\"531\">LEITURA DE IMAGENS: POR UM DIREITO A OLHAR<\/a><\/p>\n\n\n\n<p>Mar\u00edlia Claudia Favreto Sin\u00e3ni e Vanessa Cristina Dias<\/p>\n\n\n\n<p><\/p>\n\n\n\n<p><a href=\"https:\/\/wp.ufpel.edu.br\/laboratorioimagensjustica\/files\/2023\/10\/GT6-resumo-sousa.pdf\" data-type=\"attachment\" data-id=\"532\">ENTRELA\u00c7ANDO VERSOS E LEIS: A SINERGIA ENTRE PO\u00c9TICAS E DIREITO NAS ARTES VISUAIS, MEM\u00d3RIA, LITERATURA E M\u00cdDIAS<\/a><\/p>\n\n\n\n<p>Lucas Melo Rodrigues de Sousa<\/p>\n\n\n\n<p><\/p>\n\n\n\n<p><a href=\"https:\/\/wp.ufpel.edu.br\/laboratorioimagensjustica\/files\/2023\/10\/GT6-resumo-souza.pdf\" data-type=\"attachment\" data-id=\"533\">CENAS DE OPRESS\u00c3O: ESTUDO SOBRE O TRABALHO ESCRAVO CONTEMPOR\u00c2NEO URBANO NO BRASIL \u00c0 LUZ DO FILME \u201c7 PRISIONEIROS\u201d<\/a><\/p>\n\n\n\n<p>Caio Vin\u00edcius Sena Souza<\/p>\n\n\n\n<p><\/p>\n\n\n\n<p><a href=\"https:\/\/wp.ufpel.edu.br\/laboratorioimagensjustica\/files\/2023\/10\/GT6-resumo-souza-e-zamperetti.pdf\" data-type=\"attachment\" data-id=\"534\">CINEMA, EDUCA\u00c7\u00c3O E A FORMA\u00c7\u00c3O DE EDUCADORES: AS M\u00daLTIPLAS LINGUAGENS NA EDUCA\u00c7\u00c3O INFANTIL E O DIREITO DE APRENDIZAGEM DAS CRIAN\u00c7AS<\/a><\/p>\n\n\n\n<p>Josenildo Santos de Souza e Maristani Polidori Zamperetti<\/p>\n\n\n\n<p><\/p>\n\n\n\n<p><a href=\"https:\/\/wp.ufpel.edu.br\/laboratorioimagensjustica\/files\/2023\/10\/GT6-resumo-souza-neves_neto-e-moraes.pdf\" data-type=\"attachment\" data-id=\"535\">DIREITO E LITERATURA: A OBRA DE NELSON RODRIGUES E SUAS CORRELA\u00c7\u00d5ES COM DIVERSOS RAMOS DO DIREITO<\/a><\/p>\n\n\n\n<p>SOUZA, Mauricio Soldati de Souza, Luiz Pereira das Neves Neto e Marina Lopes de Moraes<\/p>\n\n\n\n<p><\/p>\n\n\n\n<p><a href=\"https:\/\/wp.ufpel.edu.br\/laboratorioimagensjustica\/files\/2023\/10\/GT6-resumo-tavares-e-pohlmann.pdf\" data-type=\"attachment\" data-id=\"536\">O JARDIM COMO ESPA\u00c7O PARA RELA\u00c7\u00d5ES<\/a><\/p>\n\n\n\n<p>Reginaldo da N\u00f3brega Tavares e Angela Raffin Pohlmann<\/p>\n","protected":false},"excerpt":{"rendered":"<p>Trabalho completo O ENSINO DO DIREITO PELA FOTOGRAFIA Renata Hellwig Ferreira Resumos PEDAGOGIAS DE G\u00caNERO E SEXUALIDADE ENTRE AS ARTES VISUAIS E OS CH\u00c1S DE REVELA\u00c7\u00c3O Ricardo Henrique Ayres Alves A INSTITUCIONALI\u00c7\u00c3O DA CULTURA VISUAL NO BRASIL Lucas Pacheco Brum e Maria Cecilia Lorea Leite REPENSANDO O \u201cESTERE\u00d3TIPO DA PRIMEIRA-DAMA\u201d NO TEXTO E NA TELA:&#8230; <\/p>\n<div class=\"link-more\"><a href=\"https:\/\/wp.ufpel.edu.br\/laboratorioimagensjustica\/v-seminario-internacional-imagens-da-justica-curriculo-e-pedagogia-juridica\/6-poeticas-e-direito-artes-visuais-memoria-literatura-e-midias\/\">Leia mais<\/a><\/div>\n","protected":false},"author":1009,"featured_media":0,"parent":386,"menu_order":0,"comment_status":"closed","ping_status":"closed","template":"","meta":{"footnotes":""},"class_list":["post-408","page","type-page","status-publish","hentry"],"_links":{"self":[{"href":"https:\/\/wp.ufpel.edu.br\/laboratorioimagensjustica\/wp-json\/wp\/v2\/pages\/408","targetHints":{"allow":["GET"]}}],"collection":[{"href":"https:\/\/wp.ufpel.edu.br\/laboratorioimagensjustica\/wp-json\/wp\/v2\/pages"}],"about":[{"href":"https:\/\/wp.ufpel.edu.br\/laboratorioimagensjustica\/wp-json\/wp\/v2\/types\/page"}],"author":[{"embeddable":true,"href":"https:\/\/wp.ufpel.edu.br\/laboratorioimagensjustica\/wp-json\/wp\/v2\/users\/1009"}],"replies":[{"embeddable":true,"href":"https:\/\/wp.ufpel.edu.br\/laboratorioimagensjustica\/wp-json\/wp\/v2\/comments?post=408"}],"version-history":[{"count":5,"href":"https:\/\/wp.ufpel.edu.br\/laboratorioimagensjustica\/wp-json\/wp\/v2\/pages\/408\/revisions"}],"predecessor-version":[{"id":579,"href":"https:\/\/wp.ufpel.edu.br\/laboratorioimagensjustica\/wp-json\/wp\/v2\/pages\/408\/revisions\/579"}],"up":[{"embeddable":true,"href":"https:\/\/wp.ufpel.edu.br\/laboratorioimagensjustica\/wp-json\/wp\/v2\/pages\/386"}],"wp:attachment":[{"href":"https:\/\/wp.ufpel.edu.br\/laboratorioimagensjustica\/wp-json\/wp\/v2\/media?parent=408"}],"curies":[{"name":"wp","href":"https:\/\/api.w.org\/{rel}","templated":true}]}}