{"id":405,"date":"2023-10-14T13:52:19","date_gmt":"2023-10-14T16:52:19","guid":{"rendered":"https:\/\/wp.ufpel.edu.br\/laboratorioimagensjustica\/?page_id=405"},"modified":"2023-10-14T19:34:43","modified_gmt":"2023-10-14T22:34:43","slug":"5-imagens-da-justica","status":"publish","type":"page","link":"https:\/\/wp.ufpel.edu.br\/laboratorioimagensjustica\/v-seminario-internacional-imagens-da-justica-curriculo-e-pedagogia-juridica\/5-imagens-da-justica\/","title":{"rendered":"GT5. IMAGENS DA JUSTI\u00c7A"},"content":{"rendered":"\n<h2 class=\"wp-block-heading\">Trabalho completo<\/h2>\n\n\n\n<p><a href=\"https:\/\/wp.ufpel.edu.br\/laboratorioimagensjustica\/files\/2023\/10\/GT5-completo-gotuzzo.pdf\" data-type=\"attachment\" data-id=\"517\">O MOVIMENTO MAR\u00c9 VERDE E A LUTA PELO CONTROLE DE CORPOS FEMININOS NA ARGENTINA<\/a><\/p>\n\n\n\n<p>Laura Braga Gotuzzo<\/p>\n\n\n\n<p><\/p>\n\n\n\n<p><\/p>\n\n\n\n<h2 class=\"wp-block-heading\">Resumos<\/h2>\n\n\n\n<p><a href=\"https:\/\/wp.ufpel.edu.br\/laboratorioimagensjustica\/files\/2023\/10\/GT5-resumo-chediak-baraldi_neto-e-boldt.pdf\" data-type=\"attachment\" data-id=\"518\">O PROJETO JUSTI\u00c7A ITINERANTE E O ACESSO \u00c0 JUSTI\u00c7A DE COMUNIDADES LONG\u00cdNQUAS EM ROND\u00d4NIA: O QUE QUEREM DIZER AS IMAGENS?<\/a><\/p>\n\n\n\n<p>Thalyta Karina Correia Chediak, Jo\u00e3o Baraldi Neto e Edirlei Leandro Boldt<\/p>\n\n\n\n<p><\/p>\n\n\n\n<p><a href=\"https:\/\/wp.ufpel.edu.br\/laboratorioimagensjustica\/files\/2023\/10\/GT5-resumo-diogo-veras_neto-e-dias.pdf\" data-type=\"attachment\" data-id=\"519\">LIBERTA\u00c7\u00d5ES E JUSTI\u00c7A AFRODIASP\u00d3RICA: A ESSENCIALIDADE DA IMAGEM DE AN\u00c1STACIA LIVRE E DO CORPO NEGRO (FEMININO) EMANCIPADO<\/a><\/p>\n\n\n\n<p>H\u00e9len Rejane Silva Maciel Diogo, Francisco Quintanilha Veras Neto e Renato Duro Dias<\/p>\n\n\n\n<p><\/p>\n\n\n\n<p><a href=\"https:\/\/wp.ufpel.edu.br\/laboratorioimagensjustica\/files\/2023\/10\/GT5-resumo-peres-e-ribeiro.pdf\" data-type=\"attachment\" data-id=\"520\">O FEN\u00d4MENO DA PERIFERIZA\u00c7\u00c3O E DA POBREZA<\/a><\/p>\n\n\n\n<p>Dianelisa Amaral Peres e Bernard Constantino Ribeiro<\/p>\n\n\n\n<p><\/p>\n\n\n\n<p><a href=\"https:\/\/wp.ufpel.edu.br\/laboratorioimagensjustica\/files\/2023\/10\/GT5-resumo-porto-ness-e-henning.pdf\" data-type=\"attachment\" data-id=\"521\">LINGUAGEM E PEDAGOGIA JURI\u0301DICA: TEORIA QUEER, UM CORPO \u201cESTRANHO\u201d, A PARTIR DE UMA PERSPECTIVA PO\u0301S-ESTRUTURALISTA<\/a><\/p>\n\n\n\n<p>Israel das Neves Porto, Isabella Melo Ness e Ana Clara Correa Henning<\/p>\n\n\n\n<p><\/p>\n\n\n\n<p><a href=\"https:\/\/wp.ufpel.edu.br\/laboratorioimagensjustica\/files\/2023\/10\/GT5-resumo-santos.pdf\" data-type=\"attachment\" data-id=\"522\">O ACESSO \u00c0 LITERATURA COMO MEIO DE HUMANIZA\u00c7\u00c3O<\/a><\/p>\n\n\n\n<p>Caroline Passos Foletto dos Santos<\/p>\n\n\n\n<p><\/p>\n\n\n\n<p><a href=\"https:\/\/wp.ufpel.edu.br\/laboratorioimagensjustica\/files\/2023\/10\/GT5-resumo-te.pdf\" data-type=\"attachment\" data-id=\"523\">JUDICIALIZA\u00c7\u00c3O DA POL\u00cdTICA NA GUIN\u00c9-BISSAU: atua\u00e7\u00e3o do Supremo Tribunal de Justi\u00e7a, pol\u00edtica e corrup\u00e7\u00e3o em 2015<\/a><\/p>\n\n\n\n<p>Paulo An\u00f3s T\u00e9<\/p>\n\n\n\n<p><\/p>\n\n\n\n<p><a href=\"https:\/\/wp.ufpel.edu.br\/laboratorioimagensjustica\/files\/2023\/10\/GT5-resumo-vieira.pdf\" data-type=\"attachment\" data-id=\"524\">\u201cVAI GRAXA, DOUTOR?\u201d: O POVO AOS P\u00c9S DA JUSTI\u00c7A E OS DIREITOS PERANTE A REALIDADE<\/a><\/p>\n\n\n\n<p>Andr\u00e9 Luiz Valim Vieira<\/p>\n","protected":false},"excerpt":{"rendered":"<p>Trabalho completo O MOVIMENTO MAR\u00c9 VERDE E A LUTA PELO CONTROLE DE CORPOS FEMININOS NA ARGENTINA Laura Braga Gotuzzo Resumos O PROJETO JUSTI\u00c7A ITINERANTE E O ACESSO \u00c0 JUSTI\u00c7A DE COMUNIDADES LONG\u00cdNQUAS EM ROND\u00d4NIA: O QUE QUEREM DIZER AS IMAGENS? Thalyta Karina Correia Chediak, Jo\u00e3o Baraldi Neto e Edirlei Leandro Boldt LIBERTA\u00c7\u00d5ES E JUSTI\u00c7A AFRODIASP\u00d3RICA:&#8230; <\/p>\n<div class=\"link-more\"><a href=\"https:\/\/wp.ufpel.edu.br\/laboratorioimagensjustica\/v-seminario-internacional-imagens-da-justica-curriculo-e-pedagogia-juridica\/5-imagens-da-justica\/\">Leia mais<\/a><\/div>\n","protected":false},"author":1009,"featured_media":0,"parent":386,"menu_order":0,"comment_status":"closed","ping_status":"closed","template":"","meta":{"footnotes":""},"class_list":["post-405","page","type-page","status-publish","hentry"],"_links":{"self":[{"href":"https:\/\/wp.ufpel.edu.br\/laboratorioimagensjustica\/wp-json\/wp\/v2\/pages\/405","targetHints":{"allow":["GET"]}}],"collection":[{"href":"https:\/\/wp.ufpel.edu.br\/laboratorioimagensjustica\/wp-json\/wp\/v2\/pages"}],"about":[{"href":"https:\/\/wp.ufpel.edu.br\/laboratorioimagensjustica\/wp-json\/wp\/v2\/types\/page"}],"author":[{"embeddable":true,"href":"https:\/\/wp.ufpel.edu.br\/laboratorioimagensjustica\/wp-json\/wp\/v2\/users\/1009"}],"replies":[{"embeddable":true,"href":"https:\/\/wp.ufpel.edu.br\/laboratorioimagensjustica\/wp-json\/wp\/v2\/comments?post=405"}],"version-history":[{"count":4,"href":"https:\/\/wp.ufpel.edu.br\/laboratorioimagensjustica\/wp-json\/wp\/v2\/pages\/405\/revisions"}],"predecessor-version":[{"id":576,"href":"https:\/\/wp.ufpel.edu.br\/laboratorioimagensjustica\/wp-json\/wp\/v2\/pages\/405\/revisions\/576"}],"up":[{"embeddable":true,"href":"https:\/\/wp.ufpel.edu.br\/laboratorioimagensjustica\/wp-json\/wp\/v2\/pages\/386"}],"wp:attachment":[{"href":"https:\/\/wp.ufpel.edu.br\/laboratorioimagensjustica\/wp-json\/wp\/v2\/media?parent=405"}],"curies":[{"name":"wp","href":"https:\/\/api.w.org\/{rel}","templated":true}]}}