{"id":402,"date":"2023-10-14T13:52:03","date_gmt":"2023-10-14T16:52:03","guid":{"rendered":"https:\/\/wp.ufpel.edu.br\/laboratorioimagensjustica\/?page_id=402"},"modified":"2023-10-14T20:52:37","modified_gmt":"2023-10-14T23:52:37","slug":"4-ensino-juridico-e-acesso-a-justica","status":"publish","type":"page","link":"https:\/\/wp.ufpel.edu.br\/laboratorioimagensjustica\/v-seminario-internacional-imagens-da-justica-curriculo-e-pedagogia-juridica\/4-ensino-juridico-e-acesso-a-justica\/","title":{"rendered":"GT4. ENSINO JUR\u00cdDICO E ACESSO \u00c0 JUSTI\u00c7A"},"content":{"rendered":"\n<h2 class=\"wp-block-heading\">Trabalhos completos<\/h2>\n\n\n\n<p><a href=\"https:\/\/wp.ufpel.edu.br\/laboratorioimagensjustica\/files\/2023\/10\/GT4-completo-ferreira-e-lemos.pdf\" data-type=\"attachment\" data-id=\"504\">O ESPELHO: UM REFLEXO DO CONTO DE MACHADO DE ASSIS NA AN\u00c1LISE DO ENSINO JUR\u00cdDICO BRASILEIRO<\/a><\/p>\n\n\n\n<p>Milena Barbosa Pereira Ferreira e Victoria Bortolotti Lemos<\/p>\n\n\n\n<p><\/p>\n\n\n\n<p><a href=\"https:\/\/wp.ufpel.edu.br\/laboratorioimagensjustica\/files\/2023\/10\/GT4-completo-lima-e-carvalho.pdf\" data-type=\"attachment\" data-id=\"505\">EXTENS\u00c3O UNIVERSIT\u00c1RIA COMO FERRAMENTA DE ACESSO \u00c0 JUSTI\u00c7A: uma an\u00e1lise do projeto Assist\u00eancia Jur\u00eddica Itinerante \u2013 AJI<\/a><\/p>\n\n\n\n<p>Ianne Magna de Lima e Vivian Diniz de Carvalho<\/p>\n\n\n\n<p><\/p>\n\n\n\n<p><a href=\"https:\/\/wp.ufpel.edu.br\/laboratorioimagensjustica\/files\/2023\/10\/GT4-completo-sallet-e-stefan.pdf\" data-type=\"attachment\" data-id=\"506\">EDUCA\u00c7\u00c3O JUR\u00cdDICA E CURR\u00cdCULO DE DIREITO: APORTES A PARTIR DO CASO DA FACULDADE INTERCULTURAL IND\u00cdGENA &#8211; FAIND<\/a><\/p>\n\n\n\n<p>Bruna Hoisler Sallet e Guilherme Stefan<\/p>\n\n\n\n<p><\/p>\n\n\n\n<p><a href=\"https:\/\/wp.ufpel.edu.br\/laboratorioimagensjustica\/files\/2023\/10\/GT4-completo-silva-e-madruga.pdf\" data-type=\"attachment\" data-id=\"507\">ACESSO \u00c0 JUSTI\u00c7A ATRAV\u00c9S DO PROJETO PACIENTES JUR\u00cdDICOS: RELATO DE EXPERI\u00caNCIA DOCENTE E DISCENTE<\/a><\/p>\n\n\n\n<p>Ana Claudia Nunes dos Santos Silva e Marina Nogueira Madruga<\/p>\n\n\n\n<p><\/p>\n\n\n\n<p><\/p>\n\n\n\n<h2 class=\"wp-block-heading\">Resumos<\/h2>\n\n\n\n<p><a href=\"https:\/\/wp.ufpel.edu.br\/laboratorioimagensjustica\/files\/2023\/10\/GT4-resumo-abrao.pdf\" data-type=\"attachment\" data-id=\"508\">A IMPORT\u00c2NCIA DOS N\u00daCLEOS DE PR\u00c1TICA NA EDUCA\u00c7\u00c3O JUR\u00cdDICA<\/a><\/p>\n\n\n\n<p>Guilherme Rodrigues Abr\u00e3o<\/p>\n\n\n\n<p><\/p>\n\n\n\n<p><a href=\"https:\/\/wp.ufpel.edu.br\/laboratorioimagensjustica\/files\/2023\/10\/GT4-resumo-carvalho-vieira-e-insaurriaga.pdf\" data-type=\"attachment\" data-id=\"509\">MULHERES NO DIREITO: DESAFIOS DE REPRESENTATIVIDADE E FORMA\u00c7\u00c3O JUR\u00cdDICA<\/a><\/p>\n\n\n\n<p>L\u00eddia Trisch dos Santos Henriques de Carvalho, Lucas Sega Ferras Vieira e M\u00e1rcio Aur\u00e9lio Alves Insaurriaga<\/p>\n\n\n\n<p><\/p>\n\n\n\n<p><a href=\"https:\/\/wp.ufpel.edu.br\/laboratorioimagensjustica\/files\/2023\/10\/GT4-resumo-demiranda-gravinis-e-costa.pdf\" data-type=\"attachment\" data-id=\"510\">OS ESCRIT\u00d3RIOS DE PR\u00c1TICA JUR\u00cdDICA COMO INSTRUMENTOS PARA A EFETIVA\u00c7\u00c3O DO DIREITO FUNDAMENTAL \u00c0 SA\u00daDE<\/a><\/p>\n\n\n\n<p>Dandara Trentin Demiranda, Claudete Rodrigues Teixeira Gravinis e Jos\u00e9 Ricardo Caetano Costa<\/p>\n\n\n\n<p><\/p>\n\n\n\n<p><a href=\"https:\/\/wp.ufpel.edu.br\/laboratorioimagensjustica\/files\/2023\/10\/GT4-resumo-diniz-e-cardoso.pdf\" data-type=\"attachment\" data-id=\"511\">EDUCA\u00c7\u00c3O EM DIREITOS HUMANOS NO ENSINO JUR\u00cdDICO: DIMENS\u00d5ES POL\u00cdTICAS, CURRICULARES E PEDAG\u00d3GICAS<\/a><\/p>\n\n\n\n<p>Kassandra M\u00e1rcia Castro Oliveira Diniz e Fernando da Silva Cardoso<\/p>\n\n\n\n<p><\/p>\n\n\n\n<p><a href=\"https:\/\/wp.ufpel.edu.br\/laboratorioimagensjustica\/files\/2023\/10\/GT4-resumo-gastal-silva-e-costa.pdf\" data-type=\"attachment\" data-id=\"512\">A LIMITA\u00c7\u00c3O DE UMA PER\u00cdCIA M\u00c9DICA GRATUITA NO PROCESSO PREVIDENCI\u00c1RIO E A RESTRI\u00c7\u00c3O DO PLENO ACESSO \u00c0 JUSTI\u00c7A<\/a><\/p>\n\n\n\n<p>Jo\u00e3o Pedro de Oliveira Sim\u00f5es Lopes Gastal, J\u00falia Sbeghen Hoff da Silva e Jos\u00e9 Ricardo Caetano Costa<\/p>\n\n\n\n<p><\/p>\n\n\n\n<p><a href=\"https:\/\/wp.ufpel.edu.br\/laboratorioimagensjustica\/files\/2023\/10\/GT4-resumo-moraes-e-hamel.pdf\" data-type=\"attachment\" data-id=\"513\">O AVAN\u00c7O TECNOL\u00d3GICO E AS PERSPECTIVAS PARA O ENSINO JUR\u00cdDICO<\/a><\/p>\n\n\n\n<p>Maria Eduarda Braga Moraes e Marcio Renan Hamel<\/p>\n\n\n\n<p><\/p>\n\n\n\n<p><a href=\"https:\/\/wp.ufpel.edu.br\/laboratorioimagensjustica\/files\/2023\/10\/GT4-resumo-papalia-dias-e-leite.pdf\" data-type=\"attachment\" data-id=\"514\">CURSO DE DIREITO: A CONTRIBUI\u00c7\u00c3O DA HISTORICIDADE FRENTE \u00c0 RECONTEXTUALIZA\u00c7\u00c3O DO CURR\u00cdCULO NACIONAL<\/a><\/p>\n\n\n\n<p>Franceli Bianquin Grigoletto Papalia, Renato Duro Dias e Maria Cecilia Lorea Leite<\/p>\n\n\n\n<p><\/p>\n\n\n\n<p><a href=\"https:\/\/wp.ufpel.edu.br\/laboratorioimagensjustica\/files\/2023\/10\/GT4-resumo-sallet-e-stefan.pdf\" data-type=\"attachment\" data-id=\"597\">EDUCA\u00c7\u00c3O JUR\u00cdDICA, FORMA\u00c7\u00c3O DE PROFESSORES E CURR\u00cdCULO DE DIREITO: APORTES A PARTIR DO CASO DA FACULDADE INTERCULTURAL IND\u00cdGENA &#8211; FAIND<\/a><\/p>\n\n\n\n<p>Bruna Hoisler Sallet e Guilherme Stefan<\/p>\n\n\n\n<p><\/p>\n\n\n\n<p><a href=\"https:\/\/wp.ufpel.edu.br\/laboratorioimagensjustica\/files\/2023\/10\/GT4-resumo-schneider.pdf\" data-type=\"attachment\" data-id=\"515\">ACESSO \u00c0 JUSTI\u00c7A E DIREITO \u00c0 EDUCA\u00c7\u00c3O B\u00c1SICA<\/a><\/p>\n\n\n\n<p>Giselda Siqueira da Silva Schneider<\/p>\n\n\n\n<p><\/p>\n\n\n\n<p><a href=\"https:\/\/wp.ufpel.edu.br\/laboratorioimagensjustica\/files\/2023\/10\/GT4-resumo-sousa.pdf\" data-type=\"attachment\" data-id=\"516\">ENSINAR PARA LIBERTAR<\/a><\/p>\n\n\n\n<p>Lucas Melo Rodrigues de Sousa<\/p>\n","protected":false},"excerpt":{"rendered":"<p>Trabalhos completos O ESPELHO: UM REFLEXO DO CONTO DE MACHADO DE ASSIS NA AN\u00c1LISE DO ENSINO JUR\u00cdDICO BRASILEIRO Milena Barbosa Pereira Ferreira e Victoria Bortolotti Lemos EXTENS\u00c3O UNIVERSIT\u00c1RIA COMO FERRAMENTA DE ACESSO \u00c0 JUSTI\u00c7A: uma an\u00e1lise do projeto Assist\u00eancia Jur\u00eddica Itinerante \u2013 AJI Ianne Magna de Lima e Vivian Diniz de Carvalho EDUCA\u00c7\u00c3O JUR\u00cdDICA E&#8230; <\/p>\n<div class=\"link-more\"><a href=\"https:\/\/wp.ufpel.edu.br\/laboratorioimagensjustica\/v-seminario-internacional-imagens-da-justica-curriculo-e-pedagogia-juridica\/4-ensino-juridico-e-acesso-a-justica\/\">Leia mais<\/a><\/div>\n","protected":false},"author":1009,"featured_media":0,"parent":386,"menu_order":0,"comment_status":"closed","ping_status":"closed","template":"","meta":{"footnotes":""},"class_list":["post-402","page","type-page","status-publish","hentry"],"_links":{"self":[{"href":"https:\/\/wp.ufpel.edu.br\/laboratorioimagensjustica\/wp-json\/wp\/v2\/pages\/402","targetHints":{"allow":["GET"]}}],"collection":[{"href":"https:\/\/wp.ufpel.edu.br\/laboratorioimagensjustica\/wp-json\/wp\/v2\/pages"}],"about":[{"href":"https:\/\/wp.ufpel.edu.br\/laboratorioimagensjustica\/wp-json\/wp\/v2\/types\/page"}],"author":[{"embeddable":true,"href":"https:\/\/wp.ufpel.edu.br\/laboratorioimagensjustica\/wp-json\/wp\/v2\/users\/1009"}],"replies":[{"embeddable":true,"href":"https:\/\/wp.ufpel.edu.br\/laboratorioimagensjustica\/wp-json\/wp\/v2\/comments?post=402"}],"version-history":[{"count":6,"href":"https:\/\/wp.ufpel.edu.br\/laboratorioimagensjustica\/wp-json\/wp\/v2\/pages\/402\/revisions"}],"predecessor-version":[{"id":598,"href":"https:\/\/wp.ufpel.edu.br\/laboratorioimagensjustica\/wp-json\/wp\/v2\/pages\/402\/revisions\/598"}],"up":[{"embeddable":true,"href":"https:\/\/wp.ufpel.edu.br\/laboratorioimagensjustica\/wp-json\/wp\/v2\/pages\/386"}],"wp:attachment":[{"href":"https:\/\/wp.ufpel.edu.br\/laboratorioimagensjustica\/wp-json\/wp\/v2\/media?parent=402"}],"curies":[{"name":"wp","href":"https:\/\/api.w.org\/{rel}","templated":true}]}}