{"id":399,"date":"2023-10-14T13:51:41","date_gmt":"2023-10-14T16:51:41","guid":{"rendered":"https:\/\/wp.ufpel.edu.br\/laboratorioimagensjustica\/?page_id=399"},"modified":"2023-10-14T19:03:22","modified_gmt":"2023-10-14T22:03:22","slug":"3-gestao-curriculo-inclusao-e-politicas-educativas","status":"publish","type":"page","link":"https:\/\/wp.ufpel.edu.br\/laboratorioimagensjustica\/v-seminario-internacional-imagens-da-justica-curriculo-e-pedagogia-juridica\/3-gestao-curriculo-inclusao-e-politicas-educativas\/","title":{"rendered":"GT3. GEST\u00c3O, CURR\u00cdCULO, INCLUS\u00c3O E POL\u00cdTICAS EDUCATIVAS"},"content":{"rendered":"\n<h2 class=\"wp-block-heading\">Trabalhos completos<\/h2>\n\n\n\n<p><a href=\"https:\/\/wp.ufpel.edu.br\/laboratorioimagensjustica\/files\/2023\/10\/GT3-completo-avila-e-pohlmann.pdf\" data-type=\"attachment\" data-id=\"487\">A\u00c7\u00d5ES AFIRMATIVAS E A SINGULARIDADE DAS RELA\u00c7\u00d5ES DE ENSINO E APRENDIZAGEM QUE ENVOLVEM O ESPA\u00c7O ACAD\u00caMICO<\/a><\/p>\n\n\n\n<p>Keli Avila e Fernanda Pohlmann<\/p>\n\n\n\n<p><\/p>\n\n\n\n<p><a href=\"https:\/\/wp.ufpel.edu.br\/laboratorioimagensjustica\/files\/2023\/10\/GT3-completo-boldt-e-pires.pdf\" data-type=\"attachment\" data-id=\"488\">EDUCA\u00c7\u00c3O EM DIREITOS HUMANOS E OS DIREITOS DA COMUNIDADE LGBTQIA+<\/a><\/p>\n\n\n\n<p>Edirlei Leandro Boldt e Weider Pires<\/p>\n\n\n\n<p><\/p>\n\n\n\n<p><a href=\"https:\/\/wp.ufpel.edu.br\/laboratorioimagensjustica\/files\/2023\/10\/GT3-completo-costa-e-scott_junior.pdf\" data-type=\"attachment\" data-id=\"489\">POL\u00cdTICAS P\u00daBLICAS DE EDUCA\u00c7\u00c3O PARA MULHERES EM SITUA\u00c7\u00c3O DE VULNERABILIDADE PELA VIOL\u00caNCIA DOM\u00c9STICA <\/a><\/p>\n\n\n\n<p>Valesca Brasil Costa e Valmor Scott Junior<\/p>\n\n\n\n<p><\/p>\n\n\n\n<p><a href=\"https:\/\/wp.ufpel.edu.br\/laboratorioimagensjustica\/files\/2023\/10\/GT3-completo-cunha-prates-e-leite.pdf\" data-type=\"attachment\" data-id=\"490\">IMAGENS DA JUSTI\u00c7A E O CURR\u00cdCULO DOS CURSOS DE DIREITO: UMA REFLEX\u00c3O POSS\u00cdVEL<\/a><\/p>\n\n\n\n<p>Nat\u00e1lia Ferreira da Cunha, Bruna Flores Prates e Maria Cec\u00edlia Lorea Leite<\/p>\n\n\n\n<p><\/p>\n\n\n\n<p><a href=\"https:\/\/wp.ufpel.edu.br\/laboratorioimagensjustica\/files\/2023\/10\/GT3-completo-garcia.pdf\" data-type=\"attachment\" data-id=\"491\">DIREITO \u00c0 EDUCA\u00c7\u00c3O: A TEORIA NEO-INSTITUCIONALISTA E O PAPEL DO CONGRESSO NACIONAL DURANTE O PER\u00cdODO DA COVID<\/a><\/p>\n\n\n\n<p>Bruno Souza Garcia<\/p>\n\n\n\n<p><\/p>\n\n\n\n<p><a href=\"https:\/\/wp.ufpel.edu.br\/laboratorioimagensjustica\/files\/2023\/10\/GT3-completo-intanque-klein-e-silva.pdf\" data-type=\"attachment\" data-id=\"492\">LEVANTAMENTO BIBLIOGR\u00c1FICO DO XXI ENDIPE: PIDIB E A POL\u00cdTICA PARA FORMA\u00c7\u00c3O DE PROFESSORES<\/a><\/p>\n\n\n\n<p>Sabino Tobana Intanqu\u00ea, Madalena Klein e Simone Gon\u00e7alves da Silva<\/p>\n\n\n\n<p><\/p>\n\n\n\n<p><a href=\"https:\/\/wp.ufpel.edu.br\/laboratorioimagensjustica\/files\/2023\/10\/GT3-completo-pohlmann-e-avila.pdf\" data-type=\"attachment\" data-id=\"493\">AN\u00c1LISE DO DESENVOLVIMENTO DA MORADIA ESTUDANTIL &#8211; FURG A PARTIR DE 2020<\/a><\/p>\n\n\n\n<p>Fernanda Pohlmann e Keli Avila<\/p>\n\n\n\n<p><\/p>\n\n\n\n<p><a href=\"https:\/\/wp.ufpel.edu.br\/laboratorioimagensjustica\/files\/2023\/10\/GT3-completo-saraiva-e-scott_junior.pdf\" data-type=\"attachment\" data-id=\"494\">DESAFIOS E ALTERNATIVAS FRENTE \u00c0 MERCANTILIZA\u00c7\u00c3O DO DIREITO SOCIAL \u00c0 EDUCA\u00c7\u00c3O SUPERIOR NO BRASIL<\/a><\/p>\n\n\n\n<p>Taiguer Henrique Silva Saraiva e Valm\u00f4r Scott Junior<\/p>\n\n\n\n<p><\/p>\n\n\n\n<h2 class=\"wp-block-heading\">Resumos<\/h2>\n\n\n\n<p><a href=\"https:\/\/wp.ufpel.edu.br\/laboratorioimagensjustica\/files\/2023\/10\/GT3-resumo-antunes.pdf\" data-type=\"attachment\" data-id=\"495\">LETRAMENTO ACAD\u00caMICO ENQUANTO MEDIDA DE ACESSIBILIDADE PEDAG\u00d3GICA PARA ESTUDANTES COM DEFICI\u00caNCIA INTELECTUAL<\/a><\/p>\n\n\n\n<p>Lenice Rodrigues Antunes<\/p>\n\n\n\n<p><\/p>\n\n\n\n<p><a href=\"https:\/\/wp.ufpel.edu.br\/laboratorioimagensjustica\/files\/2023\/10\/GT3-resumo-araujo-gomes-e-silva.pdf\" data-type=\"attachment\" data-id=\"496\">(RE)PENSANDO O DIREITO: REMI\u00c7\u00c3O DA PENA POR MEIO DE POL\u00cdTICAS EDUCATIVAS COMO FORMA DE INCLUS\u00c3O E REINSER\u00c7\u00c3O SOCIAL<\/a><\/p>\n\n\n\n<p>Mayara St\u00e9ffany da Silva Ara\u00fajo, Fidel Dias de Melo Gomes e Ivan Luiz Rufino da Silva<\/p>\n\n\n\n<p><\/p>\n\n\n\n<p><a href=\"https:\/\/wp.ufpel.edu.br\/laboratorioimagensjustica\/files\/2023\/10\/GT3-resumo-celente-e-cossio.pdf\" data-type=\"attachment\" data-id=\"497\">PARCERIAS P\u00daBLICO-PRIVADAS E SUAS IMPLICA\u00c7\u00d5ES NA GEST\u00c3O DE REDES<\/a><\/p>\n\n\n\n<p>Luis Eduardo dos Santos Celente e Maria de F\u00e1tima C\u00f3ssio<\/p>\n\n\n\n<p><\/p>\n\n\n\n<p><a href=\"https:\/\/wp.ufpel.edu.br\/laboratorioimagensjustica\/files\/2023\/10\/GT3-resumo-correa-e-porto.pdf\" data-type=\"attachment\" data-id=\"498\">A IMPORT\u00c2NCIA DA ESCOLA EM TRABALHAR O RESPEITO \u00c0 DIVERSIDADE E O COMBATE A LGBTFOBIA<\/a><\/p>\n\n\n\n<p>Suelen Borges Loth Correa e Liana Barcelos Porto<\/p>\n\n\n\n<p><\/p>\n\n\n\n<p><a href=\"https:\/\/wp.ufpel.edu.br\/laboratorioimagensjustica\/files\/2023\/10\/GT3-resumo-macedo-moura-e-silva.pdf\" data-type=\"attachment\" data-id=\"499\">A BNC-FORMA\u00c7\u00c3O CONTINUADA E A INSTITUCIONALIZA\u00c7\u00c3O DO \u201cSUCESSO\u201d<\/a><\/p>\n\n\n\n<p>Raquel Peres Mac\u00eado, Aline Gon\u00e7alves de Moura e Simone Gon\u00e7alves da Silva<\/p>\n\n\n\n<p><\/p>\n\n\n\n<p><a href=\"https:\/\/wp.ufpel.edu.br\/laboratorioimagensjustica\/files\/2023\/10\/GT3-resumo-porto-e-correa.pdf\" data-type=\"attachment\" data-id=\"500\">FAM\u00cdLIAS INTER-RACIAIS E CURR\u00cdCULO ESCOLAR: UM DI\u00c1LOGO POSS\u00cdVEL?<\/a><\/p>\n\n\n\n<p>Liana Barcelos Porto e Suelen Borges Loth Correa<\/p>\n\n\n\n<p><\/p>\n\n\n\n<p><a href=\"https:\/\/wp.ufpel.edu.br\/laboratorioimagensjustica\/files\/2023\/10\/GT3-resumo-silva.pdf\" data-type=\"attachment\" data-id=\"501\">QUAIS AS REGRAS DO JOGO? A DEMOCRACIA PARTICIPATIVA NOS OR\u00c7AMENTOS P\u00daBLICOS<\/a><\/p>\n\n\n\n<p>Joice Pereira da Silva<\/p>\n\n\n\n<p><\/p>\n\n\n\n<p><a href=\"https:\/\/wp.ufpel.edu.br\/laboratorioimagensjustica\/files\/2023\/10\/GT3-resumo-sousa.pdf\" data-type=\"attachment\" data-id=\"502\">A PARCERIA P\u00daBLICO-PRIVADA ENTRE A ASSOCIA\u00c7\u00c3O NOVA ESCOLA E O PROGRAMA DE APRENDIZAGEM NA IDADE CERTA (MAIS PAIC): IMPLICA\u00c7\u00d5ES PARA A PR\u00c1TICA DOCENTE<\/a><\/p>\n\n\n\n<p>Maria Jos\u00e9 de Sousa<\/p>\n\n\n\n<p><\/p>\n\n\n\n<p><a href=\"https:\/\/wp.ufpel.edu.br\/laboratorioimagensjustica\/files\/2023\/10\/GT3-resumo-vargas.pdf\" data-type=\"attachment\" data-id=\"503\">A LUDICIDADE COMO INSTRUMENTO EDUCACIONAL NO COMBATE \u00c0 DESIGUALDADE SOCIAL<\/a><\/p>\n\n\n\n<p>Mayara Cristina Vargas<\/p>\n","protected":false},"excerpt":{"rendered":"<p>Trabalhos completos A\u00c7\u00d5ES AFIRMATIVAS E A SINGULARIDADE DAS RELA\u00c7\u00d5ES DE ENSINO E APRENDIZAGEM QUE ENVOLVEM O ESPA\u00c7O ACAD\u00caMICO Keli Avila e Fernanda Pohlmann EDUCA\u00c7\u00c3O EM DIREITOS HUMANOS E OS DIREITOS DA COMUNIDADE LGBTQIA+ Edirlei Leandro Boldt e Weider Pires POL\u00cdTICAS P\u00daBLICAS DE EDUCA\u00c7\u00c3O PARA MULHERES EM SITUA\u00c7\u00c3O DE VULNERABILIDADE PELA VIOL\u00caNCIA DOM\u00c9STICA Valesca Brasil Costa&#8230; <\/p>\n<div class=\"link-more\"><a href=\"https:\/\/wp.ufpel.edu.br\/laboratorioimagensjustica\/v-seminario-internacional-imagens-da-justica-curriculo-e-pedagogia-juridica\/3-gestao-curriculo-inclusao-e-politicas-educativas\/\">Leia mais<\/a><\/div>\n","protected":false},"author":1009,"featured_media":0,"parent":386,"menu_order":0,"comment_status":"closed","ping_status":"closed","template":"","meta":{"footnotes":""},"class_list":["post-399","page","type-page","status-publish","hentry"],"_links":{"self":[{"href":"https:\/\/wp.ufpel.edu.br\/laboratorioimagensjustica\/wp-json\/wp\/v2\/pages\/399","targetHints":{"allow":["GET"]}}],"collection":[{"href":"https:\/\/wp.ufpel.edu.br\/laboratorioimagensjustica\/wp-json\/wp\/v2\/pages"}],"about":[{"href":"https:\/\/wp.ufpel.edu.br\/laboratorioimagensjustica\/wp-json\/wp\/v2\/types\/page"}],"author":[{"embeddable":true,"href":"https:\/\/wp.ufpel.edu.br\/laboratorioimagensjustica\/wp-json\/wp\/v2\/users\/1009"}],"replies":[{"embeddable":true,"href":"https:\/\/wp.ufpel.edu.br\/laboratorioimagensjustica\/wp-json\/wp\/v2\/comments?post=399"}],"version-history":[{"count":6,"href":"https:\/\/wp.ufpel.edu.br\/laboratorioimagensjustica\/wp-json\/wp\/v2\/pages\/399\/revisions"}],"predecessor-version":[{"id":570,"href":"https:\/\/wp.ufpel.edu.br\/laboratorioimagensjustica\/wp-json\/wp\/v2\/pages\/399\/revisions\/570"}],"up":[{"embeddable":true,"href":"https:\/\/wp.ufpel.edu.br\/laboratorioimagensjustica\/wp-json\/wp\/v2\/pages\/386"}],"wp:attachment":[{"href":"https:\/\/wp.ufpel.edu.br\/laboratorioimagensjustica\/wp-json\/wp\/v2\/media?parent=399"}],"curies":[{"name":"wp","href":"https:\/\/api.w.org\/{rel}","templated":true}]}}