{"id":396,"date":"2023-10-14T13:51:18","date_gmt":"2023-10-14T16:51:18","guid":{"rendered":"https:\/\/wp.ufpel.edu.br\/laboratorioimagensjustica\/?page_id=396"},"modified":"2023-10-14T18:43:35","modified_gmt":"2023-10-14T21:43:35","slug":"2-imagens-relacoes-de-genero-e-curriculos","status":"publish","type":"page","link":"https:\/\/wp.ufpel.edu.br\/laboratorioimagensjustica\/v-seminario-internacional-imagens-da-justica-curriculo-e-pedagogia-juridica\/2-imagens-relacoes-de-genero-e-curriculos\/","title":{"rendered":"GT2. IMAGENS, RELA\u00c7\u00d5ES DE G\u00caNERO E CURR\u00cdCULOS"},"content":{"rendered":"\n<h2 class=\"wp-block-heading\">Trabalho completo<\/h2>\n\n\n\n<p><a href=\"https:\/\/wp.ufpel.edu.br\/laboratorioimagensjustica\/files\/2023\/10\/GT2-completo-costa-souza-e-almeida.pdf\" data-type=\"attachment\" data-id=\"474\">DA INVISIBILIDADE DA MULHER NEGRA NO TRABALHO DOM\u00c9STICO: O POPULISMO PENAL MIDI\u00c1TICO E O CASO DA MULHER DA CASA ABANDONADA<\/a><\/p>\n\n\n\n<p>\u00c9rica Oliveira Costa, Maur\u00edcio Soldati de Souza e Nathalia Silveira de Almeida<\/p>\n\n\n\n<p><\/p>\n\n\n\n<h2 class=\"wp-block-heading\">Resumos<\/h2>\n\n\n\n<p><a href=\"https:\/\/wp.ufpel.edu.br\/laboratorioimagensjustica\/files\/2023\/10\/GT2-resumo-alvarenga-e-jaeger.pdf\" data-type=\"attachment\" data-id=\"475\">O #SEXINSPIRATION NO INSTAGRAM: Influenciadoras da cultura fitness e a produ\u00e7\u00e3o do capital er\u00f3tico<\/a><\/p>\n\n\n\n<p>Marcos Aur\u00e9lio do Carmo Alvarenga e Angelita Alice Jaeger<\/p>\n\n\n\n<p><\/p>\n\n\n\n<p><a href=\"https:\/\/wp.ufpel.edu.br\/laboratorioimagensjustica\/files\/2023\/10\/GT2-resumo-alvarenga-medeiros-e-pohlmann.pdf\" data-type=\"attachment\" data-id=\"476\">UM MANUAL PARA PRODU\u00c7\u00c3O DO SEXO EXPL\u00cdCITO GAY: Os mang\u00e1s Bara como possibilidade l\u00fadico na produ\u00e7\u00e3o do sexo gay otaku<\/a><\/p>\n\n\n\n<p>Marcos Aur\u00e9lio do Carmo Alvarenga, Ros\u00e2ngela Fachel de Medeiros e Angela Raffin Pohlmann<\/p>\n\n\n\n<p><\/p>\n\n\n\n<p><a href=\"https:\/\/wp.ufpel.edu.br\/laboratorioimagensjustica\/files\/2023\/10\/GT2-resumo-falabella-e-barros.pdf\" data-type=\"attachment\" data-id=\"477\">\u2018SALIR ADELANTE\u2019: PRODU\u00c7\u00d5ES DE SENTIDOS PELAS MULHERES MIGRANTES VENEZUELANAS ENTRE A NECROPOL\u00cdTICA DA FRONTEIRA<\/a><\/p>\n\n\n\n<p>Andr\u00e9 Cavalcante Falabella e Maria Beatriz Vasconcelos de Barros<\/p>\n\n\n\n<p><\/p>\n\n\n\n<p><a href=\"https:\/\/wp.ufpel.edu.br\/laboratorioimagensjustica\/files\/2023\/10\/GT2-resumo-ferreira-e-cardoso.pdf\" data-type=\"attachment\" data-id=\"478\">INOVA\u00c7\u00c3O PEDAG\u00d3GICA E FORMA\u00c7\u00c3O JUR\u00cdDICA: PROPOSI\u00c7\u00c3O DE UM PRODUTO T\u00c9CNICO-TECNOL\u00d3GICO SOBRE PROTOCOLOS DE G\u00caNERO EM SITUA\u00c7\u00d5ES DE VIOL\u00caNCIA E ASS\u00c9DIO SEXUAL NAS UNIVERSIDADES<\/a><\/p>\n\n\n\n<p>Maria Auxiliadora Chaves Ferreira e Fernando da Silva Cardoso<\/p>\n\n\n\n<p><\/p>\n\n\n\n<p><a href=\"https:\/\/wp.ufpel.edu.br\/laboratorioimagensjustica\/files\/2023\/10\/GT2-resumo-jardim.pdf\" data-type=\"attachment\" data-id=\"479\">MULHER NEGRA E ESCRITA DE SI E\/NA PESQUISA ANTROPOL\u00d3GICA COM AS CULTURAS: DIMENS\u00c3O \u00c9TICA, EST\u00c9TICA E COSMOL\u00d3GICA<\/a><\/p>\n\n\n\n<p>H\u00e9len de Oliveira Soares Jardim<\/p>\n\n\n\n<p><\/p>\n\n\n\n<p><a href=\"https:\/\/wp.ufpel.edu.br\/laboratorioimagensjustica\/files\/2023\/10\/GT2-resumo-krakhecke-voss-e-leite.pdf\" data-type=\"attachment\" data-id=\"480\">EDUCA\u00c7\u00c3O, CURR\u00cdCULO E RELA\u00c7\u00d5ES DE G\u00caNERO: REVERBERA\u00c7\u00d5ES EPISTEMOL\u00d3GICAS FEMINISTAS P\u00d3S-ESTRUTURALISTAS<\/a><\/p>\n\n\n\n<p>Eliada Mayara Alves Krakhecke, Dulce Mari da Silva Voss e Maria Cecilia Lorea Leite<\/p>\n\n\n\n<p><\/p>\n\n\n\n<p><a href=\"https:\/\/wp.ufpel.edu.br\/laboratorioimagensjustica\/files\/2023\/10\/GT2-resumo-mello.pdf\" data-type=\"attachment\" data-id=\"481\">PROFESSORAS NEGRAS CISG\u00caNERO E OS USOS DO INSTAGRAM NA PRODU\u00c7\u00c3O DE UMA OUTRA IMAGEM DOCENTE<\/a><\/p>\n\n\n\n<p>Ma\u00edra Mello<\/p>\n\n\n\n<p><\/p>\n\n\n\n<p><a href=\"https:\/\/wp.ufpel.edu.br\/laboratorioimagensjustica\/files\/2023\/10\/GT2-resumo-moran.pdf\" data-type=\"attachment\" data-id=\"482\">ENTRE CAPAS E EXPECTATIVAS: COMO AS REVISTAS PARA ADOLESCENTES INFLUENCIARAM A BUSCA PELA VALIDA\u00c7\u00c3O MASCULINA E CONTRIBU\u00cdRAM PARA A MANUTEN\u00c7\u00c3O DO PATRIARCADO<\/a><\/p>\n\n\n\n<p>Mirele Moran<\/p>\n\n\n\n<p><\/p>\n\n\n\n<p><a href=\"https:\/\/wp.ufpel.edu.br\/laboratorioimagensjustica\/files\/2023\/10\/GT2-resumo-oleques-e-dias.pdf\" data-type=\"attachment\" data-id=\"483\">CURA GAY: UMA REFLEX\u00c3O A PARTIR DO FILME &#8220;BOY ERASED \u2013 UMA VERDADE ANULADA&#8221;<br><\/a>Isac Soares Oleques e Renato Duro Dias<\/p>\n\n\n\n<p><\/p>\n\n\n\n<p><a href=\"https:\/\/wp.ufpel.edu.br\/laboratorioimagensjustica\/files\/2023\/10\/GT2-resumo-santos-e-caetano.pdf\" data-type=\"attachment\" data-id=\"484\">DIVERSIDADE SEXUAL E DE G\u00caNERO NOS CURR\u00cdCULOS E NAS PR\u00c1TICAS PEDAG\u00d3GICAS DA EDUCA\u00c7\u00c3O B\u00c1SICA NO DISTRITO FEDERAL<\/a><\/p>\n\n\n\n<p>Anderson Neves dos Santos e Marcio Caetano<\/p>\n\n\n\n<p><\/p>\n\n\n\n<p><a href=\"https:\/\/wp.ufpel.edu.br\/laboratorioimagensjustica\/files\/2023\/10\/GT2-resumo-silva-e-costa.pdf\" data-type=\"attachment\" data-id=\"485\">ENTRE O FEMINISMO LIBERAL RASO E A PERFORMANCE DE G\u00caNERO: OS SIGNOS PRESENTES NO FILME &#8216;BARBIE&#8217; A PARTIR DA METODOLOGIA SEMI\u00d3TICA DE AN\u00c1LISE<\/a><\/p>\n\n\n\n<p>Bianca Morais da Silva \u2013 FURG; Rafaela Isler da Costa<\/p>\n\n\n\n<p><\/p>\n\n\n\n<p><a href=\"https:\/\/wp.ufpel.edu.br\/laboratorioimagensjustica\/files\/2023\/10\/GT2-resumo-vieira.pdf\" data-type=\"attachment\" data-id=\"486\">LITERATURA VIRTUAL L\u00c9SBICA: CURR\u00cdCULOS DO CIBERESPA\u00c7O<\/a><\/p>\n\n\n\n<p>Ana Gabriela da Silva Vieira<\/p>\n","protected":false},"excerpt":{"rendered":"<p>Trabalho completo DA INVISIBILIDADE DA MULHER NEGRA NO TRABALHO DOM\u00c9STICO: O POPULISMO PENAL MIDI\u00c1TICO E O CASO DA MULHER DA CASA ABANDONADA \u00c9rica Oliveira Costa, Maur\u00edcio Soldati de Souza e Nathalia Silveira de Almeida Resumos O #SEXINSPIRATION NO INSTAGRAM: Influenciadoras da cultura fitness e a produ\u00e7\u00e3o do capital er\u00f3tico Marcos Aur\u00e9lio do Carmo Alvarenga e&#8230; <\/p>\n<div class=\"link-more\"><a href=\"https:\/\/wp.ufpel.edu.br\/laboratorioimagensjustica\/v-seminario-internacional-imagens-da-justica-curriculo-e-pedagogia-juridica\/2-imagens-relacoes-de-genero-e-curriculos\/\">Leia mais<\/a><\/div>\n","protected":false},"author":1009,"featured_media":0,"parent":386,"menu_order":0,"comment_status":"closed","ping_status":"closed","template":"","meta":{"footnotes":""},"class_list":["post-396","page","type-page","status-publish","hentry"],"_links":{"self":[{"href":"https:\/\/wp.ufpel.edu.br\/laboratorioimagensjustica\/wp-json\/wp\/v2\/pages\/396","targetHints":{"allow":["GET"]}}],"collection":[{"href":"https:\/\/wp.ufpel.edu.br\/laboratorioimagensjustica\/wp-json\/wp\/v2\/pages"}],"about":[{"href":"https:\/\/wp.ufpel.edu.br\/laboratorioimagensjustica\/wp-json\/wp\/v2\/types\/page"}],"author":[{"embeddable":true,"href":"https:\/\/wp.ufpel.edu.br\/laboratorioimagensjustica\/wp-json\/wp\/v2\/users\/1009"}],"replies":[{"embeddable":true,"href":"https:\/\/wp.ufpel.edu.br\/laboratorioimagensjustica\/wp-json\/wp\/v2\/comments?post=396"}],"version-history":[{"count":8,"href":"https:\/\/wp.ufpel.edu.br\/laboratorioimagensjustica\/wp-json\/wp\/v2\/pages\/396\/revisions"}],"predecessor-version":[{"id":567,"href":"https:\/\/wp.ufpel.edu.br\/laboratorioimagensjustica\/wp-json\/wp\/v2\/pages\/396\/revisions\/567"}],"up":[{"embeddable":true,"href":"https:\/\/wp.ufpel.edu.br\/laboratorioimagensjustica\/wp-json\/wp\/v2\/pages\/386"}],"wp:attachment":[{"href":"https:\/\/wp.ufpel.edu.br\/laboratorioimagensjustica\/wp-json\/wp\/v2\/media?parent=396"}],"curies":[{"name":"wp","href":"https:\/\/api.w.org\/{rel}","templated":true}]}}