{"id":393,"date":"2023-10-14T13:50:53","date_gmt":"2023-10-14T16:50:53","guid":{"rendered":"https:\/\/wp.ufpel.edu.br\/laboratorioimagensjustica\/?page_id=393"},"modified":"2023-10-14T20:36:01","modified_gmt":"2023-10-14T23:36:01","slug":"1-curriculo-conhecimento-e-praticas-pedagogicas","status":"publish","type":"page","link":"https:\/\/wp.ufpel.edu.br\/laboratorioimagensjustica\/v-seminario-internacional-imagens-da-justica-curriculo-e-pedagogia-juridica\/1-curriculo-conhecimento-e-praticas-pedagogicas\/","title":{"rendered":"GT1. CURR\u00cdCULO, CONHECIMENTO E PR\u00c1TICAS PEDAG\u00d3GICAS"},"content":{"rendered":"\n<h2 class=\"wp-block-heading\">Trabalhos completos<\/h2>\n\n\n\n<p><a href=\"https:\/\/wp.ufpel.edu.br\/laboratorioimagensjustica\/files\/2023\/10\/GT1-completo-kroetz-1.pdf\" data-type=\"attachment\" data-id=\"440\">A ESTAT\u00cdSTICA E O FORTALECIMENTO DA VERDADE EDUCACIONAL EM TORNO DA ESCOLARIZA\u00c7\u00c3O COMPULS\u00d3RIA<\/a> <\/p>\n\n\n\n<p>Ketlin Kroetz<\/p>\n\n\n\n<p><\/p>\n\n\n\n<p><a href=\"https:\/\/wp.ufpel.edu.br\/laboratorioimagensjustica\/files\/2023\/10\/GT1-completo-marques.pdf\" data-type=\"attachment\" data-id=\"441\">(IN) JUSTI\u00c7AS NA SELE\u00c7\u00c3O E DISTRIBUI\u00c7\u00c3O DE CONHECIMENTOS PARA EDUCA\u00c7\u00c3O B\u00c1SICA: LEITURAS SOBRE A &#8220;SOCIEDADE DO CONHECIMENTO&#8221;<\/a> <\/p>\n\n\n\n<p>Aline Rabelo Marques<\/p>\n\n\n\n<p><\/p>\n\n\n\n<h2 class=\"wp-block-heading\">Resumos<\/h2>\n\n\n\n<p><a href=\"https:\/\/wp.ufpel.edu.br\/laboratorioimagensjustica\/files\/2023\/10\/GT1-resumo-abrao.pdf\" data-type=\"attachment\" data-id=\"442\">OS DESAFIOS ENFRENTADOS PELOS PROFESSORES NO S\u00c9CULO XXI: NOVAS METODOLOGIAS DE ENSINO E O ALUNO COMO PROTAGONISTA DO PROCESSO DE APRENDIZAGEM<\/a><\/p>\n\n\n\n<p>Guilherme Rodrigues Abr\u00e3o<\/p>\n\n\n\n<p><\/p>\n\n\n\n<p><a href=\"https:\/\/wp.ufpel.edu.br\/laboratorioimagensjustica\/files\/2023\/10\/GT1-resumo-barroco-silva-e-krakhecke.pdf\" data-type=\"attachment\" data-id=\"443\">IMPORT\u00c2NCIA DO ENSINO DA DISCIPLINA DE PRIMEIROS SOCORROS PARA OS DISCENTES DO CURSO DE EDUCA\u00c7\u00c3O F\u00cdSICA LICENCIATURA DA UNIVERSIDADE FEDERAL DE PELOTAS<\/a><\/p>\n\n\n\n<p>Matheus Felipe Irigoite Barroco, Rose Meri Santos da Silva e Eliada Mayara Alves Krakhecke<\/p>\n\n\n\n<p><\/p>\n\n\n\n<p><a href=\"https:\/\/wp.ufpel.edu.br\/laboratorioimagensjustica\/files\/2023\/10\/GT1-resumo-brandao-e-cardoso.pdf\" data-type=\"attachment\" data-id=\"444\">A CONSTRU\u00c7\u00c3O DA SUBJETIVIDADE PELOS INTINER\u00c1RIOS FORMATIVOS: CARTOGRAFIA DO CURR\u00cdCULO DE PERNAMBUCO<\/a><\/p>\n\n\n\n<p>Lucas Leon Vieira de Serpa Brand\u00e3o e Fernando da Silva Cardoso<\/p>\n\n\n\n<p><\/p>\n\n\n\n<p><a href=\"https:\/\/wp.ufpel.edu.br\/laboratorioimagensjustica\/files\/2023\/10\/GT1-resumo-costa-e-bussoletti.pdf\" data-type=\"attachment\" data-id=\"445\">CAMINHOS DO REGGAE, DOS SAL\u00d5ES DE FESTA \u00c0 SALA DE AULA: PR\u00c1TICA EDUCATIVA ANTIRRACISTA NA PERSPECTIVA DECOLONIAL<\/a><\/p>\n\n\n\n<p>Rosangela Coelho Costa e Denise Marcos Bussoletti<\/p>\n\n\n\n<p><\/p>\n\n\n\n<p><a href=\"https:\/\/wp.ufpel.edu.br\/laboratorioimagensjustica\/files\/2023\/10\/GT1-resumo-ferraro.pdf\" data-type=\"attachment\" data-id=\"446\">A MILITARIZA\u00c7\u00c3O DOS ESPA\u00c7OS ESCOLARES: DA RECONSTRU\u00c7\u00c3O DE UMA AMBI\u00caNCIA SECURIT\u00c1RIA \u00c0 CURRICULARIZA\u00c7\u00c3O DO ESTADO SUICID\u00c1RIO<\/a><\/p>\n\n\n\n<p>Jos\u00e9 Lu\u00eds Ferraro<\/p>\n\n\n\n<p><\/p>\n\n\n\n<p><a href=\"https:\/\/wp.ufpel.edu.br\/laboratorioimagensjustica\/files\/2023\/10\/GT1-resumo-jesus-delpino-e-porto.pdf\" data-type=\"attachment\" data-id=\"447\">AS ATIVIDADES ESCOLARES P\u00d3S PANDEMIA: AUTOINTENSIFICA\u00c7\u00c3O E ADOECIMENTO<\/a><\/p>\n\n\n\n<p>Annelise Costa de Jesus, Mauro Augusto Burkert Del Pino e Gilceane Caetano Porto<\/p>\n\n\n\n<p><\/p>\n\n\n\n<p><a href=\"https:\/\/wp.ufpel.edu.br\/laboratorioimagensjustica\/files\/2023\/10\/GT1-resumo-kroetz-e-henning.pdf\" data-type=\"attachment\" data-id=\"448\">QUEM PRECISA CUIDAR DO PLANETA? UMA EDUCA\u00c7\u00c3O PAUTADA NA GEST\u00c3O DOS RISCOS<\/a><\/p>\n\n\n\n<p>Ketlin Kroetz e Paula Correa Henning<\/p>\n\n\n\n<p><\/p>\n\n\n\n<p><a href=\"https:\/\/wp.ufpel.edu.br\/laboratorioimagensjustica\/files\/2023\/10\/GT1-resumo-lemos.pdf\" data-type=\"attachment\" data-id=\"449\">CONTROV\u00c9RSIAS NA CONSTRU\u00c7\u00c3O E IMPLEMENTA\u00c7\u00c3O DA BNCC: REFLEX\u00d5ES SOBRE FORMA\u00c7\u00c3O DE PROFESSORES E ESTUDANTES<\/a><\/p>\n\n\n\n<p>Juliane Nunes de Lemos<\/p>\n\n\n\n<p><\/p>\n\n\n\n<p><a href=\"https:\/\/wp.ufpel.edu.br\/laboratorioimagensjustica\/files\/2023\/10\/GT1-resumo-macedo-e-cardoso.pdf\" data-type=\"attachment\" data-id=\"450\">CURR\u00cdCULO, NOVAS COLONIALIDADES E ENSINO JUR\u00cdDICO: UM ESTUDO EMP\u00cdRICO NO SERT\u00c3O DE PERNAMBUCO<\/a><\/p>\n\n\n\n<p>Beatriz Maur\u00edcio Torres Macedo e Fernando da Silva Cardoso<\/p>\n\n\n\n<p><\/p>\n\n\n\n<p><a href=\"https:\/\/wp.ufpel.edu.br\/laboratorioimagensjustica\/files\/2023\/10\/GT1-resumo-moura-e-silva.pdf\" data-type=\"attachment\" data-id=\"451\">ESTRAT\u00c9GIAS NEOLIBERAIS E O ENSINO H\u00cdBRIDO<\/a><\/p>\n\n\n\n<p>Aline Gon\u00e7alves de Moura e Simone Gon\u00e7alves da Silva<\/p>\n\n\n\n<p><\/p>\n\n\n\n<p><a href=\"https:\/\/wp.ufpel.edu.br\/laboratorioimagensjustica\/files\/2023\/10\/GT1-resumo-moura-sousa-e-macedo.pdf\" data-type=\"attachment\" data-id=\"452\">DIRETRIZES CURRICULARES NA FORMA\u00c7\u00c3O DE PROFESSORES: REFLEX\u00d5ES A PARTIR DE UM MAPEAMENTO DAS PRODU\u00c7\u00d5ES CIENT\u00cdFICAS NA ANPEd<\/a><\/p>\n\n\n\n<p>Aline Gon\u00e7alves de Moura, Maria Jos\u00e9 de Sousa e Raquel Peres Mac\u00eado<\/p>\n\n\n\n<p><\/p>\n\n\n\n<p><a href=\"https:\/\/wp.ufpel.edu.br\/laboratorioimagensjustica\/files\/2023\/10\/GT1-resumo-pinheiro.pdf\" data-type=\"attachment\" data-id=\"453\">DIREITO E SOCIOLOGIA: POR AGENCIAMENTOS CURRICULARES<\/a><\/p>\n\n\n\n<p>Leandro Brum Pinheiro<\/p>\n\n\n\n<p><\/p>\n\n\n\n<p><a href=\"https:\/\/wp.ufpel.edu.br\/laboratorioimagensjustica\/files\/2023\/10\/GT1-resumo-raichle-e-ferraro.pdf\" data-type=\"attachment\" data-id=\"454\">UMA AN\u00c1LISE DO DISCURSO SOBRE A CRISE NA EDUCA\u00c7\u00c3O JUR\u00cdDICA BRASILEIRA<\/a><\/p>\n\n\n\n<p>Jo\u00e3o Ot\u00e1vio Gorini Raichle e Jos\u00e9 Lu\u00eds Ferraro<\/p>\n\n\n\n<p><\/p>\n\n\n\n<p><a href=\"https:\/\/wp.ufpel.edu.br\/laboratorioimagensjustica\/files\/2023\/10\/GT1-resumo-rocha-e-lima.pdf\" data-type=\"attachment\" data-id=\"455\">LEI N\u00b0 10.639\/2003: QUAL SEU STATUS PERANTE O RACISMO RELIGIOSO?<\/a><\/p>\n\n\n\n<p>Luis F\u00e9lix de Barros Vieira Rocha e Georgina Helena Lima<\/p>\n\n\n\n<p><\/p>\n\n\n\n<p><a href=\"https:\/\/wp.ufpel.edu.br\/laboratorioimagensjustica\/files\/2023\/10\/GT1-resumo-silva-e-barbosa.pdf\" data-type=\"attachment\" data-id=\"456\">EDUCA\u00c7\u00c3O GEOGR\u00c1FICA E CARTOGRAFIA CULTURAL: ENRIQUECENDO A APRENDIZAGEM POR MEIO DO FOLCLORE BRASILEIRO<\/a><\/p>\n\n\n\n<p>Julia Tavares da Silva e Caio Bedaque Barbosa<\/p>\n\n\n\n<p><\/p>\n\n\n\n<p><a href=\"https:\/\/wp.ufpel.edu.br\/laboratorioimagensjustica\/files\/2023\/10\/GT1-resumo-silva-e-lima.pdf\" data-type=\"attachment\" data-id=\"457\">COMUNIDADE QUILOMBOLA S\u00cdTIO VEIGA: POSSIBILIDADES PEDAG\u00d3GICAS DOS SABERES E FAZERES PARA A EDUCA\u00c7\u00c3O<\/a><\/p>\n\n\n\n<p>Francisca Tainara Eugenio a Silva e Georgina Helena Lima<\/p>\n\n\n\n<p><\/p>\n\n\n\n<p><a href=\"https:\/\/wp.ufpel.edu.br\/laboratorioimagensjustica\/files\/2023\/10\/GT1-resumo-silva-e-machado.pdf\" data-type=\"attachment\" data-id=\"458\">PR\u00c1TICAS PEDAG\u00d3GICAS E ENSINO M\u00c9DIO: A EDUCOMUNICA\u00c7\u00c3O NAS DISCIPLINAS PROJETO DE VIDA E SEMIN\u00c1RIO III<\/a><\/p>\n\n\n\n<p>William Machado da Silva e Michel Mansur Machado<\/p>\n\n\n\n<p><\/p>\n\n\n\n<p><a href=\"https:\/\/wp.ufpel.edu.br\/laboratorioimagensjustica\/files\/2023\/10\/GT1-resumo-silva-e-madruga.pdf\" data-type=\"attachment\" data-id=\"459\">A PR\u00c1TICA DOCENTE JUR\u00cdDICA ATRAV\u00c9S DA UTILIZA\u00c7\u00c3O DE METODOLOGIAS ATIVAS: RELATO DE EXPERI\u00caNCIA<\/a><\/p>\n\n\n\n<p>Marcela Sim\u00f5es Silva e Marina Nogueira Madruga<\/p>\n\n\n\n<p><\/p>\n\n\n\n<p><a href=\"https:\/\/wp.ufpel.edu.br\/laboratorioimagensjustica\/files\/2023\/10\/GT1-resumo-te.pdf\" data-type=\"attachment\" data-id=\"460\">RUPTURA EPISTEMOL\u00d3GICA E CURRICULAR NA GUIN\u00c9-BISSAU: implica\u00e7\u00f5es pedag\u00f3gicas na forma\u00e7\u00e3o de novos pensadores<\/a><\/p>\n\n\n\n<p>Paulo An\u00f3s T\u00e9<\/p>\n","protected":false},"excerpt":{"rendered":"<p>Trabalhos completos A ESTAT\u00cdSTICA E O FORTALECIMENTO DA VERDADE EDUCACIONAL EM TORNO DA ESCOLARIZA\u00c7\u00c3O COMPULS\u00d3RIA Ketlin Kroetz (IN) JUSTI\u00c7AS NA SELE\u00c7\u00c3O E DISTRIBUI\u00c7\u00c3O DE CONHECIMENTOS PARA EDUCA\u00c7\u00c3O B\u00c1SICA: LEITURAS SOBRE A &#8220;SOCIEDADE DO CONHECIMENTO&#8221; Aline Rabelo Marques Resumos OS DESAFIOS ENFRENTADOS PELOS PROFESSORES NO S\u00c9CULO XXI: NOVAS METODOLOGIAS DE ENSINO E O ALUNO COMO PROTAGONISTA&#8230; <\/p>\n<div class=\"link-more\"><a href=\"https:\/\/wp.ufpel.edu.br\/laboratorioimagensjustica\/v-seminario-internacional-imagens-da-justica-curriculo-e-pedagogia-juridica\/1-curriculo-conhecimento-e-praticas-pedagogicas\/\">Leia mais<\/a><\/div>\n","protected":false},"author":1009,"featured_media":0,"parent":386,"menu_order":0,"comment_status":"closed","ping_status":"closed","template":"","meta":{"footnotes":""},"class_list":["post-393","page","type-page","status-publish","hentry"],"_links":{"self":[{"href":"https:\/\/wp.ufpel.edu.br\/laboratorioimagensjustica\/wp-json\/wp\/v2\/pages\/393","targetHints":{"allow":["GET"]}}],"collection":[{"href":"https:\/\/wp.ufpel.edu.br\/laboratorioimagensjustica\/wp-json\/wp\/v2\/pages"}],"about":[{"href":"https:\/\/wp.ufpel.edu.br\/laboratorioimagensjustica\/wp-json\/wp\/v2\/types\/page"}],"author":[{"embeddable":true,"href":"https:\/\/wp.ufpel.edu.br\/laboratorioimagensjustica\/wp-json\/wp\/v2\/users\/1009"}],"replies":[{"embeddable":true,"href":"https:\/\/wp.ufpel.edu.br\/laboratorioimagensjustica\/wp-json\/wp\/v2\/comments?post=393"}],"version-history":[{"count":15,"href":"https:\/\/wp.ufpel.edu.br\/laboratorioimagensjustica\/wp-json\/wp\/v2\/pages\/393\/revisions"}],"predecessor-version":[{"id":592,"href":"https:\/\/wp.ufpel.edu.br\/laboratorioimagensjustica\/wp-json\/wp\/v2\/pages\/393\/revisions\/592"}],"up":[{"embeddable":true,"href":"https:\/\/wp.ufpel.edu.br\/laboratorioimagensjustica\/wp-json\/wp\/v2\/pages\/386"}],"wp:attachment":[{"href":"https:\/\/wp.ufpel.edu.br\/laboratorioimagensjustica\/wp-json\/wp\/v2\/media?parent=393"}],"curies":[{"name":"wp","href":"https:\/\/api.w.org\/{rel}","templated":true}]}}