{"id":386,"date":"2023-10-14T13:46:36","date_gmt":"2023-10-14T16:46:36","guid":{"rendered":"https:\/\/wp.ufpel.edu.br\/laboratorioimagensjustica\/?page_id=386"},"modified":"2023-10-14T20:31:47","modified_gmt":"2023-10-14T23:31:47","slug":"v-seminario-internacional-imagens-da-justica-curriculo-e-pedagogia-juridica","status":"publish","type":"page","link":"https:\/\/wp.ufpel.edu.br\/laboratorioimagensjustica\/v-seminario-internacional-imagens-da-justica-curriculo-e-pedagogia-juridica\/","title":{"rendered":"V Semin\u00e1rio Internacional Imagens da Justi\u00e7a, Curr\u00edculo e Pedagogia Jur\u00eddica"},"content":{"rendered":"\n<p>O V Semin\u00e1rio Internacional Imagens da Justi\u00e7a, Curr\u00edculo e Educa\u00e7\u00e3o Jur\u00eddica constitui-se um evento cient\u00edfico interdisciplinar que tem o objetivo&nbsp;de propiciar conhecimentos e oportunizar o debate sobre a <strong>produ\u00e7\u00e3o cient\u00edfica<\/strong> desenvolvida no campo do curr\u00edculo, particularmente&nbsp;aquela <strong>articulada \u00e0 tem\u00e1tica das imagens e\/ou da Educa\u00e7\u00e3o jur\u00eddica.<\/strong> O evento visa, ainda, a forma\u00e7\u00e3o de novos pesquisadores e de novos&nbsp;docentes, bem como contribuir para a qualifica\u00e7\u00e3o do campo educacional em todos os n\u00edveis de educa\u00e7\u00e3o, e para estabelecer e consolidar v\u00ednculos&nbsp;entre nossos grupos de pesquisa com pesquisadores nacionais e estrangeiros e seus coletivos de investiga\u00e7\u00e3o. Este Semin\u00e1rio \u00e9 proposto com&nbsp;base no <strong>Projeto de Pesquisa financiado pelo CNPq \u201cImagens da Justi\u00e7a, Representa\u00e7\u00f5es Curriculares e Pedagogia Jur\u00eddica: um estudo&nbsp;comparativo\u201d<\/strong>. Nesta investiga\u00e7\u00e3o damos continuidade ao trabalho realizado no \u00e2mbito do Projeto Imagens da Justi\u00e7a, Representa\u00e7\u00f5es Curriculares&nbsp;e Pedagogia Jur\u00eddica, em que estudamos<strong> produ\u00e7\u00f5es imag\u00e9ticas de estudantes e de docentes de cinco cursos de Direito<\/strong> de universidades p\u00fablicas,&nbsp;quatro do <strong>Brasil <\/strong>e uma de <strong>Angola<\/strong>.<\/p>\n\n\n\n<p>O foco na forma\u00e7\u00e3o jur\u00eddica das universidades participantes da investiga\u00e7\u00e3o est\u00e1 voltado a propiciar&nbsp;contribui\u00e7\u00f5es para um processo que incentive a <strong>promo\u00e7\u00e3o de maior justi\u00e7a social<\/strong>. Desde sua origem, o evento caracteriza-se como importante&nbsp;<strong>parceria entre unidades acad\u00eamicas da Universidade Federal de Pelotas<\/strong>, a Faculdade de Educa\u00e7\u00e3o \u2013 Programa de P\u00f3s-Gradua\u00e7\u00e3o em Educa\u00e7\u00e3o e&nbsp;a Faculdade de Direito, juntamente com o Mestrado em Direito. Ao longo desta trajet\u00f3ria, a parceria foi estendida tamb\u00e9m para a <strong>FURG<\/strong>, incluindo a&nbsp;Faculdade de Direito &#8211; Programa de Mestrado em Direito e Justi\u00e7a Social e, atualmente, tamb\u00e9m o PPGEA &#8211; Programa de P\u00f3s-gradua\u00e7\u00e3o em&nbsp;Educa\u00e7\u00e3o Ambiental.<\/p>\n\n\n\n<p>O Semin\u00e1rio ser\u00e1 <strong>sediado na Faculdade de Direito da UFPel<\/strong>, no per\u00edodo de <strong>23 a 25 de agosto de 2023<\/strong>, contando&nbsp;com o concurso de investigadores nacionais e estrangeiros, por meio de Confer\u00eancias, Palestras e Mesas Redondas. Est\u00e1 prevista, tamb\u00e9m, a&nbsp;participa\u00e7\u00e3o de pesquisadores, estudantes de p\u00f3s-gradua\u00e7\u00e3o e gradua\u00e7\u00e3o, professores de Educa\u00e7\u00e3o superior e Educa\u00e7\u00e3o b\u00e1sica, assim como de&nbsp;profissionais da \u00e1rea, em <strong>Grupos Tem\u00e1ticos<\/strong>, por meio de inscri\u00e7\u00f5es, na forma de comunica\u00e7\u00f5es, ou, ainda de ouvintes. No \u00e2mbito desses Grupos,&nbsp;al\u00e9m dos temas focalizados em edi\u00e7\u00f5es anteriores, contamos com novos, que <strong>emergiram do pr\u00f3prio desenvolvimento da pesquisa<\/strong>, como, <strong>acesso \u00e0&nbsp;justi\u00e7a<\/strong> e <strong>meio ambiente<\/strong>. Concorre para a promo\u00e7\u00e3o deste evento a repercuss\u00e3o positiva do Semin\u00e1rio Internacional Imagens da Justi\u00e7a, Curr\u00edculo e&nbsp;Educa\u00e7\u00e3o Jur\u00eddica em suas quatro primeiras edi\u00e7\u00f5es. \u00c9 preciso registrar, ainda, que o evento se constituiu em um espa\u00e7o de forte est\u00edmulo ao&nbsp;<strong>estudo de imagens como elementos de an\u00e1lise sobre o curr\u00edculo<\/strong>, assim como de incentivo ao desenvolvimento de an\u00e1lises sobre o curr\u00edculo do&nbsp;curso de direito, no entrecruzamento dos temas imagens da justi\u00e7a e educa\u00e7\u00e3o jur\u00eddica. Converge, igualmente, para a promo\u00e7\u00e3o deste evento, a&nbsp;relev\u00e2ncia da tem\u00e1tica e sua abordagem inovadora. S\u00e3o <strong>pouco frequentes<\/strong> os estudos de <strong>abordagem qualitativa<\/strong> que se dediquem \u00e0 <strong>an\u00e1lise de&nbsp;imagens<\/strong> nesta \u00e1rea de conhecimento e, <strong>raros<\/strong>, os que <strong>articulam tal an\u00e1lise ao estudo do curr\u00edculo de cursos de forma\u00e7\u00e3o jur\u00eddica<\/strong>.<\/p>\n\n\n\n<div style=\"height:100px\" aria-hidden=\"true\" class=\"wp-block-spacer\"><\/div>\n\n\n\n<h2 class=\"wp-block-heading\">Anais &#8211; Grupos Tem\u00e1ticos\/GTs<\/h2>\n\n\n\n<p><strong><a href=\"https:\/\/wp.ufpel.edu.br\/laboratorioimagensjustica\/v-seminario-internacional-imagens-da-justica-curriculo-e-pedagogia-juridica\/1-curriculo-conhecimento-e-praticas-pedagogicas\/\">1. CURR\u00cdCULO, CONHECIMENTO E PR\u00c1TICAS PEDAG\u00d3GICAS<\/a>:<\/strong>\u00a0Coord. Prof. Dr. Mauro Del Pino (PPGE\/ UFPel); Coord. Profa. Dra. Andressa Aita Ivo (PPGE\/ UFPel); Dranda. Carmen Elo\u00edsa B. Brenner (PPGE\/ UFPel).<\/p>\n\n\n\n<p><strong><a href=\"https:\/\/wp.ufpel.edu.br\/laboratorioimagensjustica\/v-seminario-internacional-imagens-da-justica-curriculo-e-pedagogia-juridica\/2-imagens-relacoes-de-genero-e-curriculos\/\">2. IMAGENS, RELA\u00c7\u00d5ES DE G\u00caNERO E CURR\u00cdCULOS<\/a>:<\/strong>\u00a0Coord. Prof. Dr. M\u00e1rcio Caetano (PPGE\/ UFPel); Coord. Dra. Dulce Mari da Silva Voss (Unipampa); Coord. Profa. Dra. Sheila Stolz (PPGDJS\/FURG); Dranda. Eliada Mayara Alves Krakhecke (PPGE\/UFPel); Ms. Bianca Morais da Silva (PPGDJS\/FURG).<\/p>\n\n\n\n<p><strong><a href=\"https:\/\/wp.ufpel.edu.br\/laboratorioimagensjustica\/v-seminario-internacional-imagens-da-justica-curriculo-e-pedagogia-juridica\/3-gestao-curriculo-inclusao-e-politicas-educativas\/\">3. GEST\u00c3O, CURR\u00cdCULO, INCLUS\u00c3O E POL\u00cdTICAS EDUCATIVAS<\/a>:\u00a0<\/strong>Coord. Profa. Simone Gon\u00e7alves da Silva\u00a0(PPGE\/UFPEL);\u00a0Profa. Dra. Mara Rejane Os\u00f3rio; Coord. Prof. Dra. Simone Freire (PPGEA\/FURG); Coord.\u00a0Prof. Dr. Jair Jonko Araujo (PPGEdu\/IFSul);\u00a0Dranda. Nat\u00e1lia Ferreira da Cunha; Mestranda Thalyta Chediak (PPGDJS\/FURG); Graduanda Bruna Prates (Fac. Direito\/UFPel);\u00a0<\/p>\n\n\n\n<p><strong><a href=\"https:\/\/wp.ufpel.edu.br\/laboratorioimagensjustica\/v-seminario-internacional-imagens-da-justica-curriculo-e-pedagogia-juridica\/4-ensino-juridico-e-acesso-a-justica\/\">4. ENSINO JUR\u00cdDICO E ACESSO \u00c0 JUSTI\u00c7A<\/a>:\u00a0<\/strong>Coord. Dra. Karinne Emanoela G. dos Santos (PPGD\/UFPel); Coord. Prof. Dr. Arion Godoy (Diretor Escola Defensoria P\u00fablica); Coord. Prof. Jos\u00e9 Ricardo Caetano Costa (PPGDJS\/FURG); Dranda. Franceli Papalia; Dranda. Bruna Salet (PPGD\/Unisinos); Mndo. Leandro Boldt (PPGDJS\/FURG); Mndo. Weider Tapia (PPGDJS\/FURG).<\/p>\n\n\n\n<p><strong><a href=\"https:\/\/wp.ufpel.edu.br\/laboratorioimagensjustica\/v-seminario-internacional-imagens-da-justica-curriculo-e-pedagogia-juridica\/5-imagens-da-justica\/\">5. IMAGENS DA JUSTI\u00c7A<\/a>:<\/strong>\u00a0Coord.\u00a0Prof. Dr. Ernani Santos Schmidt; Coord. Profa. Dra. Ana Clara Correa Henning (PPGD\/UFPel); Coord. Profa. Dra. Anelize Correa (PPGD\/UFPel); Ms. Guilherme Stefan (UFRGS);\u00a0Drando. S\u00e9rgio Souza Silveira (PPGE\/UFPel).<\/p>\n\n\n\n<p><strong><a href=\"https:\/\/wp.ufpel.edu.br\/laboratorioimagensjustica\/v-seminario-internacional-imagens-da-justica-curriculo-e-pedagogia-juridica\/6-poeticas-e-direito-artes-visuais-memoria-literatura-e-midias\/\">6. PO\u00c9TICAS E DIREITO: ARTES VISUAIS, MEM\u00d3RIA, LITERATURA E M\u00cdDIAS<\/a>:<\/strong>\u00a0Coord. Profa. Dra. Aline Accorssi (PPGE\/UFPel); Coord. Prof. Dr. Sandro Faccin Bortolazzo (Fac. Educa\u00e7\u00e3o\/UFPel); Coord. Profa. Dra. Mari Cristina Fagundes (UFPel); Drando. Lucas Pacheco Brum (PPGE\/UFPel).<\/p>\n\n\n\n<p><strong><a href=\"https:\/\/wp.ufpel.edu.br\/laboratorioimagensjustica\/v-seminario-internacional-imagens-da-justica-curriculo-e-pedagogia-juridica\/7-meio-ambiente-justica-e-imagens\/\">7. MEIO AMBIENTE, JUSTI\u00c7A E IMAGENS<\/a>:<\/strong>\u00a0Coord. Profa. Dra. Paula Corr\u00eaa Henning (PPGEA e PPGEC\/FURG); Coord. Profa. Dra. Gisele Ruiz Silva (PPGEdu\/FURG); Drnda. C\u00edntia Gruppelli da Silva (PPGEA\/FURG); Drnda. Isabel Gomes Ayres (PPGEC\/FURG); Drnda. Jaira Pican\u00e7o Duarte (PPGEC\/FURG); Drnda. Juliana Pereira Schlee (PPGEA\/FURG); Drnda. Mirian Pureza (PPGEC\/FURG).<\/p>\n\n\n\n<p><strong><a href=\"https:\/\/wp.ufpel.edu.br\/laboratorioimagensjustica\/v-seminario-internacional-imagens-da-justica-curriculo-e-pedagogia-juridica\/8-constituicao-justica-social-e-imagens\/\">8. CONSTITUI\u00c7\u00c3O, JUSTI\u00c7A SOCIAL E IMAGENS<\/a>:<\/strong>\u00a0Coord. Dr. Bruno Rotta Almeida (PPGD\/UFPel); Coord. Carmen Hein de Campos (PPGD\/UFPel); Coord. Guilherme Camargo Massa\u00fa (PPGD\/UFPel).<\/p>\n\n\n\n<p><\/p>\n","protected":false},"excerpt":{"rendered":"<p>O V Semin\u00e1rio Internacional Imagens da Justi\u00e7a, Curr\u00edculo e Educa\u00e7\u00e3o Jur\u00eddica constitui-se um evento cient\u00edfico interdisciplinar que tem o objetivo&nbsp;de propiciar conhecimentos e oportunizar o debate sobre a produ\u00e7\u00e3o cient\u00edfica desenvolvida no campo do curr\u00edculo, particularmente&nbsp;aquela articulada \u00e0 tem\u00e1tica das imagens e\/ou da Educa\u00e7\u00e3o jur\u00eddica. O evento visa, ainda, a forma\u00e7\u00e3o de novos pesquisadores e&#8230; <\/p>\n<div class=\"link-more\"><a href=\"https:\/\/wp.ufpel.edu.br\/laboratorioimagensjustica\/v-seminario-internacional-imagens-da-justica-curriculo-e-pedagogia-juridica\/\">Leia mais<\/a><\/div>\n","protected":false},"author":1009,"featured_media":0,"parent":0,"menu_order":0,"comment_status":"closed","ping_status":"closed","template":"","meta":{"footnotes":""},"class_list":["post-386","page","type-page","status-publish","hentry"],"_links":{"self":[{"href":"https:\/\/wp.ufpel.edu.br\/laboratorioimagensjustica\/wp-json\/wp\/v2\/pages\/386","targetHints":{"allow":["GET"]}}],"collection":[{"href":"https:\/\/wp.ufpel.edu.br\/laboratorioimagensjustica\/wp-json\/wp\/v2\/pages"}],"about":[{"href":"https:\/\/wp.ufpel.edu.br\/laboratorioimagensjustica\/wp-json\/wp\/v2\/types\/page"}],"author":[{"embeddable":true,"href":"https:\/\/wp.ufpel.edu.br\/laboratorioimagensjustica\/wp-json\/wp\/v2\/users\/1009"}],"replies":[{"embeddable":true,"href":"https:\/\/wp.ufpel.edu.br\/laboratorioimagensjustica\/wp-json\/wp\/v2\/comments?post=386"}],"version-history":[{"count":5,"href":"https:\/\/wp.ufpel.edu.br\/laboratorioimagensjustica\/wp-json\/wp\/v2\/pages\/386\/revisions"}],"predecessor-version":[{"id":589,"href":"https:\/\/wp.ufpel.edu.br\/laboratorioimagensjustica\/wp-json\/wp\/v2\/pages\/386\/revisions\/589"}],"wp:attachment":[{"href":"https:\/\/wp.ufpel.edu.br\/laboratorioimagensjustica\/wp-json\/wp\/v2\/media?parent=386"}],"curies":[{"name":"wp","href":"https:\/\/api.w.org\/{rel}","templated":true}]}}