{"id":24,"date":"2020-08-09T14:48:58","date_gmt":"2020-08-09T17:48:58","guid":{"rendered":"https:\/\/wp.ufpel.edu.br\/laboratorioimagensjustica\/?page_id=24"},"modified":"2023-10-14T21:05:40","modified_gmt":"2023-10-15T00:05:40","slug":"contato","status":"publish","type":"page","link":"https:\/\/wp.ufpel.edu.br\/laboratorioimagensjustica\/contato\/","title":{"rendered":"Contato"},"content":{"rendered":"\n<p>D\u00favidas, cr\u00edticas e sugest\u00f5es? <\/p>\n\n\n\n<p>Mande um e-mail para laborajustica@gmail.com.<\/p>\n\n\n\n<p>Voc\u00ea tamb\u00e9m pode entrar em contato com a gente pelo <a href=\"https:\/\/www.instagram.com\/laborajustica\/\">Instagram<\/a>.<\/p>\n\n\n\n<p><\/p>\n\n\n\n<p><\/p>\n","protected":false},"excerpt":{"rendered":"<p>D\u00favidas, cr\u00edticas e sugest\u00f5es? Mande um e-mail para laborajustica@gmail.com. Voc\u00ea tamb\u00e9m pode entrar em contato com a gente pelo Instagram.<\/p>\n","protected":false},"author":836,"featured_media":0,"parent":0,"menu_order":0,"comment_status":"closed","ping_status":"closed","template":"","meta":{"footnotes":""},"class_list":["post-24","page","type-page","status-publish","hentry"],"_links":{"self":[{"href":"https:\/\/wp.ufpel.edu.br\/laboratorioimagensjustica\/wp-json\/wp\/v2\/pages\/24","targetHints":{"allow":["GET"]}}],"collection":[{"href":"https:\/\/wp.ufpel.edu.br\/laboratorioimagensjustica\/wp-json\/wp\/v2\/pages"}],"about":[{"href":"https:\/\/wp.ufpel.edu.br\/laboratorioimagensjustica\/wp-json\/wp\/v2\/types\/page"}],"author":[{"embeddable":true,"href":"https:\/\/wp.ufpel.edu.br\/laboratorioimagensjustica\/wp-json\/wp\/v2\/users\/836"}],"replies":[{"embeddable":true,"href":"https:\/\/wp.ufpel.edu.br\/laboratorioimagensjustica\/wp-json\/wp\/v2\/comments?post=24"}],"version-history":[{"count":6,"href":"https:\/\/wp.ufpel.edu.br\/laboratorioimagensjustica\/wp-json\/wp\/v2\/pages\/24\/revisions"}],"predecessor-version":[{"id":600,"href":"https:\/\/wp.ufpel.edu.br\/laboratorioimagensjustica\/wp-json\/wp\/v2\/pages\/24\/revisions\/600"}],"wp:attachment":[{"href":"https:\/\/wp.ufpel.edu.br\/laboratorioimagensjustica\/wp-json\/wp\/v2\/media?parent=24"}],"curies":[{"name":"wp","href":"https:\/\/api.w.org\/{rel}","templated":true}]}}