{"id":218,"date":"2020-09-01T00:44:40","date_gmt":"2020-09-01T03:44:40","guid":{"rendered":"https:\/\/wp.ufpel.edu.br\/laboratorioimagensjustica\/?page_id=218"},"modified":"2020-09-11T11:18:16","modified_gmt":"2020-09-11T14:18:16","slug":"eventos","status":"publish","type":"page","link":"https:\/\/wp.ufpel.edu.br\/laboratorioimagensjustica\/eventos\/","title":{"rendered":"Eventos"},"content":{"rendered":"\n<h3 class=\"wp-block-heading\">Congresso online de pedagogia e did\u00e1tica do Direito<\/h3>\n\n\n\n<div class=\"wp-block-columns is-layout-flex wp-container-core-columns-is-layout-9d6595d7 wp-block-columns-is-layout-flex\">\n<div class=\"wp-block-column is-layout-flow wp-block-column-is-layout-flow\">\n<p>Est\u00e3o abertas as inscri\u00e7\u00f5es para o <em><a href=\"http:\/\/web.derecho.uchile.cl\/documentos\/mailings\/congreso_pudd2020_convocatoria.pdf\">Congreso Digital Internacional PUDD &#8211; Pedagog\u00eda Universitaria e Did\u00e1ctica del Derecho<\/a><\/em>.<\/p>\n\n\n\n<p>Com o tema &#8220;O Futuro da Educa\u00e7\u00e3o Jur\u00eddica&#8221;, o evento acontece entre os dias 28 de setembro e 1<sup>o <\/sup>de outubro na plataforma Zoom. O congresso \u00e9 organizado pela Faculdade de Direito da Universidad de Chile e comp\u00f5e uma rede de pesquisadores de 10 pa\u00edses: Angola, Argentina, Brasil, Col\u00f4mbia, Chile, Espanha, M\u00e9xico, Peru, Venezuela e Uruguai.<\/p>\n\n\n\n<p>O p\u00fablico vai acompanhar diversas <a href=\"http:\/\/web.derecho.uchile.cl\/documentos\/mailings\/congreso_pudd2020_programa.pdf\">confer\u00eancias<\/a>, organizadas em torno de 6 eixos:<\/p>\n<\/div>\n\n\n\n<div class=\"wp-block-column is-layout-flow wp-block-column-is-layout-flow\">\n<ul class=\"wp-block-list\"><li>Educa\u00e7\u00e3o jur\u00eddica virtual em tempos de pandemia<\/li><li>O futuro da forma\u00e7\u00e3o superior \u00e0 luz do desenvolvimento sustent\u00e1vel, da revolu\u00e7\u00e3o digital e da deteriora\u00e7\u00e3o da confian\u00e7a no Estado de Direito e na democracia<\/li><li>Fomento, difus\u00e3o ecaracteriza\u00e7\u00e3o da pesquisa em educa\u00e7\u00e3o jur\u00eddica<\/li><li>Uso do cinema e da literatura na did\u00e1tica do direito<\/li><li>G\u00eanero e educa\u00e7\u00e3o jur\u00eddica<\/li><li>Forma\u00e7\u00e3o de ju\u00edzes<\/li><\/ul>\n\n\n\n<p>A UFPEL apoia o evento com a participa\u00e7\u00e3o dos<\/p>\n<\/div>\n\n\n\n<div class=\"wp-block-column is-layout-flow wp-block-column-is-layout-flow\">\n<figure class=\"wp-block-image size-large\"><a href=\"http:\/\/web.derecho.uchile.cl\/documentos\/mailings\/congreso_pudd2020_convocatoria.pdf\"><img loading=\"lazy\" decoding=\"async\" width=\"722\" height=\"960\" src=\"https:\/\/wp.ufpel.edu.br\/laboratorioimagensjustica\/files\/2020\/09\/PUDD-1.jpg\" alt=\"\" class=\"wp-image-306\" srcset=\"https:\/\/wp.ufpel.edu.br\/laboratorioimagensjustica\/files\/2020\/09\/PUDD-1.jpg 722w, https:\/\/wp.ufpel.edu.br\/laboratorioimagensjustica\/files\/2020\/09\/PUDD-1-301x400.jpg 301w, https:\/\/wp.ufpel.edu.br\/laboratorioimagensjustica\/files\/2020\/09\/PUDD-1-226x300.jpg 226w\" sizes=\"auto, (max-width: 722px) 100vw, 722px\" \/><\/a><\/figure>\n\n\n\n<p>pesquisadores do Laborat\u00f3rio Imagens da Justi\u00e7a Dr<sup>a<\/sup> Maria Cec\u00edlia Lorea Leite, Dr<sup>a<\/sup> Ana Clara Henning e Dr Renato Duro D\u00edas. Os integrantes internacionais do Laborat\u00f3rio Dr<sup>a<\/sup> Nancy Cardinaux (Universidad de Buenos Aires) e Dr Jos\u00e9 Oct\u00e1vio Van-Dunem (Universidad de Angola) tamb\u00e9m integram a programa\u00e7\u00e3o do congresso.<\/p>\n<\/div>\n<\/div>\n\n\n\n<div style=\"height:100px\" aria-hidden=\"true\" class=\"wp-block-spacer\"><\/div>\n\n\n\n<h3 class=\"wp-block-heading\">Por dentro do Direito apresenta o projeto &#8220;Arte e constru\u00e7\u00e3o do conhecimento jur\u00eddico&#8221;<\/h3>\n\n\n\n<div class=\"wp-block-columns is-layout-flex wp-container-core-columns-is-layout-9d6595d7 wp-block-columns-is-layout-flex\">\n<div class=\"wp-block-column is-layout-flow wp-block-column-is-layout-flow\">\n<figure class=\"wp-block-image size-large\"><a href=\"https:\/\/webconf.ufpel.edu.br\/b\/ant-x4v-w23\"><img loading=\"lazy\" decoding=\"async\" width=\"723\" height=\"1024\" src=\"https:\/\/wp.ufpel.edu.br\/laboratorioimagensjustica\/files\/2020\/09\/por_dentro_do_direito-723x1024.jpg\" alt=\"\" class=\"wp-image-317\" srcset=\"https:\/\/wp.ufpel.edu.br\/laboratorioimagensjustica\/files\/2020\/09\/por_dentro_do_direito-723x1024.jpg 723w, https:\/\/wp.ufpel.edu.br\/laboratorioimagensjustica\/files\/2020\/09\/por_dentro_do_direito-283x400.jpg 283w, https:\/\/wp.ufpel.edu.br\/laboratorioimagensjustica\/files\/2020\/09\/por_dentro_do_direito-768x1087.jpg 768w, https:\/\/wp.ufpel.edu.br\/laboratorioimagensjustica\/files\/2020\/09\/por_dentro_do_direito-212x300.jpg 212w, https:\/\/wp.ufpel.edu.br\/laboratorioimagensjustica\/files\/2020\/09\/por_dentro_do_direito.jpg 904w\" sizes=\"auto, (max-width: 723px) 100vw, 723px\" \/><\/a><\/figure>\n\n\n\n<p>Nesta sexta-feira, dia 11 de setembro, as pesquisadoras do Laborat\u00f3rio Imagens da Justi\u00e7a Dra Ana Clara Henning e Dra Maria Cec\u00edlia Lorea Leite participam do Por dentro do Direito. <\/p>\n<\/div>\n\n\n\n<div class=\"wp-block-column is-layout-flow wp-block-column-is-layout-flow\">\n<p>As professoras v\u00e3o apresentar o projeto &#8220;Arte e constru\u00e7\u00e3o do conhecimento jur\u00eddico&#8221; a partir das 16h30 na <a href=\"https:\/\/webconf.ufpel.edu.br\/b\/ant-x4v-w23\">plataforma webconf<\/a>.<\/p>\n\n\n\n<p>A ideia \u00e9 trocar informa\u00e7\u00f5es entre alunos e professores sobre o que acontece para al\u00e9m da sala de aula nesses tempos de pandemia. <\/p>\n\n\n\n<p>Al\u00e9m disso, o evento busca incentivar os estudantes a se engajarem nas atividades extracurriculares a partir de suas prefer\u00eancias e afinidades.<\/p>\n<\/div>\n\n\n\n<div class=\"wp-block-column is-layout-flow wp-block-column-is-layout-flow\">\n<p>A equipe organizadora solicita que os participantes mantenham os microfones desligados durante a apresenta\u00e7\u00e3o, momento em que perguntas e coment\u00e1rios devem ser enviados pelo chat. O uso do microfone estar\u00e1 liberado ap\u00f3s a fala das professoras, no tempo destinado \u00e0 participa\u00e7\u00e3o do p\u00fablico.<\/p>\n\n\n\n<p>Haver\u00e1 certifica\u00e7\u00e3o para o participante que fizer o cadastro no <a href=\"https:\/\/forms.gle\/hFvd5KWh28t4Ta7R9\">registro de presen\u00e7a<\/a>.<\/p>\n<\/div>\n<\/div>\n\n\n\n<p><\/p>\n","protected":false},"excerpt":{"rendered":"<p>Congresso online de pedagogia e did\u00e1tica do Direito Est\u00e3o abertas as inscri\u00e7\u00f5es para o Congreso Digital Internacional PUDD &#8211; Pedagog\u00eda Universitaria e Did\u00e1ctica del Derecho. Com o tema &#8220;O Futuro da Educa\u00e7\u00e3o Jur\u00eddica&#8221;, o evento acontece entre os dias 28 de setembro e 1o de outubro na plataforma Zoom. O congresso \u00e9 organizado pela Faculdade&#8230; <\/p>\n<div class=\"link-more\"><a href=\"https:\/\/wp.ufpel.edu.br\/laboratorioimagensjustica\/eventos\/\">Leia mais<\/a><\/div>\n","protected":false},"author":836,"featured_media":0,"parent":0,"menu_order":0,"comment_status":"closed","ping_status":"closed","template":"","meta":{"footnotes":""},"class_list":["post-218","page","type-page","status-publish","hentry"],"_links":{"self":[{"href":"https:\/\/wp.ufpel.edu.br\/laboratorioimagensjustica\/wp-json\/wp\/v2\/pages\/218","targetHints":{"allow":["GET"]}}],"collection":[{"href":"https:\/\/wp.ufpel.edu.br\/laboratorioimagensjustica\/wp-json\/wp\/v2\/pages"}],"about":[{"href":"https:\/\/wp.ufpel.edu.br\/laboratorioimagensjustica\/wp-json\/wp\/v2\/types\/page"}],"author":[{"embeddable":true,"href":"https:\/\/wp.ufpel.edu.br\/laboratorioimagensjustica\/wp-json\/wp\/v2\/users\/836"}],"replies":[{"embeddable":true,"href":"https:\/\/wp.ufpel.edu.br\/laboratorioimagensjustica\/wp-json\/wp\/v2\/comments?post=218"}],"version-history":[{"count":14,"href":"https:\/\/wp.ufpel.edu.br\/laboratorioimagensjustica\/wp-json\/wp\/v2\/pages\/218\/revisions"}],"predecessor-version":[{"id":319,"href":"https:\/\/wp.ufpel.edu.br\/laboratorioimagensjustica\/wp-json\/wp\/v2\/pages\/218\/revisions\/319"}],"wp:attachment":[{"href":"https:\/\/wp.ufpel.edu.br\/laboratorioimagensjustica\/wp-json\/wp\/v2\/media?parent=218"}],"curies":[{"name":"wp","href":"https:\/\/api.w.org\/{rel}","templated":true}]}}