{"id":883,"date":"2018-06-15T16:21:26","date_gmt":"2018-06-15T19:21:26","guid":{"rendered":"https:\/\/wp.ufpel.edu.br\/laboratorioelo\/?page_id=883"},"modified":"2018-07-13T17:01:42","modified_gmt":"2018-07-13T20:01:42","slug":"plataforma-para-analises","status":"publish","type":"page","link":"https:\/\/wp.ufpel.edu.br\/laboratorioelo\/plataforma-para-analises\/","title":{"rendered":"Plataforma para an\u00e1lises"},"content":{"rendered":"<p>Para realizar suas atividades o Laborat\u00f3rio Emerg\u00eancia da Linguagem Oral disp\u00f5e dos seguintes equipamentos:<\/p>\n<ul>\n<li><span style=\"font-size: 1.8rem\">Cabine ac\u00fastica<\/span><\/li>\n<li>Aparelhos de ultrassom<\/li>\n<li>Capacete estabilizador de\u00a0cabe\u00e7a<\/li>\n<li>Gravadores digitais<\/li>\n<li>Computadores e notebooks<\/li>\n<li>Softwares: AAA e Praat<\/li>\n<li>Impressora e Scanner<\/li>\n<li>Fones de ouvido<\/li>\n<li>SmartTv 48&#8242;<\/li>\n<li>Caixa de som<\/li>\n<li>Projetor<\/li>\n<li>Minibiblioteca com livros sobre: fonologia, fon\u00e9tica ac\u00fastica e aquisi\u00e7\u00e3o da linguagem.<\/li>\n<\/ul>\n<p>&nbsp;<\/p>\n","protected":false},"excerpt":{"rendered":"<p>Para realizar suas atividades o Laborat\u00f3rio Emerg\u00eancia da Linguagem Oral disp\u00f5e dos seguintes equipamentos: Cabine ac\u00fastica Aparelhos de ultrassom Capacete estabilizador de\u00a0cabe\u00e7a Gravadores digitais Computadores e notebooks Softwares: AAA e Praat Impressora e Scanner Fones de ouvido SmartTv 48&#8242; Caixa de som Projetor Minibiblioteca com livros sobre: fonologia, fon\u00e9tica ac\u00fastica e aquisi\u00e7\u00e3o da linguagem. &nbsp;<\/p>\n","protected":false},"author":386,"featured_media":0,"parent":0,"menu_order":0,"comment_status":"closed","ping_status":"closed","template":"","meta":{"footnotes":""},"class_list":["post-883","page","type-page","status-publish","hentry"],"yoast_head":"<!-- This site is optimized with the Yoast SEO plugin v26.7 - https:\/\/yoast.com\/wordpress\/plugins\/seo\/ -->\n<title>Plataforma para an\u00e1lises - LELO - UFPel<\/title>\n<meta name=\"robots\" content=\"index, follow, max-snippet:-1, max-image-preview:large, max-video-preview:-1\" \/>\n<link rel=\"canonical\" href=\"https:\/\/wp.ufpel.edu.br\/laboratorioelo\/plataforma-para-analises\/\" \/>\n<meta property=\"og:locale\" content=\"pt_BR\" \/>\n<meta property=\"og:type\" content=\"article\" \/>\n<meta property=\"og:title\" content=\"Plataforma para an\u00e1lises - LELO - UFPel\" \/>\n<meta property=\"og:description\" content=\"Para realizar suas atividades o Laborat\u00f3rio Emerg\u00eancia da Linguagem Oral disp\u00f5e dos seguintes equipamentos: Cabine ac\u00fastica Aparelhos de ultrassom Capacete estabilizador de\u00a0cabe\u00e7a Gravadores digitais Computadores e notebooks Softwares: AAA e Praat Impressora e Scanner Fones de ouvido SmartTv 48&#8242; Caixa de som Projetor Minibiblioteca com livros sobre: fonologia, fon\u00e9tica ac\u00fastica e aquisi\u00e7\u00e3o da linguagem. &nbsp;\" \/>\n<meta property=\"og:url\" content=\"https:\/\/wp.ufpel.edu.br\/laboratorioelo\/plataforma-para-analises\/\" \/>\n<meta property=\"og:site_name\" content=\"LELO - UFPel\" \/>\n<meta property=\"article:modified_time\" content=\"2018-07-13T20:01:42+00:00\" \/>\n<meta name=\"twitter:card\" content=\"summary_large_image\" \/>\n<script type=\"application\/ld+json\" class=\"yoast-schema-graph\">{\"@context\":\"https:\/\/schema.org\",\"@graph\":[{\"@type\":\"WebPage\",\"@id\":\"https:\/\/wp.ufpel.edu.br\/laboratorioelo\/plataforma-para-analises\/\",\"url\":\"https:\/\/wp.ufpel.edu.br\/laboratorioelo\/plataforma-para-analises\/\",\"name\":\"Plataforma para an\u00e1lises - LELO - UFPel\",\"isPartOf\":{\"@id\":\"https:\/\/wp.ufpel.edu.br\/laboratorioelo\/#website\"},\"datePublished\":\"2018-06-15T19:21:26+00:00\",\"dateModified\":\"2018-07-13T20:01:42+00:00\",\"breadcrumb\":{\"@id\":\"https:\/\/wp.ufpel.edu.br\/laboratorioelo\/plataforma-para-analises\/#breadcrumb\"},\"inLanguage\":\"pt-BR\",\"potentialAction\":[{\"@type\":\"ReadAction\",\"target\":[\"https:\/\/wp.ufpel.edu.br\/laboratorioelo\/plataforma-para-analises\/\"]}]},{\"@type\":\"BreadcrumbList\",\"@id\":\"https:\/\/wp.ufpel.edu.br\/laboratorioelo\/plataforma-para-analises\/#breadcrumb\",\"itemListElement\":[{\"@type\":\"ListItem\",\"position\":1,\"name\":\"Home\",\"item\":\"https:\/\/wp.ufpel.edu.br\/laboratorioelo\/\"},{\"@type\":\"ListItem\",\"position\":2,\"name\":\"Plataforma para an\u00e1lises\"}]},{\"@type\":\"WebSite\",\"@id\":\"https:\/\/wp.ufpel.edu.br\/laboratorioelo\/#website\",\"url\":\"https:\/\/wp.ufpel.edu.br\/laboratorioelo\/\",\"name\":\"LELO - UFPEL\",\"description\":\"\",\"publisher\":{\"@id\":\"https:\/\/wp.ufpel.edu.br\/laboratorioelo\/#organization\"},\"potentialAction\":[{\"@type\":\"SearchAction\",\"target\":{\"@type\":\"EntryPoint\",\"urlTemplate\":\"https:\/\/wp.ufpel.edu.br\/laboratorioelo\/?s={search_term_string}\"},\"query-input\":{\"@type\":\"PropertyValueSpecification\",\"valueRequired\":true,\"valueName\":\"search_term_string\"}}],\"inLanguage\":\"pt-BR\"},{\"@type\":\"Organization\",\"@id\":\"https:\/\/wp.ufpel.edu.br\/laboratorioelo\/#organization\",\"name\":\"Laborat\u00f3rio ELO\",\"url\":\"https:\/\/wp.ufpel.edu.br\/laboratorioelo\/\",\"logo\":{\"@type\":\"ImageObject\",\"inLanguage\":\"pt-BR\",\"@id\":\"https:\/\/wp.ufpel.edu.br\/laboratorioelo\/#\/schema\/logo\/image\/\",\"url\":\"https:\/\/wp.ufpel.edu.br\/laboratorioelo\/files\/2017\/08\/Lelo_logo_pretoBranco2-1.png\",\"contentUrl\":\"https:\/\/wp.ufpel.edu.br\/laboratorioelo\/files\/2017\/08\/Lelo_logo_pretoBranco2-1.png\",\"width\":1153,\"height\":569,\"caption\":\"Laborat\u00f3rio ELO\"},\"image\":{\"@id\":\"https:\/\/wp.ufpel.edu.br\/laboratorioelo\/#\/schema\/logo\/image\/\"}}]}<\/script>\n<!-- \/ Yoast SEO plugin. -->","yoast_head_json":{"title":"Plataforma para an\u00e1lises - LELO - UFPel","robots":{"index":"index","follow":"follow","max-snippet":"max-snippet:-1","max-image-preview":"max-image-preview:large","max-video-preview":"max-video-preview:-1"},"canonical":"https:\/\/wp.ufpel.edu.br\/laboratorioelo\/plataforma-para-analises\/","og_locale":"pt_BR","og_type":"article","og_title":"Plataforma para an\u00e1lises - LELO - UFPel","og_description":"Para realizar suas atividades o Laborat\u00f3rio Emerg\u00eancia da Linguagem Oral disp\u00f5e dos seguintes equipamentos: Cabine ac\u00fastica Aparelhos de ultrassom Capacete estabilizador de\u00a0cabe\u00e7a Gravadores digitais Computadores e notebooks Softwares: AAA e Praat Impressora e Scanner Fones de ouvido SmartTv 48&#8242; Caixa de som Projetor Minibiblioteca com livros sobre: fonologia, fon\u00e9tica ac\u00fastica e aquisi\u00e7\u00e3o da linguagem. &nbsp;","og_url":"https:\/\/wp.ufpel.edu.br\/laboratorioelo\/plataforma-para-analises\/","og_site_name":"LELO - UFPel","article_modified_time":"2018-07-13T20:01:42+00:00","twitter_card":"summary_large_image","schema":{"@context":"https:\/\/schema.org","@graph":[{"@type":"WebPage","@id":"https:\/\/wp.ufpel.edu.br\/laboratorioelo\/plataforma-para-analises\/","url":"https:\/\/wp.ufpel.edu.br\/laboratorioelo\/plataforma-para-analises\/","name":"Plataforma para an\u00e1lises - LELO - UFPel","isPartOf":{"@id":"https:\/\/wp.ufpel.edu.br\/laboratorioelo\/#website"},"datePublished":"2018-06-15T19:21:26+00:00","dateModified":"2018-07-13T20:01:42+00:00","breadcrumb":{"@id":"https:\/\/wp.ufpel.edu.br\/laboratorioelo\/plataforma-para-analises\/#breadcrumb"},"inLanguage":"pt-BR","potentialAction":[{"@type":"ReadAction","target":["https:\/\/wp.ufpel.edu.br\/laboratorioelo\/plataforma-para-analises\/"]}]},{"@type":"BreadcrumbList","@id":"https:\/\/wp.ufpel.edu.br\/laboratorioelo\/plataforma-para-analises\/#breadcrumb","itemListElement":[{"@type":"ListItem","position":1,"name":"Home","item":"https:\/\/wp.ufpel.edu.br\/laboratorioelo\/"},{"@type":"ListItem","position":2,"name":"Plataforma para an\u00e1lises"}]},{"@type":"WebSite","@id":"https:\/\/wp.ufpel.edu.br\/laboratorioelo\/#website","url":"https:\/\/wp.ufpel.edu.br\/laboratorioelo\/","name":"LELO - UFPEL","description":"","publisher":{"@id":"https:\/\/wp.ufpel.edu.br\/laboratorioelo\/#organization"},"potentialAction":[{"@type":"SearchAction","target":{"@type":"EntryPoint","urlTemplate":"https:\/\/wp.ufpel.edu.br\/laboratorioelo\/?s={search_term_string}"},"query-input":{"@type":"PropertyValueSpecification","valueRequired":true,"valueName":"search_term_string"}}],"inLanguage":"pt-BR"},{"@type":"Organization","@id":"https:\/\/wp.ufpel.edu.br\/laboratorioelo\/#organization","name":"Laborat\u00f3rio ELO","url":"https:\/\/wp.ufpel.edu.br\/laboratorioelo\/","logo":{"@type":"ImageObject","inLanguage":"pt-BR","@id":"https:\/\/wp.ufpel.edu.br\/laboratorioelo\/#\/schema\/logo\/image\/","url":"https:\/\/wp.ufpel.edu.br\/laboratorioelo\/files\/2017\/08\/Lelo_logo_pretoBranco2-1.png","contentUrl":"https:\/\/wp.ufpel.edu.br\/laboratorioelo\/files\/2017\/08\/Lelo_logo_pretoBranco2-1.png","width":1153,"height":569,"caption":"Laborat\u00f3rio ELO"},"image":{"@id":"https:\/\/wp.ufpel.edu.br\/laboratorioelo\/#\/schema\/logo\/image\/"}}]}},"jetpack_sharing_enabled":true,"_links":{"self":[{"href":"https:\/\/wp.ufpel.edu.br\/laboratorioelo\/wp-json\/wp\/v2\/pages\/883","targetHints":{"allow":["GET"]}}],"collection":[{"href":"https:\/\/wp.ufpel.edu.br\/laboratorioelo\/wp-json\/wp\/v2\/pages"}],"about":[{"href":"https:\/\/wp.ufpel.edu.br\/laboratorioelo\/wp-json\/wp\/v2\/types\/page"}],"author":[{"embeddable":true,"href":"https:\/\/wp.ufpel.edu.br\/laboratorioelo\/wp-json\/wp\/v2\/users\/386"}],"replies":[{"embeddable":true,"href":"https:\/\/wp.ufpel.edu.br\/laboratorioelo\/wp-json\/wp\/v2\/comments?post=883"}],"version-history":[{"count":6,"href":"https:\/\/wp.ufpel.edu.br\/laboratorioelo\/wp-json\/wp\/v2\/pages\/883\/revisions"}],"predecessor-version":[{"id":1025,"href":"https:\/\/wp.ufpel.edu.br\/laboratorioelo\/wp-json\/wp\/v2\/pages\/883\/revisions\/1025"}],"wp:attachment":[{"href":"https:\/\/wp.ufpel.edu.br\/laboratorioelo\/wp-json\/wp\/v2\/media?parent=883"}],"curies":[{"name":"wp","href":"https:\/\/api.w.org\/{rel}","templated":true}]}}