{"id":880,"date":"2018-06-15T16:20:26","date_gmt":"2018-06-15T19:20:26","guid":{"rendered":"https:\/\/wp.ufpel.edu.br\/laboratorioelo\/?page_id=880"},"modified":"2018-06-19T15:37:57","modified_gmt":"2018-06-19T18:37:57","slug":"pesquisa","status":"publish","type":"page","link":"https:\/\/wp.ufpel.edu.br\/laboratorioelo\/pesquisa\/","title":{"rendered":"Pesquisa"},"content":{"rendered":"<p style=\"text-align: justify\">O emprego da tecnologia do ultrassom em trabalhos vinculados \u00e0 lingu\u00edstica \u00e9 recente. No Brasil, o seu uso ainda \u00e9 restrito a poucos laborat\u00f3rios de pesquisa. A investiga\u00e7\u00e3o \u00e9 interdisciplinar. Logo, possibilita a cria\u00e7\u00e3o de projetos que incluam diferentes \u00e1reas do conhecimento como, por exemplo, a lingu\u00edstica, a fonoaudiologia, a neuroci\u00eancia e a inform\u00e1tica. Os trabalhos vinculam-se a pesquisas e experimentos sobre atividades articulat\u00f3rias relacionadas ao processamento da linguagem em tempo real.<\/p>\n<p style=\"text-align: justify\">N\u00e3o h\u00e1 m\u00e9todo capaz de dar conta da intera\u00e7\u00e3o de todos os articuladores envolvidos na produ\u00e7\u00e3o da fala. Logo, sempre que poss\u00edvel, o trabalho de pesquisa necessita do emprego de mais de uma ferramenta. Por esse motivo, combinam-se t\u00e9cnicas, o que depende, evidentemente, do que se quer observar e estudar e da infraestrutura laboratorial oferecida pela institui\u00e7\u00e3o (ou por ela \u00e9 projetada). O emprego do ultrassom, a sincroniza\u00e7\u00e3o de imagens US com grava\u00e7\u00f5es em \u00e1udio e espectrogramas (obtidos via softwares de an\u00e1lise ac\u00fastica), vai nessa dire\u00e7\u00e3o.<\/p>\n<p style=\"text-align: justify\">A longo prazo, o LELO visa a auxiliar investigadores que desejem realizar pesquisas sobre a aquisi\u00e7\u00e3o e a produ\u00e7\u00e3o da fala de modo a fornecer sistemas multimodais de aquisi\u00e7\u00e3o e an\u00e1lise de dados din\u00e2micos mais perform\u00e1ticos. As pesquisas propostas exploram os recursos atuais do LELO, tentam contribuir para que tecnologias atuais sejam empregadas nos estudos sobre a linguagem e o seu funcionamento. Abrindo janelas para a cria\u00e7\u00e3o de novas interfaces entre a lingu\u00edstica e outras \u00e1reas do conhecimento.<\/p>\n<p style=\"text-align: justify\">Enfim, o LELO fornece apoio a (i) pesquisas de inicia\u00e7\u00e3o cient\u00edfica e (ii) investiga\u00e7\u00f5es desenvolvidas no Programa de P\u00f3s-Gradua\u00e7\u00e3o em Letras (<em>stricto sensu<\/em>), mais especificamente as que investigam a emerg\u00eancia de sistemas lingu\u00edsticos em desenvolvimento. Os trabalhos s\u00e3o realizados com base em dados de aquisi\u00e7\u00e3o da oralidade em l\u00edngua materna e em l\u00edngua estrangeira, com foco na emerg\u00eancia de unidades fon\u00e9tico-fonol\u00f3gicas, na produ\u00e7\u00e3o de formas vari\u00e1veis, no papel do l\u00e9xico e na adequa\u00e7\u00e3o de modelos te\u00f3ricos para a formaliza\u00e7\u00e3o das an\u00e1lises empreendidas.<\/p>\n<p style=\"text-align: justify\"><strong>Linhas de Pesquisa <\/strong><br \/>\nTeoria e An\u00e1lise Lingu\u00edstica (Teoria da Otimidade e Fonologia Gestual)<br \/>\nAquisi\u00e7\u00e3o Fon\u00e9tico-fonol\u00f3gica de l\u00edngua materna e de l\u00edngua estrangeira<\/p>\n","protected":false},"excerpt":{"rendered":"<p>O emprego da tecnologia do ultrassom em trabalhos vinculados \u00e0 lingu\u00edstica \u00e9 recente. No Brasil, o seu uso ainda \u00e9 restrito a poucos laborat\u00f3rios de pesquisa. A investiga\u00e7\u00e3o \u00e9 interdisciplinar. Logo, possibilita a cria\u00e7\u00e3o de projetos que incluam diferentes \u00e1reas do conhecimento como, por exemplo, a lingu\u00edstica, a fonoaudiologia, a neuroci\u00eancia e a inform\u00e1tica. Os&#8230; <\/p>\n<div class=\"link-more\"><a href=\"https:\/\/wp.ufpel.edu.br\/laboratorioelo\/pesquisa\/\">Leia mais<\/a><\/div>\n","protected":false},"author":386,"featured_media":0,"parent":0,"menu_order":0,"comment_status":"closed","ping_status":"closed","template":"","meta":{"footnotes":""},"class_list":["post-880","page","type-page","status-publish","hentry"],"yoast_head":"<!-- This site is optimized with the Yoast SEO plugin v26.7 - https:\/\/yoast.com\/wordpress\/plugins\/seo\/ -->\n<title>Pesquisa - LELO - UFPel<\/title>\n<meta name=\"robots\" content=\"index, follow, max-snippet:-1, max-image-preview:large, max-video-preview:-1\" \/>\n<link rel=\"canonical\" href=\"https:\/\/wp.ufpel.edu.br\/laboratorioelo\/pesquisa\/\" \/>\n<meta property=\"og:locale\" content=\"pt_BR\" \/>\n<meta property=\"og:type\" content=\"article\" \/>\n<meta property=\"og:title\" content=\"Pesquisa - LELO - UFPel\" \/>\n<meta property=\"og:description\" content=\"O emprego da tecnologia do ultrassom em trabalhos vinculados \u00e0 lingu\u00edstica \u00e9 recente. No Brasil, o seu uso ainda \u00e9 restrito a poucos laborat\u00f3rios de pesquisa. A investiga\u00e7\u00e3o \u00e9 interdisciplinar. Logo, possibilita a cria\u00e7\u00e3o de projetos que incluam diferentes \u00e1reas do conhecimento como, por exemplo, a lingu\u00edstica, a fonoaudiologia, a neuroci\u00eancia e a inform\u00e1tica. Os... Leia mais\" \/>\n<meta property=\"og:url\" content=\"https:\/\/wp.ufpel.edu.br\/laboratorioelo\/pesquisa\/\" \/>\n<meta property=\"og:site_name\" content=\"LELO - UFPel\" \/>\n<meta property=\"article:modified_time\" content=\"2018-06-19T18:37:57+00:00\" \/>\n<meta name=\"twitter:card\" content=\"summary_large_image\" \/>\n<meta name=\"twitter:label1\" content=\"Est. tempo de leitura\" \/>\n\t<meta name=\"twitter:data1\" content=\"2 minutos\" \/>\n<script type=\"application\/ld+json\" class=\"yoast-schema-graph\">{\"@context\":\"https:\/\/schema.org\",\"@graph\":[{\"@type\":\"WebPage\",\"@id\":\"https:\/\/wp.ufpel.edu.br\/laboratorioelo\/pesquisa\/\",\"url\":\"https:\/\/wp.ufpel.edu.br\/laboratorioelo\/pesquisa\/\",\"name\":\"Pesquisa - LELO - UFPel\",\"isPartOf\":{\"@id\":\"https:\/\/wp.ufpel.edu.br\/laboratorioelo\/#website\"},\"datePublished\":\"2018-06-15T19:20:26+00:00\",\"dateModified\":\"2018-06-19T18:37:57+00:00\",\"breadcrumb\":{\"@id\":\"https:\/\/wp.ufpel.edu.br\/laboratorioelo\/pesquisa\/#breadcrumb\"},\"inLanguage\":\"pt-BR\",\"potentialAction\":[{\"@type\":\"ReadAction\",\"target\":[\"https:\/\/wp.ufpel.edu.br\/laboratorioelo\/pesquisa\/\"]}]},{\"@type\":\"BreadcrumbList\",\"@id\":\"https:\/\/wp.ufpel.edu.br\/laboratorioelo\/pesquisa\/#breadcrumb\",\"itemListElement\":[{\"@type\":\"ListItem\",\"position\":1,\"name\":\"Home\",\"item\":\"https:\/\/wp.ufpel.edu.br\/laboratorioelo\/\"},{\"@type\":\"ListItem\",\"position\":2,\"name\":\"Pesquisa\"}]},{\"@type\":\"WebSite\",\"@id\":\"https:\/\/wp.ufpel.edu.br\/laboratorioelo\/#website\",\"url\":\"https:\/\/wp.ufpel.edu.br\/laboratorioelo\/\",\"name\":\"LELO - UFPEL\",\"description\":\"\",\"publisher\":{\"@id\":\"https:\/\/wp.ufpel.edu.br\/laboratorioelo\/#organization\"},\"potentialAction\":[{\"@type\":\"SearchAction\",\"target\":{\"@type\":\"EntryPoint\",\"urlTemplate\":\"https:\/\/wp.ufpel.edu.br\/laboratorioelo\/?s={search_term_string}\"},\"query-input\":{\"@type\":\"PropertyValueSpecification\",\"valueRequired\":true,\"valueName\":\"search_term_string\"}}],\"inLanguage\":\"pt-BR\"},{\"@type\":\"Organization\",\"@id\":\"https:\/\/wp.ufpel.edu.br\/laboratorioelo\/#organization\",\"name\":\"Laborat\u00f3rio ELO\",\"url\":\"https:\/\/wp.ufpel.edu.br\/laboratorioelo\/\",\"logo\":{\"@type\":\"ImageObject\",\"inLanguage\":\"pt-BR\",\"@id\":\"https:\/\/wp.ufpel.edu.br\/laboratorioelo\/#\/schema\/logo\/image\/\",\"url\":\"https:\/\/wp.ufpel.edu.br\/laboratorioelo\/files\/2017\/08\/Lelo_logo_pretoBranco2-1.png\",\"contentUrl\":\"https:\/\/wp.ufpel.edu.br\/laboratorioelo\/files\/2017\/08\/Lelo_logo_pretoBranco2-1.png\",\"width\":1153,\"height\":569,\"caption\":\"Laborat\u00f3rio ELO\"},\"image\":{\"@id\":\"https:\/\/wp.ufpel.edu.br\/laboratorioelo\/#\/schema\/logo\/image\/\"}}]}<\/script>\n<!-- \/ Yoast SEO plugin. -->","yoast_head_json":{"title":"Pesquisa - LELO - UFPel","robots":{"index":"index","follow":"follow","max-snippet":"max-snippet:-1","max-image-preview":"max-image-preview:large","max-video-preview":"max-video-preview:-1"},"canonical":"https:\/\/wp.ufpel.edu.br\/laboratorioelo\/pesquisa\/","og_locale":"pt_BR","og_type":"article","og_title":"Pesquisa - LELO - UFPel","og_description":"O emprego da tecnologia do ultrassom em trabalhos vinculados \u00e0 lingu\u00edstica \u00e9 recente. No Brasil, o seu uso ainda \u00e9 restrito a poucos laborat\u00f3rios de pesquisa. A investiga\u00e7\u00e3o \u00e9 interdisciplinar. Logo, possibilita a cria\u00e7\u00e3o de projetos que incluam diferentes \u00e1reas do conhecimento como, por exemplo, a lingu\u00edstica, a fonoaudiologia, a neuroci\u00eancia e a inform\u00e1tica. Os... Leia mais","og_url":"https:\/\/wp.ufpel.edu.br\/laboratorioelo\/pesquisa\/","og_site_name":"LELO - UFPel","article_modified_time":"2018-06-19T18:37:57+00:00","twitter_card":"summary_large_image","twitter_misc":{"Est. tempo de leitura":"2 minutos"},"schema":{"@context":"https:\/\/schema.org","@graph":[{"@type":"WebPage","@id":"https:\/\/wp.ufpel.edu.br\/laboratorioelo\/pesquisa\/","url":"https:\/\/wp.ufpel.edu.br\/laboratorioelo\/pesquisa\/","name":"Pesquisa - LELO - UFPel","isPartOf":{"@id":"https:\/\/wp.ufpel.edu.br\/laboratorioelo\/#website"},"datePublished":"2018-06-15T19:20:26+00:00","dateModified":"2018-06-19T18:37:57+00:00","breadcrumb":{"@id":"https:\/\/wp.ufpel.edu.br\/laboratorioelo\/pesquisa\/#breadcrumb"},"inLanguage":"pt-BR","potentialAction":[{"@type":"ReadAction","target":["https:\/\/wp.ufpel.edu.br\/laboratorioelo\/pesquisa\/"]}]},{"@type":"BreadcrumbList","@id":"https:\/\/wp.ufpel.edu.br\/laboratorioelo\/pesquisa\/#breadcrumb","itemListElement":[{"@type":"ListItem","position":1,"name":"Home","item":"https:\/\/wp.ufpel.edu.br\/laboratorioelo\/"},{"@type":"ListItem","position":2,"name":"Pesquisa"}]},{"@type":"WebSite","@id":"https:\/\/wp.ufpel.edu.br\/laboratorioelo\/#website","url":"https:\/\/wp.ufpel.edu.br\/laboratorioelo\/","name":"LELO - UFPEL","description":"","publisher":{"@id":"https:\/\/wp.ufpel.edu.br\/laboratorioelo\/#organization"},"potentialAction":[{"@type":"SearchAction","target":{"@type":"EntryPoint","urlTemplate":"https:\/\/wp.ufpel.edu.br\/laboratorioelo\/?s={search_term_string}"},"query-input":{"@type":"PropertyValueSpecification","valueRequired":true,"valueName":"search_term_string"}}],"inLanguage":"pt-BR"},{"@type":"Organization","@id":"https:\/\/wp.ufpel.edu.br\/laboratorioelo\/#organization","name":"Laborat\u00f3rio ELO","url":"https:\/\/wp.ufpel.edu.br\/laboratorioelo\/","logo":{"@type":"ImageObject","inLanguage":"pt-BR","@id":"https:\/\/wp.ufpel.edu.br\/laboratorioelo\/#\/schema\/logo\/image\/","url":"https:\/\/wp.ufpel.edu.br\/laboratorioelo\/files\/2017\/08\/Lelo_logo_pretoBranco2-1.png","contentUrl":"https:\/\/wp.ufpel.edu.br\/laboratorioelo\/files\/2017\/08\/Lelo_logo_pretoBranco2-1.png","width":1153,"height":569,"caption":"Laborat\u00f3rio ELO"},"image":{"@id":"https:\/\/wp.ufpel.edu.br\/laboratorioelo\/#\/schema\/logo\/image\/"}}]}},"jetpack_sharing_enabled":true,"_links":{"self":[{"href":"https:\/\/wp.ufpel.edu.br\/laboratorioelo\/wp-json\/wp\/v2\/pages\/880","targetHints":{"allow":["GET"]}}],"collection":[{"href":"https:\/\/wp.ufpel.edu.br\/laboratorioelo\/wp-json\/wp\/v2\/pages"}],"about":[{"href":"https:\/\/wp.ufpel.edu.br\/laboratorioelo\/wp-json\/wp\/v2\/types\/page"}],"author":[{"embeddable":true,"href":"https:\/\/wp.ufpel.edu.br\/laboratorioelo\/wp-json\/wp\/v2\/users\/386"}],"replies":[{"embeddable":true,"href":"https:\/\/wp.ufpel.edu.br\/laboratorioelo\/wp-json\/wp\/v2\/comments?post=880"}],"version-history":[{"count":6,"href":"https:\/\/wp.ufpel.edu.br\/laboratorioelo\/wp-json\/wp\/v2\/pages\/880\/revisions"}],"predecessor-version":[{"id":920,"href":"https:\/\/wp.ufpel.edu.br\/laboratorioelo\/wp-json\/wp\/v2\/pages\/880\/revisions\/920"}],"wp:attachment":[{"href":"https:\/\/wp.ufpel.edu.br\/laboratorioelo\/wp-json\/wp\/v2\/media?parent=880"}],"curies":[{"name":"wp","href":"https:\/\/api.w.org\/{rel}","templated":true}]}}