{"id":1449,"date":"2019-10-23T17:57:05","date_gmt":"2019-10-23T20:57:05","guid":{"rendered":"https:\/\/wp.ufpel.edu.br\/laboratorioelo\/?page_id=1449"},"modified":"2019-12-14T23:21:29","modified_gmt":"2019-12-15T02:21:29","slug":"noticias-2019","status":"publish","type":"page","link":"https:\/\/wp.ufpel.edu.br\/laboratorioelo\/noticias-2019\/","title":{"rendered":"2019"},"content":{"rendered":"<blockquote class=\"wp-embedded-content\" data-secret=\"clUfI2Xp0V\"><p><a href=\"https:\/\/wp.ufpel.edu.br\/laboratorioelo\/2019\/12\/14\/mestranda-do-lelo-recebe-premio-de-destaque-de-sala-em-evento-da-unipampa-jaguarao\/\">Mestranda do LELO recebe pr\u00eamio de Destaque de Sala em evento da UNIPAMPA\/Jaguar\u00e3o<\/a><\/p><\/blockquote>\n<p><iframe loading=\"lazy\" title=\"&#8220;Mestranda do LELO recebe pr\u00eamio de Destaque de Sala em evento da UNIPAMPA\/Jaguar\u00e3o&#8221; &#8212; LELO - UFPel\" class=\"wp-embedded-content\" sandbox=\"allow-scripts\" security=\"restricted\" style=\"position: absolute; clip: rect(1px, 1px, 1px, 1px);\" src=\"https:\/\/wp.ufpel.edu.br\/laboratorioelo\/2019\/12\/14\/mestranda-do-lelo-recebe-premio-de-destaque-de-sala-em-evento-da-unipampa-jaguarao\/embed\/#?secret=clUfI2Xp0V\" data-secret=\"clUfI2Xp0V\" width=\"600\" height=\"338\" frameborder=\"0\" marginwidth=\"0\" marginheight=\"0\" scrolling=\"no\"><\/iframe><\/p>\n<blockquote class=\"wp-embedded-content\" data-secret=\"z2uLjwwRc4\"><p><a href=\"https:\/\/wp.ufpel.edu.br\/laboratorioelo\/2019\/12\/12\/lelo-convida-para-banca-de-qualificacao-de-dissertacao\/\">LELO convida para banca de Qualifica\u00e7\u00e3o de Disserta\u00e7\u00e3o<\/a><\/p><\/blockquote>\n<p><iframe loading=\"lazy\" title=\"&#8220;LELO convida para banca de Qualifica\u00e7\u00e3o de Disserta\u00e7\u00e3o&#8221; &#8212; LELO - UFPel\" class=\"wp-embedded-content\" sandbox=\"allow-scripts\" security=\"restricted\" style=\"position: absolute; clip: rect(1px, 1px, 1px, 1px);\" src=\"https:\/\/wp.ufpel.edu.br\/laboratorioelo\/2019\/12\/12\/lelo-convida-para-banca-de-qualificacao-de-dissertacao\/embed\/#?secret=z2uLjwwRc4\" data-secret=\"z2uLjwwRc4\" width=\"600\" height=\"338\" frameborder=\"0\" marginwidth=\"0\" marginheight=\"0\" scrolling=\"no\"><\/iframe><\/p>\n<blockquote class=\"wp-embedded-content\" data-secret=\"I7Hj1UZHKE\"><p><a href=\"https:\/\/wp.ufpel.edu.br\/laboratorioelo\/2019\/12\/12\/lelo-participa-do-dinafon\/\">LELO participa do DINAFON<\/a><\/p><\/blockquote>\n<p><iframe loading=\"lazy\" title=\"&#8220;LELO participa do DINAFON&#8221; &#8212; LELO - UFPel\" class=\"wp-embedded-content\" sandbox=\"allow-scripts\" security=\"restricted\" style=\"position: absolute; clip: rect(1px, 1px, 1px, 1px);\" src=\"https:\/\/wp.ufpel.edu.br\/laboratorioelo\/2019\/12\/12\/lelo-participa-do-dinafon\/embed\/#?secret=I7Hj1UZHKE\" data-secret=\"I7Hj1UZHKE\" width=\"600\" height=\"338\" frameborder=\"0\" marginwidth=\"0\" marginheight=\"0\" scrolling=\"no\"><\/iframe><\/p>\n<blockquote class=\"wp-embedded-content\" data-secret=\"w8DtfA95IU\"><p><a href=\"https:\/\/wp.ufpel.edu.br\/laboratorioelo\/2019\/11\/13\/curso-sobre-software-psychopy-marca-o-fim-da-iii-escola-de-inverno-do-lelo\/\">Curso sobre software Psychopy marca o fim da III Escola de Inverno do LELO<\/a><\/p><\/blockquote>\n<p><iframe loading=\"lazy\" title=\"&#8220;Curso sobre software Psychopy marca o fim da III Escola de Inverno do LELO&#8221; &#8212; LELO - UFPel\" class=\"wp-embedded-content\" sandbox=\"allow-scripts\" security=\"restricted\" style=\"position: absolute; clip: rect(1px, 1px, 1px, 1px);\" src=\"https:\/\/wp.ufpel.edu.br\/laboratorioelo\/2019\/11\/13\/curso-sobre-software-psychopy-marca-o-fim-da-iii-escola-de-inverno-do-lelo\/embed\/#?secret=w8DtfA95IU\" data-secret=\"w8DtfA95IU\" width=\"600\" height=\"338\" frameborder=\"0\" marginwidth=\"0\" marginheight=\"0\" scrolling=\"no\"><\/iframe><\/p>\n<blockquote class=\"wp-embedded-content\" data-secret=\"nXVOODajA8\"><p><a href=\"https:\/\/wp.ufpel.edu.br\/laboratorioelo\/2019\/11\/06\/coordenadoras-do-lelo-organizam-33-edicao-do-caderno-de-letras-da-ufpel\/\">Coordenadoras do LELO organizam 33\u00b0 edi\u00e7\u00e3o do Caderno de Letras da UFPel<\/a><\/p><\/blockquote>\n<p><iframe loading=\"lazy\" title=\"&#8220;Coordenadoras do LELO organizam 33\u00b0 edi\u00e7\u00e3o do Caderno de Letras da UFPel&#8221; &#8212; LELO - UFPel\" class=\"wp-embedded-content\" sandbox=\"allow-scripts\" security=\"restricted\" style=\"position: absolute; clip: rect(1px, 1px, 1px, 1px);\" src=\"https:\/\/wp.ufpel.edu.br\/laboratorioelo\/2019\/11\/06\/coordenadoras-do-lelo-organizam-33-edicao-do-caderno-de-letras-da-ufpel\/embed\/#?secret=nXVOODajA8\" data-secret=\"nXVOODajA8\" width=\"600\" height=\"338\" frameborder=\"0\" marginwidth=\"0\" marginheight=\"0\" scrolling=\"no\"><\/iframe><\/p>\n<blockquote class=\"wp-embedded-content\" data-secret=\"3aR8MAqq9T\"><p><a href=\"https:\/\/wp.ufpel.edu.br\/laboratorioelo\/2019\/10\/25\/apresentacoes-no-v-siiepe-ufpel\/\">Apresenta\u00e7\u00f5es no V SIIEPE\/UFPel<\/a><\/p><\/blockquote>\n<p><iframe loading=\"lazy\" title=\"&#8220;Apresenta\u00e7\u00f5es no V SIIEPE\/UFPel&#8221; &#8212; LELO - UFPel\" class=\"wp-embedded-content\" sandbox=\"allow-scripts\" security=\"restricted\" style=\"position: absolute; clip: rect(1px, 1px, 1px, 1px);\" src=\"https:\/\/wp.ufpel.edu.br\/laboratorioelo\/2019\/10\/25\/apresentacoes-no-v-siiepe-ufpel\/embed\/#?secret=3aR8MAqq9T\" data-secret=\"3aR8MAqq9T\" width=\"600\" height=\"338\" frameborder=\"0\" marginwidth=\"0\" marginheight=\"0\" scrolling=\"no\"><\/iframe><\/p>\n<blockquote class=\"wp-embedded-content\" data-secret=\"iUl1bjark1\"><p><a href=\"https:\/\/wp.ufpel.edu.br\/laboratorioelo\/2019\/10\/23\/lelo-participa-da-vi-jornadas-de-fonetica-y-fonologias\/\">LELO participa da VI Jornadas de Fon\u00e9tica y Fonologias<\/a><\/p><\/blockquote>\n<p><iframe loading=\"lazy\" title=\"&#8220;LELO participa da VI Jornadas de Fon\u00e9tica y Fonologias&#8221; &#8212; LELO - UFPel\" class=\"wp-embedded-content\" sandbox=\"allow-scripts\" security=\"restricted\" style=\"position: absolute; clip: rect(1px, 1px, 1px, 1px);\" src=\"https:\/\/wp.ufpel.edu.br\/laboratorioelo\/2019\/10\/23\/lelo-participa-da-vi-jornadas-de-fonetica-y-fonologias\/embed\/#?secret=iUl1bjark1\" data-secret=\"iUl1bjark1\" width=\"600\" height=\"338\" frameborder=\"0\" marginwidth=\"0\" marginheight=\"0\" scrolling=\"no\"><\/iframe><\/p>\n<blockquote class=\"wp-embedded-content\" data-secret=\"OvAfmz9EJL\"><p><a href=\"https:\/\/wp.ufpel.edu.br\/laboratorioelo\/2019\/10\/13\/lelo-informa-novo-local-para-o-curso-do-prof-felipe-bilharva-da-silva\/\">LELO informa novo local para curso ministrado pelo Prof. Felipe Bilharva da Silva<\/a><\/p><\/blockquote>\n<p><iframe loading=\"lazy\" title=\"&#8220;LELO informa novo local para curso ministrado pelo Prof. Felipe Bilharva da Silva&#8221; &#8212; LELO - UFPel\" class=\"wp-embedded-content\" sandbox=\"allow-scripts\" security=\"restricted\" style=\"position: absolute; clip: rect(1px, 1px, 1px, 1px);\" src=\"https:\/\/wp.ufpel.edu.br\/laboratorioelo\/2019\/10\/13\/lelo-informa-novo-local-para-o-curso-do-prof-felipe-bilharva-da-silva\/embed\/#?secret=OvAfmz9EJL\" data-secret=\"OvAfmz9EJL\" width=\"600\" height=\"338\" frameborder=\"0\" marginwidth=\"0\" marginheight=\"0\" scrolling=\"no\"><\/iframe><\/p>\n<blockquote class=\"wp-embedded-content\" data-secret=\"GR3H0dqu59\"><p><a href=\"https:\/\/wp.ufpel.edu.br\/laboratorioelo\/2019\/09\/16\/lelo-informa-nova-data-para-o-curso-do-profe-felipe-bilharva-da-silva\/\">LELO informa nova data para o curso do Prof. Felipe Bilharva da Silva<\/a><\/p><\/blockquote>\n<p><iframe loading=\"lazy\" title=\"&#8220;LELO informa nova data para o curso do Prof. Felipe Bilharva da Silva&#8221; &#8212; LELO - UFPel\" class=\"wp-embedded-content\" sandbox=\"allow-scripts\" security=\"restricted\" style=\"position: absolute; clip: rect(1px, 1px, 1px, 1px);\" src=\"https:\/\/wp.ufpel.edu.br\/laboratorioelo\/2019\/09\/16\/lelo-informa-nova-data-para-o-curso-do-profe-felipe-bilharva-da-silva\/embed\/#?secret=GR3H0dqu59\" data-secret=\"GR3H0dqu59\" width=\"600\" height=\"338\" frameborder=\"0\" marginwidth=\"0\" marginheight=\"0\" scrolling=\"no\"><\/iframe><\/p>\n","protected":false},"excerpt":{"rendered":"<p>Mestranda do LELO recebe pr\u00eamio de Destaque de Sala em evento da UNIPAMPA\/Jaguar\u00e3o LELO convida para banca de Qualifica\u00e7\u00e3o de Disserta\u00e7\u00e3o LELO participa do DINAFON Curso sobre software Psychopy marca o fim da III Escola de Inverno do LELO Coordenadoras do LELO organizam 33\u00b0 edi\u00e7\u00e3o do Caderno de Letras da UFPel Apresenta\u00e7\u00f5es no V SIIEPE\/UFPel&#8230; <\/p>\n<div class=\"link-more\"><a href=\"https:\/\/wp.ufpel.edu.br\/laboratorioelo\/noticias-2019\/\">Leia mais<\/a><\/div>\n","protected":false},"author":386,"featured_media":0,"parent":0,"menu_order":0,"comment_status":"closed","ping_status":"closed","template":"","meta":{"footnotes":""},"class_list":["post-1449","page","type-page","status-publish","hentry"],"yoast_head":"<!-- This site is optimized with the Yoast SEO plugin v26.7 - https:\/\/yoast.com\/wordpress\/plugins\/seo\/ -->\n<title>2019 - LELO - UFPel<\/title>\n<meta name=\"robots\" content=\"index, follow, max-snippet:-1, max-image-preview:large, max-video-preview:-1\" \/>\n<link rel=\"canonical\" href=\"https:\/\/wp.ufpel.edu.br\/laboratorioelo\/noticias-2019\/\" \/>\n<meta property=\"og:locale\" content=\"pt_BR\" \/>\n<meta property=\"og:type\" content=\"article\" \/>\n<meta property=\"og:title\" content=\"2019 - LELO - UFPel\" \/>\n<meta property=\"og:description\" content=\"Mestranda do LELO recebe pr\u00eamio de Destaque de Sala em evento da UNIPAMPA\/Jaguar\u00e3o LELO convida para banca de Qualifica\u00e7\u00e3o de Disserta\u00e7\u00e3o LELO participa do DINAFON Curso sobre software Psychopy marca o fim da III Escola de Inverno do LELO Coordenadoras do LELO organizam 33\u00b0 edi\u00e7\u00e3o do Caderno de Letras da UFPel Apresenta\u00e7\u00f5es no V SIIEPE\/UFPel... Leia mais\" \/>\n<meta property=\"og:url\" content=\"https:\/\/wp.ufpel.edu.br\/laboratorioelo\/noticias-2019\/\" \/>\n<meta property=\"og:site_name\" content=\"LELO - UFPel\" \/>\n<meta property=\"article:modified_time\" content=\"2019-12-15T02:21:29+00:00\" \/>\n<meta name=\"twitter:card\" content=\"summary_large_image\" \/>\n<script type=\"application\/ld+json\" class=\"yoast-schema-graph\">{\"@context\":\"https:\/\/schema.org\",\"@graph\":[{\"@type\":\"WebPage\",\"@id\":\"https:\/\/wp.ufpel.edu.br\/laboratorioelo\/noticias-2019\/\",\"url\":\"https:\/\/wp.ufpel.edu.br\/laboratorioelo\/noticias-2019\/\",\"name\":\"2019 - LELO - UFPel\",\"isPartOf\":{\"@id\":\"https:\/\/wp.ufpel.edu.br\/laboratorioelo\/#website\"},\"datePublished\":\"2019-10-23T20:57:05+00:00\",\"dateModified\":\"2019-12-15T02:21:29+00:00\",\"breadcrumb\":{\"@id\":\"https:\/\/wp.ufpel.edu.br\/laboratorioelo\/noticias-2019\/#breadcrumb\"},\"inLanguage\":\"pt-BR\",\"potentialAction\":[{\"@type\":\"ReadAction\",\"target\":[\"https:\/\/wp.ufpel.edu.br\/laboratorioelo\/noticias-2019\/\"]}]},{\"@type\":\"BreadcrumbList\",\"@id\":\"https:\/\/wp.ufpel.edu.br\/laboratorioelo\/noticias-2019\/#breadcrumb\",\"itemListElement\":[{\"@type\":\"ListItem\",\"position\":1,\"name\":\"Home\",\"item\":\"https:\/\/wp.ufpel.edu.br\/laboratorioelo\/\"},{\"@type\":\"ListItem\",\"position\":2,\"name\":\"2019\"}]},{\"@type\":\"WebSite\",\"@id\":\"https:\/\/wp.ufpel.edu.br\/laboratorioelo\/#website\",\"url\":\"https:\/\/wp.ufpel.edu.br\/laboratorioelo\/\",\"name\":\"LELO - UFPEL\",\"description\":\"\",\"publisher\":{\"@id\":\"https:\/\/wp.ufpel.edu.br\/laboratorioelo\/#organization\"},\"potentialAction\":[{\"@type\":\"SearchAction\",\"target\":{\"@type\":\"EntryPoint\",\"urlTemplate\":\"https:\/\/wp.ufpel.edu.br\/laboratorioelo\/?s={search_term_string}\"},\"query-input\":{\"@type\":\"PropertyValueSpecification\",\"valueRequired\":true,\"valueName\":\"search_term_string\"}}],\"inLanguage\":\"pt-BR\"},{\"@type\":\"Organization\",\"@id\":\"https:\/\/wp.ufpel.edu.br\/laboratorioelo\/#organization\",\"name\":\"Laborat\u00f3rio ELO\",\"url\":\"https:\/\/wp.ufpel.edu.br\/laboratorioelo\/\",\"logo\":{\"@type\":\"ImageObject\",\"inLanguage\":\"pt-BR\",\"@id\":\"https:\/\/wp.ufpel.edu.br\/laboratorioelo\/#\/schema\/logo\/image\/\",\"url\":\"https:\/\/wp.ufpel.edu.br\/laboratorioelo\/files\/2017\/08\/Lelo_logo_pretoBranco2-1.png\",\"contentUrl\":\"https:\/\/wp.ufpel.edu.br\/laboratorioelo\/files\/2017\/08\/Lelo_logo_pretoBranco2-1.png\",\"width\":1153,\"height\":569,\"caption\":\"Laborat\u00f3rio ELO\"},\"image\":{\"@id\":\"https:\/\/wp.ufpel.edu.br\/laboratorioelo\/#\/schema\/logo\/image\/\"}}]}<\/script>\n<!-- \/ Yoast SEO plugin. -->","yoast_head_json":{"title":"2019 - LELO - UFPel","robots":{"index":"index","follow":"follow","max-snippet":"max-snippet:-1","max-image-preview":"max-image-preview:large","max-video-preview":"max-video-preview:-1"},"canonical":"https:\/\/wp.ufpel.edu.br\/laboratorioelo\/noticias-2019\/","og_locale":"pt_BR","og_type":"article","og_title":"2019 - LELO - UFPel","og_description":"Mestranda do LELO recebe pr\u00eamio de Destaque de Sala em evento da UNIPAMPA\/Jaguar\u00e3o LELO convida para banca de Qualifica\u00e7\u00e3o de Disserta\u00e7\u00e3o LELO participa do DINAFON Curso sobre software Psychopy marca o fim da III Escola de Inverno do LELO Coordenadoras do LELO organizam 33\u00b0 edi\u00e7\u00e3o do Caderno de Letras da UFPel Apresenta\u00e7\u00f5es no V SIIEPE\/UFPel... Leia mais","og_url":"https:\/\/wp.ufpel.edu.br\/laboratorioelo\/noticias-2019\/","og_site_name":"LELO - UFPel","article_modified_time":"2019-12-15T02:21:29+00:00","twitter_card":"summary_large_image","schema":{"@context":"https:\/\/schema.org","@graph":[{"@type":"WebPage","@id":"https:\/\/wp.ufpel.edu.br\/laboratorioelo\/noticias-2019\/","url":"https:\/\/wp.ufpel.edu.br\/laboratorioelo\/noticias-2019\/","name":"2019 - LELO - UFPel","isPartOf":{"@id":"https:\/\/wp.ufpel.edu.br\/laboratorioelo\/#website"},"datePublished":"2019-10-23T20:57:05+00:00","dateModified":"2019-12-15T02:21:29+00:00","breadcrumb":{"@id":"https:\/\/wp.ufpel.edu.br\/laboratorioelo\/noticias-2019\/#breadcrumb"},"inLanguage":"pt-BR","potentialAction":[{"@type":"ReadAction","target":["https:\/\/wp.ufpel.edu.br\/laboratorioelo\/noticias-2019\/"]}]},{"@type":"BreadcrumbList","@id":"https:\/\/wp.ufpel.edu.br\/laboratorioelo\/noticias-2019\/#breadcrumb","itemListElement":[{"@type":"ListItem","position":1,"name":"Home","item":"https:\/\/wp.ufpel.edu.br\/laboratorioelo\/"},{"@type":"ListItem","position":2,"name":"2019"}]},{"@type":"WebSite","@id":"https:\/\/wp.ufpel.edu.br\/laboratorioelo\/#website","url":"https:\/\/wp.ufpel.edu.br\/laboratorioelo\/","name":"LELO - UFPEL","description":"","publisher":{"@id":"https:\/\/wp.ufpel.edu.br\/laboratorioelo\/#organization"},"potentialAction":[{"@type":"SearchAction","target":{"@type":"EntryPoint","urlTemplate":"https:\/\/wp.ufpel.edu.br\/laboratorioelo\/?s={search_term_string}"},"query-input":{"@type":"PropertyValueSpecification","valueRequired":true,"valueName":"search_term_string"}}],"inLanguage":"pt-BR"},{"@type":"Organization","@id":"https:\/\/wp.ufpel.edu.br\/laboratorioelo\/#organization","name":"Laborat\u00f3rio ELO","url":"https:\/\/wp.ufpel.edu.br\/laboratorioelo\/","logo":{"@type":"ImageObject","inLanguage":"pt-BR","@id":"https:\/\/wp.ufpel.edu.br\/laboratorioelo\/#\/schema\/logo\/image\/","url":"https:\/\/wp.ufpel.edu.br\/laboratorioelo\/files\/2017\/08\/Lelo_logo_pretoBranco2-1.png","contentUrl":"https:\/\/wp.ufpel.edu.br\/laboratorioelo\/files\/2017\/08\/Lelo_logo_pretoBranco2-1.png","width":1153,"height":569,"caption":"Laborat\u00f3rio ELO"},"image":{"@id":"https:\/\/wp.ufpel.edu.br\/laboratorioelo\/#\/schema\/logo\/image\/"}}]}},"jetpack_sharing_enabled":true,"_links":{"self":[{"href":"https:\/\/wp.ufpel.edu.br\/laboratorioelo\/wp-json\/wp\/v2\/pages\/1449","targetHints":{"allow":["GET"]}}],"collection":[{"href":"https:\/\/wp.ufpel.edu.br\/laboratorioelo\/wp-json\/wp\/v2\/pages"}],"about":[{"href":"https:\/\/wp.ufpel.edu.br\/laboratorioelo\/wp-json\/wp\/v2\/types\/page"}],"author":[{"embeddable":true,"href":"https:\/\/wp.ufpel.edu.br\/laboratorioelo\/wp-json\/wp\/v2\/users\/386"}],"replies":[{"embeddable":true,"href":"https:\/\/wp.ufpel.edu.br\/laboratorioelo\/wp-json\/wp\/v2\/comments?post=1449"}],"version-history":[{"count":7,"href":"https:\/\/wp.ufpel.edu.br\/laboratorioelo\/wp-json\/wp\/v2\/pages\/1449\/revisions"}],"predecessor-version":[{"id":1545,"href":"https:\/\/wp.ufpel.edu.br\/laboratorioelo\/wp-json\/wp\/v2\/pages\/1449\/revisions\/1545"}],"wp:attachment":[{"href":"https:\/\/wp.ufpel.edu.br\/laboratorioelo\/wp-json\/wp\/v2\/media?parent=1449"}],"curies":[{"name":"wp","href":"https:\/\/api.w.org\/{rel}","templated":true}]}}