{"id":141,"date":"2014-05-13T11:41:45","date_gmt":"2014-05-13T14:41:45","guid":{"rendered":"https:\/\/wp.ufpel.edu.br\/laboratorioelo\/?page_id=141"},"modified":"2018-05-06T23:24:36","modified_gmt":"2018-05-07T02:24:36","slug":"links","status":"publish","type":"page","link":"https:\/\/wp.ufpel.edu.br\/laboratorioelo\/links\/","title":{"rendered":"Links"},"content":{"rendered":"<p><span style=\"color: #000000;font-family: georgia, palatino, serif;font-size: 12pt\"><strong>Corpora<\/strong><\/span><\/p>\n<p><a href=\"http:\/\/childes.psy.cmu.edu\/\" target=\"_blank\" rel=\"noopener\"><span style=\"color: #000000\"><span style=\"font-size: 12pt\"><span style=\"font-family: georgia, palatino, serif\">CHILDES &#8211; Child Language Data Exchange System<\/span><\/span><\/span><\/a><\/p>\n<p align=\"left\"><span style=\"color: #000000\"><strong><span style=\"font-family: georgia, palatino, serif;font-size: 12pt\">Associa\u00e7\u00f5es \u00a0 &amp; \u00a0 <big>S<\/big>ociedades\u00a0\u00a0\u00a0<\/span><\/strong><\/span><\/p>\n<p><a href=\"http:\/\/www.alfal.org.\/indexp.htm\" target=\"_blank\" rel=\"noopener\"><span style=\"color: #000000;font-size: 12pt\"><span style=\"font-family: georgia, palatino, serif\">ALFAL &#8211; Associa\u00e7\u00e3o de Lingu\u00edstica e Filologia da Am\u00e9rica Latina<\/span><\/span><\/a><\/p>\n<p><a href=\"http:\/\/www.anpoll.org.br\/\" target=\"_blank\" rel=\"noopener\"><span style=\"color: #000000;font-size: 12pt\"><span style=\"font-family: georgia, palatino, serif\">ANPOLL &#8211; Associa\u00e7\u00e3o Nacional de P\u00f3s-Gradua\u00e7\u00e3o e Pesquisa em Letras e Lingu\u00edstica<\/span><\/span><\/a><\/p>\n<p><a href=\"http:\/\/sw.npd.ufc.br\/abralin\/vport.htm\" target=\"_blank\" rel=\"noopener\"><span style=\"font-family: georgia, palatino, serif;font-size: 12pt;color: #000000\">ABRALIN\u00a0&#8211;\u00a0<\/span><span style=\"font-family: georgia, palatino, serif;font-size: 12pt;color: #000000\">Associa\u00e7\u00e3o Brasileira de Lingu\u00edstica<\/span><\/a><\/p>\n<p><span style=\"font-family: georgia, palatino, serif;font-size: 12pt;color: #000000\"><a href=\"http:\/\/www.sil.org\/americas\/brasil\/PortHome.htm\" target=\"_blank\" rel=\"noopener\">SIL &#8211;\u00a0Sociedade Internacional de Lingu\u00edstica<\/a>\u00a0<\/span><\/p>\n<p><a href=\"http:\/\/www.nabe.org\" target=\"_blank\" rel=\"noopener\"><span style=\"color: #000000\"><span style=\"font-size: 12pt\"><span style=\"font-family: georgia, palatino, serif\">NABE &#8211; National Association of Bilingual Education<\/span><\/span><\/span><\/a><small> <\/small><\/p>\n<p>&nbsp;<\/p>\n<p>&nbsp;<\/p>\n<p>&nbsp;<\/p>\n<p>&nbsp;<\/p>\n<p>&nbsp;<\/p>\n","protected":false},"excerpt":{"rendered":"<p>Corpora CHILDES &#8211; Child Language Data Exchange System Associa\u00e7\u00f5es \u00a0 &amp; \u00a0 Sociedades\u00a0\u00a0\u00a0 ALFAL &#8211; Associa\u00e7\u00e3o de Lingu\u00edstica e Filologia da Am\u00e9rica Latina ANPOLL &#8211; Associa\u00e7\u00e3o Nacional de P\u00f3s-Gradua\u00e7\u00e3o e Pesquisa em Letras e Lingu\u00edstica ABRALIN\u00a0&#8211;\u00a0Associa\u00e7\u00e3o Brasileira de Lingu\u00edstica SIL &#8211;\u00a0Sociedade Internacional de Lingu\u00edstica\u00a0 NABE &#8211; National Association of Bilingual Education &nbsp; &nbsp; &nbsp; &nbsp;&#8230; <\/p>\n<div class=\"link-more\"><a href=\"https:\/\/wp.ufpel.edu.br\/laboratorioelo\/links\/\">Leia mais<\/a><\/div>\n","protected":false},"author":386,"featured_media":0,"parent":0,"menu_order":0,"comment_status":"closed","ping_status":"closed","template":"","meta":{"footnotes":""},"class_list":["post-141","page","type-page","status-publish","hentry"],"yoast_head":"<!-- This site is optimized with the Yoast SEO plugin v26.7 - https:\/\/yoast.com\/wordpress\/plugins\/seo\/ -->\n<title>Links - LELO - UFPel<\/title>\n<meta name=\"robots\" content=\"index, follow, max-snippet:-1, max-image-preview:large, max-video-preview:-1\" \/>\n<link rel=\"canonical\" href=\"https:\/\/wp.ufpel.edu.br\/laboratorioelo\/links\/\" \/>\n<meta property=\"og:locale\" content=\"pt_BR\" \/>\n<meta property=\"og:type\" content=\"article\" \/>\n<meta property=\"og:title\" content=\"Links - LELO - UFPel\" \/>\n<meta property=\"og:description\" content=\"Corpora CHILDES &#8211; Child Language Data Exchange System Associa\u00e7\u00f5es \u00a0 &amp; \u00a0 Sociedades\u00a0\u00a0\u00a0 ALFAL &#8211; Associa\u00e7\u00e3o de Lingu\u00edstica e Filologia da Am\u00e9rica Latina ANPOLL &#8211; Associa\u00e7\u00e3o Nacional de P\u00f3s-Gradua\u00e7\u00e3o e Pesquisa em Letras e Lingu\u00edstica ABRALIN\u00a0&#8211;\u00a0Associa\u00e7\u00e3o Brasileira de Lingu\u00edstica SIL &#8211;\u00a0Sociedade Internacional de Lingu\u00edstica\u00a0 NABE &#8211; National Association of Bilingual Education &nbsp; &nbsp; &nbsp; &nbsp;... Leia mais\" \/>\n<meta property=\"og:url\" content=\"https:\/\/wp.ufpel.edu.br\/laboratorioelo\/links\/\" \/>\n<meta property=\"og:site_name\" content=\"LELO - UFPel\" \/>\n<meta property=\"article:modified_time\" content=\"2018-05-07T02:24:36+00:00\" \/>\n<meta name=\"twitter:card\" content=\"summary_large_image\" \/>\n<script type=\"application\/ld+json\" class=\"yoast-schema-graph\">{\"@context\":\"https:\/\/schema.org\",\"@graph\":[{\"@type\":\"WebPage\",\"@id\":\"https:\/\/wp.ufpel.edu.br\/laboratorioelo\/links\/\",\"url\":\"https:\/\/wp.ufpel.edu.br\/laboratorioelo\/links\/\",\"name\":\"Links - LELO - UFPel\",\"isPartOf\":{\"@id\":\"https:\/\/wp.ufpel.edu.br\/laboratorioelo\/#website\"},\"datePublished\":\"2014-05-13T14:41:45+00:00\",\"dateModified\":\"2018-05-07T02:24:36+00:00\",\"breadcrumb\":{\"@id\":\"https:\/\/wp.ufpel.edu.br\/laboratorioelo\/links\/#breadcrumb\"},\"inLanguage\":\"pt-BR\",\"potentialAction\":[{\"@type\":\"ReadAction\",\"target\":[\"https:\/\/wp.ufpel.edu.br\/laboratorioelo\/links\/\"]}]},{\"@type\":\"BreadcrumbList\",\"@id\":\"https:\/\/wp.ufpel.edu.br\/laboratorioelo\/links\/#breadcrumb\",\"itemListElement\":[{\"@type\":\"ListItem\",\"position\":1,\"name\":\"Home\",\"item\":\"https:\/\/wp.ufpel.edu.br\/laboratorioelo\/\"},{\"@type\":\"ListItem\",\"position\":2,\"name\":\"Links\"}]},{\"@type\":\"WebSite\",\"@id\":\"https:\/\/wp.ufpel.edu.br\/laboratorioelo\/#website\",\"url\":\"https:\/\/wp.ufpel.edu.br\/laboratorioelo\/\",\"name\":\"LELO - UFPEL\",\"description\":\"\",\"publisher\":{\"@id\":\"https:\/\/wp.ufpel.edu.br\/laboratorioelo\/#organization\"},\"potentialAction\":[{\"@type\":\"SearchAction\",\"target\":{\"@type\":\"EntryPoint\",\"urlTemplate\":\"https:\/\/wp.ufpel.edu.br\/laboratorioelo\/?s={search_term_string}\"},\"query-input\":{\"@type\":\"PropertyValueSpecification\",\"valueRequired\":true,\"valueName\":\"search_term_string\"}}],\"inLanguage\":\"pt-BR\"},{\"@type\":\"Organization\",\"@id\":\"https:\/\/wp.ufpel.edu.br\/laboratorioelo\/#organization\",\"name\":\"Laborat\u00f3rio ELO\",\"url\":\"https:\/\/wp.ufpel.edu.br\/laboratorioelo\/\",\"logo\":{\"@type\":\"ImageObject\",\"inLanguage\":\"pt-BR\",\"@id\":\"https:\/\/wp.ufpel.edu.br\/laboratorioelo\/#\/schema\/logo\/image\/\",\"url\":\"https:\/\/wp.ufpel.edu.br\/laboratorioelo\/files\/2017\/08\/Lelo_logo_pretoBranco2-1.png\",\"contentUrl\":\"https:\/\/wp.ufpel.edu.br\/laboratorioelo\/files\/2017\/08\/Lelo_logo_pretoBranco2-1.png\",\"width\":1153,\"height\":569,\"caption\":\"Laborat\u00f3rio ELO\"},\"image\":{\"@id\":\"https:\/\/wp.ufpel.edu.br\/laboratorioelo\/#\/schema\/logo\/image\/\"}}]}<\/script>\n<!-- \/ Yoast SEO plugin. -->","yoast_head_json":{"title":"Links - LELO - UFPel","robots":{"index":"index","follow":"follow","max-snippet":"max-snippet:-1","max-image-preview":"max-image-preview:large","max-video-preview":"max-video-preview:-1"},"canonical":"https:\/\/wp.ufpel.edu.br\/laboratorioelo\/links\/","og_locale":"pt_BR","og_type":"article","og_title":"Links - LELO - UFPel","og_description":"Corpora CHILDES &#8211; Child Language Data Exchange System Associa\u00e7\u00f5es \u00a0 &amp; \u00a0 Sociedades\u00a0\u00a0\u00a0 ALFAL &#8211; Associa\u00e7\u00e3o de Lingu\u00edstica e Filologia da Am\u00e9rica Latina ANPOLL &#8211; Associa\u00e7\u00e3o Nacional de P\u00f3s-Gradua\u00e7\u00e3o e Pesquisa em Letras e Lingu\u00edstica ABRALIN\u00a0&#8211;\u00a0Associa\u00e7\u00e3o Brasileira de Lingu\u00edstica SIL &#8211;\u00a0Sociedade Internacional de Lingu\u00edstica\u00a0 NABE &#8211; National Association of Bilingual Education &nbsp; &nbsp; &nbsp; &nbsp;... Leia mais","og_url":"https:\/\/wp.ufpel.edu.br\/laboratorioelo\/links\/","og_site_name":"LELO - UFPel","article_modified_time":"2018-05-07T02:24:36+00:00","twitter_card":"summary_large_image","schema":{"@context":"https:\/\/schema.org","@graph":[{"@type":"WebPage","@id":"https:\/\/wp.ufpel.edu.br\/laboratorioelo\/links\/","url":"https:\/\/wp.ufpel.edu.br\/laboratorioelo\/links\/","name":"Links - LELO - UFPel","isPartOf":{"@id":"https:\/\/wp.ufpel.edu.br\/laboratorioelo\/#website"},"datePublished":"2014-05-13T14:41:45+00:00","dateModified":"2018-05-07T02:24:36+00:00","breadcrumb":{"@id":"https:\/\/wp.ufpel.edu.br\/laboratorioelo\/links\/#breadcrumb"},"inLanguage":"pt-BR","potentialAction":[{"@type":"ReadAction","target":["https:\/\/wp.ufpel.edu.br\/laboratorioelo\/links\/"]}]},{"@type":"BreadcrumbList","@id":"https:\/\/wp.ufpel.edu.br\/laboratorioelo\/links\/#breadcrumb","itemListElement":[{"@type":"ListItem","position":1,"name":"Home","item":"https:\/\/wp.ufpel.edu.br\/laboratorioelo\/"},{"@type":"ListItem","position":2,"name":"Links"}]},{"@type":"WebSite","@id":"https:\/\/wp.ufpel.edu.br\/laboratorioelo\/#website","url":"https:\/\/wp.ufpel.edu.br\/laboratorioelo\/","name":"LELO - UFPEL","description":"","publisher":{"@id":"https:\/\/wp.ufpel.edu.br\/laboratorioelo\/#organization"},"potentialAction":[{"@type":"SearchAction","target":{"@type":"EntryPoint","urlTemplate":"https:\/\/wp.ufpel.edu.br\/laboratorioelo\/?s={search_term_string}"},"query-input":{"@type":"PropertyValueSpecification","valueRequired":true,"valueName":"search_term_string"}}],"inLanguage":"pt-BR"},{"@type":"Organization","@id":"https:\/\/wp.ufpel.edu.br\/laboratorioelo\/#organization","name":"Laborat\u00f3rio ELO","url":"https:\/\/wp.ufpel.edu.br\/laboratorioelo\/","logo":{"@type":"ImageObject","inLanguage":"pt-BR","@id":"https:\/\/wp.ufpel.edu.br\/laboratorioelo\/#\/schema\/logo\/image\/","url":"https:\/\/wp.ufpel.edu.br\/laboratorioelo\/files\/2017\/08\/Lelo_logo_pretoBranco2-1.png","contentUrl":"https:\/\/wp.ufpel.edu.br\/laboratorioelo\/files\/2017\/08\/Lelo_logo_pretoBranco2-1.png","width":1153,"height":569,"caption":"Laborat\u00f3rio ELO"},"image":{"@id":"https:\/\/wp.ufpel.edu.br\/laboratorioelo\/#\/schema\/logo\/image\/"}}]}},"jetpack_sharing_enabled":true,"_links":{"self":[{"href":"https:\/\/wp.ufpel.edu.br\/laboratorioelo\/wp-json\/wp\/v2\/pages\/141","targetHints":{"allow":["GET"]}}],"collection":[{"href":"https:\/\/wp.ufpel.edu.br\/laboratorioelo\/wp-json\/wp\/v2\/pages"}],"about":[{"href":"https:\/\/wp.ufpel.edu.br\/laboratorioelo\/wp-json\/wp\/v2\/types\/page"}],"author":[{"embeddable":true,"href":"https:\/\/wp.ufpel.edu.br\/laboratorioelo\/wp-json\/wp\/v2\/users\/386"}],"replies":[{"embeddable":true,"href":"https:\/\/wp.ufpel.edu.br\/laboratorioelo\/wp-json\/wp\/v2\/comments?post=141"}],"version-history":[{"count":10,"href":"https:\/\/wp.ufpel.edu.br\/laboratorioelo\/wp-json\/wp\/v2\/pages\/141\/revisions"}],"predecessor-version":[{"id":838,"href":"https:\/\/wp.ufpel.edu.br\/laboratorioelo\/wp-json\/wp\/v2\/pages\/141\/revisions\/838"}],"wp:attachment":[{"href":"https:\/\/wp.ufpel.edu.br\/laboratorioelo\/wp-json\/wp\/v2\/media?parent=141"}],"curies":[{"name":"wp","href":"https:\/\/api.w.org\/{rel}","templated":true}]}}