{"id":1216,"date":"2018-07-20T09:13:56","date_gmt":"2018-07-20T12:13:56","guid":{"rendered":"https:\/\/wp.ufpel.edu.br\/laboratorioelo\/?page_id=1216"},"modified":"2018-07-20T09:14:42","modified_gmt":"2018-07-20T12:14:42","slug":"2018-artigo-revista-linguagem-e-ensino","status":"publish","type":"page","link":"https:\/\/wp.ufpel.edu.br\/laboratorioelo\/2018-artigo-revista-linguagem-e-ensino\/","title":{"rendered":"Pesquisadoras do LELO publicam artigo na Revista Linguagem &amp; Ensino"},"content":{"rendered":"<p style=\"text-align: justify\">Bruna Teixeira Correa, mestre em Letras (UFPEL), Giovana Ferreira-Gon\u00e7alves e Mirian Rose Brum-de-Paula publicaram artigo na revista Linguagem &amp; Ensino. O trabalho \u201cAquisi\u00e7\u00e3o das vogais nasais [\u025b\u0303], [\u00e3] e [\u0254\u0303]\u00a0por aprendizes brasileiros de fle: aspectos duracionais \u201d investiga a aquisi\u00e7\u00e3o das vogais nasais [\u025b\u0303], [\u00e3] e [\u0254\u0303] por aprendizes brasileiras de Franc\u00eas L\u00edngua Estrangeira (FLE), de um curso de forma\u00e7\u00e3o de professores, considerando os aspectos duracionais dos segmentos.<\/p>\n<p>Leia o artigo completo\u00a0<strong><a style=\"text-decoration: none\" href=\"http:\/\/www.rle.ucpel.tche.br\/index.php\/rle\/article\/view\/2078\/1228\" target=\"_blank\" rel=\"noopener\">aqui<\/a>.<\/strong><\/p>\n","protected":false},"excerpt":{"rendered":"<p>Bruna Teixeira Correa, mestre em Letras (UFPEL), Giovana Ferreira-Gon\u00e7alves e Mirian Rose Brum-de-Paula publicaram artigo na revista Linguagem &amp; Ensino. O trabalho \u201cAquisi\u00e7\u00e3o das vogais nasais [\u025b\u0303], [\u00e3] e [\u0254\u0303]\u00a0por aprendizes brasileiros de fle: aspectos duracionais \u201d investiga a aquisi\u00e7\u00e3o das vogais nasais [\u025b\u0303], [\u00e3] e [\u0254\u0303] por aprendizes brasileiras de Franc\u00eas L\u00edngua Estrangeira (FLE),&#8230; <\/p>\n<div class=\"link-more\"><a href=\"https:\/\/wp.ufpel.edu.br\/laboratorioelo\/2018-artigo-revista-linguagem-e-ensino\/\">Leia mais<\/a><\/div>\n","protected":false},"author":386,"featured_media":0,"parent":0,"menu_order":0,"comment_status":"closed","ping_status":"closed","template":"","meta":{"_crdt_document":"","footnotes":""},"class_list":["post-1216","page","type-page","status-publish","hentry"],"yoast_head":"<!-- This site is optimized with the Yoast SEO plugin v27.6 - https:\/\/yoast.com\/product\/yoast-seo-wordpress\/ -->\n<title>Pesquisadoras do LELO publicam artigo na Revista Linguagem &amp; Ensino - LELO - UFPel<\/title>\n<meta name=\"robots\" content=\"index, follow, max-snippet:-1, max-image-preview:large, max-video-preview:-1\" \/>\n<link rel=\"canonical\" href=\"https:\/\/wp.ufpel.edu.br\/laboratorioelo\/2018-artigo-revista-linguagem-e-ensino\/\" \/>\n<meta property=\"og:locale\" content=\"pt_BR\" \/>\n<meta property=\"og:type\" content=\"article\" \/>\n<meta property=\"og:title\" content=\"Pesquisadoras do LELO publicam artigo na Revista Linguagem &amp; Ensino - LELO - UFPel\" \/>\n<meta property=\"og:description\" content=\"Bruna Teixeira Correa, mestre em Letras (UFPEL), Giovana Ferreira-Gon\u00e7alves e Mirian Rose Brum-de-Paula publicaram artigo na revista Linguagem &amp; Ensino. O trabalho \u201cAquisi\u00e7\u00e3o das vogais nasais [\u025b\u0303], [\u00e3] e [\u0254\u0303]\u00a0por aprendizes brasileiros de fle: aspectos duracionais \u201d investiga a aquisi\u00e7\u00e3o das vogais nasais [\u025b\u0303], [\u00e3] e [\u0254\u0303] por aprendizes brasileiras de Franc\u00eas L\u00edngua Estrangeira (FLE),... Leia mais\" \/>\n<meta property=\"og:url\" content=\"https:\/\/wp.ufpel.edu.br\/laboratorioelo\/2018-artigo-revista-linguagem-e-ensino\/\" \/>\n<meta property=\"og:site_name\" content=\"LELO - UFPel\" \/>\n<meta property=\"article:modified_time\" content=\"2018-07-20T12:14:42+00:00\" \/>\n<meta name=\"twitter:card\" content=\"summary_large_image\" \/>\n<script type=\"application\/ld+json\" class=\"yoast-schema-graph\">{\"@context\":\"https:\\\/\\\/schema.org\",\"@graph\":[{\"@type\":\"WebPage\",\"@id\":\"https:\\\/\\\/wp.ufpel.edu.br\\\/laboratorioelo\\\/2018-artigo-revista-linguagem-e-ensino\\\/\",\"url\":\"https:\\\/\\\/wp.ufpel.edu.br\\\/laboratorioelo\\\/2018-artigo-revista-linguagem-e-ensino\\\/\",\"name\":\"Pesquisadoras do LELO publicam artigo na Revista Linguagem &amp; Ensino - LELO - UFPel\",\"isPartOf\":{\"@id\":\"https:\\\/\\\/wp.ufpel.edu.br\\\/laboratorioelo\\\/#website\"},\"datePublished\":\"2018-07-20T12:13:56+00:00\",\"dateModified\":\"2018-07-20T12:14:42+00:00\",\"breadcrumb\":{\"@id\":\"https:\\\/\\\/wp.ufpel.edu.br\\\/laboratorioelo\\\/2018-artigo-revista-linguagem-e-ensino\\\/#breadcrumb\"},\"inLanguage\":\"pt-BR\",\"potentialAction\":[{\"@type\":\"ReadAction\",\"target\":[\"https:\\\/\\\/wp.ufpel.edu.br\\\/laboratorioelo\\\/2018-artigo-revista-linguagem-e-ensino\\\/\"]}]},{\"@type\":\"BreadcrumbList\",\"@id\":\"https:\\\/\\\/wp.ufpel.edu.br\\\/laboratorioelo\\\/2018-artigo-revista-linguagem-e-ensino\\\/#breadcrumb\",\"itemListElement\":[{\"@type\":\"ListItem\",\"position\":1,\"name\":\"Home\",\"item\":\"https:\\\/\\\/wp.ufpel.edu.br\\\/laboratorioelo\\\/\"},{\"@type\":\"ListItem\",\"position\":2,\"name\":\"Pesquisadoras do LELO publicam artigo na Revista Linguagem &amp; Ensino\"}]},{\"@type\":\"WebSite\",\"@id\":\"https:\\\/\\\/wp.ufpel.edu.br\\\/laboratorioelo\\\/#website\",\"url\":\"https:\\\/\\\/wp.ufpel.edu.br\\\/laboratorioelo\\\/\",\"name\":\"LELO - UFPEL\",\"description\":\"\",\"publisher\":{\"@id\":\"https:\\\/\\\/wp.ufpel.edu.br\\\/laboratorioelo\\\/#organization\"},\"potentialAction\":[{\"@type\":\"SearchAction\",\"target\":{\"@type\":\"EntryPoint\",\"urlTemplate\":\"https:\\\/\\\/wp.ufpel.edu.br\\\/laboratorioelo\\\/?s={search_term_string}\"},\"query-input\":{\"@type\":\"PropertyValueSpecification\",\"valueRequired\":true,\"valueName\":\"search_term_string\"}}],\"inLanguage\":\"pt-BR\"},{\"@type\":\"Organization\",\"@id\":\"https:\\\/\\\/wp.ufpel.edu.br\\\/laboratorioelo\\\/#organization\",\"name\":\"Laborat\u00f3rio ELO\",\"url\":\"https:\\\/\\\/wp.ufpel.edu.br\\\/laboratorioelo\\\/\",\"logo\":{\"@type\":\"ImageObject\",\"inLanguage\":\"pt-BR\",\"@id\":\"https:\\\/\\\/wp.ufpel.edu.br\\\/laboratorioelo\\\/#\\\/schema\\\/logo\\\/image\\\/\",\"url\":\"https:\\\/\\\/wp.ufpel.edu.br\\\/laboratorioelo\\\/files\\\/2017\\\/08\\\/Lelo_logo_pretoBranco2-1.png\",\"contentUrl\":\"https:\\\/\\\/wp.ufpel.edu.br\\\/laboratorioelo\\\/files\\\/2017\\\/08\\\/Lelo_logo_pretoBranco2-1.png\",\"width\":1153,\"height\":569,\"caption\":\"Laborat\u00f3rio ELO\"},\"image\":{\"@id\":\"https:\\\/\\\/wp.ufpel.edu.br\\\/laboratorioelo\\\/#\\\/schema\\\/logo\\\/image\\\/\"}}]}<\/script>\n<!-- \/ Yoast SEO plugin. -->","yoast_head_json":{"title":"Pesquisadoras do LELO publicam artigo na Revista Linguagem &amp; Ensino - LELO - UFPel","robots":{"index":"index","follow":"follow","max-snippet":"max-snippet:-1","max-image-preview":"max-image-preview:large","max-video-preview":"max-video-preview:-1"},"canonical":"https:\/\/wp.ufpel.edu.br\/laboratorioelo\/2018-artigo-revista-linguagem-e-ensino\/","og_locale":"pt_BR","og_type":"article","og_title":"Pesquisadoras do LELO publicam artigo na Revista Linguagem &amp; Ensino - LELO - UFPel","og_description":"Bruna Teixeira Correa, mestre em Letras (UFPEL), Giovana Ferreira-Gon\u00e7alves e Mirian Rose Brum-de-Paula publicaram artigo na revista Linguagem &amp; Ensino. O trabalho \u201cAquisi\u00e7\u00e3o das vogais nasais [\u025b\u0303], [\u00e3] e [\u0254\u0303]\u00a0por aprendizes brasileiros de fle: aspectos duracionais \u201d investiga a aquisi\u00e7\u00e3o das vogais nasais [\u025b\u0303], [\u00e3] e [\u0254\u0303] por aprendizes brasileiras de Franc\u00eas L\u00edngua Estrangeira (FLE),... Leia mais","og_url":"https:\/\/wp.ufpel.edu.br\/laboratorioelo\/2018-artigo-revista-linguagem-e-ensino\/","og_site_name":"LELO - UFPel","article_modified_time":"2018-07-20T12:14:42+00:00","twitter_card":"summary_large_image","schema":{"@context":"https:\/\/schema.org","@graph":[{"@type":"WebPage","@id":"https:\/\/wp.ufpel.edu.br\/laboratorioelo\/2018-artigo-revista-linguagem-e-ensino\/","url":"https:\/\/wp.ufpel.edu.br\/laboratorioelo\/2018-artigo-revista-linguagem-e-ensino\/","name":"Pesquisadoras do LELO publicam artigo na Revista Linguagem &amp; Ensino - LELO - UFPel","isPartOf":{"@id":"https:\/\/wp.ufpel.edu.br\/laboratorioelo\/#website"},"datePublished":"2018-07-20T12:13:56+00:00","dateModified":"2018-07-20T12:14:42+00:00","breadcrumb":{"@id":"https:\/\/wp.ufpel.edu.br\/laboratorioelo\/2018-artigo-revista-linguagem-e-ensino\/#breadcrumb"},"inLanguage":"pt-BR","potentialAction":[{"@type":"ReadAction","target":["https:\/\/wp.ufpel.edu.br\/laboratorioelo\/2018-artigo-revista-linguagem-e-ensino\/"]}]},{"@type":"BreadcrumbList","@id":"https:\/\/wp.ufpel.edu.br\/laboratorioelo\/2018-artigo-revista-linguagem-e-ensino\/#breadcrumb","itemListElement":[{"@type":"ListItem","position":1,"name":"Home","item":"https:\/\/wp.ufpel.edu.br\/laboratorioelo\/"},{"@type":"ListItem","position":2,"name":"Pesquisadoras do LELO publicam artigo na Revista Linguagem &amp; Ensino"}]},{"@type":"WebSite","@id":"https:\/\/wp.ufpel.edu.br\/laboratorioelo\/#website","url":"https:\/\/wp.ufpel.edu.br\/laboratorioelo\/","name":"LELO - UFPEL","description":"","publisher":{"@id":"https:\/\/wp.ufpel.edu.br\/laboratorioelo\/#organization"},"potentialAction":[{"@type":"SearchAction","target":{"@type":"EntryPoint","urlTemplate":"https:\/\/wp.ufpel.edu.br\/laboratorioelo\/?s={search_term_string}"},"query-input":{"@type":"PropertyValueSpecification","valueRequired":true,"valueName":"search_term_string"}}],"inLanguage":"pt-BR"},{"@type":"Organization","@id":"https:\/\/wp.ufpel.edu.br\/laboratorioelo\/#organization","name":"Laborat\u00f3rio ELO","url":"https:\/\/wp.ufpel.edu.br\/laboratorioelo\/","logo":{"@type":"ImageObject","inLanguage":"pt-BR","@id":"https:\/\/wp.ufpel.edu.br\/laboratorioelo\/#\/schema\/logo\/image\/","url":"https:\/\/wp.ufpel.edu.br\/laboratorioelo\/files\/2017\/08\/Lelo_logo_pretoBranco2-1.png","contentUrl":"https:\/\/wp.ufpel.edu.br\/laboratorioelo\/files\/2017\/08\/Lelo_logo_pretoBranco2-1.png","width":1153,"height":569,"caption":"Laborat\u00f3rio ELO"},"image":{"@id":"https:\/\/wp.ufpel.edu.br\/laboratorioelo\/#\/schema\/logo\/image\/"}}]}},"jetpack_sharing_enabled":true,"_links":{"self":[{"href":"https:\/\/wp.ufpel.edu.br\/laboratorioelo\/wp-json\/wp\/v2\/pages\/1216","targetHints":{"allow":["GET"]}}],"collection":[{"href":"https:\/\/wp.ufpel.edu.br\/laboratorioelo\/wp-json\/wp\/v2\/pages"}],"about":[{"href":"https:\/\/wp.ufpel.edu.br\/laboratorioelo\/wp-json\/wp\/v2\/types\/page"}],"author":[{"embeddable":true,"href":"https:\/\/wp.ufpel.edu.br\/laboratorioelo\/wp-json\/wp\/v2\/users\/386"}],"replies":[{"embeddable":true,"href":"https:\/\/wp.ufpel.edu.br\/laboratorioelo\/wp-json\/wp\/v2\/comments?post=1216"}],"version-history":[{"count":3,"href":"https:\/\/wp.ufpel.edu.br\/laboratorioelo\/wp-json\/wp\/v2\/pages\/1216\/revisions"}],"predecessor-version":[{"id":1221,"href":"https:\/\/wp.ufpel.edu.br\/laboratorioelo\/wp-json\/wp\/v2\/pages\/1216\/revisions\/1221"}],"wp:attachment":[{"href":"https:\/\/wp.ufpel.edu.br\/laboratorioelo\/wp-json\/wp\/v2\/media?parent=1216"}],"curies":[{"name":"wp","href":"https:\/\/api.w.org\/{rel}","templated":true}]}}