{"id":1198,"date":"2018-07-20T08:40:46","date_gmt":"2018-07-20T11:40:46","guid":{"rendered":"https:\/\/wp.ufpel.edu.br\/laboratorioelo\/?page_id=1198"},"modified":"2018-07-20T08:40:46","modified_gmt":"2018-07-20T11:40:46","slug":"2018-artigo-revista-signo","status":"publish","type":"page","link":"https:\/\/wp.ufpel.edu.br\/laboratorioelo\/2018-artigo-revista-signo\/","title":{"rendered":"Pesquisadora do LELO publica artigo na Revista Signo"},"content":{"rendered":"<p style=\"text-align: justify\">Verg\u00edlia Spiering Dam\u00e9, doutoranda em Lingu\u00edstica (PUCRS)\/Mestre em Letras (UFPEL) e Giovana Ferreira Gon\u00e7alves publicaram um artigo na revista Signo. O trabalho &#8220;As plosivas nas s\u00e9ries iniciais: o papel do contexto na ocorr\u00eancia de trocas ortogr\u00e1ficas&#8221; observa o papel do contexto lingu\u00edstico na ocorr\u00eancia de trocas com as consoantes plosivas no processo de aquisi\u00e7\u00e3o da escrita.<\/p>\n<p>Leia o artigo completo <strong style=\"text-decoration: none\"><a style=\"text-decoration: none\" href=\"https:\/\/online.unisc.br\/seer\/index.php\/signo\/article\/view\/11531\/pdf\" target=\"_blank\" rel=\"noopener\">aqui<\/a>.<\/strong><\/p>\n","protected":false},"excerpt":{"rendered":"<p>Verg\u00edlia Spiering Dam\u00e9, doutoranda em Lingu\u00edstica (PUCRS)\/Mestre em Letras (UFPEL) e Giovana Ferreira Gon\u00e7alves publicaram um artigo na revista Signo. O trabalho &#8220;As plosivas nas s\u00e9ries iniciais: o papel do contexto na ocorr\u00eancia de trocas ortogr\u00e1ficas&#8221; observa o papel do contexto lingu\u00edstico na ocorr\u00eancia de trocas com as consoantes plosivas no processo de aquisi\u00e7\u00e3o da&#8230; <\/p>\n<div class=\"link-more\"><a href=\"https:\/\/wp.ufpel.edu.br\/laboratorioelo\/2018-artigo-revista-signo\/\">Leia mais<\/a><\/div>\n","protected":false},"author":386,"featured_media":0,"parent":0,"menu_order":0,"comment_status":"closed","ping_status":"closed","template":"","meta":{"footnotes":""},"class_list":["post-1198","page","type-page","status-publish","hentry"],"yoast_head":"<!-- This site is optimized with the Yoast SEO plugin v26.7 - https:\/\/yoast.com\/wordpress\/plugins\/seo\/ -->\n<title>Pesquisadora do LELO publica artigo na Revista Signo - LELO - UFPel<\/title>\n<meta name=\"robots\" content=\"index, follow, max-snippet:-1, max-image-preview:large, max-video-preview:-1\" \/>\n<link rel=\"canonical\" href=\"https:\/\/wp.ufpel.edu.br\/laboratorioelo\/2018-artigo-revista-signo\/\" \/>\n<meta property=\"og:locale\" content=\"pt_BR\" \/>\n<meta property=\"og:type\" content=\"article\" \/>\n<meta property=\"og:title\" content=\"Pesquisadora do LELO publica artigo na Revista Signo - LELO - UFPel\" \/>\n<meta property=\"og:description\" content=\"Verg\u00edlia Spiering Dam\u00e9, doutoranda em Lingu\u00edstica (PUCRS)\/Mestre em Letras (UFPEL) e Giovana Ferreira Gon\u00e7alves publicaram um artigo na revista Signo. O trabalho &#8220;As plosivas nas s\u00e9ries iniciais: o papel do contexto na ocorr\u00eancia de trocas ortogr\u00e1ficas&#8221; observa o papel do contexto lingu\u00edstico na ocorr\u00eancia de trocas com as consoantes plosivas no processo de aquisi\u00e7\u00e3o da... Leia mais\" \/>\n<meta property=\"og:url\" content=\"https:\/\/wp.ufpel.edu.br\/laboratorioelo\/2018-artigo-revista-signo\/\" \/>\n<meta property=\"og:site_name\" content=\"LELO - UFPel\" \/>\n<meta name=\"twitter:card\" content=\"summary_large_image\" \/>\n<script type=\"application\/ld+json\" class=\"yoast-schema-graph\">{\"@context\":\"https:\/\/schema.org\",\"@graph\":[{\"@type\":\"WebPage\",\"@id\":\"https:\/\/wp.ufpel.edu.br\/laboratorioelo\/2018-artigo-revista-signo\/\",\"url\":\"https:\/\/wp.ufpel.edu.br\/laboratorioelo\/2018-artigo-revista-signo\/\",\"name\":\"Pesquisadora do LELO publica artigo na Revista Signo - LELO - UFPel\",\"isPartOf\":{\"@id\":\"https:\/\/wp.ufpel.edu.br\/laboratorioelo\/#website\"},\"datePublished\":\"2018-07-20T11:40:46+00:00\",\"breadcrumb\":{\"@id\":\"https:\/\/wp.ufpel.edu.br\/laboratorioelo\/2018-artigo-revista-signo\/#breadcrumb\"},\"inLanguage\":\"pt-BR\",\"potentialAction\":[{\"@type\":\"ReadAction\",\"target\":[\"https:\/\/wp.ufpel.edu.br\/laboratorioelo\/2018-artigo-revista-signo\/\"]}]},{\"@type\":\"BreadcrumbList\",\"@id\":\"https:\/\/wp.ufpel.edu.br\/laboratorioelo\/2018-artigo-revista-signo\/#breadcrumb\",\"itemListElement\":[{\"@type\":\"ListItem\",\"position\":1,\"name\":\"Home\",\"item\":\"https:\/\/wp.ufpel.edu.br\/laboratorioelo\/\"},{\"@type\":\"ListItem\",\"position\":2,\"name\":\"Pesquisadora do LELO publica artigo na Revista Signo\"}]},{\"@type\":\"WebSite\",\"@id\":\"https:\/\/wp.ufpel.edu.br\/laboratorioelo\/#website\",\"url\":\"https:\/\/wp.ufpel.edu.br\/laboratorioelo\/\",\"name\":\"LELO - UFPEL\",\"description\":\"\",\"publisher\":{\"@id\":\"https:\/\/wp.ufpel.edu.br\/laboratorioelo\/#organization\"},\"potentialAction\":[{\"@type\":\"SearchAction\",\"target\":{\"@type\":\"EntryPoint\",\"urlTemplate\":\"https:\/\/wp.ufpel.edu.br\/laboratorioelo\/?s={search_term_string}\"},\"query-input\":{\"@type\":\"PropertyValueSpecification\",\"valueRequired\":true,\"valueName\":\"search_term_string\"}}],\"inLanguage\":\"pt-BR\"},{\"@type\":\"Organization\",\"@id\":\"https:\/\/wp.ufpel.edu.br\/laboratorioelo\/#organization\",\"name\":\"Laborat\u00f3rio ELO\",\"url\":\"https:\/\/wp.ufpel.edu.br\/laboratorioelo\/\",\"logo\":{\"@type\":\"ImageObject\",\"inLanguage\":\"pt-BR\",\"@id\":\"https:\/\/wp.ufpel.edu.br\/laboratorioelo\/#\/schema\/logo\/image\/\",\"url\":\"https:\/\/wp.ufpel.edu.br\/laboratorioelo\/files\/2017\/08\/Lelo_logo_pretoBranco2-1.png\",\"contentUrl\":\"https:\/\/wp.ufpel.edu.br\/laboratorioelo\/files\/2017\/08\/Lelo_logo_pretoBranco2-1.png\",\"width\":1153,\"height\":569,\"caption\":\"Laborat\u00f3rio ELO\"},\"image\":{\"@id\":\"https:\/\/wp.ufpel.edu.br\/laboratorioelo\/#\/schema\/logo\/image\/\"}}]}<\/script>\n<!-- \/ Yoast SEO plugin. -->","yoast_head_json":{"title":"Pesquisadora do LELO publica artigo na Revista Signo - LELO - UFPel","robots":{"index":"index","follow":"follow","max-snippet":"max-snippet:-1","max-image-preview":"max-image-preview:large","max-video-preview":"max-video-preview:-1"},"canonical":"https:\/\/wp.ufpel.edu.br\/laboratorioelo\/2018-artigo-revista-signo\/","og_locale":"pt_BR","og_type":"article","og_title":"Pesquisadora do LELO publica artigo na Revista Signo - LELO - UFPel","og_description":"Verg\u00edlia Spiering Dam\u00e9, doutoranda em Lingu\u00edstica (PUCRS)\/Mestre em Letras (UFPEL) e Giovana Ferreira Gon\u00e7alves publicaram um artigo na revista Signo. O trabalho &#8220;As plosivas nas s\u00e9ries iniciais: o papel do contexto na ocorr\u00eancia de trocas ortogr\u00e1ficas&#8221; observa o papel do contexto lingu\u00edstico na ocorr\u00eancia de trocas com as consoantes plosivas no processo de aquisi\u00e7\u00e3o da... Leia mais","og_url":"https:\/\/wp.ufpel.edu.br\/laboratorioelo\/2018-artigo-revista-signo\/","og_site_name":"LELO - UFPel","twitter_card":"summary_large_image","schema":{"@context":"https:\/\/schema.org","@graph":[{"@type":"WebPage","@id":"https:\/\/wp.ufpel.edu.br\/laboratorioelo\/2018-artigo-revista-signo\/","url":"https:\/\/wp.ufpel.edu.br\/laboratorioelo\/2018-artigo-revista-signo\/","name":"Pesquisadora do LELO publica artigo na Revista Signo - LELO - UFPel","isPartOf":{"@id":"https:\/\/wp.ufpel.edu.br\/laboratorioelo\/#website"},"datePublished":"2018-07-20T11:40:46+00:00","breadcrumb":{"@id":"https:\/\/wp.ufpel.edu.br\/laboratorioelo\/2018-artigo-revista-signo\/#breadcrumb"},"inLanguage":"pt-BR","potentialAction":[{"@type":"ReadAction","target":["https:\/\/wp.ufpel.edu.br\/laboratorioelo\/2018-artigo-revista-signo\/"]}]},{"@type":"BreadcrumbList","@id":"https:\/\/wp.ufpel.edu.br\/laboratorioelo\/2018-artigo-revista-signo\/#breadcrumb","itemListElement":[{"@type":"ListItem","position":1,"name":"Home","item":"https:\/\/wp.ufpel.edu.br\/laboratorioelo\/"},{"@type":"ListItem","position":2,"name":"Pesquisadora do LELO publica artigo na Revista Signo"}]},{"@type":"WebSite","@id":"https:\/\/wp.ufpel.edu.br\/laboratorioelo\/#website","url":"https:\/\/wp.ufpel.edu.br\/laboratorioelo\/","name":"LELO - UFPEL","description":"","publisher":{"@id":"https:\/\/wp.ufpel.edu.br\/laboratorioelo\/#organization"},"potentialAction":[{"@type":"SearchAction","target":{"@type":"EntryPoint","urlTemplate":"https:\/\/wp.ufpel.edu.br\/laboratorioelo\/?s={search_term_string}"},"query-input":{"@type":"PropertyValueSpecification","valueRequired":true,"valueName":"search_term_string"}}],"inLanguage":"pt-BR"},{"@type":"Organization","@id":"https:\/\/wp.ufpel.edu.br\/laboratorioelo\/#organization","name":"Laborat\u00f3rio ELO","url":"https:\/\/wp.ufpel.edu.br\/laboratorioelo\/","logo":{"@type":"ImageObject","inLanguage":"pt-BR","@id":"https:\/\/wp.ufpel.edu.br\/laboratorioelo\/#\/schema\/logo\/image\/","url":"https:\/\/wp.ufpel.edu.br\/laboratorioelo\/files\/2017\/08\/Lelo_logo_pretoBranco2-1.png","contentUrl":"https:\/\/wp.ufpel.edu.br\/laboratorioelo\/files\/2017\/08\/Lelo_logo_pretoBranco2-1.png","width":1153,"height":569,"caption":"Laborat\u00f3rio ELO"},"image":{"@id":"https:\/\/wp.ufpel.edu.br\/laboratorioelo\/#\/schema\/logo\/image\/"}}]}},"jetpack_sharing_enabled":true,"_links":{"self":[{"href":"https:\/\/wp.ufpel.edu.br\/laboratorioelo\/wp-json\/wp\/v2\/pages\/1198","targetHints":{"allow":["GET"]}}],"collection":[{"href":"https:\/\/wp.ufpel.edu.br\/laboratorioelo\/wp-json\/wp\/v2\/pages"}],"about":[{"href":"https:\/\/wp.ufpel.edu.br\/laboratorioelo\/wp-json\/wp\/v2\/types\/page"}],"author":[{"embeddable":true,"href":"https:\/\/wp.ufpel.edu.br\/laboratorioelo\/wp-json\/wp\/v2\/users\/386"}],"replies":[{"embeddable":true,"href":"https:\/\/wp.ufpel.edu.br\/laboratorioelo\/wp-json\/wp\/v2\/comments?post=1198"}],"version-history":[{"count":1,"href":"https:\/\/wp.ufpel.edu.br\/laboratorioelo\/wp-json\/wp\/v2\/pages\/1198\/revisions"}],"predecessor-version":[{"id":1202,"href":"https:\/\/wp.ufpel.edu.br\/laboratorioelo\/wp-json\/wp\/v2\/pages\/1198\/revisions\/1202"}],"wp:attachment":[{"href":"https:\/\/wp.ufpel.edu.br\/laboratorioelo\/wp-json\/wp\/v2\/media?parent=1198"}],"curies":[{"name":"wp","href":"https:\/\/api.w.org\/{rel}","templated":true}]}}