{"id":1166,"date":"2018-07-18T20:58:10","date_gmt":"2018-07-18T23:58:10","guid":{"rendered":"https:\/\/wp.ufpel.edu.br\/laboratorioelo\/?page_id=1166"},"modified":"2018-07-18T21:01:05","modified_gmt":"2018-07-19T00:01:05","slug":"2018-apresentacao-espanha-2","status":"publish","type":"page","link":"https:\/\/wp.ufpel.edu.br\/laboratorioelo\/2018-apresentacao-espanha-2\/","title":{"rendered":"Pesquisadora do LELO apresenta resultado de disserta\u00e7\u00e3o na Espanha"},"content":{"rendered":"<p style=\"text-align: justify\">Bruna Teixeira Correa, mestre em Estudos da Linguagem pela UFPEL, pesquisadora do Laborat\u00f3rio Emerg\u00eancia da Linguagem Oral (LELO), apresentou os resultados de sua disserta\u00e7\u00e3o de Mestrado em evento realizado na Universidade Vigo na Espanha. O trabalho \u201cAquisi\u00e7\u00e3o das vogais nasais francesas: dados articulat\u00f3rios\u201d, orientado pela Profa. Giovana Ferreira-Gon\u00e7alves e co-orientado pela Profa. Mirian Rose Brum de Paula, foi apresentado nesta sexta-feira (15) no XIII Congreso Internacional de Lingu\u00edstica Xeral\u201d. O LELO\/UFPel, equipado por meio de editais externos financiados pela FAPERGS, CNPq e CAPES,\u00a0 \u00e9 um dos poucos laborat\u00f3rio no Brasil que disp\u00f5e de estrutura adequada para a<br \/>\nrealiza\u00e7\u00e3o de pesquisas que utilizam a ultrassonografia como ferramenta metodol\u00f3gica para investiga\u00e7\u00f5es acerca da aquisi\u00e7\u00e3o da linguagem.<\/p>\n<p><img loading=\"lazy\" decoding=\"async\" class=\"aligncenter wp-image-908 size-large\" title=\"Bruna Teixeira Correa \" src=\"https:\/\/wp.ufpel.edu.br\/laboratorioelo\/files\/2018\/06\/IMG_5600-1-1024x576.jpg\" alt=\"\" width=\"1000\" height=\"563\" srcset=\"https:\/\/wp.ufpel.edu.br\/laboratorioelo\/files\/2018\/06\/IMG_5600-1-1024x576.jpg 1024w, https:\/\/wp.ufpel.edu.br\/laboratorioelo\/files\/2018\/06\/IMG_5600-1-400x225.jpg 400w, https:\/\/wp.ufpel.edu.br\/laboratorioelo\/files\/2018\/06\/IMG_5600-1-768x432.jpg 768w, https:\/\/wp.ufpel.edu.br\/laboratorioelo\/files\/2018\/06\/IMG_5600-1-533x300.jpg 533w, https:\/\/wp.ufpel.edu.br\/laboratorioelo\/files\/2018\/06\/IMG_5600-1.jpg 1032w\" sizes=\"auto, (max-width: 1000px) 100vw, 1000px\" \/><\/p>\n","protected":false},"excerpt":{"rendered":"<p>Bruna Teixeira Correa, mestre em Estudos da Linguagem pela UFPEL, pesquisadora do Laborat\u00f3rio Emerg\u00eancia da Linguagem Oral (LELO), apresentou os resultados de sua disserta\u00e7\u00e3o de Mestrado em evento realizado na Universidade Vigo na Espanha. O trabalho \u201cAquisi\u00e7\u00e3o das vogais nasais francesas: dados articulat\u00f3rios\u201d, orientado pela Profa. Giovana Ferreira-Gon\u00e7alves e co-orientado pela Profa. Mirian Rose Brum&#8230; <\/p>\n<div class=\"link-more\"><a href=\"https:\/\/wp.ufpel.edu.br\/laboratorioelo\/2018-apresentacao-espanha-2\/\">Leia mais<\/a><\/div>\n","protected":false},"author":386,"featured_media":0,"parent":0,"menu_order":0,"comment_status":"closed","ping_status":"closed","template":"","meta":{"footnotes":""},"class_list":["post-1166","page","type-page","status-publish","hentry"],"yoast_head":"<!-- This site is optimized with the Yoast SEO plugin v26.7 - https:\/\/yoast.com\/wordpress\/plugins\/seo\/ -->\n<title>Pesquisadora do LELO apresenta resultado de disserta\u00e7\u00e3o na Espanha - LELO - UFPel<\/title>\n<meta name=\"robots\" content=\"index, follow, max-snippet:-1, max-image-preview:large, max-video-preview:-1\" \/>\n<link rel=\"canonical\" href=\"https:\/\/wp.ufpel.edu.br\/laboratorioelo\/2018-apresentacao-espanha-2\/\" \/>\n<meta property=\"og:locale\" content=\"pt_BR\" \/>\n<meta property=\"og:type\" content=\"article\" \/>\n<meta property=\"og:title\" content=\"Pesquisadora do LELO apresenta resultado de disserta\u00e7\u00e3o na Espanha - LELO - UFPel\" \/>\n<meta property=\"og:description\" content=\"Bruna Teixeira Correa, mestre em Estudos da Linguagem pela UFPEL, pesquisadora do Laborat\u00f3rio Emerg\u00eancia da Linguagem Oral (LELO), apresentou os resultados de sua disserta\u00e7\u00e3o de Mestrado em evento realizado na Universidade Vigo na Espanha. O trabalho \u201cAquisi\u00e7\u00e3o das vogais nasais francesas: dados articulat\u00f3rios\u201d, orientado pela Profa. Giovana Ferreira-Gon\u00e7alves e co-orientado pela Profa. Mirian Rose Brum... Leia mais\" \/>\n<meta property=\"og:url\" content=\"https:\/\/wp.ufpel.edu.br\/laboratorioelo\/2018-apresentacao-espanha-2\/\" \/>\n<meta property=\"og:site_name\" content=\"LELO - UFPel\" \/>\n<meta property=\"article:modified_time\" content=\"2018-07-19T00:01:05+00:00\" \/>\n<meta property=\"og:image\" content=\"https:\/\/wp.ufpel.edu.br\/laboratorioelo\/files\/2018\/06\/IMG_5600-1-1024x576.jpg\" \/>\n<meta name=\"twitter:card\" content=\"summary_large_image\" \/>\n<meta name=\"twitter:label1\" content=\"Est. tempo de leitura\" \/>\n\t<meta name=\"twitter:data1\" content=\"1 minuto\" \/>\n<script type=\"application\/ld+json\" class=\"yoast-schema-graph\">{\"@context\":\"https:\/\/schema.org\",\"@graph\":[{\"@type\":\"WebPage\",\"@id\":\"https:\/\/wp.ufpel.edu.br\/laboratorioelo\/2018-apresentacao-espanha-2\/\",\"url\":\"https:\/\/wp.ufpel.edu.br\/laboratorioelo\/2018-apresentacao-espanha-2\/\",\"name\":\"Pesquisadora do LELO apresenta resultado de disserta\u00e7\u00e3o na Espanha - LELO - UFPel\",\"isPartOf\":{\"@id\":\"https:\/\/wp.ufpel.edu.br\/laboratorioelo\/#website\"},\"primaryImageOfPage\":{\"@id\":\"https:\/\/wp.ufpel.edu.br\/laboratorioelo\/2018-apresentacao-espanha-2\/#primaryimage\"},\"image\":{\"@id\":\"https:\/\/wp.ufpel.edu.br\/laboratorioelo\/2018-apresentacao-espanha-2\/#primaryimage\"},\"thumbnailUrl\":\"https:\/\/wp.ufpel.edu.br\/laboratorioelo\/files\/2018\/06\/IMG_5600-1-1024x576.jpg\",\"datePublished\":\"2018-07-18T23:58:10+00:00\",\"dateModified\":\"2018-07-19T00:01:05+00:00\",\"breadcrumb\":{\"@id\":\"https:\/\/wp.ufpel.edu.br\/laboratorioelo\/2018-apresentacao-espanha-2\/#breadcrumb\"},\"inLanguage\":\"pt-BR\",\"potentialAction\":[{\"@type\":\"ReadAction\",\"target\":[\"https:\/\/wp.ufpel.edu.br\/laboratorioelo\/2018-apresentacao-espanha-2\/\"]}]},{\"@type\":\"ImageObject\",\"inLanguage\":\"pt-BR\",\"@id\":\"https:\/\/wp.ufpel.edu.br\/laboratorioelo\/2018-apresentacao-espanha-2\/#primaryimage\",\"url\":\"https:\/\/wp.ufpel.edu.br\/laboratorioelo\/files\/2018\/06\/IMG_5600-1.jpg\",\"contentUrl\":\"https:\/\/wp.ufpel.edu.br\/laboratorioelo\/files\/2018\/06\/IMG_5600-1.jpg\",\"width\":1032,\"height\":581},{\"@type\":\"BreadcrumbList\",\"@id\":\"https:\/\/wp.ufpel.edu.br\/laboratorioelo\/2018-apresentacao-espanha-2\/#breadcrumb\",\"itemListElement\":[{\"@type\":\"ListItem\",\"position\":1,\"name\":\"Home\",\"item\":\"https:\/\/wp.ufpel.edu.br\/laboratorioelo\/\"},{\"@type\":\"ListItem\",\"position\":2,\"name\":\"Pesquisadora do LELO apresenta resultado de disserta\u00e7\u00e3o na Espanha\"}]},{\"@type\":\"WebSite\",\"@id\":\"https:\/\/wp.ufpel.edu.br\/laboratorioelo\/#website\",\"url\":\"https:\/\/wp.ufpel.edu.br\/laboratorioelo\/\",\"name\":\"LELO - UFPEL\",\"description\":\"\",\"publisher\":{\"@id\":\"https:\/\/wp.ufpel.edu.br\/laboratorioelo\/#organization\"},\"potentialAction\":[{\"@type\":\"SearchAction\",\"target\":{\"@type\":\"EntryPoint\",\"urlTemplate\":\"https:\/\/wp.ufpel.edu.br\/laboratorioelo\/?s={search_term_string}\"},\"query-input\":{\"@type\":\"PropertyValueSpecification\",\"valueRequired\":true,\"valueName\":\"search_term_string\"}}],\"inLanguage\":\"pt-BR\"},{\"@type\":\"Organization\",\"@id\":\"https:\/\/wp.ufpel.edu.br\/laboratorioelo\/#organization\",\"name\":\"Laborat\u00f3rio ELO\",\"url\":\"https:\/\/wp.ufpel.edu.br\/laboratorioelo\/\",\"logo\":{\"@type\":\"ImageObject\",\"inLanguage\":\"pt-BR\",\"@id\":\"https:\/\/wp.ufpel.edu.br\/laboratorioelo\/#\/schema\/logo\/image\/\",\"url\":\"https:\/\/wp.ufpel.edu.br\/laboratorioelo\/files\/2017\/08\/Lelo_logo_pretoBranco2-1.png\",\"contentUrl\":\"https:\/\/wp.ufpel.edu.br\/laboratorioelo\/files\/2017\/08\/Lelo_logo_pretoBranco2-1.png\",\"width\":1153,\"height\":569,\"caption\":\"Laborat\u00f3rio ELO\"},\"image\":{\"@id\":\"https:\/\/wp.ufpel.edu.br\/laboratorioelo\/#\/schema\/logo\/image\/\"}}]}<\/script>\n<!-- \/ Yoast SEO plugin. -->","yoast_head_json":{"title":"Pesquisadora do LELO apresenta resultado de disserta\u00e7\u00e3o na Espanha - LELO - UFPel","robots":{"index":"index","follow":"follow","max-snippet":"max-snippet:-1","max-image-preview":"max-image-preview:large","max-video-preview":"max-video-preview:-1"},"canonical":"https:\/\/wp.ufpel.edu.br\/laboratorioelo\/2018-apresentacao-espanha-2\/","og_locale":"pt_BR","og_type":"article","og_title":"Pesquisadora do LELO apresenta resultado de disserta\u00e7\u00e3o na Espanha - LELO - UFPel","og_description":"Bruna Teixeira Correa, mestre em Estudos da Linguagem pela UFPEL, pesquisadora do Laborat\u00f3rio Emerg\u00eancia da Linguagem Oral (LELO), apresentou os resultados de sua disserta\u00e7\u00e3o de Mestrado em evento realizado na Universidade Vigo na Espanha. O trabalho \u201cAquisi\u00e7\u00e3o das vogais nasais francesas: dados articulat\u00f3rios\u201d, orientado pela Profa. Giovana Ferreira-Gon\u00e7alves e co-orientado pela Profa. Mirian Rose Brum... Leia mais","og_url":"https:\/\/wp.ufpel.edu.br\/laboratorioelo\/2018-apresentacao-espanha-2\/","og_site_name":"LELO - UFPel","article_modified_time":"2018-07-19T00:01:05+00:00","og_image":[{"url":"https:\/\/wp.ufpel.edu.br\/laboratorioelo\/files\/2018\/06\/IMG_5600-1-1024x576.jpg","type":"","width":"","height":""}],"twitter_card":"summary_large_image","twitter_misc":{"Est. tempo de leitura":"1 minuto"},"schema":{"@context":"https:\/\/schema.org","@graph":[{"@type":"WebPage","@id":"https:\/\/wp.ufpel.edu.br\/laboratorioelo\/2018-apresentacao-espanha-2\/","url":"https:\/\/wp.ufpel.edu.br\/laboratorioelo\/2018-apresentacao-espanha-2\/","name":"Pesquisadora do LELO apresenta resultado de disserta\u00e7\u00e3o na Espanha - LELO - UFPel","isPartOf":{"@id":"https:\/\/wp.ufpel.edu.br\/laboratorioelo\/#website"},"primaryImageOfPage":{"@id":"https:\/\/wp.ufpel.edu.br\/laboratorioelo\/2018-apresentacao-espanha-2\/#primaryimage"},"image":{"@id":"https:\/\/wp.ufpel.edu.br\/laboratorioelo\/2018-apresentacao-espanha-2\/#primaryimage"},"thumbnailUrl":"https:\/\/wp.ufpel.edu.br\/laboratorioelo\/files\/2018\/06\/IMG_5600-1-1024x576.jpg","datePublished":"2018-07-18T23:58:10+00:00","dateModified":"2018-07-19T00:01:05+00:00","breadcrumb":{"@id":"https:\/\/wp.ufpel.edu.br\/laboratorioelo\/2018-apresentacao-espanha-2\/#breadcrumb"},"inLanguage":"pt-BR","potentialAction":[{"@type":"ReadAction","target":["https:\/\/wp.ufpel.edu.br\/laboratorioelo\/2018-apresentacao-espanha-2\/"]}]},{"@type":"ImageObject","inLanguage":"pt-BR","@id":"https:\/\/wp.ufpel.edu.br\/laboratorioelo\/2018-apresentacao-espanha-2\/#primaryimage","url":"https:\/\/wp.ufpel.edu.br\/laboratorioelo\/files\/2018\/06\/IMG_5600-1.jpg","contentUrl":"https:\/\/wp.ufpel.edu.br\/laboratorioelo\/files\/2018\/06\/IMG_5600-1.jpg","width":1032,"height":581},{"@type":"BreadcrumbList","@id":"https:\/\/wp.ufpel.edu.br\/laboratorioelo\/2018-apresentacao-espanha-2\/#breadcrumb","itemListElement":[{"@type":"ListItem","position":1,"name":"Home","item":"https:\/\/wp.ufpel.edu.br\/laboratorioelo\/"},{"@type":"ListItem","position":2,"name":"Pesquisadora do LELO apresenta resultado de disserta\u00e7\u00e3o na Espanha"}]},{"@type":"WebSite","@id":"https:\/\/wp.ufpel.edu.br\/laboratorioelo\/#website","url":"https:\/\/wp.ufpel.edu.br\/laboratorioelo\/","name":"LELO - UFPEL","description":"","publisher":{"@id":"https:\/\/wp.ufpel.edu.br\/laboratorioelo\/#organization"},"potentialAction":[{"@type":"SearchAction","target":{"@type":"EntryPoint","urlTemplate":"https:\/\/wp.ufpel.edu.br\/laboratorioelo\/?s={search_term_string}"},"query-input":{"@type":"PropertyValueSpecification","valueRequired":true,"valueName":"search_term_string"}}],"inLanguage":"pt-BR"},{"@type":"Organization","@id":"https:\/\/wp.ufpel.edu.br\/laboratorioelo\/#organization","name":"Laborat\u00f3rio ELO","url":"https:\/\/wp.ufpel.edu.br\/laboratorioelo\/","logo":{"@type":"ImageObject","inLanguage":"pt-BR","@id":"https:\/\/wp.ufpel.edu.br\/laboratorioelo\/#\/schema\/logo\/image\/","url":"https:\/\/wp.ufpel.edu.br\/laboratorioelo\/files\/2017\/08\/Lelo_logo_pretoBranco2-1.png","contentUrl":"https:\/\/wp.ufpel.edu.br\/laboratorioelo\/files\/2017\/08\/Lelo_logo_pretoBranco2-1.png","width":1153,"height":569,"caption":"Laborat\u00f3rio ELO"},"image":{"@id":"https:\/\/wp.ufpel.edu.br\/laboratorioelo\/#\/schema\/logo\/image\/"}}]}},"jetpack_sharing_enabled":true,"_links":{"self":[{"href":"https:\/\/wp.ufpel.edu.br\/laboratorioelo\/wp-json\/wp\/v2\/pages\/1166","targetHints":{"allow":["GET"]}}],"collection":[{"href":"https:\/\/wp.ufpel.edu.br\/laboratorioelo\/wp-json\/wp\/v2\/pages"}],"about":[{"href":"https:\/\/wp.ufpel.edu.br\/laboratorioelo\/wp-json\/wp\/v2\/types\/page"}],"author":[{"embeddable":true,"href":"https:\/\/wp.ufpel.edu.br\/laboratorioelo\/wp-json\/wp\/v2\/users\/386"}],"replies":[{"embeddable":true,"href":"https:\/\/wp.ufpel.edu.br\/laboratorioelo\/wp-json\/wp\/v2\/comments?post=1166"}],"version-history":[{"count":2,"href":"https:\/\/wp.ufpel.edu.br\/laboratorioelo\/wp-json\/wp\/v2\/pages\/1166\/revisions"}],"predecessor-version":[{"id":1169,"href":"https:\/\/wp.ufpel.edu.br\/laboratorioelo\/wp-json\/wp\/v2\/pages\/1166\/revisions\/1169"}],"wp:attachment":[{"href":"https:\/\/wp.ufpel.edu.br\/laboratorioelo\/wp-json\/wp\/v2\/media?parent=1166"}],"curies":[{"name":"wp","href":"https:\/\/api.w.org\/{rel}","templated":true}]}}