{"id":1160,"date":"2018-07-18T20:55:16","date_gmt":"2018-07-18T23:55:16","guid":{"rendered":"https:\/\/wp.ufpel.edu.br\/laboratorioelo\/?page_id=1160"},"modified":"2018-07-18T20:55:16","modified_gmt":"2018-07-18T23:55:16","slug":"2018-apresentacao-espanha-1","status":"publish","type":"page","link":"https:\/\/wp.ufpel.edu.br\/laboratorioelo\/2018-apresentacao-espanha-1\/","title":{"rendered":"Bolsista de inicia\u00e7\u00e3o cient\u00edfica do LELO apresenta trabalho na Espanha"},"content":{"rendered":"<p style=\"text-align: justify\">A acad\u00eamica do curso de Licenciatura em Letras Portugu\u00eas\/Espanhol, La\u00eds Silva Garcia, apresentou, na manh\u00e3 de quinta-feira (14), comunica\u00e7\u00e3o no \u201cXIII Congreso Internacional de Lingu\u00edstica Xeral\u201d, que aconteceu de 13 a 15 de junho na Facultade de Filolox\u00eda e Traduci\u00f3n da Universidade de Vigo, em Vigo\/Espanha. La\u00eds \u00e9 bolsista de pesquisa PIBIC\/CNPq, vinculada ao Laborat\u00f3rio Emerg\u00eancia da Linguagem Oral (LELO\/UFPel), onde desenvolve investiga\u00e7\u00e3o na \u00e1rea de fon\u00e9tica e fonologia do Espanhol como l\u00edngua estrangeira. O trabalho apresentado em Vigo, \u201cAquisi\u00e7\u00e3o da consoante lateral p\u00f3s-voc\u00e1lica do espanhol: instru\u00e7\u00e3o expl\u00edcita por meio da ultrassonografia\u201d, \u00e9 orientado pela Profa. Dr. Giovana Ferreira Gon\u00e7alves (UFPel\/CNPq) e se vincula a projetos de pesquisa apoiados pelos Editais Pesquisador Ga\u00facho\/FAPERGS e CHSSA\/CNPq.<\/p>\n<p><img loading=\"lazy\" decoding=\"async\" class=\"alignleft size-full wp-image-872\" src=\"https:\/\/wp.ufpel.edu.br\/laboratorioelo\/files\/2018\/06\/35329822_1979356662139182_3926778136468914176_n.jpg\" alt=\"\" width=\"1032\" height=\"581\" srcset=\"https:\/\/wp.ufpel.edu.br\/laboratorioelo\/files\/2018\/06\/35329822_1979356662139182_3926778136468914176_n.jpg 1032w, https:\/\/wp.ufpel.edu.br\/laboratorioelo\/files\/2018\/06\/35329822_1979356662139182_3926778136468914176_n-400x225.jpg 400w, https:\/\/wp.ufpel.edu.br\/laboratorioelo\/files\/2018\/06\/35329822_1979356662139182_3926778136468914176_n-768x432.jpg 768w, https:\/\/wp.ufpel.edu.br\/laboratorioelo\/files\/2018\/06\/35329822_1979356662139182_3926778136468914176_n-1024x576.jpg 1024w, https:\/\/wp.ufpel.edu.br\/laboratorioelo\/files\/2018\/06\/35329822_1979356662139182_3926778136468914176_n-533x300.jpg 533w\" sizes=\"auto, (max-width: 1032px) 100vw, 1032px\" \/><\/p>\n","protected":false},"excerpt":{"rendered":"<p>A acad\u00eamica do curso de Licenciatura em Letras Portugu\u00eas\/Espanhol, La\u00eds Silva Garcia, apresentou, na manh\u00e3 de quinta-feira (14), comunica\u00e7\u00e3o no \u201cXIII Congreso Internacional de Lingu\u00edstica Xeral\u201d, que aconteceu de 13 a 15 de junho na Facultade de Filolox\u00eda e Traduci\u00f3n da Universidade de Vigo, em Vigo\/Espanha. La\u00eds \u00e9 bolsista de pesquisa PIBIC\/CNPq, vinculada ao Laborat\u00f3rio&#8230; <\/p>\n<div class=\"link-more\"><a href=\"https:\/\/wp.ufpel.edu.br\/laboratorioelo\/2018-apresentacao-espanha-1\/\">Leia mais<\/a><\/div>\n","protected":false},"author":386,"featured_media":0,"parent":0,"menu_order":0,"comment_status":"closed","ping_status":"closed","template":"","meta":{"footnotes":""},"class_list":["post-1160","page","type-page","status-publish","hentry"],"yoast_head":"<!-- This site is optimized with the Yoast SEO plugin v26.7 - https:\/\/yoast.com\/wordpress\/plugins\/seo\/ -->\n<title>Bolsista de inicia\u00e7\u00e3o cient\u00edfica do LELO apresenta trabalho na Espanha - LELO - UFPel<\/title>\n<meta name=\"robots\" content=\"index, follow, max-snippet:-1, max-image-preview:large, max-video-preview:-1\" \/>\n<link rel=\"canonical\" href=\"https:\/\/wp.ufpel.edu.br\/laboratorioelo\/2018-apresentacao-espanha-1\/\" \/>\n<meta property=\"og:locale\" content=\"pt_BR\" \/>\n<meta property=\"og:type\" content=\"article\" \/>\n<meta property=\"og:title\" content=\"Bolsista de inicia\u00e7\u00e3o cient\u00edfica do LELO apresenta trabalho na Espanha - LELO - UFPel\" \/>\n<meta property=\"og:description\" content=\"A acad\u00eamica do curso de Licenciatura em Letras Portugu\u00eas\/Espanhol, La\u00eds Silva Garcia, apresentou, na manh\u00e3 de quinta-feira (14), comunica\u00e7\u00e3o no \u201cXIII Congreso Internacional de Lingu\u00edstica Xeral\u201d, que aconteceu de 13 a 15 de junho na Facultade de Filolox\u00eda e Traduci\u00f3n da Universidade de Vigo, em Vigo\/Espanha. La\u00eds \u00e9 bolsista de pesquisa PIBIC\/CNPq, vinculada ao Laborat\u00f3rio... Leia mais\" \/>\n<meta property=\"og:url\" content=\"https:\/\/wp.ufpel.edu.br\/laboratorioelo\/2018-apresentacao-espanha-1\/\" \/>\n<meta property=\"og:site_name\" content=\"LELO - UFPel\" \/>\n<meta property=\"og:image\" content=\"https:\/\/wp.ufpel.edu.br\/laboratorioelo\/files\/2018\/06\/35329822_1979356662139182_3926778136468914176_n.jpg\" \/>\n<meta name=\"twitter:card\" content=\"summary_large_image\" \/>\n<meta name=\"twitter:label1\" content=\"Est. tempo de leitura\" \/>\n\t<meta name=\"twitter:data1\" content=\"1 minuto\" \/>\n<script type=\"application\/ld+json\" class=\"yoast-schema-graph\">{\"@context\":\"https:\/\/schema.org\",\"@graph\":[{\"@type\":\"WebPage\",\"@id\":\"https:\/\/wp.ufpel.edu.br\/laboratorioelo\/2018-apresentacao-espanha-1\/\",\"url\":\"https:\/\/wp.ufpel.edu.br\/laboratorioelo\/2018-apresentacao-espanha-1\/\",\"name\":\"Bolsista de inicia\u00e7\u00e3o cient\u00edfica do LELO apresenta trabalho na Espanha - LELO - UFPel\",\"isPartOf\":{\"@id\":\"https:\/\/wp.ufpel.edu.br\/laboratorioelo\/#website\"},\"primaryImageOfPage\":{\"@id\":\"https:\/\/wp.ufpel.edu.br\/laboratorioelo\/2018-apresentacao-espanha-1\/#primaryimage\"},\"image\":{\"@id\":\"https:\/\/wp.ufpel.edu.br\/laboratorioelo\/2018-apresentacao-espanha-1\/#primaryimage\"},\"thumbnailUrl\":\"https:\/\/wp.ufpel.edu.br\/laboratorioelo\/files\/2018\/06\/35329822_1979356662139182_3926778136468914176_n.jpg\",\"datePublished\":\"2018-07-18T23:55:16+00:00\",\"breadcrumb\":{\"@id\":\"https:\/\/wp.ufpel.edu.br\/laboratorioelo\/2018-apresentacao-espanha-1\/#breadcrumb\"},\"inLanguage\":\"pt-BR\",\"potentialAction\":[{\"@type\":\"ReadAction\",\"target\":[\"https:\/\/wp.ufpel.edu.br\/laboratorioelo\/2018-apresentacao-espanha-1\/\"]}]},{\"@type\":\"ImageObject\",\"inLanguage\":\"pt-BR\",\"@id\":\"https:\/\/wp.ufpel.edu.br\/laboratorioelo\/2018-apresentacao-espanha-1\/#primaryimage\",\"url\":\"https:\/\/wp.ufpel.edu.br\/laboratorioelo\/files\/2018\/06\/35329822_1979356662139182_3926778136468914176_n.jpg\",\"contentUrl\":\"https:\/\/wp.ufpel.edu.br\/laboratorioelo\/files\/2018\/06\/35329822_1979356662139182_3926778136468914176_n.jpg\",\"width\":1032,\"height\":581},{\"@type\":\"BreadcrumbList\",\"@id\":\"https:\/\/wp.ufpel.edu.br\/laboratorioelo\/2018-apresentacao-espanha-1\/#breadcrumb\",\"itemListElement\":[{\"@type\":\"ListItem\",\"position\":1,\"name\":\"Home\",\"item\":\"https:\/\/wp.ufpel.edu.br\/laboratorioelo\/\"},{\"@type\":\"ListItem\",\"position\":2,\"name\":\"Bolsista de inicia\u00e7\u00e3o cient\u00edfica do LELO apresenta trabalho na Espanha\"}]},{\"@type\":\"WebSite\",\"@id\":\"https:\/\/wp.ufpel.edu.br\/laboratorioelo\/#website\",\"url\":\"https:\/\/wp.ufpel.edu.br\/laboratorioelo\/\",\"name\":\"LELO - UFPEL\",\"description\":\"\",\"publisher\":{\"@id\":\"https:\/\/wp.ufpel.edu.br\/laboratorioelo\/#organization\"},\"potentialAction\":[{\"@type\":\"SearchAction\",\"target\":{\"@type\":\"EntryPoint\",\"urlTemplate\":\"https:\/\/wp.ufpel.edu.br\/laboratorioelo\/?s={search_term_string}\"},\"query-input\":{\"@type\":\"PropertyValueSpecification\",\"valueRequired\":true,\"valueName\":\"search_term_string\"}}],\"inLanguage\":\"pt-BR\"},{\"@type\":\"Organization\",\"@id\":\"https:\/\/wp.ufpel.edu.br\/laboratorioelo\/#organization\",\"name\":\"Laborat\u00f3rio ELO\",\"url\":\"https:\/\/wp.ufpel.edu.br\/laboratorioelo\/\",\"logo\":{\"@type\":\"ImageObject\",\"inLanguage\":\"pt-BR\",\"@id\":\"https:\/\/wp.ufpel.edu.br\/laboratorioelo\/#\/schema\/logo\/image\/\",\"url\":\"https:\/\/wp.ufpel.edu.br\/laboratorioelo\/files\/2017\/08\/Lelo_logo_pretoBranco2-1.png\",\"contentUrl\":\"https:\/\/wp.ufpel.edu.br\/laboratorioelo\/files\/2017\/08\/Lelo_logo_pretoBranco2-1.png\",\"width\":1153,\"height\":569,\"caption\":\"Laborat\u00f3rio ELO\"},\"image\":{\"@id\":\"https:\/\/wp.ufpel.edu.br\/laboratorioelo\/#\/schema\/logo\/image\/\"}}]}<\/script>\n<!-- \/ Yoast SEO plugin. -->","yoast_head_json":{"title":"Bolsista de inicia\u00e7\u00e3o cient\u00edfica do LELO apresenta trabalho na Espanha - LELO - UFPel","robots":{"index":"index","follow":"follow","max-snippet":"max-snippet:-1","max-image-preview":"max-image-preview:large","max-video-preview":"max-video-preview:-1"},"canonical":"https:\/\/wp.ufpel.edu.br\/laboratorioelo\/2018-apresentacao-espanha-1\/","og_locale":"pt_BR","og_type":"article","og_title":"Bolsista de inicia\u00e7\u00e3o cient\u00edfica do LELO apresenta trabalho na Espanha - LELO - UFPel","og_description":"A acad\u00eamica do curso de Licenciatura em Letras Portugu\u00eas\/Espanhol, La\u00eds Silva Garcia, apresentou, na manh\u00e3 de quinta-feira (14), comunica\u00e7\u00e3o no \u201cXIII Congreso Internacional de Lingu\u00edstica Xeral\u201d, que aconteceu de 13 a 15 de junho na Facultade de Filolox\u00eda e Traduci\u00f3n da Universidade de Vigo, em Vigo\/Espanha. La\u00eds \u00e9 bolsista de pesquisa PIBIC\/CNPq, vinculada ao Laborat\u00f3rio... Leia mais","og_url":"https:\/\/wp.ufpel.edu.br\/laboratorioelo\/2018-apresentacao-espanha-1\/","og_site_name":"LELO - UFPel","og_image":[{"url":"https:\/\/wp.ufpel.edu.br\/laboratorioelo\/files\/2018\/06\/35329822_1979356662139182_3926778136468914176_n.jpg","type":"","width":"","height":""}],"twitter_card":"summary_large_image","twitter_misc":{"Est. tempo de leitura":"1 minuto"},"schema":{"@context":"https:\/\/schema.org","@graph":[{"@type":"WebPage","@id":"https:\/\/wp.ufpel.edu.br\/laboratorioelo\/2018-apresentacao-espanha-1\/","url":"https:\/\/wp.ufpel.edu.br\/laboratorioelo\/2018-apresentacao-espanha-1\/","name":"Bolsista de inicia\u00e7\u00e3o cient\u00edfica do LELO apresenta trabalho na Espanha - LELO - UFPel","isPartOf":{"@id":"https:\/\/wp.ufpel.edu.br\/laboratorioelo\/#website"},"primaryImageOfPage":{"@id":"https:\/\/wp.ufpel.edu.br\/laboratorioelo\/2018-apresentacao-espanha-1\/#primaryimage"},"image":{"@id":"https:\/\/wp.ufpel.edu.br\/laboratorioelo\/2018-apresentacao-espanha-1\/#primaryimage"},"thumbnailUrl":"https:\/\/wp.ufpel.edu.br\/laboratorioelo\/files\/2018\/06\/35329822_1979356662139182_3926778136468914176_n.jpg","datePublished":"2018-07-18T23:55:16+00:00","breadcrumb":{"@id":"https:\/\/wp.ufpel.edu.br\/laboratorioelo\/2018-apresentacao-espanha-1\/#breadcrumb"},"inLanguage":"pt-BR","potentialAction":[{"@type":"ReadAction","target":["https:\/\/wp.ufpel.edu.br\/laboratorioelo\/2018-apresentacao-espanha-1\/"]}]},{"@type":"ImageObject","inLanguage":"pt-BR","@id":"https:\/\/wp.ufpel.edu.br\/laboratorioelo\/2018-apresentacao-espanha-1\/#primaryimage","url":"https:\/\/wp.ufpel.edu.br\/laboratorioelo\/files\/2018\/06\/35329822_1979356662139182_3926778136468914176_n.jpg","contentUrl":"https:\/\/wp.ufpel.edu.br\/laboratorioelo\/files\/2018\/06\/35329822_1979356662139182_3926778136468914176_n.jpg","width":1032,"height":581},{"@type":"BreadcrumbList","@id":"https:\/\/wp.ufpel.edu.br\/laboratorioelo\/2018-apresentacao-espanha-1\/#breadcrumb","itemListElement":[{"@type":"ListItem","position":1,"name":"Home","item":"https:\/\/wp.ufpel.edu.br\/laboratorioelo\/"},{"@type":"ListItem","position":2,"name":"Bolsista de inicia\u00e7\u00e3o cient\u00edfica do LELO apresenta trabalho na Espanha"}]},{"@type":"WebSite","@id":"https:\/\/wp.ufpel.edu.br\/laboratorioelo\/#website","url":"https:\/\/wp.ufpel.edu.br\/laboratorioelo\/","name":"LELO - UFPEL","description":"","publisher":{"@id":"https:\/\/wp.ufpel.edu.br\/laboratorioelo\/#organization"},"potentialAction":[{"@type":"SearchAction","target":{"@type":"EntryPoint","urlTemplate":"https:\/\/wp.ufpel.edu.br\/laboratorioelo\/?s={search_term_string}"},"query-input":{"@type":"PropertyValueSpecification","valueRequired":true,"valueName":"search_term_string"}}],"inLanguage":"pt-BR"},{"@type":"Organization","@id":"https:\/\/wp.ufpel.edu.br\/laboratorioelo\/#organization","name":"Laborat\u00f3rio ELO","url":"https:\/\/wp.ufpel.edu.br\/laboratorioelo\/","logo":{"@type":"ImageObject","inLanguage":"pt-BR","@id":"https:\/\/wp.ufpel.edu.br\/laboratorioelo\/#\/schema\/logo\/image\/","url":"https:\/\/wp.ufpel.edu.br\/laboratorioelo\/files\/2017\/08\/Lelo_logo_pretoBranco2-1.png","contentUrl":"https:\/\/wp.ufpel.edu.br\/laboratorioelo\/files\/2017\/08\/Lelo_logo_pretoBranco2-1.png","width":1153,"height":569,"caption":"Laborat\u00f3rio ELO"},"image":{"@id":"https:\/\/wp.ufpel.edu.br\/laboratorioelo\/#\/schema\/logo\/image\/"}}]}},"jetpack_sharing_enabled":true,"_links":{"self":[{"href":"https:\/\/wp.ufpel.edu.br\/laboratorioelo\/wp-json\/wp\/v2\/pages\/1160","targetHints":{"allow":["GET"]}}],"collection":[{"href":"https:\/\/wp.ufpel.edu.br\/laboratorioelo\/wp-json\/wp\/v2\/pages"}],"about":[{"href":"https:\/\/wp.ufpel.edu.br\/laboratorioelo\/wp-json\/wp\/v2\/types\/page"}],"author":[{"embeddable":true,"href":"https:\/\/wp.ufpel.edu.br\/laboratorioelo\/wp-json\/wp\/v2\/users\/386"}],"replies":[{"embeddable":true,"href":"https:\/\/wp.ufpel.edu.br\/laboratorioelo\/wp-json\/wp\/v2\/comments?post=1160"}],"version-history":[{"count":1,"href":"https:\/\/wp.ufpel.edu.br\/laboratorioelo\/wp-json\/wp\/v2\/pages\/1160\/revisions"}],"predecessor-version":[{"id":1162,"href":"https:\/\/wp.ufpel.edu.br\/laboratorioelo\/wp-json\/wp\/v2\/pages\/1160\/revisions\/1162"}],"wp:attachment":[{"href":"https:\/\/wp.ufpel.edu.br\/laboratorioelo\/wp-json\/wp\/v2\/media?parent=1160"}],"curies":[{"name":"wp","href":"https:\/\/api.w.org\/{rel}","templated":true}]}}