{"id":1134,"date":"2018-07-18T19:24:35","date_gmt":"2018-07-18T22:24:35","guid":{"rendered":"https:\/\/wp.ufpel.edu.br\/laboratorioelo\/?page_id=1134"},"modified":"2018-07-18T19:33:34","modified_gmt":"2018-07-18T22:33:34","slug":"2017-programacao-iwusef","status":"publish","type":"page","link":"https:\/\/wp.ufpel.edu.br\/laboratorioelo\/2017-programacao-iwusef\/","title":{"rendered":"Programa\u00e7\u00e3o: I Workshop em Ultrassonografia e Estudos da Fala"},"content":{"rendered":"<h4 style=\"text-align: center\"><strong>08\/11\/17 \u2013 10\/11\/17 \u00a0 | \u00a0 UFSC \u00a0\u2013\u00a0<\/strong><strong>FLORIAN\u00d3POLIS, SC<\/strong><\/h4>\n<p style=\"text-align: center\"><span style=\"color: #000000;font-size: 24pt\"><b>Programa\u00e7\u00e3o<\/b><\/span><\/p>\n<p><img loading=\"lazy\" decoding=\"async\" class=\"size-full wp-image-517 aligncenter\" src=\"https:\/\/wp.ufpel.edu.br\/laboratorioelo\/files\/2017\/08\/WUSEF.001.jpg\" alt=\"\" width=\"890\" height=\"502\" srcset=\"https:\/\/wp.ufpel.edu.br\/laboratorioelo\/files\/2017\/08\/WUSEF.001.jpg 890w, https:\/\/wp.ufpel.edu.br\/laboratorioelo\/files\/2017\/08\/WUSEF.001-424x239.jpg 424w, https:\/\/wp.ufpel.edu.br\/laboratorioelo\/files\/2017\/08\/WUSEF.001-768x433.jpg 768w\" sizes=\"auto, (max-width: 890px) 100vw, 890px\" \/><\/p>\n<p style=\"text-align: center\"><span style=\"color: #000000;font-size: 18pt\"><strong>08\/11\/17<\/strong><\/span><\/p>\n<p style=\"text-align: center\"><strong>Manh\u00e3<br \/>\n<\/strong><strong>8h30 \u2013<\/strong>\u00a0<strong>Credenciamento e entrega de material<\/strong>;<br \/>\n<strong>9h \u2013<\/strong>\u00a0<strong>Abertura a ultrassonografia e os estudos da fala no Brasil<\/strong>;<br \/>\n<strong>9h30 \u2013<\/strong>\u00a0<strong>Palestra \u00a0 | \u00a0<\/strong>\u00a0Prof. Alan Alexander Wrench (Queen Margareth University);<br \/>\n<strong>10h30 \u2013<\/strong>\u00a0<strong>Intervalo<\/strong>;<br \/>\n<strong>11h \u2013<\/strong>\u00a0<strong>Comunica\u00e7\u00f5es plen\u00e1rias 1 \u00a0 | \u00a0<\/strong>\u00a0Profa. Izabel Christine Seara (UFSC);<\/p>\n<p style=\"text-align: center\"><strong>Tarde<br \/>\n14h \u2013<\/strong>\u00a0<strong>Comunica\u00e7\u00f5es plen\u00e1rias 2 \u00a0 | \u00a0<\/strong>\u00a0Profa. M\u00e1rcia Keske-Soares (UFSM);<br \/>\n<strong>15h30 \u2013<\/strong>\u00a0Intervalo;<br \/>\n<strong>16h \u2013<\/strong>\u00a0<strong>Comunica\u00e7\u00f5es plen\u00e1rias 3 \u00a0 | \u00a0\u00a0<\/strong>Profa. Larissa Cristina Berti (UNESP\/Mar\u00edlia);<\/p>\n<p style=\"text-align: center\">__________________________________________________________________________________________________<\/p>\n<p style=\"text-align: center\"><span style=\"font-size: 18pt;color: #000000\"><strong>09\/11\/17<\/strong><\/span><\/p>\n<p style=\"text-align: center\"><strong>Manh\u00e3<br \/>\n9h \u2013<\/strong>\u00a0<strong>Comunica\u00e7\u00f5es plen\u00e1rias 4 \u00a0 | \u00a0<\/strong>\u00a0Profa. Helena Bolli Mota (UFSM);<br \/>\n<strong>10h30 \u2013<\/strong>\u00a0Intervalo;<br \/>\n<strong>11h \u2013<\/strong>\u00a0Comunica\u00e7\u00f5es plen\u00e1rias 5 Coordena\u00e7\u00e3o \u2013 Profa. Mirian Rose Brum-de-Paula (UFPel);<\/p>\n<p style=\"text-align: center\"><strong>Tarde<br \/>\n<\/strong><strong>14h \u2013<\/strong>\u00a0<strong>Comunica\u00e7\u00f5es plen\u00e1rias 6 \u00a0 |<\/strong>\u00a0 \u00a0Profa. Eleonora Cavalcante Albano (UNICAMP);<br \/>\n<strong>15h30 \u2013<\/strong>\u00a0<strong>Intervalo<\/strong>;<br \/>\n<strong>16h \u2013<\/strong>\u00a0<strong>Comunica\u00e7\u00f5es plen\u00e1rias 7 \u00a0 |<\/strong>\u00a0 \u00a0Profa. Rosani Silveira (UFSC);<\/p>\n<p style=\"text-align: center\">__________________________________________________________________________________________________<\/p>\n<p style=\"text-align: center\"><span style=\"color: #000000;font-size: 18pt\"><strong>10\/11\/17<\/strong><\/span><\/p>\n<p style=\"text-align: center\"><strong>Manh\u00e3<br \/>\n<\/strong><strong>8h \u2013 12h \u2013<\/strong>\u00a0<strong>Curso Articulate Assistant Advanced | M\u00f3dulo Avan\u00e7ado<br \/>\n<\/strong>Alan Alexander Wrench (Queen Margareth University)<\/p>\n<p style=\"text-align: center\"><strong>Tarde<br \/>\n<\/strong><strong>14h \u2013 18h \u2013<\/strong>\u00a0<strong>Curso Articulate Assistant Advanced | M\u00f3dulo Avan\u00e7ado<br \/>\n<\/strong>Alan Alexander Wrench (Queen Margareth University)<\/p>\n","protected":false},"excerpt":{"rendered":"<p>08\/11\/17 \u2013 10\/11\/17 \u00a0 | \u00a0 UFSC \u00a0\u2013\u00a0FLORIAN\u00d3POLIS, SC Programa\u00e7\u00e3o 08\/11\/17 Manh\u00e3 8h30 \u2013\u00a0Credenciamento e entrega de material; 9h \u2013\u00a0Abertura a ultrassonografia e os estudos da fala no Brasil; 9h30 \u2013\u00a0Palestra \u00a0 | \u00a0\u00a0Prof. Alan Alexander Wrench (Queen Margareth University); 10h30 \u2013\u00a0Intervalo; 11h \u2013\u00a0Comunica\u00e7\u00f5es plen\u00e1rias 1 \u00a0 | \u00a0\u00a0Profa. Izabel Christine Seara (UFSC); Tarde 14h&#8230; <\/p>\n<div class=\"link-more\"><a href=\"https:\/\/wp.ufpel.edu.br\/laboratorioelo\/2017-programacao-iwusef\/\">Leia mais<\/a><\/div>\n","protected":false},"author":386,"featured_media":0,"parent":0,"menu_order":0,"comment_status":"closed","ping_status":"closed","template":"","meta":{"footnotes":""},"class_list":["post-1134","page","type-page","status-publish","hentry"],"yoast_head":"<!-- This site is optimized with the Yoast SEO plugin v26.7 - https:\/\/yoast.com\/wordpress\/plugins\/seo\/ -->\n<title>Programa\u00e7\u00e3o: I Workshop em Ultrassonografia e Estudos da Fala - LELO - UFPel<\/title>\n<meta name=\"robots\" content=\"index, follow, max-snippet:-1, max-image-preview:large, max-video-preview:-1\" \/>\n<link rel=\"canonical\" href=\"https:\/\/wp.ufpel.edu.br\/laboratorioelo\/2017-programacao-iwusef\/\" \/>\n<meta property=\"og:locale\" content=\"pt_BR\" \/>\n<meta property=\"og:type\" content=\"article\" \/>\n<meta property=\"og:title\" content=\"Programa\u00e7\u00e3o: I Workshop em Ultrassonografia e Estudos da Fala - LELO - UFPel\" \/>\n<meta property=\"og:description\" content=\"08\/11\/17 \u2013 10\/11\/17 \u00a0 | \u00a0 UFSC \u00a0\u2013\u00a0FLORIAN\u00d3POLIS, SC Programa\u00e7\u00e3o 08\/11\/17 Manh\u00e3 8h30 \u2013\u00a0Credenciamento e entrega de material; 9h \u2013\u00a0Abertura a ultrassonografia e os estudos da fala no Brasil; 9h30 \u2013\u00a0Palestra \u00a0 | \u00a0\u00a0Prof. Alan Alexander Wrench (Queen Margareth University); 10h30 \u2013\u00a0Intervalo; 11h \u2013\u00a0Comunica\u00e7\u00f5es plen\u00e1rias 1 \u00a0 | \u00a0\u00a0Profa. Izabel Christine Seara (UFSC); Tarde 14h... Leia mais\" \/>\n<meta property=\"og:url\" content=\"https:\/\/wp.ufpel.edu.br\/laboratorioelo\/2017-programacao-iwusef\/\" \/>\n<meta property=\"og:site_name\" content=\"LELO - UFPel\" \/>\n<meta property=\"article:modified_time\" content=\"2018-07-18T22:33:34+00:00\" \/>\n<meta property=\"og:image\" content=\"https:\/\/wp.ufpel.edu.br\/laboratorioelo\/files\/2017\/08\/WUSEF.001.jpg\" \/>\n<meta name=\"twitter:card\" content=\"summary_large_image\" \/>\n<meta name=\"twitter:label1\" content=\"Est. tempo de leitura\" \/>\n\t<meta name=\"twitter:data1\" content=\"1 minuto\" \/>\n<script type=\"application\/ld+json\" class=\"yoast-schema-graph\">{\"@context\":\"https:\/\/schema.org\",\"@graph\":[{\"@type\":\"WebPage\",\"@id\":\"https:\/\/wp.ufpel.edu.br\/laboratorioelo\/2017-programacao-iwusef\/\",\"url\":\"https:\/\/wp.ufpel.edu.br\/laboratorioelo\/2017-programacao-iwusef\/\",\"name\":\"Programa\u00e7\u00e3o: I Workshop em Ultrassonografia e Estudos da Fala - LELO - UFPel\",\"isPartOf\":{\"@id\":\"https:\/\/wp.ufpel.edu.br\/laboratorioelo\/#website\"},\"primaryImageOfPage\":{\"@id\":\"https:\/\/wp.ufpel.edu.br\/laboratorioelo\/2017-programacao-iwusef\/#primaryimage\"},\"image\":{\"@id\":\"https:\/\/wp.ufpel.edu.br\/laboratorioelo\/2017-programacao-iwusef\/#primaryimage\"},\"thumbnailUrl\":\"https:\/\/wp.ufpel.edu.br\/laboratorioelo\/files\/2017\/08\/WUSEF.001.jpg\",\"datePublished\":\"2018-07-18T22:24:35+00:00\",\"dateModified\":\"2018-07-18T22:33:34+00:00\",\"breadcrumb\":{\"@id\":\"https:\/\/wp.ufpel.edu.br\/laboratorioelo\/2017-programacao-iwusef\/#breadcrumb\"},\"inLanguage\":\"pt-BR\",\"potentialAction\":[{\"@type\":\"ReadAction\",\"target\":[\"https:\/\/wp.ufpel.edu.br\/laboratorioelo\/2017-programacao-iwusef\/\"]}]},{\"@type\":\"ImageObject\",\"inLanguage\":\"pt-BR\",\"@id\":\"https:\/\/wp.ufpel.edu.br\/laboratorioelo\/2017-programacao-iwusef\/#primaryimage\",\"url\":\"https:\/\/wp.ufpel.edu.br\/laboratorioelo\/files\/2017\/08\/WUSEF.001.jpg\",\"contentUrl\":\"https:\/\/wp.ufpel.edu.br\/laboratorioelo\/files\/2017\/08\/WUSEF.001.jpg\",\"width\":890,\"height\":502},{\"@type\":\"BreadcrumbList\",\"@id\":\"https:\/\/wp.ufpel.edu.br\/laboratorioelo\/2017-programacao-iwusef\/#breadcrumb\",\"itemListElement\":[{\"@type\":\"ListItem\",\"position\":1,\"name\":\"Home\",\"item\":\"https:\/\/wp.ufpel.edu.br\/laboratorioelo\/\"},{\"@type\":\"ListItem\",\"position\":2,\"name\":\"Programa\u00e7\u00e3o: I Workshop em Ultrassonografia e Estudos da Fala\"}]},{\"@type\":\"WebSite\",\"@id\":\"https:\/\/wp.ufpel.edu.br\/laboratorioelo\/#website\",\"url\":\"https:\/\/wp.ufpel.edu.br\/laboratorioelo\/\",\"name\":\"LELO - UFPEL\",\"description\":\"\",\"publisher\":{\"@id\":\"https:\/\/wp.ufpel.edu.br\/laboratorioelo\/#organization\"},\"potentialAction\":[{\"@type\":\"SearchAction\",\"target\":{\"@type\":\"EntryPoint\",\"urlTemplate\":\"https:\/\/wp.ufpel.edu.br\/laboratorioelo\/?s={search_term_string}\"},\"query-input\":{\"@type\":\"PropertyValueSpecification\",\"valueRequired\":true,\"valueName\":\"search_term_string\"}}],\"inLanguage\":\"pt-BR\"},{\"@type\":\"Organization\",\"@id\":\"https:\/\/wp.ufpel.edu.br\/laboratorioelo\/#organization\",\"name\":\"Laborat\u00f3rio ELO\",\"url\":\"https:\/\/wp.ufpel.edu.br\/laboratorioelo\/\",\"logo\":{\"@type\":\"ImageObject\",\"inLanguage\":\"pt-BR\",\"@id\":\"https:\/\/wp.ufpel.edu.br\/laboratorioelo\/#\/schema\/logo\/image\/\",\"url\":\"https:\/\/wp.ufpel.edu.br\/laboratorioelo\/files\/2017\/08\/Lelo_logo_pretoBranco2-1.png\",\"contentUrl\":\"https:\/\/wp.ufpel.edu.br\/laboratorioelo\/files\/2017\/08\/Lelo_logo_pretoBranco2-1.png\",\"width\":1153,\"height\":569,\"caption\":\"Laborat\u00f3rio ELO\"},\"image\":{\"@id\":\"https:\/\/wp.ufpel.edu.br\/laboratorioelo\/#\/schema\/logo\/image\/\"}}]}<\/script>\n<!-- \/ Yoast SEO plugin. -->","yoast_head_json":{"title":"Programa\u00e7\u00e3o: I Workshop em Ultrassonografia e Estudos da Fala - LELO - UFPel","robots":{"index":"index","follow":"follow","max-snippet":"max-snippet:-1","max-image-preview":"max-image-preview:large","max-video-preview":"max-video-preview:-1"},"canonical":"https:\/\/wp.ufpel.edu.br\/laboratorioelo\/2017-programacao-iwusef\/","og_locale":"pt_BR","og_type":"article","og_title":"Programa\u00e7\u00e3o: I Workshop em Ultrassonografia e Estudos da Fala - LELO - UFPel","og_description":"08\/11\/17 \u2013 10\/11\/17 \u00a0 | \u00a0 UFSC \u00a0\u2013\u00a0FLORIAN\u00d3POLIS, SC Programa\u00e7\u00e3o 08\/11\/17 Manh\u00e3 8h30 \u2013\u00a0Credenciamento e entrega de material; 9h \u2013\u00a0Abertura a ultrassonografia e os estudos da fala no Brasil; 9h30 \u2013\u00a0Palestra \u00a0 | \u00a0\u00a0Prof. Alan Alexander Wrench (Queen Margareth University); 10h30 \u2013\u00a0Intervalo; 11h \u2013\u00a0Comunica\u00e7\u00f5es plen\u00e1rias 1 \u00a0 | \u00a0\u00a0Profa. Izabel Christine Seara (UFSC); Tarde 14h... Leia mais","og_url":"https:\/\/wp.ufpel.edu.br\/laboratorioelo\/2017-programacao-iwusef\/","og_site_name":"LELO - UFPel","article_modified_time":"2018-07-18T22:33:34+00:00","og_image":[{"url":"https:\/\/wp.ufpel.edu.br\/laboratorioelo\/files\/2017\/08\/WUSEF.001.jpg","type":"","width":"","height":""}],"twitter_card":"summary_large_image","twitter_misc":{"Est. tempo de leitura":"1 minuto"},"schema":{"@context":"https:\/\/schema.org","@graph":[{"@type":"WebPage","@id":"https:\/\/wp.ufpel.edu.br\/laboratorioelo\/2017-programacao-iwusef\/","url":"https:\/\/wp.ufpel.edu.br\/laboratorioelo\/2017-programacao-iwusef\/","name":"Programa\u00e7\u00e3o: I Workshop em Ultrassonografia e Estudos da Fala - LELO - UFPel","isPartOf":{"@id":"https:\/\/wp.ufpel.edu.br\/laboratorioelo\/#website"},"primaryImageOfPage":{"@id":"https:\/\/wp.ufpel.edu.br\/laboratorioelo\/2017-programacao-iwusef\/#primaryimage"},"image":{"@id":"https:\/\/wp.ufpel.edu.br\/laboratorioelo\/2017-programacao-iwusef\/#primaryimage"},"thumbnailUrl":"https:\/\/wp.ufpel.edu.br\/laboratorioelo\/files\/2017\/08\/WUSEF.001.jpg","datePublished":"2018-07-18T22:24:35+00:00","dateModified":"2018-07-18T22:33:34+00:00","breadcrumb":{"@id":"https:\/\/wp.ufpel.edu.br\/laboratorioelo\/2017-programacao-iwusef\/#breadcrumb"},"inLanguage":"pt-BR","potentialAction":[{"@type":"ReadAction","target":["https:\/\/wp.ufpel.edu.br\/laboratorioelo\/2017-programacao-iwusef\/"]}]},{"@type":"ImageObject","inLanguage":"pt-BR","@id":"https:\/\/wp.ufpel.edu.br\/laboratorioelo\/2017-programacao-iwusef\/#primaryimage","url":"https:\/\/wp.ufpel.edu.br\/laboratorioelo\/files\/2017\/08\/WUSEF.001.jpg","contentUrl":"https:\/\/wp.ufpel.edu.br\/laboratorioelo\/files\/2017\/08\/WUSEF.001.jpg","width":890,"height":502},{"@type":"BreadcrumbList","@id":"https:\/\/wp.ufpel.edu.br\/laboratorioelo\/2017-programacao-iwusef\/#breadcrumb","itemListElement":[{"@type":"ListItem","position":1,"name":"Home","item":"https:\/\/wp.ufpel.edu.br\/laboratorioelo\/"},{"@type":"ListItem","position":2,"name":"Programa\u00e7\u00e3o: I Workshop em Ultrassonografia e Estudos da Fala"}]},{"@type":"WebSite","@id":"https:\/\/wp.ufpel.edu.br\/laboratorioelo\/#website","url":"https:\/\/wp.ufpel.edu.br\/laboratorioelo\/","name":"LELO - UFPEL","description":"","publisher":{"@id":"https:\/\/wp.ufpel.edu.br\/laboratorioelo\/#organization"},"potentialAction":[{"@type":"SearchAction","target":{"@type":"EntryPoint","urlTemplate":"https:\/\/wp.ufpel.edu.br\/laboratorioelo\/?s={search_term_string}"},"query-input":{"@type":"PropertyValueSpecification","valueRequired":true,"valueName":"search_term_string"}}],"inLanguage":"pt-BR"},{"@type":"Organization","@id":"https:\/\/wp.ufpel.edu.br\/laboratorioelo\/#organization","name":"Laborat\u00f3rio ELO","url":"https:\/\/wp.ufpel.edu.br\/laboratorioelo\/","logo":{"@type":"ImageObject","inLanguage":"pt-BR","@id":"https:\/\/wp.ufpel.edu.br\/laboratorioelo\/#\/schema\/logo\/image\/","url":"https:\/\/wp.ufpel.edu.br\/laboratorioelo\/files\/2017\/08\/Lelo_logo_pretoBranco2-1.png","contentUrl":"https:\/\/wp.ufpel.edu.br\/laboratorioelo\/files\/2017\/08\/Lelo_logo_pretoBranco2-1.png","width":1153,"height":569,"caption":"Laborat\u00f3rio ELO"},"image":{"@id":"https:\/\/wp.ufpel.edu.br\/laboratorioelo\/#\/schema\/logo\/image\/"}}]}},"jetpack_sharing_enabled":true,"_links":{"self":[{"href":"https:\/\/wp.ufpel.edu.br\/laboratorioelo\/wp-json\/wp\/v2\/pages\/1134","targetHints":{"allow":["GET"]}}],"collection":[{"href":"https:\/\/wp.ufpel.edu.br\/laboratorioelo\/wp-json\/wp\/v2\/pages"}],"about":[{"href":"https:\/\/wp.ufpel.edu.br\/laboratorioelo\/wp-json\/wp\/v2\/types\/page"}],"author":[{"embeddable":true,"href":"https:\/\/wp.ufpel.edu.br\/laboratorioelo\/wp-json\/wp\/v2\/users\/386"}],"replies":[{"embeddable":true,"href":"https:\/\/wp.ufpel.edu.br\/laboratorioelo\/wp-json\/wp\/v2\/comments?post=1134"}],"version-history":[{"count":3,"href":"https:\/\/wp.ufpel.edu.br\/laboratorioelo\/wp-json\/wp\/v2\/pages\/1134\/revisions"}],"predecessor-version":[{"id":1143,"href":"https:\/\/wp.ufpel.edu.br\/laboratorioelo\/wp-json\/wp\/v2\/pages\/1134\/revisions\/1143"}],"wp:attachment":[{"href":"https:\/\/wp.ufpel.edu.br\/laboratorioelo\/wp-json\/wp\/v2\/media?parent=1134"}],"curies":[{"name":"wp","href":"https:\/\/api.w.org\/{rel}","templated":true}]}}