{"id":1127,"date":"2018-07-18T19:05:52","date_gmt":"2018-07-18T22:05:52","guid":{"rendered":"https:\/\/wp.ufpel.edu.br\/laboratorioelo\/?page_id=1127"},"modified":"2018-07-18T19:05:52","modified_gmt":"2018-07-18T22:05:52","slug":"2017-trabalho-dos-mestrandos","status":"publish","type":"page","link":"https:\/\/wp.ufpel.edu.br\/laboratorioelo\/2017-trabalho-dos-mestrandos\/","title":{"rendered":"Trabalho dos Mestrandos"},"content":{"rendered":"<div id=\"x_yui_3_16_0_ym19_1_1502921264005_3359\" style=\"text-align: justify\">Os mestrandos Laura Freitas Filoda, Peterson Lima Schimulfening e Jeici Vega Pereira de \u00c1vila qualificam seus trabalhos no final de agosto.<\/div>\n<div id=\"x_yui_3_16_0_ym19_1_1502921264005_3360\" style=\"text-align: justify\">Laura desenvolve pesquisa sobre o papel da percep\u00e7\u00e3o em atividades de instru\u00e7\u00e3o expl\u00edcita na aquisi\u00e7\u00e3o do espanhol como l\u00edngua estrangeira.<\/div>\n<div id=\"x_yui_3_16_0_ym19_1_1502921264005_3361\" style=\"text-align: justify\">Peterson estuda a categoriza\u00e7\u00e3o do complexo \u201cde + o(s)\/ (a(s)\u201d na escrita de surdos aprendizes de portugu\u00eas como l\u00edngua estrangeira.<\/div>\n<div id=\"x_yui_3_16_0_ym19_1_1502921264005_3362\" style=\"text-align: justify\">Jeici investiga o uso de met\u00e1foras no discurso de Temer.<\/div>\n","protected":false},"excerpt":{"rendered":"<p>Os mestrandos Laura Freitas Filoda, Peterson Lima Schimulfening e Jeici Vega Pereira de \u00c1vila qualificam seus trabalhos no final de agosto. Laura desenvolve pesquisa sobre o papel da percep\u00e7\u00e3o em atividades de instru\u00e7\u00e3o expl\u00edcita na aquisi\u00e7\u00e3o do espanhol como l\u00edngua estrangeira. Peterson estuda a categoriza\u00e7\u00e3o do complexo \u201cde + o(s)\/ (a(s)\u201d na escrita de surdos&#8230; <\/p>\n<div class=\"link-more\"><a href=\"https:\/\/wp.ufpel.edu.br\/laboratorioelo\/2017-trabalho-dos-mestrandos\/\">Leia mais<\/a><\/div>\n","protected":false},"author":386,"featured_media":0,"parent":0,"menu_order":0,"comment_status":"closed","ping_status":"closed","template":"","meta":{"footnotes":""},"class_list":["post-1127","page","type-page","status-publish","hentry"],"yoast_head":"<!-- This site is optimized with the Yoast SEO plugin v26.7 - https:\/\/yoast.com\/wordpress\/plugins\/seo\/ -->\n<title>Trabalho dos Mestrandos - LELO - UFPel<\/title>\n<meta name=\"robots\" content=\"index, follow, max-snippet:-1, max-image-preview:large, max-video-preview:-1\" \/>\n<link rel=\"canonical\" href=\"https:\/\/wp.ufpel.edu.br\/laboratorioelo\/2017-trabalho-dos-mestrandos\/\" \/>\n<meta property=\"og:locale\" content=\"pt_BR\" \/>\n<meta property=\"og:type\" content=\"article\" \/>\n<meta property=\"og:title\" content=\"Trabalho dos Mestrandos - LELO - UFPel\" \/>\n<meta property=\"og:description\" content=\"Os mestrandos Laura Freitas Filoda, Peterson Lima Schimulfening e Jeici Vega Pereira de \u00c1vila qualificam seus trabalhos no final de agosto. Laura desenvolve pesquisa sobre o papel da percep\u00e7\u00e3o em atividades de instru\u00e7\u00e3o expl\u00edcita na aquisi\u00e7\u00e3o do espanhol como l\u00edngua estrangeira. Peterson estuda a categoriza\u00e7\u00e3o do complexo \u201cde + o(s)\/ (a(s)\u201d na escrita de surdos... Leia mais\" \/>\n<meta property=\"og:url\" content=\"https:\/\/wp.ufpel.edu.br\/laboratorioelo\/2017-trabalho-dos-mestrandos\/\" \/>\n<meta property=\"og:site_name\" content=\"LELO - UFPel\" \/>\n<meta name=\"twitter:card\" content=\"summary_large_image\" \/>\n<script type=\"application\/ld+json\" class=\"yoast-schema-graph\">{\"@context\":\"https:\/\/schema.org\",\"@graph\":[{\"@type\":\"WebPage\",\"@id\":\"https:\/\/wp.ufpel.edu.br\/laboratorioelo\/2017-trabalho-dos-mestrandos\/\",\"url\":\"https:\/\/wp.ufpel.edu.br\/laboratorioelo\/2017-trabalho-dos-mestrandos\/\",\"name\":\"Trabalho dos Mestrandos - LELO - UFPel\",\"isPartOf\":{\"@id\":\"https:\/\/wp.ufpel.edu.br\/laboratorioelo\/#website\"},\"datePublished\":\"2018-07-18T22:05:52+00:00\",\"breadcrumb\":{\"@id\":\"https:\/\/wp.ufpel.edu.br\/laboratorioelo\/2017-trabalho-dos-mestrandos\/#breadcrumb\"},\"inLanguage\":\"pt-BR\",\"potentialAction\":[{\"@type\":\"ReadAction\",\"target\":[\"https:\/\/wp.ufpel.edu.br\/laboratorioelo\/2017-trabalho-dos-mestrandos\/\"]}]},{\"@type\":\"BreadcrumbList\",\"@id\":\"https:\/\/wp.ufpel.edu.br\/laboratorioelo\/2017-trabalho-dos-mestrandos\/#breadcrumb\",\"itemListElement\":[{\"@type\":\"ListItem\",\"position\":1,\"name\":\"Home\",\"item\":\"https:\/\/wp.ufpel.edu.br\/laboratorioelo\/\"},{\"@type\":\"ListItem\",\"position\":2,\"name\":\"Trabalho dos Mestrandos\"}]},{\"@type\":\"WebSite\",\"@id\":\"https:\/\/wp.ufpel.edu.br\/laboratorioelo\/#website\",\"url\":\"https:\/\/wp.ufpel.edu.br\/laboratorioelo\/\",\"name\":\"LELO - UFPEL\",\"description\":\"\",\"publisher\":{\"@id\":\"https:\/\/wp.ufpel.edu.br\/laboratorioelo\/#organization\"},\"potentialAction\":[{\"@type\":\"SearchAction\",\"target\":{\"@type\":\"EntryPoint\",\"urlTemplate\":\"https:\/\/wp.ufpel.edu.br\/laboratorioelo\/?s={search_term_string}\"},\"query-input\":{\"@type\":\"PropertyValueSpecification\",\"valueRequired\":true,\"valueName\":\"search_term_string\"}}],\"inLanguage\":\"pt-BR\"},{\"@type\":\"Organization\",\"@id\":\"https:\/\/wp.ufpel.edu.br\/laboratorioelo\/#organization\",\"name\":\"Laborat\u00f3rio ELO\",\"url\":\"https:\/\/wp.ufpel.edu.br\/laboratorioelo\/\",\"logo\":{\"@type\":\"ImageObject\",\"inLanguage\":\"pt-BR\",\"@id\":\"https:\/\/wp.ufpel.edu.br\/laboratorioelo\/#\/schema\/logo\/image\/\",\"url\":\"https:\/\/wp.ufpel.edu.br\/laboratorioelo\/files\/2017\/08\/Lelo_logo_pretoBranco2-1.png\",\"contentUrl\":\"https:\/\/wp.ufpel.edu.br\/laboratorioelo\/files\/2017\/08\/Lelo_logo_pretoBranco2-1.png\",\"width\":1153,\"height\":569,\"caption\":\"Laborat\u00f3rio ELO\"},\"image\":{\"@id\":\"https:\/\/wp.ufpel.edu.br\/laboratorioelo\/#\/schema\/logo\/image\/\"}}]}<\/script>\n<!-- \/ Yoast SEO plugin. -->","yoast_head_json":{"title":"Trabalho dos Mestrandos - LELO - UFPel","robots":{"index":"index","follow":"follow","max-snippet":"max-snippet:-1","max-image-preview":"max-image-preview:large","max-video-preview":"max-video-preview:-1"},"canonical":"https:\/\/wp.ufpel.edu.br\/laboratorioelo\/2017-trabalho-dos-mestrandos\/","og_locale":"pt_BR","og_type":"article","og_title":"Trabalho dos Mestrandos - LELO - UFPel","og_description":"Os mestrandos Laura Freitas Filoda, Peterson Lima Schimulfening e Jeici Vega Pereira de \u00c1vila qualificam seus trabalhos no final de agosto. Laura desenvolve pesquisa sobre o papel da percep\u00e7\u00e3o em atividades de instru\u00e7\u00e3o expl\u00edcita na aquisi\u00e7\u00e3o do espanhol como l\u00edngua estrangeira. Peterson estuda a categoriza\u00e7\u00e3o do complexo \u201cde + o(s)\/ (a(s)\u201d na escrita de surdos... Leia mais","og_url":"https:\/\/wp.ufpel.edu.br\/laboratorioelo\/2017-trabalho-dos-mestrandos\/","og_site_name":"LELO - UFPel","twitter_card":"summary_large_image","schema":{"@context":"https:\/\/schema.org","@graph":[{"@type":"WebPage","@id":"https:\/\/wp.ufpel.edu.br\/laboratorioelo\/2017-trabalho-dos-mestrandos\/","url":"https:\/\/wp.ufpel.edu.br\/laboratorioelo\/2017-trabalho-dos-mestrandos\/","name":"Trabalho dos Mestrandos - LELO - UFPel","isPartOf":{"@id":"https:\/\/wp.ufpel.edu.br\/laboratorioelo\/#website"},"datePublished":"2018-07-18T22:05:52+00:00","breadcrumb":{"@id":"https:\/\/wp.ufpel.edu.br\/laboratorioelo\/2017-trabalho-dos-mestrandos\/#breadcrumb"},"inLanguage":"pt-BR","potentialAction":[{"@type":"ReadAction","target":["https:\/\/wp.ufpel.edu.br\/laboratorioelo\/2017-trabalho-dos-mestrandos\/"]}]},{"@type":"BreadcrumbList","@id":"https:\/\/wp.ufpel.edu.br\/laboratorioelo\/2017-trabalho-dos-mestrandos\/#breadcrumb","itemListElement":[{"@type":"ListItem","position":1,"name":"Home","item":"https:\/\/wp.ufpel.edu.br\/laboratorioelo\/"},{"@type":"ListItem","position":2,"name":"Trabalho dos Mestrandos"}]},{"@type":"WebSite","@id":"https:\/\/wp.ufpel.edu.br\/laboratorioelo\/#website","url":"https:\/\/wp.ufpel.edu.br\/laboratorioelo\/","name":"LELO - UFPEL","description":"","publisher":{"@id":"https:\/\/wp.ufpel.edu.br\/laboratorioelo\/#organization"},"potentialAction":[{"@type":"SearchAction","target":{"@type":"EntryPoint","urlTemplate":"https:\/\/wp.ufpel.edu.br\/laboratorioelo\/?s={search_term_string}"},"query-input":{"@type":"PropertyValueSpecification","valueRequired":true,"valueName":"search_term_string"}}],"inLanguage":"pt-BR"},{"@type":"Organization","@id":"https:\/\/wp.ufpel.edu.br\/laboratorioelo\/#organization","name":"Laborat\u00f3rio ELO","url":"https:\/\/wp.ufpel.edu.br\/laboratorioelo\/","logo":{"@type":"ImageObject","inLanguage":"pt-BR","@id":"https:\/\/wp.ufpel.edu.br\/laboratorioelo\/#\/schema\/logo\/image\/","url":"https:\/\/wp.ufpel.edu.br\/laboratorioelo\/files\/2017\/08\/Lelo_logo_pretoBranco2-1.png","contentUrl":"https:\/\/wp.ufpel.edu.br\/laboratorioelo\/files\/2017\/08\/Lelo_logo_pretoBranco2-1.png","width":1153,"height":569,"caption":"Laborat\u00f3rio ELO"},"image":{"@id":"https:\/\/wp.ufpel.edu.br\/laboratorioelo\/#\/schema\/logo\/image\/"}}]}},"jetpack_sharing_enabled":true,"_links":{"self":[{"href":"https:\/\/wp.ufpel.edu.br\/laboratorioelo\/wp-json\/wp\/v2\/pages\/1127","targetHints":{"allow":["GET"]}}],"collection":[{"href":"https:\/\/wp.ufpel.edu.br\/laboratorioelo\/wp-json\/wp\/v2\/pages"}],"about":[{"href":"https:\/\/wp.ufpel.edu.br\/laboratorioelo\/wp-json\/wp\/v2\/types\/page"}],"author":[{"embeddable":true,"href":"https:\/\/wp.ufpel.edu.br\/laboratorioelo\/wp-json\/wp\/v2\/users\/386"}],"replies":[{"embeddable":true,"href":"https:\/\/wp.ufpel.edu.br\/laboratorioelo\/wp-json\/wp\/v2\/comments?post=1127"}],"version-history":[{"count":1,"href":"https:\/\/wp.ufpel.edu.br\/laboratorioelo\/wp-json\/wp\/v2\/pages\/1127\/revisions"}],"predecessor-version":[{"id":1129,"href":"https:\/\/wp.ufpel.edu.br\/laboratorioelo\/wp-json\/wp\/v2\/pages\/1127\/revisions\/1129"}],"wp:attachment":[{"href":"https:\/\/wp.ufpel.edu.br\/laboratorioelo\/wp-json\/wp\/v2\/media?parent=1127"}],"curies":[{"name":"wp","href":"https:\/\/api.w.org\/{rel}","templated":true}]}}