{"id":1118,"date":"2018-07-18T19:00:57","date_gmt":"2018-07-18T22:00:57","guid":{"rendered":"https:\/\/wp.ufpel.edu.br\/laboratorioelo\/?page_id=1118"},"modified":"2018-07-18T19:00:57","modified_gmt":"2018-07-18T22:00:57","slug":"2017-iwusef","status":"publish","type":"page","link":"https:\/\/wp.ufpel.edu.br\/laboratorioelo\/2017-iwusef\/","title":{"rendered":"1\u00ba Workshop Ultrassonografia e Estudos da Fala"},"content":{"rendered":"<h4 id=\"x_yui_3_16_0_ym19_1_1502921264005_3365\" style=\"text-align: center\">Os Laborat\u00f3rios LELO (UFPel) e FONAPLI (UFSC) organizam o 1\u00ba Workshop Ultrassonografia e Estudos da Fala.<\/h4>\n<div style=\"text-align: justify\">O\u00a0<i id=\"x_yui_3_16_0_ym19_1_1502921264005_3367\">1\u00ba WUSEF<\/i>\u00a0ocorrer\u00e1 em novembro na UFSC. O evento reunir\u00e1 investigadores que desenvolvem pesquisas sobre a linguagem t\u00edpica e at\u00edpica, que empregam o ultrassom, associado ou n\u00e3o a outras tecnologias, a fim de melhor compreender o funcionamento e o processamento da fala. Alan Wrench, da Queen Margaret University, realizar\u00e1 palestra e curso avan\u00e7ado sobre o software\u00a0 Articulate Assistant Advanced (AAA), programa de computador por ele concebido e empregado em diferentes n\u00facleos de pesquisa. O evento visa a reunir linguistas, professores de l\u00ednguas estrangeiras e fonoaudi\u00f3logos. Eleonora Albano (UNICAMP), M\u00e1rcia Keske-Soares (UFSM), Helena Bolli Mota (UFSM) e Larissa Berti (UNESP) estar\u00e3o presentes e participar\u00e3o das mesas redondas programadas.<\/div>\n<div><\/div>\n<div><img loading=\"lazy\" decoding=\"async\" class=\"aligncenter wp-image-1039 size-full\" src=\"https:\/\/wp.ufpel.edu.br\/laboratorioelo\/files\/2018\/07\/evento-2.png\" alt=\"\" width=\"301\" height=\"173\" \/><\/div>\n","protected":false},"excerpt":{"rendered":"<p>Os Laborat\u00f3rios LELO (UFPel) e FONAPLI (UFSC) organizam o 1\u00ba Workshop Ultrassonografia e Estudos da Fala. O\u00a01\u00ba WUSEF\u00a0ocorrer\u00e1 em novembro na UFSC. O evento reunir\u00e1 investigadores que desenvolvem pesquisas sobre a linguagem t\u00edpica e at\u00edpica, que empregam o ultrassom, associado ou n\u00e3o a outras tecnologias, a fim de melhor compreender o funcionamento e o processamento&#8230; <\/p>\n<div class=\"link-more\"><a href=\"https:\/\/wp.ufpel.edu.br\/laboratorioelo\/2017-iwusef\/\">Leia mais<\/a><\/div>\n","protected":false},"author":386,"featured_media":0,"parent":0,"menu_order":0,"comment_status":"closed","ping_status":"closed","template":"","meta":{"footnotes":""},"class_list":["post-1118","page","type-page","status-publish","hentry"],"yoast_head":"<!-- This site is optimized with the Yoast SEO plugin v26.7 - https:\/\/yoast.com\/wordpress\/plugins\/seo\/ -->\n<title>1\u00ba Workshop Ultrassonografia e Estudos da Fala - LELO - UFPel<\/title>\n<meta name=\"robots\" content=\"index, follow, max-snippet:-1, max-image-preview:large, max-video-preview:-1\" \/>\n<link rel=\"canonical\" href=\"https:\/\/wp.ufpel.edu.br\/laboratorioelo\/2017-iwusef\/\" \/>\n<meta property=\"og:locale\" content=\"pt_BR\" \/>\n<meta property=\"og:type\" content=\"article\" \/>\n<meta property=\"og:title\" content=\"1\u00ba Workshop Ultrassonografia e Estudos da Fala - LELO - UFPel\" \/>\n<meta property=\"og:description\" content=\"Os Laborat\u00f3rios LELO (UFPel) e FONAPLI (UFSC) organizam o 1\u00ba Workshop Ultrassonografia e Estudos da Fala. O\u00a01\u00ba WUSEF\u00a0ocorrer\u00e1 em novembro na UFSC. O evento reunir\u00e1 investigadores que desenvolvem pesquisas sobre a linguagem t\u00edpica e at\u00edpica, que empregam o ultrassom, associado ou n\u00e3o a outras tecnologias, a fim de melhor compreender o funcionamento e o processamento... Leia mais\" \/>\n<meta property=\"og:url\" content=\"https:\/\/wp.ufpel.edu.br\/laboratorioelo\/2017-iwusef\/\" \/>\n<meta property=\"og:site_name\" content=\"LELO - UFPel\" \/>\n<meta property=\"og:image\" content=\"https:\/\/wp.ufpel.edu.br\/laboratorioelo\/files\/2018\/07\/evento-2.png\" \/>\n<meta name=\"twitter:card\" content=\"summary_large_image\" \/>\n<meta name=\"twitter:label1\" content=\"Est. tempo de leitura\" \/>\n\t<meta name=\"twitter:data1\" content=\"1 minuto\" \/>\n<script type=\"application\/ld+json\" class=\"yoast-schema-graph\">{\"@context\":\"https:\/\/schema.org\",\"@graph\":[{\"@type\":\"WebPage\",\"@id\":\"https:\/\/wp.ufpel.edu.br\/laboratorioelo\/2017-iwusef\/\",\"url\":\"https:\/\/wp.ufpel.edu.br\/laboratorioelo\/2017-iwusef\/\",\"name\":\"1\u00ba Workshop Ultrassonografia e Estudos da Fala - LELO - UFPel\",\"isPartOf\":{\"@id\":\"https:\/\/wp.ufpel.edu.br\/laboratorioelo\/#website\"},\"primaryImageOfPage\":{\"@id\":\"https:\/\/wp.ufpel.edu.br\/laboratorioelo\/2017-iwusef\/#primaryimage\"},\"image\":{\"@id\":\"https:\/\/wp.ufpel.edu.br\/laboratorioelo\/2017-iwusef\/#primaryimage\"},\"thumbnailUrl\":\"https:\/\/wp.ufpel.edu.br\/laboratorioelo\/files\/2018\/07\/evento-2.png\",\"datePublished\":\"2018-07-18T22:00:57+00:00\",\"breadcrumb\":{\"@id\":\"https:\/\/wp.ufpel.edu.br\/laboratorioelo\/2017-iwusef\/#breadcrumb\"},\"inLanguage\":\"pt-BR\",\"potentialAction\":[{\"@type\":\"ReadAction\",\"target\":[\"https:\/\/wp.ufpel.edu.br\/laboratorioelo\/2017-iwusef\/\"]}]},{\"@type\":\"ImageObject\",\"inLanguage\":\"pt-BR\",\"@id\":\"https:\/\/wp.ufpel.edu.br\/laboratorioelo\/2017-iwusef\/#primaryimage\",\"url\":\"https:\/\/wp.ufpel.edu.br\/laboratorioelo\/files\/2018\/07\/evento-2.png\",\"contentUrl\":\"https:\/\/wp.ufpel.edu.br\/laboratorioelo\/files\/2018\/07\/evento-2.png\",\"width\":301,\"height\":173},{\"@type\":\"BreadcrumbList\",\"@id\":\"https:\/\/wp.ufpel.edu.br\/laboratorioelo\/2017-iwusef\/#breadcrumb\",\"itemListElement\":[{\"@type\":\"ListItem\",\"position\":1,\"name\":\"Home\",\"item\":\"https:\/\/wp.ufpel.edu.br\/laboratorioelo\/\"},{\"@type\":\"ListItem\",\"position\":2,\"name\":\"1\u00ba Workshop Ultrassonografia e Estudos da Fala\"}]},{\"@type\":\"WebSite\",\"@id\":\"https:\/\/wp.ufpel.edu.br\/laboratorioelo\/#website\",\"url\":\"https:\/\/wp.ufpel.edu.br\/laboratorioelo\/\",\"name\":\"LELO - UFPEL\",\"description\":\"\",\"publisher\":{\"@id\":\"https:\/\/wp.ufpel.edu.br\/laboratorioelo\/#organization\"},\"potentialAction\":[{\"@type\":\"SearchAction\",\"target\":{\"@type\":\"EntryPoint\",\"urlTemplate\":\"https:\/\/wp.ufpel.edu.br\/laboratorioelo\/?s={search_term_string}\"},\"query-input\":{\"@type\":\"PropertyValueSpecification\",\"valueRequired\":true,\"valueName\":\"search_term_string\"}}],\"inLanguage\":\"pt-BR\"},{\"@type\":\"Organization\",\"@id\":\"https:\/\/wp.ufpel.edu.br\/laboratorioelo\/#organization\",\"name\":\"Laborat\u00f3rio ELO\",\"url\":\"https:\/\/wp.ufpel.edu.br\/laboratorioelo\/\",\"logo\":{\"@type\":\"ImageObject\",\"inLanguage\":\"pt-BR\",\"@id\":\"https:\/\/wp.ufpel.edu.br\/laboratorioelo\/#\/schema\/logo\/image\/\",\"url\":\"https:\/\/wp.ufpel.edu.br\/laboratorioelo\/files\/2017\/08\/Lelo_logo_pretoBranco2-1.png\",\"contentUrl\":\"https:\/\/wp.ufpel.edu.br\/laboratorioelo\/files\/2017\/08\/Lelo_logo_pretoBranco2-1.png\",\"width\":1153,\"height\":569,\"caption\":\"Laborat\u00f3rio ELO\"},\"image\":{\"@id\":\"https:\/\/wp.ufpel.edu.br\/laboratorioelo\/#\/schema\/logo\/image\/\"}}]}<\/script>\n<!-- \/ Yoast SEO plugin. -->","yoast_head_json":{"title":"1\u00ba Workshop Ultrassonografia e Estudos da Fala - LELO - UFPel","robots":{"index":"index","follow":"follow","max-snippet":"max-snippet:-1","max-image-preview":"max-image-preview:large","max-video-preview":"max-video-preview:-1"},"canonical":"https:\/\/wp.ufpel.edu.br\/laboratorioelo\/2017-iwusef\/","og_locale":"pt_BR","og_type":"article","og_title":"1\u00ba Workshop Ultrassonografia e Estudos da Fala - LELO - UFPel","og_description":"Os Laborat\u00f3rios LELO (UFPel) e FONAPLI (UFSC) organizam o 1\u00ba Workshop Ultrassonografia e Estudos da Fala. O\u00a01\u00ba WUSEF\u00a0ocorrer\u00e1 em novembro na UFSC. O evento reunir\u00e1 investigadores que desenvolvem pesquisas sobre a linguagem t\u00edpica e at\u00edpica, que empregam o ultrassom, associado ou n\u00e3o a outras tecnologias, a fim de melhor compreender o funcionamento e o processamento... Leia mais","og_url":"https:\/\/wp.ufpel.edu.br\/laboratorioelo\/2017-iwusef\/","og_site_name":"LELO - UFPel","og_image":[{"url":"https:\/\/wp.ufpel.edu.br\/laboratorioelo\/files\/2018\/07\/evento-2.png","type":"","width":"","height":""}],"twitter_card":"summary_large_image","twitter_misc":{"Est. tempo de leitura":"1 minuto"},"schema":{"@context":"https:\/\/schema.org","@graph":[{"@type":"WebPage","@id":"https:\/\/wp.ufpel.edu.br\/laboratorioelo\/2017-iwusef\/","url":"https:\/\/wp.ufpel.edu.br\/laboratorioelo\/2017-iwusef\/","name":"1\u00ba Workshop Ultrassonografia e Estudos da Fala - LELO - UFPel","isPartOf":{"@id":"https:\/\/wp.ufpel.edu.br\/laboratorioelo\/#website"},"primaryImageOfPage":{"@id":"https:\/\/wp.ufpel.edu.br\/laboratorioelo\/2017-iwusef\/#primaryimage"},"image":{"@id":"https:\/\/wp.ufpel.edu.br\/laboratorioelo\/2017-iwusef\/#primaryimage"},"thumbnailUrl":"https:\/\/wp.ufpel.edu.br\/laboratorioelo\/files\/2018\/07\/evento-2.png","datePublished":"2018-07-18T22:00:57+00:00","breadcrumb":{"@id":"https:\/\/wp.ufpel.edu.br\/laboratorioelo\/2017-iwusef\/#breadcrumb"},"inLanguage":"pt-BR","potentialAction":[{"@type":"ReadAction","target":["https:\/\/wp.ufpel.edu.br\/laboratorioelo\/2017-iwusef\/"]}]},{"@type":"ImageObject","inLanguage":"pt-BR","@id":"https:\/\/wp.ufpel.edu.br\/laboratorioelo\/2017-iwusef\/#primaryimage","url":"https:\/\/wp.ufpel.edu.br\/laboratorioelo\/files\/2018\/07\/evento-2.png","contentUrl":"https:\/\/wp.ufpel.edu.br\/laboratorioelo\/files\/2018\/07\/evento-2.png","width":301,"height":173},{"@type":"BreadcrumbList","@id":"https:\/\/wp.ufpel.edu.br\/laboratorioelo\/2017-iwusef\/#breadcrumb","itemListElement":[{"@type":"ListItem","position":1,"name":"Home","item":"https:\/\/wp.ufpel.edu.br\/laboratorioelo\/"},{"@type":"ListItem","position":2,"name":"1\u00ba Workshop Ultrassonografia e Estudos da Fala"}]},{"@type":"WebSite","@id":"https:\/\/wp.ufpel.edu.br\/laboratorioelo\/#website","url":"https:\/\/wp.ufpel.edu.br\/laboratorioelo\/","name":"LELO - UFPEL","description":"","publisher":{"@id":"https:\/\/wp.ufpel.edu.br\/laboratorioelo\/#organization"},"potentialAction":[{"@type":"SearchAction","target":{"@type":"EntryPoint","urlTemplate":"https:\/\/wp.ufpel.edu.br\/laboratorioelo\/?s={search_term_string}"},"query-input":{"@type":"PropertyValueSpecification","valueRequired":true,"valueName":"search_term_string"}}],"inLanguage":"pt-BR"},{"@type":"Organization","@id":"https:\/\/wp.ufpel.edu.br\/laboratorioelo\/#organization","name":"Laborat\u00f3rio ELO","url":"https:\/\/wp.ufpel.edu.br\/laboratorioelo\/","logo":{"@type":"ImageObject","inLanguage":"pt-BR","@id":"https:\/\/wp.ufpel.edu.br\/laboratorioelo\/#\/schema\/logo\/image\/","url":"https:\/\/wp.ufpel.edu.br\/laboratorioelo\/files\/2017\/08\/Lelo_logo_pretoBranco2-1.png","contentUrl":"https:\/\/wp.ufpel.edu.br\/laboratorioelo\/files\/2017\/08\/Lelo_logo_pretoBranco2-1.png","width":1153,"height":569,"caption":"Laborat\u00f3rio ELO"},"image":{"@id":"https:\/\/wp.ufpel.edu.br\/laboratorioelo\/#\/schema\/logo\/image\/"}}]}},"jetpack_sharing_enabled":true,"_links":{"self":[{"href":"https:\/\/wp.ufpel.edu.br\/laboratorioelo\/wp-json\/wp\/v2\/pages\/1118","targetHints":{"allow":["GET"]}}],"collection":[{"href":"https:\/\/wp.ufpel.edu.br\/laboratorioelo\/wp-json\/wp\/v2\/pages"}],"about":[{"href":"https:\/\/wp.ufpel.edu.br\/laboratorioelo\/wp-json\/wp\/v2\/types\/page"}],"author":[{"embeddable":true,"href":"https:\/\/wp.ufpel.edu.br\/laboratorioelo\/wp-json\/wp\/v2\/users\/386"}],"replies":[{"embeddable":true,"href":"https:\/\/wp.ufpel.edu.br\/laboratorioelo\/wp-json\/wp\/v2\/comments?post=1118"}],"version-history":[{"count":1,"href":"https:\/\/wp.ufpel.edu.br\/laboratorioelo\/wp-json\/wp\/v2\/pages\/1118\/revisions"}],"predecessor-version":[{"id":1120,"href":"https:\/\/wp.ufpel.edu.br\/laboratorioelo\/wp-json\/wp\/v2\/pages\/1118\/revisions\/1120"}],"wp:attachment":[{"href":"https:\/\/wp.ufpel.edu.br\/laboratorioelo\/wp-json\/wp\/v2\/media?parent=1118"}],"curies":[{"name":"wp","href":"https:\/\/api.w.org\/{rel}","templated":true}]}}