{"id":1102,"date":"2018-07-18T18:10:37","date_gmt":"2018-07-18T21:10:37","guid":{"rendered":"https:\/\/wp.ufpel.edu.br\/laboratorioelo\/?page_id=1102"},"modified":"2018-07-18T21:12:53","modified_gmt":"2018-07-19T00:12:53","slug":"noticias-2017","status":"publish","type":"page","link":"https:\/\/wp.ufpel.edu.br\/laboratorioelo\/noticias-2017\/","title":{"rendered":"Not\u00edcias 2017"},"content":{"rendered":"<blockquote class=\"wp-embedded-content\" data-secret=\"OwG1w6339O\"><p><a href=\"https:\/\/wp.ufpel.edu.br\/laboratorioelo\/2017-selecao-de-bolsista\/\">Sele\u00e7\u00e3o de Bolsista LELO<\/a><\/p><\/blockquote>\n<p><iframe loading=\"lazy\" class=\"wp-embedded-content\" sandbox=\"allow-scripts\" security=\"restricted\" style=\"position: absolute; clip: rect(1px, 1px, 1px, 1px);\" src=\"https:\/\/wp.ufpel.edu.br\/laboratorioelo\/2017-selecao-de-bolsista\/embed\/#?secret=OwG1w6339O\" data-secret=\"OwG1w6339O\" width=\"600\" height=\"338\" title=\"&#8220;Sele\u00e7\u00e3o de Bolsista LELO&#8221; &#8212; LELO - UFPel\" frameborder=\"0\" marginwidth=\"0\" marginheight=\"0\" scrolling=\"no\"><\/iframe><\/p>\n<blockquote class=\"wp-embedded-content\" data-secret=\"yNyw8WvgQE\"><p><a href=\"https:\/\/wp.ufpel.edu.br\/laboratorioelo\/2017-chamada-iwusef\/\">Chamada de Trabalhos: I Workshop Em Ultrassonografia e Estudos da Fala<\/a><\/p><\/blockquote>\n<p><iframe loading=\"lazy\" class=\"wp-embedded-content\" sandbox=\"allow-scripts\" security=\"restricted\" style=\"position: absolute; clip: rect(1px, 1px, 1px, 1px);\" src=\"https:\/\/wp.ufpel.edu.br\/laboratorioelo\/2017-chamada-iwusef\/embed\/#?secret=yNyw8WvgQE\" data-secret=\"yNyw8WvgQE\" width=\"600\" height=\"338\" title=\"&#8220;Chamada de Trabalhos: I Workshop Em Ultrassonografia e Estudos da Fala&#8221; &#8212; LELO - UFPel\" frameborder=\"0\" marginwidth=\"0\" marginheight=\"0\" scrolling=\"no\"><\/iframe><\/p>\n<blockquote class=\"wp-embedded-content\" data-secret=\"rU8xFdFKmb\"><p><a href=\"https:\/\/wp.ufpel.edu.br\/laboratorioelo\/2017-programacao-iwusef\/\">Programa\u00e7\u00e3o: I Workshop em Ultrassonografia e Estudos da Fala<\/a><\/p><\/blockquote>\n<p><iframe loading=\"lazy\" class=\"wp-embedded-content\" sandbox=\"allow-scripts\" security=\"restricted\" style=\"position: absolute; clip: rect(1px, 1px, 1px, 1px);\" src=\"https:\/\/wp.ufpel.edu.br\/laboratorioelo\/2017-programacao-iwusef\/embed\/#?secret=rU8xFdFKmb\" data-secret=\"rU8xFdFKmb\" width=\"600\" height=\"338\" title=\"&#8220;Programa\u00e7\u00e3o: I Workshop em Ultrassonografia e Estudos da Fala&#8221; &#8212; LELO - UFPel\" frameborder=\"0\" marginwidth=\"0\" marginheight=\"0\" scrolling=\"no\"><\/iframe><\/p>\n<blockquote class=\"wp-embedded-content\" data-secret=\"cnDPTEoCba\"><p><a href=\"https:\/\/wp.ufpel.edu.br\/laboratorioelo\/2017-horario-de-funcionamento\/\">Hor\u00e1rio de Funcionamento 2017\/2<\/a><\/p><\/blockquote>\n<p><iframe loading=\"lazy\" class=\"wp-embedded-content\" sandbox=\"allow-scripts\" security=\"restricted\" style=\"position: absolute; clip: rect(1px, 1px, 1px, 1px);\" src=\"https:\/\/wp.ufpel.edu.br\/laboratorioelo\/2017-horario-de-funcionamento\/embed\/#?secret=cnDPTEoCba\" data-secret=\"cnDPTEoCba\" width=\"600\" height=\"338\" title=\"&#8220;Hor\u00e1rio de Funcionamento 2017\/2&#8221; &#8212; LELO - UFPel\" frameborder=\"0\" marginwidth=\"0\" marginheight=\"0\" scrolling=\"no\"><\/iframe><\/p>\n<blockquote class=\"wp-embedded-content\" data-secret=\"ioGs0mp8Gu\"><p><a href=\"https:\/\/wp.ufpel.edu.br\/laboratorioelo\/2017-trabalho-dos-mestrandos\/\">Trabalho dos Mestrandos<\/a><\/p><\/blockquote>\n<p><iframe loading=\"lazy\" class=\"wp-embedded-content\" sandbox=\"allow-scripts\" security=\"restricted\" style=\"position: absolute; clip: rect(1px, 1px, 1px, 1px);\" src=\"https:\/\/wp.ufpel.edu.br\/laboratorioelo\/2017-trabalho-dos-mestrandos\/embed\/#?secret=ioGs0mp8Gu\" data-secret=\"ioGs0mp8Gu\" width=\"600\" height=\"338\" title=\"&#8220;Trabalho dos Mestrandos&#8221; &#8212; LELO - UFPel\" frameborder=\"0\" marginwidth=\"0\" marginheight=\"0\" scrolling=\"no\"><\/iframe><\/p>\n<blockquote class=\"wp-embedded-content\" data-secret=\"M2zscoDPfN\"><p><a href=\"https:\/\/wp.ufpel.edu.br\/laboratorioelo\/2017-defesa-de-dissertacao-em-breve\/\">Defesa de Disserta\u00e7\u00e3o em Breve<\/a><\/p><\/blockquote>\n<p><iframe loading=\"lazy\" class=\"wp-embedded-content\" sandbox=\"allow-scripts\" security=\"restricted\" style=\"position: absolute; clip: rect(1px, 1px, 1px, 1px);\" src=\"https:\/\/wp.ufpel.edu.br\/laboratorioelo\/2017-defesa-de-dissertacao-em-breve\/embed\/#?secret=M2zscoDPfN\" data-secret=\"M2zscoDPfN\" width=\"600\" height=\"338\" title=\"&#8220;Defesa de Disserta\u00e7\u00e3o em Breve&#8221; &#8212; LELO - UFPel\" frameborder=\"0\" marginwidth=\"0\" marginheight=\"0\" scrolling=\"no\"><\/iframe><\/p>\n<blockquote class=\"wp-embedded-content\" data-secret=\"8ioFu4DuIs\"><p><a href=\"https:\/\/wp.ufpel.edu.br\/laboratorioelo\/2017-novo-curso\/\">Novo Curso<\/a><\/p><\/blockquote>\n<p><iframe loading=\"lazy\" class=\"wp-embedded-content\" sandbox=\"allow-scripts\" security=\"restricted\" style=\"position: absolute; clip: rect(1px, 1px, 1px, 1px);\" src=\"https:\/\/wp.ufpel.edu.br\/laboratorioelo\/2017-novo-curso\/embed\/#?secret=8ioFu4DuIs\" data-secret=\"8ioFu4DuIs\" width=\"600\" height=\"338\" title=\"&#8220;Novo Curso&#8221; &#8212; LELO - UFPel\" frameborder=\"0\" marginwidth=\"0\" marginheight=\"0\" scrolling=\"no\"><\/iframe><\/p>\n<blockquote class=\"wp-embedded-content\" data-secret=\"2mDyFGYYhq\"><p><a href=\"https:\/\/wp.ufpel.edu.br\/laboratorioelo\/2017-iwusef\/\">1\u00ba Workshop Ultrassonografia e Estudos da Fala<\/a><\/p><\/blockquote>\n<p><iframe loading=\"lazy\" class=\"wp-embedded-content\" sandbox=\"allow-scripts\" security=\"restricted\" style=\"position: absolute; clip: rect(1px, 1px, 1px, 1px);\" src=\"https:\/\/wp.ufpel.edu.br\/laboratorioelo\/2017-iwusef\/embed\/#?secret=2mDyFGYYhq\" data-secret=\"2mDyFGYYhq\" width=\"600\" height=\"338\" title=\"&#8220;1\u00ba Workshop Ultrassonografia e Estudos da Fala&#8221; &#8212; LELO - UFPel\" frameborder=\"0\" marginwidth=\"0\" marginheight=\"0\" scrolling=\"no\"><\/iframe><\/p>\n","protected":false},"excerpt":{"rendered":"<p>Sele\u00e7\u00e3o de Bolsista LELO Chamada de Trabalhos: I Workshop Em Ultrassonografia e Estudos da Fala Programa\u00e7\u00e3o: I Workshop em Ultrassonografia e Estudos da Fala Hor\u00e1rio de Funcionamento 2017\/2 Trabalho dos Mestrandos Defesa de Disserta\u00e7\u00e3o em Breve Novo Curso 1\u00ba Workshop Ultrassonografia e Estudos da Fala<\/p>\n","protected":false},"author":386,"featured_media":0,"parent":0,"menu_order":0,"comment_status":"closed","ping_status":"closed","template":"","meta":{"footnotes":""},"class_list":["post-1102","page","type-page","status-publish","hentry"],"yoast_head":"<!-- This site is optimized with the Yoast SEO plugin v26.7 - https:\/\/yoast.com\/wordpress\/plugins\/seo\/ -->\n<title>Not\u00edcias 2017 - LELO - UFPel<\/title>\n<meta name=\"robots\" content=\"index, follow, max-snippet:-1, max-image-preview:large, max-video-preview:-1\" \/>\n<link rel=\"canonical\" href=\"https:\/\/wp.ufpel.edu.br\/laboratorioelo\/noticias-2017\/\" \/>\n<meta property=\"og:locale\" content=\"pt_BR\" \/>\n<meta property=\"og:type\" content=\"article\" \/>\n<meta property=\"og:title\" content=\"Not\u00edcias 2017 - LELO - UFPel\" \/>\n<meta property=\"og:description\" content=\"Sele\u00e7\u00e3o de Bolsista LELO Chamada de Trabalhos: I Workshop Em Ultrassonografia e Estudos da Fala Programa\u00e7\u00e3o: I Workshop em Ultrassonografia e Estudos da Fala Hor\u00e1rio de Funcionamento 2017\/2 Trabalho dos Mestrandos Defesa de Disserta\u00e7\u00e3o em Breve Novo Curso 1\u00ba Workshop Ultrassonografia e Estudos da Fala\" \/>\n<meta property=\"og:url\" content=\"https:\/\/wp.ufpel.edu.br\/laboratorioelo\/noticias-2017\/\" \/>\n<meta property=\"og:site_name\" content=\"LELO - UFPel\" \/>\n<meta property=\"article:modified_time\" content=\"2018-07-19T00:12:53+00:00\" \/>\n<meta name=\"twitter:card\" content=\"summary_large_image\" \/>\n<script type=\"application\/ld+json\" class=\"yoast-schema-graph\">{\"@context\":\"https:\/\/schema.org\",\"@graph\":[{\"@type\":\"WebPage\",\"@id\":\"https:\/\/wp.ufpel.edu.br\/laboratorioelo\/noticias-2017\/\",\"url\":\"https:\/\/wp.ufpel.edu.br\/laboratorioelo\/noticias-2017\/\",\"name\":\"Not\u00edcias 2017 - LELO - UFPel\",\"isPartOf\":{\"@id\":\"https:\/\/wp.ufpel.edu.br\/laboratorioelo\/#website\"},\"datePublished\":\"2018-07-18T21:10:37+00:00\",\"dateModified\":\"2018-07-19T00:12:53+00:00\",\"breadcrumb\":{\"@id\":\"https:\/\/wp.ufpel.edu.br\/laboratorioelo\/noticias-2017\/#breadcrumb\"},\"inLanguage\":\"pt-BR\",\"potentialAction\":[{\"@type\":\"ReadAction\",\"target\":[\"https:\/\/wp.ufpel.edu.br\/laboratorioelo\/noticias-2017\/\"]}]},{\"@type\":\"BreadcrumbList\",\"@id\":\"https:\/\/wp.ufpel.edu.br\/laboratorioelo\/noticias-2017\/#breadcrumb\",\"itemListElement\":[{\"@type\":\"ListItem\",\"position\":1,\"name\":\"Home\",\"item\":\"https:\/\/wp.ufpel.edu.br\/laboratorioelo\/\"},{\"@type\":\"ListItem\",\"position\":2,\"name\":\"Not\u00edcias 2017\"}]},{\"@type\":\"WebSite\",\"@id\":\"https:\/\/wp.ufpel.edu.br\/laboratorioelo\/#website\",\"url\":\"https:\/\/wp.ufpel.edu.br\/laboratorioelo\/\",\"name\":\"LELO - UFPEL\",\"description\":\"\",\"publisher\":{\"@id\":\"https:\/\/wp.ufpel.edu.br\/laboratorioelo\/#organization\"},\"potentialAction\":[{\"@type\":\"SearchAction\",\"target\":{\"@type\":\"EntryPoint\",\"urlTemplate\":\"https:\/\/wp.ufpel.edu.br\/laboratorioelo\/?s={search_term_string}\"},\"query-input\":{\"@type\":\"PropertyValueSpecification\",\"valueRequired\":true,\"valueName\":\"search_term_string\"}}],\"inLanguage\":\"pt-BR\"},{\"@type\":\"Organization\",\"@id\":\"https:\/\/wp.ufpel.edu.br\/laboratorioelo\/#organization\",\"name\":\"Laborat\u00f3rio ELO\",\"url\":\"https:\/\/wp.ufpel.edu.br\/laboratorioelo\/\",\"logo\":{\"@type\":\"ImageObject\",\"inLanguage\":\"pt-BR\",\"@id\":\"https:\/\/wp.ufpel.edu.br\/laboratorioelo\/#\/schema\/logo\/image\/\",\"url\":\"https:\/\/wp.ufpel.edu.br\/laboratorioelo\/files\/2017\/08\/Lelo_logo_pretoBranco2-1.png\",\"contentUrl\":\"https:\/\/wp.ufpel.edu.br\/laboratorioelo\/files\/2017\/08\/Lelo_logo_pretoBranco2-1.png\",\"width\":1153,\"height\":569,\"caption\":\"Laborat\u00f3rio ELO\"},\"image\":{\"@id\":\"https:\/\/wp.ufpel.edu.br\/laboratorioelo\/#\/schema\/logo\/image\/\"}}]}<\/script>\n<!-- \/ Yoast SEO plugin. -->","yoast_head_json":{"title":"Not\u00edcias 2017 - LELO - UFPel","robots":{"index":"index","follow":"follow","max-snippet":"max-snippet:-1","max-image-preview":"max-image-preview:large","max-video-preview":"max-video-preview:-1"},"canonical":"https:\/\/wp.ufpel.edu.br\/laboratorioelo\/noticias-2017\/","og_locale":"pt_BR","og_type":"article","og_title":"Not\u00edcias 2017 - LELO - UFPel","og_description":"Sele\u00e7\u00e3o de Bolsista LELO Chamada de Trabalhos: I Workshop Em Ultrassonografia e Estudos da Fala Programa\u00e7\u00e3o: I Workshop em Ultrassonografia e Estudos da Fala Hor\u00e1rio de Funcionamento 2017\/2 Trabalho dos Mestrandos Defesa de Disserta\u00e7\u00e3o em Breve Novo Curso 1\u00ba Workshop Ultrassonografia e Estudos da Fala","og_url":"https:\/\/wp.ufpel.edu.br\/laboratorioelo\/noticias-2017\/","og_site_name":"LELO - UFPel","article_modified_time":"2018-07-19T00:12:53+00:00","twitter_card":"summary_large_image","schema":{"@context":"https:\/\/schema.org","@graph":[{"@type":"WebPage","@id":"https:\/\/wp.ufpel.edu.br\/laboratorioelo\/noticias-2017\/","url":"https:\/\/wp.ufpel.edu.br\/laboratorioelo\/noticias-2017\/","name":"Not\u00edcias 2017 - LELO - UFPel","isPartOf":{"@id":"https:\/\/wp.ufpel.edu.br\/laboratorioelo\/#website"},"datePublished":"2018-07-18T21:10:37+00:00","dateModified":"2018-07-19T00:12:53+00:00","breadcrumb":{"@id":"https:\/\/wp.ufpel.edu.br\/laboratorioelo\/noticias-2017\/#breadcrumb"},"inLanguage":"pt-BR","potentialAction":[{"@type":"ReadAction","target":["https:\/\/wp.ufpel.edu.br\/laboratorioelo\/noticias-2017\/"]}]},{"@type":"BreadcrumbList","@id":"https:\/\/wp.ufpel.edu.br\/laboratorioelo\/noticias-2017\/#breadcrumb","itemListElement":[{"@type":"ListItem","position":1,"name":"Home","item":"https:\/\/wp.ufpel.edu.br\/laboratorioelo\/"},{"@type":"ListItem","position":2,"name":"Not\u00edcias 2017"}]},{"@type":"WebSite","@id":"https:\/\/wp.ufpel.edu.br\/laboratorioelo\/#website","url":"https:\/\/wp.ufpel.edu.br\/laboratorioelo\/","name":"LELO - UFPEL","description":"","publisher":{"@id":"https:\/\/wp.ufpel.edu.br\/laboratorioelo\/#organization"},"potentialAction":[{"@type":"SearchAction","target":{"@type":"EntryPoint","urlTemplate":"https:\/\/wp.ufpel.edu.br\/laboratorioelo\/?s={search_term_string}"},"query-input":{"@type":"PropertyValueSpecification","valueRequired":true,"valueName":"search_term_string"}}],"inLanguage":"pt-BR"},{"@type":"Organization","@id":"https:\/\/wp.ufpel.edu.br\/laboratorioelo\/#organization","name":"Laborat\u00f3rio ELO","url":"https:\/\/wp.ufpel.edu.br\/laboratorioelo\/","logo":{"@type":"ImageObject","inLanguage":"pt-BR","@id":"https:\/\/wp.ufpel.edu.br\/laboratorioelo\/#\/schema\/logo\/image\/","url":"https:\/\/wp.ufpel.edu.br\/laboratorioelo\/files\/2017\/08\/Lelo_logo_pretoBranco2-1.png","contentUrl":"https:\/\/wp.ufpel.edu.br\/laboratorioelo\/files\/2017\/08\/Lelo_logo_pretoBranco2-1.png","width":1153,"height":569,"caption":"Laborat\u00f3rio ELO"},"image":{"@id":"https:\/\/wp.ufpel.edu.br\/laboratorioelo\/#\/schema\/logo\/image\/"}}]}},"jetpack_sharing_enabled":true,"_links":{"self":[{"href":"https:\/\/wp.ufpel.edu.br\/laboratorioelo\/wp-json\/wp\/v2\/pages\/1102","targetHints":{"allow":["GET"]}}],"collection":[{"href":"https:\/\/wp.ufpel.edu.br\/laboratorioelo\/wp-json\/wp\/v2\/pages"}],"about":[{"href":"https:\/\/wp.ufpel.edu.br\/laboratorioelo\/wp-json\/wp\/v2\/types\/page"}],"author":[{"embeddable":true,"href":"https:\/\/wp.ufpel.edu.br\/laboratorioelo\/wp-json\/wp\/v2\/users\/386"}],"replies":[{"embeddable":true,"href":"https:\/\/wp.ufpel.edu.br\/laboratorioelo\/wp-json\/wp\/v2\/comments?post=1102"}],"version-history":[{"count":5,"href":"https:\/\/wp.ufpel.edu.br\/laboratorioelo\/wp-json\/wp\/v2\/pages\/1102\/revisions"}],"predecessor-version":[{"id":1176,"href":"https:\/\/wp.ufpel.edu.br\/laboratorioelo\/wp-json\/wp\/v2\/pages\/1102\/revisions\/1176"}],"wp:attachment":[{"href":"https:\/\/wp.ufpel.edu.br\/laboratorioelo\/wp-json\/wp\/v2\/media?parent=1102"}],"curies":[{"name":"wp","href":"https:\/\/api.w.org\/{rel}","templated":true}]}}