{"id":1067,"date":"2018-07-17T22:44:16","date_gmt":"2018-07-18T01:44:16","guid":{"rendered":"https:\/\/wp.ufpel.edu.br\/laboratorioelo\/?page_id=1067"},"modified":"2018-07-17T22:44:16","modified_gmt":"2018-07-18T01:44:16","slug":"33salufpel","status":"publish","type":"page","link":"https:\/\/wp.ufpel.edu.br\/laboratorioelo\/33salufpel\/","title":{"rendered":"33\u00aa SEMANA ACAD\u00caMICA DE LETRAS UFPEL"},"content":{"rendered":"<h4 style=\"text-align: center\">Comunica\u00e7\u00e3o Oral<\/h4>\n<p><strong>Data:<\/strong>\u00a025\/10\/2017\u00a0<strong>Hor\u00e1rio:<\/strong>\u00a08:50\u00a0<strong>Local:\u00a0<\/strong> <span style=\"font-weight: 400\">sala 203 (campus II)<\/span><br \/>\n<strong>T\u00edtulo:\u00a0<\/strong> <em>TAP<\/em> EM ONSET E CODA: UMA DESCRI\u00c7\u00c3O AC\u00daSTICA E ARTICULAT\u00d3RIO DE PRODU\u00c7\u00d5ES PELOTENSES<br \/>\n<strong>Autores:<\/strong>\u00a0Patr\u00edcia Pereira Melcheque e\u00a0Giovana Ferreira-Gon\u00e7alves<\/p>\n","protected":false},"excerpt":{"rendered":"<p>Comunica\u00e7\u00e3o Oral Data:\u00a025\/10\/2017\u00a0Hor\u00e1rio:\u00a08:50\u00a0Local:\u00a0 sala 203 (campus II) T\u00edtulo:\u00a0 TAP EM ONSET E CODA: UMA DESCRI\u00c7\u00c3O AC\u00daSTICA E ARTICULAT\u00d3RIO DE PRODU\u00c7\u00d5ES PELOTENSES Autores:\u00a0Patr\u00edcia Pereira Melcheque e\u00a0Giovana Ferreira-Gon\u00e7alves<\/p>\n","protected":false},"author":386,"featured_media":0,"parent":0,"menu_order":0,"comment_status":"closed","ping_status":"closed","template":"","meta":{"footnotes":""},"class_list":["post-1067","page","type-page","status-publish","hentry"],"yoast_head":"<!-- This site is optimized with the Yoast SEO plugin v26.7 - https:\/\/yoast.com\/wordpress\/plugins\/seo\/ -->\n<title>33\u00aa SEMANA ACAD\u00caMICA DE LETRAS UFPEL - LELO - UFPel<\/title>\n<meta name=\"robots\" content=\"index, follow, max-snippet:-1, max-image-preview:large, max-video-preview:-1\" \/>\n<link rel=\"canonical\" href=\"https:\/\/wp.ufpel.edu.br\/laboratorioelo\/33salufpel\/\" \/>\n<meta property=\"og:locale\" content=\"pt_BR\" \/>\n<meta property=\"og:type\" content=\"article\" \/>\n<meta property=\"og:title\" content=\"33\u00aa SEMANA ACAD\u00caMICA DE LETRAS UFPEL - LELO - UFPel\" \/>\n<meta property=\"og:description\" content=\"Comunica\u00e7\u00e3o Oral Data:\u00a025\/10\/2017\u00a0Hor\u00e1rio:\u00a08:50\u00a0Local:\u00a0 sala 203 (campus II) T\u00edtulo:\u00a0 TAP EM ONSET E CODA: UMA DESCRI\u00c7\u00c3O AC\u00daSTICA E ARTICULAT\u00d3RIO DE PRODU\u00c7\u00d5ES PELOTENSES Autores:\u00a0Patr\u00edcia Pereira Melcheque e\u00a0Giovana Ferreira-Gon\u00e7alves\" \/>\n<meta property=\"og:url\" content=\"https:\/\/wp.ufpel.edu.br\/laboratorioelo\/33salufpel\/\" \/>\n<meta property=\"og:site_name\" content=\"LELO - UFPel\" \/>\n<meta name=\"twitter:card\" content=\"summary_large_image\" \/>\n<script type=\"application\/ld+json\" class=\"yoast-schema-graph\">{\"@context\":\"https:\/\/schema.org\",\"@graph\":[{\"@type\":\"WebPage\",\"@id\":\"https:\/\/wp.ufpel.edu.br\/laboratorioelo\/33salufpel\/\",\"url\":\"https:\/\/wp.ufpel.edu.br\/laboratorioelo\/33salufpel\/\",\"name\":\"33\u00aa SEMANA ACAD\u00caMICA DE LETRAS UFPEL - LELO - UFPel\",\"isPartOf\":{\"@id\":\"https:\/\/wp.ufpel.edu.br\/laboratorioelo\/#website\"},\"datePublished\":\"2018-07-18T01:44:16+00:00\",\"breadcrumb\":{\"@id\":\"https:\/\/wp.ufpel.edu.br\/laboratorioelo\/33salufpel\/#breadcrumb\"},\"inLanguage\":\"pt-BR\",\"potentialAction\":[{\"@type\":\"ReadAction\",\"target\":[\"https:\/\/wp.ufpel.edu.br\/laboratorioelo\/33salufpel\/\"]}]},{\"@type\":\"BreadcrumbList\",\"@id\":\"https:\/\/wp.ufpel.edu.br\/laboratorioelo\/33salufpel\/#breadcrumb\",\"itemListElement\":[{\"@type\":\"ListItem\",\"position\":1,\"name\":\"Home\",\"item\":\"https:\/\/wp.ufpel.edu.br\/laboratorioelo\/\"},{\"@type\":\"ListItem\",\"position\":2,\"name\":\"33\u00aa SEMANA ACAD\u00caMICA DE LETRAS UFPEL\"}]},{\"@type\":\"WebSite\",\"@id\":\"https:\/\/wp.ufpel.edu.br\/laboratorioelo\/#website\",\"url\":\"https:\/\/wp.ufpel.edu.br\/laboratorioelo\/\",\"name\":\"LELO - UFPEL\",\"description\":\"\",\"publisher\":{\"@id\":\"https:\/\/wp.ufpel.edu.br\/laboratorioelo\/#organization\"},\"potentialAction\":[{\"@type\":\"SearchAction\",\"target\":{\"@type\":\"EntryPoint\",\"urlTemplate\":\"https:\/\/wp.ufpel.edu.br\/laboratorioelo\/?s={search_term_string}\"},\"query-input\":{\"@type\":\"PropertyValueSpecification\",\"valueRequired\":true,\"valueName\":\"search_term_string\"}}],\"inLanguage\":\"pt-BR\"},{\"@type\":\"Organization\",\"@id\":\"https:\/\/wp.ufpel.edu.br\/laboratorioelo\/#organization\",\"name\":\"Laborat\u00f3rio ELO\",\"url\":\"https:\/\/wp.ufpel.edu.br\/laboratorioelo\/\",\"logo\":{\"@type\":\"ImageObject\",\"inLanguage\":\"pt-BR\",\"@id\":\"https:\/\/wp.ufpel.edu.br\/laboratorioelo\/#\/schema\/logo\/image\/\",\"url\":\"https:\/\/wp.ufpel.edu.br\/laboratorioelo\/files\/2017\/08\/Lelo_logo_pretoBranco2-1.png\",\"contentUrl\":\"https:\/\/wp.ufpel.edu.br\/laboratorioelo\/files\/2017\/08\/Lelo_logo_pretoBranco2-1.png\",\"width\":1153,\"height\":569,\"caption\":\"Laborat\u00f3rio ELO\"},\"image\":{\"@id\":\"https:\/\/wp.ufpel.edu.br\/laboratorioelo\/#\/schema\/logo\/image\/\"}}]}<\/script>\n<!-- \/ Yoast SEO plugin. -->","yoast_head_json":{"title":"33\u00aa SEMANA ACAD\u00caMICA DE LETRAS UFPEL - LELO - UFPel","robots":{"index":"index","follow":"follow","max-snippet":"max-snippet:-1","max-image-preview":"max-image-preview:large","max-video-preview":"max-video-preview:-1"},"canonical":"https:\/\/wp.ufpel.edu.br\/laboratorioelo\/33salufpel\/","og_locale":"pt_BR","og_type":"article","og_title":"33\u00aa SEMANA ACAD\u00caMICA DE LETRAS UFPEL - LELO - UFPel","og_description":"Comunica\u00e7\u00e3o Oral Data:\u00a025\/10\/2017\u00a0Hor\u00e1rio:\u00a08:50\u00a0Local:\u00a0 sala 203 (campus II) T\u00edtulo:\u00a0 TAP EM ONSET E CODA: UMA DESCRI\u00c7\u00c3O AC\u00daSTICA E ARTICULAT\u00d3RIO DE PRODU\u00c7\u00d5ES PELOTENSES Autores:\u00a0Patr\u00edcia Pereira Melcheque e\u00a0Giovana Ferreira-Gon\u00e7alves","og_url":"https:\/\/wp.ufpel.edu.br\/laboratorioelo\/33salufpel\/","og_site_name":"LELO - UFPel","twitter_card":"summary_large_image","schema":{"@context":"https:\/\/schema.org","@graph":[{"@type":"WebPage","@id":"https:\/\/wp.ufpel.edu.br\/laboratorioelo\/33salufpel\/","url":"https:\/\/wp.ufpel.edu.br\/laboratorioelo\/33salufpel\/","name":"33\u00aa SEMANA ACAD\u00caMICA DE LETRAS UFPEL - LELO - UFPel","isPartOf":{"@id":"https:\/\/wp.ufpel.edu.br\/laboratorioelo\/#website"},"datePublished":"2018-07-18T01:44:16+00:00","breadcrumb":{"@id":"https:\/\/wp.ufpel.edu.br\/laboratorioelo\/33salufpel\/#breadcrumb"},"inLanguage":"pt-BR","potentialAction":[{"@type":"ReadAction","target":["https:\/\/wp.ufpel.edu.br\/laboratorioelo\/33salufpel\/"]}]},{"@type":"BreadcrumbList","@id":"https:\/\/wp.ufpel.edu.br\/laboratorioelo\/33salufpel\/#breadcrumb","itemListElement":[{"@type":"ListItem","position":1,"name":"Home","item":"https:\/\/wp.ufpel.edu.br\/laboratorioelo\/"},{"@type":"ListItem","position":2,"name":"33\u00aa SEMANA ACAD\u00caMICA DE LETRAS UFPEL"}]},{"@type":"WebSite","@id":"https:\/\/wp.ufpel.edu.br\/laboratorioelo\/#website","url":"https:\/\/wp.ufpel.edu.br\/laboratorioelo\/","name":"LELO - UFPEL","description":"","publisher":{"@id":"https:\/\/wp.ufpel.edu.br\/laboratorioelo\/#organization"},"potentialAction":[{"@type":"SearchAction","target":{"@type":"EntryPoint","urlTemplate":"https:\/\/wp.ufpel.edu.br\/laboratorioelo\/?s={search_term_string}"},"query-input":{"@type":"PropertyValueSpecification","valueRequired":true,"valueName":"search_term_string"}}],"inLanguage":"pt-BR"},{"@type":"Organization","@id":"https:\/\/wp.ufpel.edu.br\/laboratorioelo\/#organization","name":"Laborat\u00f3rio ELO","url":"https:\/\/wp.ufpel.edu.br\/laboratorioelo\/","logo":{"@type":"ImageObject","inLanguage":"pt-BR","@id":"https:\/\/wp.ufpel.edu.br\/laboratorioelo\/#\/schema\/logo\/image\/","url":"https:\/\/wp.ufpel.edu.br\/laboratorioelo\/files\/2017\/08\/Lelo_logo_pretoBranco2-1.png","contentUrl":"https:\/\/wp.ufpel.edu.br\/laboratorioelo\/files\/2017\/08\/Lelo_logo_pretoBranco2-1.png","width":1153,"height":569,"caption":"Laborat\u00f3rio ELO"},"image":{"@id":"https:\/\/wp.ufpel.edu.br\/laboratorioelo\/#\/schema\/logo\/image\/"}}]}},"jetpack_sharing_enabled":true,"_links":{"self":[{"href":"https:\/\/wp.ufpel.edu.br\/laboratorioelo\/wp-json\/wp\/v2\/pages\/1067","targetHints":{"allow":["GET"]}}],"collection":[{"href":"https:\/\/wp.ufpel.edu.br\/laboratorioelo\/wp-json\/wp\/v2\/pages"}],"about":[{"href":"https:\/\/wp.ufpel.edu.br\/laboratorioelo\/wp-json\/wp\/v2\/types\/page"}],"author":[{"embeddable":true,"href":"https:\/\/wp.ufpel.edu.br\/laboratorioelo\/wp-json\/wp\/v2\/users\/386"}],"replies":[{"embeddable":true,"href":"https:\/\/wp.ufpel.edu.br\/laboratorioelo\/wp-json\/wp\/v2\/comments?post=1067"}],"version-history":[{"count":1,"href":"https:\/\/wp.ufpel.edu.br\/laboratorioelo\/wp-json\/wp\/v2\/pages\/1067\/revisions"}],"predecessor-version":[{"id":1069,"href":"https:\/\/wp.ufpel.edu.br\/laboratorioelo\/wp-json\/wp\/v2\/pages\/1067\/revisions\/1069"}],"wp:attachment":[{"href":"https:\/\/wp.ufpel.edu.br\/laboratorioelo\/wp-json\/wp\/v2\/media?parent=1067"}],"curies":[{"name":"wp","href":"https:\/\/api.w.org\/{rel}","templated":true}]}}