{"id":1051,"date":"2018-07-17T19:35:04","date_gmt":"2018-07-17T22:35:04","guid":{"rendered":"https:\/\/wp.ufpel.edu.br\/laboratorioelo\/?page_id=1051"},"modified":"2018-07-18T17:25:04","modified_gmt":"2018-07-18T20:25:04","slug":"3siiepe","status":"publish","type":"page","link":"https:\/\/wp.ufpel.edu.br\/laboratorioelo\/3siiepe\/","title":{"rendered":"3\u00aa SEMANA INTEGRADA UFPEL"},"content":{"rendered":"<p><img loading=\"lazy\" decoding=\"async\" class=\"alignleft size-full wp-image-1055\" src=\"https:\/\/wp.ufpel.edu.br\/laboratorioelo\/files\/2018\/07\/ENPOS-984x220.png\" alt=\"\" width=\"330\" height=\"220\" \/><\/p>\n<p class=\"entry-title\"><span style=\"font-size: 24pt;color: #000000\"><strong>XIX ENPOS<\/strong><\/span><\/p>\n<p><span style=\"color: #000000\">De 20 a 24\/11\/2017 no Campus Anglo e no Campus II<\/span><\/p>\n<p>&nbsp;<\/p>\n<p>&nbsp;<\/p>\n<p style=\"text-align: justify\"><strong>Data:<\/strong>\u00a022\/11\/2017\u00a0<strong>Hor\u00e1rio:<\/strong> 14:00\u00a0<strong>Local:<\/strong> Sala 308<br \/>\n<strong>T\u00edtulo:<\/strong> UM ESTUDO SOCIOFON\u00c9TICO DA LATERAL EM CODA SIL\u00c1BICA: CARACTERIZA\u00c7\u00c3O AC\u00daSTICA<br \/>\n<strong>Autores:<\/strong> Aline Rosinski Vieira e\u00a0Giovana Ferreira-Gon\u00e7alves<\/p>\n<p style=\"text-align: justify\"><strong>Data:<\/strong>\u00a022\/11\/2017\u00a0<strong>Hor\u00e1rio:<\/strong> 14:20\u00a0<strong>Local:<\/strong> Sala 308<br \/>\n<strong>T\u00edtulo:<\/strong> PRODU\u00c7\u00c3O NATIVA DAS VOGAIS FRONTAIS ARREDONDADAS [y], [q] E [\u0153] POR LOCUTORAS BRASILEIRAS ADULTAS DE N\u00cdVEL AVAN\u00c7ADO EM FRANC\u00caS (L2)<br \/>\n<strong>Autores:<\/strong> Giulian da Silva Pinto e Mirian Rose Brum de Paula<\/p>\n<p style=\"text-align: justify\"><strong>Data:<\/strong>\u00a022\/11\/2017\u00a0<strong>Hor\u00e1rio:<\/strong> 15:00\u00a0<strong>Local:<\/strong> Sala 308<br \/>\n<strong>T\u00edtulo:<\/strong> AQUISI\u00c7\u00c3O DAS VOGAIS NASAIS FRANCESAS POR APRENDIZES BRASILEIRAS: UMA AN\u00c1LISE VIA ULTRASSONOGRAFIA<br \/>\n<strong>Autores:<\/strong> Bruna Teixeira Correa e\u00a0Giovana Ferreira-Gon\u00e7alves<\/p>\n<p style=\"text-align: justify\"><strong>Data:<\/strong>\u00a022\/11\/2017\u00a0<strong>Hor\u00e1rio:<\/strong> 16:00\u00a0<strong>Local:<\/strong> Sala 308<br \/>\n<strong>T\u00edtulo:<\/strong> AQUISI\u00c7\u00c3O DE ENCONTROS CONSONANTAIS: AN\u00c1LISE AC\u00daSTICO-ARTICULAT\u00d3RIA DE DADOS EXPERIMENTAIS<br \/>\n<strong>Autores:<\/strong> Thais Telles Barbieri e\u00a0Giovana Ferreira-Gon\u00e7alves<\/p>\n<p style=\"text-align: justify\"><strong>Data:<\/strong>\u00a022\/11\/2017\u00a0<strong>Hor\u00e1rio:<\/strong> 16:40\u00a0<strong>Local:<\/strong> Sala 308<br \/>\n<strong>T\u00edtulo:\u00a0<\/strong>O PAPEL DA INSTRU\u00c7\u00c3O EXPL\u00cdCITA, POR MEIO DE ATIVIDADES DE PERCEP\u00c7\u00c3O, NO PROCESSO DE AQUISI\u00c7\u00c3O DAS VOGAIS M\u00c9DIAS DO ESPANHOL POR FALANTES DO PORTUGU\u00caS BRASILEIRO<br \/>\n<strong>Autores:<\/strong> Laura Freitas Filoda e\u00a0Giovana Ferreira-Gon\u00e7alves<\/p>\n<hr \/>\n<p><img loading=\"lazy\" decoding=\"async\" class=\"alignleft size-full wp-image-1056\" src=\"https:\/\/wp.ufpel.edu.br\/laboratorioelo\/files\/2018\/07\/CIC-984x220.png\" alt=\"\" width=\"330\" height=\"220\" \/><\/p>\n<p class=\"entry-title\"><span style=\"font-size: 24pt;color: #000000\"><strong>XXVI CIC<\/strong><\/span><\/p>\n<p class=\"entry-title\"><span style=\"color: #000000\">De 20 a 24\/11\/2017 no Campus Anglo e no Campus II<\/span><\/p>\n<p>&nbsp;<\/p>\n<p>&nbsp;<\/p>\n<p style=\"text-align: justify\"><strong>Data:<\/strong>\u00a024\/11\/2017\u00a0<strong>Hor\u00e1rio:<\/strong>\u00a08:30\u00a0<strong>Local:<\/strong> Sala 224<br \/>\n<strong>T\u00edtulo:\u00a0<\/strong>AQUISI\u00c7\u00c3O DA CONSOANTE LATERAL ALVEOLAR \/l\/ DO ESPANHOL: ULTRASSONOGRAFIA COMO MEIO DE INSTRU\u00c7\u00c3O EXPL\u00cdCITA<br \/>\n<strong>Autores:<\/strong> La\u00eds Silva Garcia e\u00a0Giovana Ferreira-Gon\u00e7alves<\/p>\n<p style=\"text-align: justify\"><strong>Data:<\/strong>\u00a024\/11\/2017\u00a0<strong>Hor\u00e1rio:<\/strong>\u00a08:50\u00a0<strong>Local:<\/strong> Sala 224<br \/>\n<strong>T\u00edtulo:\u00a0<\/strong>ULTRASSONOGRAFIA E INSTRU\u00c7\u00c3O EXPL\u00cdCITA: DADOS DE APRENDIZES EM N\u00cdVEL B\u00c1SICO E AVAN\u00c7ADO NA AQUISI\u00c7\u00c3O DO R\u00d3TICO RETROFLEXO<br \/>\n<strong>Autores:<\/strong> Ot\u00e1vio Tadeu Alves Pereira e\u00a0Giovana Ferreira-Gon\u00e7alves<\/p>\n<p style=\"text-align: justify\"><strong>Data:<\/strong>\u00a024\/11\/2017\u00a0<strong>Hor\u00e1rio:<\/strong>\u00a09:10\u00a0<strong>Local:<\/strong> Sala 224<br \/>\n<strong>T\u00edtulo:\u00a0<\/strong>R\u00d3TICOS DO DIALETO PELOTENSE: UM ESTUDO AC\u00daSTICO E ARTICULAT\u00d3RIO DE TAPs E VIBRANTES<br \/>\n<strong>Autores:<\/strong> Patr\u00edcia Pereira Melcheque e\u00a0Giovana Ferreira-Gon\u00e7alves<\/p>\n<p style=\"text-align: justify\"><strong>Data:<\/strong>\u00a024\/11\/2017\u00a0<strong>Hor\u00e1rio:<\/strong>\u00a09:30\u00a0<strong>Local:<\/strong> Sala 235<br \/>\n<strong>T\u00edtulo:\u00a0<\/strong>VOGAIS ORAIS: UM OLHAR SOBRE AS L\u00cdNGUAS QUE ESTUDAMOS<br \/>\n<strong>Autores:<\/strong> Patrick Silva de Mattos e\u00a0Mirian Rose Brum-de-Paula<\/p>\n","protected":false},"excerpt":{"rendered":"<p>XIX ENPOS De 20 a 24\/11\/2017 no Campus Anglo e no Campus II &nbsp; &nbsp; Data:\u00a022\/11\/2017\u00a0Hor\u00e1rio: 14:00\u00a0Local: Sala 308 T\u00edtulo: UM ESTUDO SOCIOFON\u00c9TICO DA LATERAL EM CODA SIL\u00c1BICA: CARACTERIZA\u00c7\u00c3O AC\u00daSTICA Autores: Aline Rosinski Vieira e\u00a0Giovana Ferreira-Gon\u00e7alves Data:\u00a022\/11\/2017\u00a0Hor\u00e1rio: 14:20\u00a0Local: Sala 308 T\u00edtulo: PRODU\u00c7\u00c3O NATIVA DAS VOGAIS FRONTAIS ARREDONDADAS [y], [q] E [\u0153] POR LOCUTORAS BRASILEIRAS ADULTAS&#8230; <\/p>\n<div class=\"link-more\"><a href=\"https:\/\/wp.ufpel.edu.br\/laboratorioelo\/3siiepe\/\">Leia mais<\/a><\/div>\n","protected":false},"author":386,"featured_media":0,"parent":0,"menu_order":0,"comment_status":"closed","ping_status":"closed","template":"","meta":{"footnotes":""},"class_list":["post-1051","page","type-page","status-publish","hentry"],"yoast_head":"<!-- This site is optimized with the Yoast SEO plugin v26.7 - https:\/\/yoast.com\/wordpress\/plugins\/seo\/ -->\n<title>3\u00aa SEMANA INTEGRADA UFPEL - LELO - UFPel<\/title>\n<meta name=\"robots\" content=\"index, follow, max-snippet:-1, max-image-preview:large, max-video-preview:-1\" \/>\n<link rel=\"canonical\" href=\"https:\/\/wp.ufpel.edu.br\/laboratorioelo\/3siiepe\/\" \/>\n<meta property=\"og:locale\" content=\"pt_BR\" \/>\n<meta property=\"og:type\" content=\"article\" \/>\n<meta property=\"og:title\" content=\"3\u00aa SEMANA INTEGRADA UFPEL - LELO - UFPel\" \/>\n<meta property=\"og:description\" content=\"XIX ENPOS De 20 a 24\/11\/2017 no Campus Anglo e no Campus II &nbsp; &nbsp; Data:\u00a022\/11\/2017\u00a0Hor\u00e1rio: 14:00\u00a0Local: Sala 308 T\u00edtulo: UM ESTUDO SOCIOFON\u00c9TICO DA LATERAL EM CODA SIL\u00c1BICA: CARACTERIZA\u00c7\u00c3O AC\u00daSTICA Autores: Aline Rosinski Vieira e\u00a0Giovana Ferreira-Gon\u00e7alves Data:\u00a022\/11\/2017\u00a0Hor\u00e1rio: 14:20\u00a0Local: Sala 308 T\u00edtulo: PRODU\u00c7\u00c3O NATIVA DAS VOGAIS FRONTAIS ARREDONDADAS [y], [q] E [\u0153] POR LOCUTORAS BRASILEIRAS ADULTAS... Leia mais\" \/>\n<meta property=\"og:url\" content=\"https:\/\/wp.ufpel.edu.br\/laboratorioelo\/3siiepe\/\" \/>\n<meta property=\"og:site_name\" content=\"LELO - UFPel\" \/>\n<meta property=\"article:modified_time\" content=\"2018-07-18T20:25:04+00:00\" \/>\n<meta property=\"og:image\" content=\"https:\/\/wp.ufpel.edu.br\/laboratorioelo\/files\/2018\/07\/ENPOS-984x220.png\" \/>\n<meta name=\"twitter:card\" content=\"summary_large_image\" \/>\n<meta name=\"twitter:label1\" content=\"Est. tempo de leitura\" \/>\n\t<meta name=\"twitter:data1\" content=\"2 minutos\" \/>\n<script type=\"application\/ld+json\" class=\"yoast-schema-graph\">{\"@context\":\"https:\/\/schema.org\",\"@graph\":[{\"@type\":\"WebPage\",\"@id\":\"https:\/\/wp.ufpel.edu.br\/laboratorioelo\/3siiepe\/\",\"url\":\"https:\/\/wp.ufpel.edu.br\/laboratorioelo\/3siiepe\/\",\"name\":\"3\u00aa SEMANA INTEGRADA UFPEL - LELO - UFPel\",\"isPartOf\":{\"@id\":\"https:\/\/wp.ufpel.edu.br\/laboratorioelo\/#website\"},\"primaryImageOfPage\":{\"@id\":\"https:\/\/wp.ufpel.edu.br\/laboratorioelo\/3siiepe\/#primaryimage\"},\"image\":{\"@id\":\"https:\/\/wp.ufpel.edu.br\/laboratorioelo\/3siiepe\/#primaryimage\"},\"thumbnailUrl\":\"https:\/\/wp.ufpel.edu.br\/laboratorioelo\/files\/2018\/07\/ENPOS-984x220.png\",\"datePublished\":\"2018-07-17T22:35:04+00:00\",\"dateModified\":\"2018-07-18T20:25:04+00:00\",\"breadcrumb\":{\"@id\":\"https:\/\/wp.ufpel.edu.br\/laboratorioelo\/3siiepe\/#breadcrumb\"},\"inLanguage\":\"pt-BR\",\"potentialAction\":[{\"@type\":\"ReadAction\",\"target\":[\"https:\/\/wp.ufpel.edu.br\/laboratorioelo\/3siiepe\/\"]}]},{\"@type\":\"ImageObject\",\"inLanguage\":\"pt-BR\",\"@id\":\"https:\/\/wp.ufpel.edu.br\/laboratorioelo\/3siiepe\/#primaryimage\",\"url\":\"https:\/\/wp.ufpel.edu.br\/laboratorioelo\/files\/2018\/07\/ENPOS-984x220.png\",\"contentUrl\":\"https:\/\/wp.ufpel.edu.br\/laboratorioelo\/files\/2018\/07\/ENPOS-984x220.png\"},{\"@type\":\"BreadcrumbList\",\"@id\":\"https:\/\/wp.ufpel.edu.br\/laboratorioelo\/3siiepe\/#breadcrumb\",\"itemListElement\":[{\"@type\":\"ListItem\",\"position\":1,\"name\":\"Home\",\"item\":\"https:\/\/wp.ufpel.edu.br\/laboratorioelo\/\"},{\"@type\":\"ListItem\",\"position\":2,\"name\":\"3\u00aa SEMANA INTEGRADA UFPEL\"}]},{\"@type\":\"WebSite\",\"@id\":\"https:\/\/wp.ufpel.edu.br\/laboratorioelo\/#website\",\"url\":\"https:\/\/wp.ufpel.edu.br\/laboratorioelo\/\",\"name\":\"LELO - UFPEL\",\"description\":\"\",\"publisher\":{\"@id\":\"https:\/\/wp.ufpel.edu.br\/laboratorioelo\/#organization\"},\"potentialAction\":[{\"@type\":\"SearchAction\",\"target\":{\"@type\":\"EntryPoint\",\"urlTemplate\":\"https:\/\/wp.ufpel.edu.br\/laboratorioelo\/?s={search_term_string}\"},\"query-input\":{\"@type\":\"PropertyValueSpecification\",\"valueRequired\":true,\"valueName\":\"search_term_string\"}}],\"inLanguage\":\"pt-BR\"},{\"@type\":\"Organization\",\"@id\":\"https:\/\/wp.ufpel.edu.br\/laboratorioelo\/#organization\",\"name\":\"Laborat\u00f3rio ELO\",\"url\":\"https:\/\/wp.ufpel.edu.br\/laboratorioelo\/\",\"logo\":{\"@type\":\"ImageObject\",\"inLanguage\":\"pt-BR\",\"@id\":\"https:\/\/wp.ufpel.edu.br\/laboratorioelo\/#\/schema\/logo\/image\/\",\"url\":\"https:\/\/wp.ufpel.edu.br\/laboratorioelo\/files\/2017\/08\/Lelo_logo_pretoBranco2-1.png\",\"contentUrl\":\"https:\/\/wp.ufpel.edu.br\/laboratorioelo\/files\/2017\/08\/Lelo_logo_pretoBranco2-1.png\",\"width\":1153,\"height\":569,\"caption\":\"Laborat\u00f3rio ELO\"},\"image\":{\"@id\":\"https:\/\/wp.ufpel.edu.br\/laboratorioelo\/#\/schema\/logo\/image\/\"}}]}<\/script>\n<!-- \/ Yoast SEO plugin. -->","yoast_head_json":{"title":"3\u00aa SEMANA INTEGRADA UFPEL - LELO - UFPel","robots":{"index":"index","follow":"follow","max-snippet":"max-snippet:-1","max-image-preview":"max-image-preview:large","max-video-preview":"max-video-preview:-1"},"canonical":"https:\/\/wp.ufpel.edu.br\/laboratorioelo\/3siiepe\/","og_locale":"pt_BR","og_type":"article","og_title":"3\u00aa SEMANA INTEGRADA UFPEL - LELO - UFPel","og_description":"XIX ENPOS De 20 a 24\/11\/2017 no Campus Anglo e no Campus II &nbsp; &nbsp; Data:\u00a022\/11\/2017\u00a0Hor\u00e1rio: 14:00\u00a0Local: Sala 308 T\u00edtulo: UM ESTUDO SOCIOFON\u00c9TICO DA LATERAL EM CODA SIL\u00c1BICA: CARACTERIZA\u00c7\u00c3O AC\u00daSTICA Autores: Aline Rosinski Vieira e\u00a0Giovana Ferreira-Gon\u00e7alves Data:\u00a022\/11\/2017\u00a0Hor\u00e1rio: 14:20\u00a0Local: Sala 308 T\u00edtulo: PRODU\u00c7\u00c3O NATIVA DAS VOGAIS FRONTAIS ARREDONDADAS [y], [q] E [\u0153] POR LOCUTORAS BRASILEIRAS ADULTAS... Leia mais","og_url":"https:\/\/wp.ufpel.edu.br\/laboratorioelo\/3siiepe\/","og_site_name":"LELO - UFPel","article_modified_time":"2018-07-18T20:25:04+00:00","og_image":[{"url":"https:\/\/wp.ufpel.edu.br\/laboratorioelo\/files\/2018\/07\/ENPOS-984x220.png","type":"","width":"","height":""}],"twitter_card":"summary_large_image","twitter_misc":{"Est. tempo de leitura":"2 minutos"},"schema":{"@context":"https:\/\/schema.org","@graph":[{"@type":"WebPage","@id":"https:\/\/wp.ufpel.edu.br\/laboratorioelo\/3siiepe\/","url":"https:\/\/wp.ufpel.edu.br\/laboratorioelo\/3siiepe\/","name":"3\u00aa SEMANA INTEGRADA UFPEL - LELO - UFPel","isPartOf":{"@id":"https:\/\/wp.ufpel.edu.br\/laboratorioelo\/#website"},"primaryImageOfPage":{"@id":"https:\/\/wp.ufpel.edu.br\/laboratorioelo\/3siiepe\/#primaryimage"},"image":{"@id":"https:\/\/wp.ufpel.edu.br\/laboratorioelo\/3siiepe\/#primaryimage"},"thumbnailUrl":"https:\/\/wp.ufpel.edu.br\/laboratorioelo\/files\/2018\/07\/ENPOS-984x220.png","datePublished":"2018-07-17T22:35:04+00:00","dateModified":"2018-07-18T20:25:04+00:00","breadcrumb":{"@id":"https:\/\/wp.ufpel.edu.br\/laboratorioelo\/3siiepe\/#breadcrumb"},"inLanguage":"pt-BR","potentialAction":[{"@type":"ReadAction","target":["https:\/\/wp.ufpel.edu.br\/laboratorioelo\/3siiepe\/"]}]},{"@type":"ImageObject","inLanguage":"pt-BR","@id":"https:\/\/wp.ufpel.edu.br\/laboratorioelo\/3siiepe\/#primaryimage","url":"https:\/\/wp.ufpel.edu.br\/laboratorioelo\/files\/2018\/07\/ENPOS-984x220.png","contentUrl":"https:\/\/wp.ufpel.edu.br\/laboratorioelo\/files\/2018\/07\/ENPOS-984x220.png"},{"@type":"BreadcrumbList","@id":"https:\/\/wp.ufpel.edu.br\/laboratorioelo\/3siiepe\/#breadcrumb","itemListElement":[{"@type":"ListItem","position":1,"name":"Home","item":"https:\/\/wp.ufpel.edu.br\/laboratorioelo\/"},{"@type":"ListItem","position":2,"name":"3\u00aa SEMANA INTEGRADA UFPEL"}]},{"@type":"WebSite","@id":"https:\/\/wp.ufpel.edu.br\/laboratorioelo\/#website","url":"https:\/\/wp.ufpel.edu.br\/laboratorioelo\/","name":"LELO - UFPEL","description":"","publisher":{"@id":"https:\/\/wp.ufpel.edu.br\/laboratorioelo\/#organization"},"potentialAction":[{"@type":"SearchAction","target":{"@type":"EntryPoint","urlTemplate":"https:\/\/wp.ufpel.edu.br\/laboratorioelo\/?s={search_term_string}"},"query-input":{"@type":"PropertyValueSpecification","valueRequired":true,"valueName":"search_term_string"}}],"inLanguage":"pt-BR"},{"@type":"Organization","@id":"https:\/\/wp.ufpel.edu.br\/laboratorioelo\/#organization","name":"Laborat\u00f3rio ELO","url":"https:\/\/wp.ufpel.edu.br\/laboratorioelo\/","logo":{"@type":"ImageObject","inLanguage":"pt-BR","@id":"https:\/\/wp.ufpel.edu.br\/laboratorioelo\/#\/schema\/logo\/image\/","url":"https:\/\/wp.ufpel.edu.br\/laboratorioelo\/files\/2017\/08\/Lelo_logo_pretoBranco2-1.png","contentUrl":"https:\/\/wp.ufpel.edu.br\/laboratorioelo\/files\/2017\/08\/Lelo_logo_pretoBranco2-1.png","width":1153,"height":569,"caption":"Laborat\u00f3rio ELO"},"image":{"@id":"https:\/\/wp.ufpel.edu.br\/laboratorioelo\/#\/schema\/logo\/image\/"}}]}},"jetpack_sharing_enabled":true,"_links":{"self":[{"href":"https:\/\/wp.ufpel.edu.br\/laboratorioelo\/wp-json\/wp\/v2\/pages\/1051","targetHints":{"allow":["GET"]}}],"collection":[{"href":"https:\/\/wp.ufpel.edu.br\/laboratorioelo\/wp-json\/wp\/v2\/pages"}],"about":[{"href":"https:\/\/wp.ufpel.edu.br\/laboratorioelo\/wp-json\/wp\/v2\/types\/page"}],"author":[{"embeddable":true,"href":"https:\/\/wp.ufpel.edu.br\/laboratorioelo\/wp-json\/wp\/v2\/users\/386"}],"replies":[{"embeddable":true,"href":"https:\/\/wp.ufpel.edu.br\/laboratorioelo\/wp-json\/wp\/v2\/comments?post=1051"}],"version-history":[{"count":8,"href":"https:\/\/wp.ufpel.edu.br\/laboratorioelo\/wp-json\/wp\/v2\/pages\/1051\/revisions"}],"predecessor-version":[{"id":1093,"href":"https:\/\/wp.ufpel.edu.br\/laboratorioelo\/wp-json\/wp\/v2\/pages\/1051\/revisions\/1093"}],"wp:attachment":[{"href":"https:\/\/wp.ufpel.edu.br\/laboratorioelo\/wp-json\/wp\/v2\/media?parent=1051"}],"curies":[{"name":"wp","href":"https:\/\/api.w.org\/{rel}","templated":true}]}}