{"id":99,"date":"2017-03-26T19:03:01","date_gmt":"2017-03-26T22:03:01","guid":{"rendered":"https:\/\/wp.ufpel.edu.br\/laboratoriodepropriedadesdamadeira\/?page_id=99"},"modified":"2023-08-10T16:08:35","modified_gmt":"2023-08-10T19:08:35","slug":"professores","status":"publish","type":"page","link":"https:\/\/wp.ufpel.edu.br\/laboratoriodepropriedadesdamadeira\/professores\/","title":{"rendered":"Professores"},"content":{"rendered":"<p>&nbsp;<\/p>\n<table style=\"height: 492px; width: 873px;\" width=\"899\">\n<tbody>\n<tr style=\"height: 22px;\">\n<td style=\"height: 22px; width: 873px; text-align: center;\" colspan=\"4\" width=\"899\">\n<h3><strong>Permanentes<\/strong><\/h3>\n<\/td>\n<\/tr>\n<tr style=\"height: 22px;\">\n<td style=\"height: 10px; width: 338px; text-align: center;\">Andr\u00e9 Luiz Missio<\/td>\n<td style=\"height: 10px; width: 339px; text-align: center;\">Engenharia de Materiais (UFPel)<\/td>\n<td style=\"height: 10px; width: 128px;\"><img loading=\"lazy\" decoding=\"async\" class=\"aligncenter\" src=\"http:\/\/servicosweb.cnpq.br\/wspessoa\/servletrecuperafoto?tipo=1&amp;id=K4275876J9\" width=\"92\" height=\"130\" \/><\/td>\n<td style=\"height: 10px; width: 68px;\">\n<h2 style=\"text-align: center;\"><a href=\"http:\/\/lattes.cnpq.br\/6923877786371495\" target=\"_blank\" rel=\"noopener noreferrer\"><strong><img loading=\"lazy\" decoding=\"async\" class=\"\" src=\"https:\/\/fauufpa.files.wordpress.com\/2010\/05\/plataforma-lattes1.jpg?w=900\" alt=\"Imagem relacionada\" width=\"38\" height=\"38\" \/><\/strong><\/a><\/h2>\n<\/td>\n<\/tr>\n<tr style=\"height: 46px;\">\n<td style=\"height: 46px; width: 338px; text-align: center;\">Darci Gatto<\/p>\n<p class=\"nome\"><em><span class=\"texto\">Bolsista de Produtividade em Pesquisa do CNPq &#8211; N\u00edvel 1C<\/span><\/em><\/p>\n<\/td>\n<td style=\"height: 46px; width: 339px; text-align: center;\">Engenharia Industrial Madeireira (UFPel)<\/td>\n<td style=\"height: 46px; width: 128px;\"><img loading=\"lazy\" decoding=\"async\" class=\"aligncenter\" src=\"http:\/\/servicosweb.cnpq.br\/wspessoa\/servletrecuperafoto?tipo=1&amp;id=K4777721A7\" alt=\"\" width=\"74\" height=\"130\" \/><\/td>\n<td style=\"height: 46px; width: 68px;\">\n<h2 style=\"text-align: center;\"><a href=\"http:\/\/lattes.cnpq.br\/0592339091520248\" target=\"_blank\" rel=\"noopener noreferrer\"><strong><img loading=\"lazy\" decoding=\"async\" class=\"\" src=\"https:\/\/fauufpa.files.wordpress.com\/2010\/05\/plataforma-lattes1.jpg?w=900\" alt=\"Imagem relacionada\" width=\"38\" height=\"38\" \/><\/strong><\/a><\/h2>\n<\/td>\n<\/tr>\n<tr style=\"height: 46px;\">\n<td style=\"height: 46px; width: 338px; text-align: center;\">\n<p>Rafael Beltrame<\/p>\n<p><em><span class=\"texto\">Bolsista de Produtividade em Pesquisa do CNPq &#8211; N\u00edvel 2<\/span><\/em><\/td>\n<td style=\"height: 46px; width: 339px; text-align: center;\">Engenharia Industrial Madeireira (UFPel)<\/td>\n<td style=\"height: 46px; width: 128px;\"><img loading=\"lazy\" decoding=\"async\" class=\"aligncenter\" src=\"http:\/\/servicosweb.cnpq.br\/wspessoa\/servletrecuperafoto?tipo=1&amp;id=K4216752T7\" width=\"101\" height=\"133\" \/><\/td>\n<td style=\"height: 46px; width: 68px;\">\n<h2 style=\"text-align: center;\"><a href=\"http:\/\/lattes.cnpq.br\/1995147035662011\" target=\"_blank\" rel=\"noopener noreferrer\"><strong><img loading=\"lazy\" decoding=\"async\" class=\"\" src=\"https:\/\/fauufpa.files.wordpress.com\/2010\/05\/plataforma-lattes1.jpg?w=900\" alt=\"Imagem relacionada\" width=\"38\" height=\"38\" \/><\/strong><\/a><\/h2>\n<\/td>\n<\/tr>\n<tr style=\"height: 22px;\">\n<td style=\"height: 22px; width: 338px; text-align: center;\">Rafael Delucis<\/td>\n<td style=\"height: 22px; width: 339px; text-align: center;\">Engenharia Civil (UFPel)<\/td>\n<td style=\"height: 22px; width: 128px;\"><img loading=\"lazy\" decoding=\"async\" class=\"aligncenter\" src=\"http:\/\/servicosweb.cnpq.br\/wspessoa\/servletrecuperafoto?tipo=1&amp;id=K4472271T6\" width=\"83\" height=\"135\" \/><\/td>\n<td style=\"height: 22px; width: 68px;\">\n<h2 style=\"text-align: center;\"><a href=\"http:\/\/lattes.cnpq.br\/0457288721496478\" target=\"_blank\" rel=\"noopener noreferrer\"><strong><img loading=\"lazy\" decoding=\"async\" class=\"\" src=\"https:\/\/fauufpa.files.wordpress.com\/2010\/05\/plataforma-lattes1.jpg?w=900\" alt=\"Imagem relacionada\" width=\"38\" height=\"38\" \/><\/strong><\/a><\/h2>\n<\/td>\n<\/tr>\n<tr style=\"height: 22px;\">\n<td style=\"height: 22px; width: 873px; text-align: center;\" colspan=\"4\">\n<h4><strong>P\u00f3s Doutorandos<\/strong><\/h4>\n<\/td>\n<\/tr>\n<tr style=\"height: 22px;\">\n<td style=\"height: 10px; width: 338px; text-align: center;\">Silvia Helena Fuentes da Silva<\/td>\n<td style=\"height: 10px; width: 339px; text-align: center;\">PPG em Ci\u00eancia e Engenharia de Materiais (UFPel)<\/td>\n<td style=\"height: 10px; width: 128px;\"><img loading=\"lazy\" decoding=\"async\" class=\"aligncenter\" src=\"http:\/\/servicosweb.cnpq.br\/wspessoa\/servletrecuperafoto?tipo=1&amp;id=K4468987A6\" width=\"105\" height=\"108\" \/><\/td>\n<td style=\"height: 10px; width: 68px;\">\n<h2 style=\"text-align: center;\"><a href=\"http:\/\/lattes.cnpq.br\/4262377735348612\" target=\"_blank\" rel=\"noopener noreferrer\"><strong><img loading=\"lazy\" decoding=\"async\" class=\"\" src=\"https:\/\/fauufpa.files.wordpress.com\/2010\/05\/plataforma-lattes1.jpg?w=900\" alt=\"Imagem relacionada\" width=\"38\" height=\"38\" \/><\/strong><\/a><\/h2>\n<\/td>\n<\/tr>\n<tr style=\"height: 22px;\">\n<td style=\"height: 10px; width: 338px; text-align: center;\"><\/td>\n<td style=\"height: 10px; width: 339px; text-align: center;\"><\/td>\n<td style=\"height: 10px; width: 128px;\"><\/td>\n<td style=\"height: 10px; width: 68px;\"><\/td>\n<\/tr>\n<tr style=\"height: 22px;\">\n<td style=\"height: 22px; width: 873px;\" colspan=\"4\">\n<h4 style=\"text-align: center;\"><strong>Colaboradores<\/strong><\/h4>\n<\/td>\n<\/tr>\n<tr style=\"height: 22px;\">\n<td style=\"height: 22px; width: 873px;\" colspan=\"4\">\n<h4 style=\"text-align: center;\"><\/h4>\n<\/td>\n<\/tr>\n<tr style=\"height: 22px;\">\n<td style=\"height: 22px; width: 338px; text-align: center;\">\n<p>Alexsandro Bayestorff Da Cunha<\/p>\n<p><em><span class=\"texto\">Bolsista de Produtividade em Pesquisa do CNPq &#8211; N\u00edvel 2<\/span><\/em><\/td>\n<td style=\"height: 22px; width: 339px; text-align: center;\">Engenharia Florestal (UDESC)<\/td>\n<td style=\"height: 22px; width: 128px;\"><img loading=\"lazy\" decoding=\"async\" class=\"aligncenter\" src=\"http:\/\/servicosweb.cnpq.br\/wspessoa\/servletrecuperafoto?tipo=1&amp;id=K4773953Y2\" width=\"107\" height=\"80\" \/><\/td>\n<td style=\"height: 22px; width: 68px;\">\n<h2 style=\"text-align: center;\"><a href=\"http:\/\/lattes.cnpq.br\/9435117032024234\" target=\"_blank\" rel=\"noopener noreferrer\"><strong><img loading=\"lazy\" decoding=\"async\" class=\"\" src=\"https:\/\/fauufpa.files.wordpress.com\/2010\/05\/plataforma-lattes1.jpg?w=900\" alt=\"Imagem relacionada\" width=\"38\" height=\"38\" \/><\/strong><\/a><\/h2>\n<\/td>\n<\/tr>\n<tr style=\"height: 22px;\">\n<td style=\"height: 22px; width: 338px; text-align: center;\">Gianluca Tondi<\/td>\n<td style=\"height: 22px; width: 339px; text-align: center;\">Fachhochschule Salzburg<\/td>\n<td style=\"height: 22px; width: 128px;\"><img decoding=\"async\" class=\"aligncenter\" src=\"http:\/\/servicosweb.cnpq.br\/wspessoa\/servletrecuperafoto?tipo=1&amp;id=K8016314Z4\" \/><\/td>\n<td style=\"height: 22px; width: 68px;\">\n<h2 style=\"text-align: center;\"><a href=\"http:\/\/lattes.cnpq.br\/4021550867518169\" target=\"_blank\" rel=\"noopener noreferrer\"><strong><img loading=\"lazy\" decoding=\"async\" class=\"\" src=\"https:\/\/fauufpa.files.wordpress.com\/2010\/05\/plataforma-lattes1.jpg?w=900\" alt=\"Imagem relacionada\" width=\"38\" height=\"38\" \/><\/strong><\/a><\/h2>\n<\/td>\n<\/tr>\n<tr style=\"height: 46px;\">\n<td style=\"height: 46px; width: 338px; text-align: center;\">Jalel Labidi<\/td>\n<td style=\"height: 46px; width: 339px; text-align: center;\">Universidade Do Pa\u00eds Basco (UPV\/EHU)<\/td>\n<td style=\"height: 46px; width: 128px;\"><img loading=\"lazy\" decoding=\"async\" class=\"aligncenter\" src=\"http:\/\/servicosweb.cnpq.br\/wspessoa\/servletrecuperafoto?tipo=1&amp;id=K4356776U7\" width=\"102\" height=\"135\" \/><\/td>\n<td style=\"height: 46px; width: 68px;\">\n<h2 style=\"text-align: center;\"><a href=\"http:\/\/lattes.cnpq.br\/5658242657093554\" target=\"_blank\" rel=\"noopener noreferrer\"><strong><img loading=\"lazy\" decoding=\"async\" class=\"\" src=\"https:\/\/fauufpa.files.wordpress.com\/2010\/05\/plataforma-lattes1.jpg?w=900\" alt=\"Imagem relacionada\" width=\"38\" height=\"38\" \/><\/strong><\/a><\/h2>\n<\/td>\n<\/tr>\n<tr style=\"height: 46px;\">\n<td style=\"height: 46px; width: 338px; text-align: center;\">Marilia Lazarotto<\/td>\n<td style=\"height: 46px; width: 339px; text-align: center;\">Engenharia Ambiental e Sanit\u00e1ria (UFPel)<\/td>\n<td style=\"height: 46px; width: 128px;\"><img loading=\"lazy\" decoding=\"async\" class=\"aligncenter\" src=\"http:\/\/servicosweb.cnpq.br\/wspessoa\/servletrecuperafoto?tipo=1&amp;id=K4260826A4\" width=\"92\" height=\"123\" \/><\/td>\n<td style=\"height: 46px; width: 68px;\">\n<h2 style=\"text-align: center;\"><a href=\"http:\/\/lattes.cnpq.br\/1310246210091310\" target=\"_blank\" rel=\"noopener noreferrer\"><strong><img loading=\"lazy\" decoding=\"async\" class=\"\" src=\"https:\/\/fauufpa.files.wordpress.com\/2010\/05\/plataforma-lattes1.jpg?w=900\" alt=\"Imagem relacionada\" width=\"38\" height=\"38\" \/><\/strong><\/a><\/h2>\n<\/td>\n<\/tr>\n<tr style=\"height: 22px;\">\n<td style=\"height: 22px; width: 338px; text-align: center;\">Patr\u00edcia Soares Bilhalva Dos Santos<\/td>\n<td style=\"height: 22px; width: 339px; text-align: center;\">Engenharia Florestal (UFPA)<\/td>\n<td style=\"height: 22px; width: 128px;\"><img loading=\"lazy\" decoding=\"async\" class=\"aligncenter\" src=\"http:\/\/servicosweb.cnpq.br\/wspessoa\/servletrecuperafoto?tipo=1&amp;id=K4270151J8\" width=\"92\" height=\"123\" \/><\/td>\n<td style=\"height: 22px; width: 68px;\">\n<h2 style=\"text-align: center;\"><a href=\"http:\/\/lattes.cnpq.br\/1776148495444862\" target=\"_blank\" rel=\"noopener noreferrer\"><strong><img loading=\"lazy\" decoding=\"async\" class=\"\" src=\"https:\/\/fauufpa.files.wordpress.com\/2010\/05\/plataforma-lattes1.jpg?w=900\" alt=\"Imagem relacionada\" width=\"38\" height=\"38\" \/><\/strong><\/a><\/h2>\n<\/td>\n<\/tr>\n<tr style=\"height: 46px;\">\n<td style=\"height: 46px; width: 338px; text-align: center;\">Pedro Henrique Gonzalez De Cademartori<\/td>\n<td style=\"height: 46px; width: 339px; text-align: center;\">Engenharia Florestal (UFPR)<\/td>\n<td style=\"height: 46px; width: 128px;\"><img loading=\"lazy\" decoding=\"async\" class=\"aligncenter\" src=\"http:\/\/servicosweb.cnpq.br\/wspessoa\/servletrecuperafoto?tipo=1&amp;id=K4214775U6\" width=\"114\" height=\"152\" \/><\/td>\n<td style=\"height: 46px; width: 68px;\">\n<h2 style=\"text-align: center;\"><a href=\"http:\/\/lattes.cnpq.br\/6097512419374491\" target=\"_blank\" rel=\"noopener noreferrer\"><strong><img loading=\"lazy\" decoding=\"async\" class=\"\" src=\"https:\/\/fauufpa.files.wordpress.com\/2010\/05\/plataforma-lattes1.jpg?w=900\" alt=\"Imagem relacionada\" width=\"38\" height=\"38\" \/><\/strong><\/a><\/h2>\n<\/td>\n<\/tr>\n<tr style=\"height: 22px;\">\n<td style=\"height: 22px; width: 338px; text-align: center;\">\n<p>Sandro Campos Amico<\/p>\n<p><em><span class=\"texto\">Bolsista de Produtividade em Pesquisa do CNPq &#8211; N\u00edvel 1C<\/span><\/em><\/td>\n<td style=\"height: 22px; width: 339px; text-align: center;\">Engenharia De Materiais (UFRGS)<\/td>\n<td style=\"height: 22px; width: 128px;\"><img loading=\"lazy\" decoding=\"async\" class=\"aligncenter\" src=\"http:\/\/servicosweb.cnpq.br\/wspessoa\/servletrecuperafoto?tipo=1&amp;id=K4728863D8\" width=\"114\" height=\"137\" \/><\/td>\n<td style=\"height: 22px; width: 68px;\">\n<h2 style=\"text-align: center;\"><a href=\"http:\/\/lattes.cnpq.br\/1395635597581964\" target=\"_blank\" rel=\"noopener noreferrer\"><strong><img loading=\"lazy\" decoding=\"async\" class=\"\" src=\"https:\/\/fauufpa.files.wordpress.com\/2010\/05\/plataforma-lattes1.jpg?w=900\" alt=\"Imagem relacionada\" width=\"38\" height=\"38\" \/><\/strong><\/a><\/h2>\n<\/td>\n<\/tr>\n<tr style=\"height: 22px;\">\n<td style=\"height: 22px; width: 338px; text-align: center;\">\n<p>Washington Luiz Esteves Magalh\u00e3es<\/p>\n<p><em><span class=\"texto\">Bolsista de Produtividade em Pesquisa do CNPq &#8211; N\u00edvel 2<\/span><\/em><\/td>\n<td style=\"height: 22px; width: 339px; text-align: center;\">Embrapa Florestas<\/td>\n<td style=\"height: 22px; width: 128px;\"><img loading=\"lazy\" decoding=\"async\" class=\"aligncenter\" src=\"http:\/\/servicosweb.cnpq.br\/wspessoa\/servletrecuperafoto?tipo=1&amp;id=K4786712U2\" width=\"109\" height=\"82\" \/><\/td>\n<td style=\"height: 22px; width: 68px;\">\n<h2 style=\"text-align: center;\"><a href=\"http:\/\/lattes.cnpq.br\/9535587162526226\" target=\"_blank\" rel=\"noopener noreferrer\"><strong><img loading=\"lazy\" decoding=\"async\" class=\"\" src=\"https:\/\/fauufpa.files.wordpress.com\/2010\/05\/plataforma-lattes1.jpg?w=900\" alt=\"Imagem relacionada\" width=\"38\" height=\"38\" \/><\/strong><\/a><\/h2>\n<\/td>\n<\/tr>\n<\/tbody>\n<\/table>\n<p>&nbsp;<\/p>\n","protected":false},"excerpt":{"rendered":"<p>&nbsp; Permanentes Andr\u00e9 Luiz Missio Engenharia de Materiais (UFPel) Darci Gatto Bolsista de Produtividade em Pesquisa do CNPq &#8211; N\u00edvel 1C Engenharia Industrial Madeireira (UFPel) Rafael Beltrame Bolsista de Produtividade em Pesquisa do CNPq &#8211; N\u00edvel 2 Engenharia Industrial Madeireira&#8230; <a class=\"more-link\" href=\"https:\/\/wp.ufpel.edu.br\/laboratoriodepropriedadesdamadeira\/professores\/\">Continue lendo &rarr;<\/a><\/p>\n","protected":false},"author":729,"featured_media":0,"parent":0,"menu_order":1,"comment_status":"closed","ping_status":"closed","template":"","meta":{"footnotes":""},"class_list":["post-99","page","type-page","status-publish","hentry"],"_links":{"self":[{"href":"https:\/\/wp.ufpel.edu.br\/laboratoriodepropriedadesdamadeira\/wp-json\/wp\/v2\/pages\/99","targetHints":{"allow":["GET"]}}],"collection":[{"href":"https:\/\/wp.ufpel.edu.br\/laboratoriodepropriedadesdamadeira\/wp-json\/wp\/v2\/pages"}],"about":[{"href":"https:\/\/wp.ufpel.edu.br\/laboratoriodepropriedadesdamadeira\/wp-json\/wp\/v2\/types\/page"}],"author":[{"embeddable":true,"href":"https:\/\/wp.ufpel.edu.br\/laboratoriodepropriedadesdamadeira\/wp-json\/wp\/v2\/users\/729"}],"replies":[{"embeddable":true,"href":"https:\/\/wp.ufpel.edu.br\/laboratoriodepropriedadesdamadeira\/wp-json\/wp\/v2\/comments?post=99"}],"version-history":[{"count":44,"href":"https:\/\/wp.ufpel.edu.br\/laboratoriodepropriedadesdamadeira\/wp-json\/wp\/v2\/pages\/99\/revisions"}],"predecessor-version":[{"id":1204,"href":"https:\/\/wp.ufpel.edu.br\/laboratoriodepropriedadesdamadeira\/wp-json\/wp\/v2\/pages\/99\/revisions\/1204"}],"wp:attachment":[{"href":"https:\/\/wp.ufpel.edu.br\/laboratoriodepropriedadesdamadeira\/wp-json\/wp\/v2\/media?parent=99"}],"curies":[{"name":"wp","href":"https:\/\/api.w.org\/{rel}","templated":true}]}}