{"id":87,"date":"2017-03-26T18:55:24","date_gmt":"2017-03-26T21:55:24","guid":{"rendered":"https:\/\/wp.ufpel.edu.br\/laboratoriodepropriedadesdamadeira\/?page_id=87"},"modified":"2019-05-30T11:52:30","modified_gmt":"2019-05-30T14:52:30","slug":"contato","status":"publish","type":"page","link":"https:\/\/wp.ufpel.edu.br\/laboratoriodepropriedadesdamadeira\/contato\/","title":{"rendered":"Contato"},"content":{"rendered":"<p>Hor\u00e1rios: Segunda-Feira \u00e0 Sexta-Feira das 8:00 as 18:00h<\/p>\n<p>Campus: Engenharia Industrial Madeireira<br \/>\nPr\u00e9dio\/Bloco: Rua Conde de Porto Alegre, 793<br \/>\nCEP:\u00a096010-290<br \/>\nSala: 001<\/p>\n<p>Tel: (53) 3921-1265<br \/>\n(53) 3278-3131<\/p>\n<p>Para acessar a localiza\u00e7\u00e3o do laborat\u00f3rio, <a href=\"https:\/\/www.google.com.br\/maps\/place\/UFPEL+-+Engenharia+Industrial+Madeireira\/@-31.778384,-52.3532114,507m\/data=!3m2!1e3!4b1!4m5!3m4!1s0x9511b58d60dcedeb:0xb97050fdbf5b923f!8m2!3d-31.778384!4d-52.3510173?hl=pt-BR\">clique aqui<\/a>.<\/p>\n<table style=\"height: 439px\" width=\"455\">\n<tbody>\n<tr style=\"height: 24px\">\n<td style=\"height: 24px;text-align: center;width: 523px\" colspan=\"2\">\n<h3>Professores<\/h3>\n<\/td>\n<\/tr>\n<tr style=\"height: 24px\">\n<td style=\"height: 24px;text-align: center;width: 433px\">Darci Gatto<\/td>\n<td style=\"height: 24px;text-align: center;width: 90px\"><a href=\"mailto:darcigatto@yahoo.com\" rel=\"noopener noreferrer\"><img loading=\"lazy\" decoding=\"async\" class=\"\" src=\"https:\/\/images-na.ssl-images-amazon.com\/images\/I\/51PbrVeu69L.png\" alt=\"Resultado de imagem para email\" width=\"40\" height=\"40\" \/><\/a><\/td>\n<\/tr>\n<tr style=\"height: 24px\">\n<td style=\"height: 24px;text-align: center;width: 433px\">Rafael Beltrame<\/td>\n<td style=\"height: 24px;text-align: center;width: 90px\"><a href=\"mailto:beltrame.rafael@yahoo.com.br\" rel=\"noopener noreferrer\"><img loading=\"lazy\" decoding=\"async\" class=\"\" src=\"https:\/\/images-na.ssl-images-amazon.com\/images\/I\/51PbrVeu69L.png\" alt=\"Resultado de imagem para email\" width=\"40\" height=\"40\" \/><\/a><\/td>\n<\/tr>\n<tr style=\"height: 24px\">\n<td style=\"height: 24px;text-align: center;width: 433px\">Rafael Delucis<\/td>\n<td style=\"height: 24px;text-align: center;width: 90px\"><a href=\"mailto:rafael.delucis@ufpel.edu.br\" rel=\"noopener noreferrer\"><img loading=\"lazy\" decoding=\"async\" class=\"\" src=\"https:\/\/images-na.ssl-images-amazon.com\/images\/I\/51PbrVeu69L.png\" alt=\"Resultado de imagem para email\" width=\"40\" height=\"40\" \/><\/a><\/td>\n<\/tr>\n<tr style=\"height: 24px\">\n<td style=\"height: 24px;text-align: center;width: 433px\"><\/td>\n<td style=\"height: 24px;text-align: center;width: 90px\"><\/td>\n<\/tr>\n<tr style=\"height: 24px\">\n<td style=\"height: 24px;text-align: center;width: 523px\" colspan=\"2\">\n<h3>Apoio T\u00e9cnico<\/h3>\n<\/td>\n<\/tr>\n<tr style=\"height: 24px\">\n<td style=\"height: 24px;text-align: center;width: 433px\">Faili Tomsen<\/td>\n<td style=\"height: 24px;text-align: center;width: 90px\"><a href=\"mailto:failitomsen@gmail.com\"><img loading=\"lazy\" decoding=\"async\" class=\"\" src=\"https:\/\/images-na.ssl-images-amazon.com\/images\/I\/51PbrVeu69L.png\" alt=\"Resultado de imagem para email\" width=\"40\" height=\"40\" \/><\/a><\/td>\n<\/tr>\n<tr style=\"height: 24px\">\n<td style=\"height: 24px;text-align: center;width: 433px\">Ricardo Ripoll de Medeiros<\/td>\n<td style=\"height: 24px;text-align: center;width: 90px\"><a href=\"mailto:medeirosripoll@gmail.com\"><img loading=\"lazy\" decoding=\"async\" class=\"\" src=\"https:\/\/images-na.ssl-images-amazon.com\/images\/I\/51PbrVeu69L.png\" alt=\"Resultado de imagem para email\" width=\"40\" height=\"40\" \/><\/a><\/td>\n<\/tr>\n<\/tbody>\n<\/table>\n<p>&nbsp;<\/p>\n<p>&nbsp;<\/p>\n","protected":false},"excerpt":{"rendered":"<p>Hor\u00e1rios: Segunda-Feira \u00e0 Sexta-Feira das 8:00 as 18:00h Campus: Engenharia Industrial Madeireira Pr\u00e9dio\/Bloco: Rua Conde de Porto Alegre, 793 CEP:\u00a096010-290 Sala: 001 Tel: (53) 3921-1265 (53) 3278-3131 Para acessar a localiza\u00e7\u00e3o do laborat\u00f3rio, clique aqui. Professores Darci Gatto Rafael Beltrame&#8230; <a class=\"more-link\" href=\"https:\/\/wp.ufpel.edu.br\/laboratoriodepropriedadesdamadeira\/contato\/\">Continue lendo &rarr;<\/a><\/p>\n","protected":false},"author":729,"featured_media":0,"parent":0,"menu_order":7,"comment_status":"closed","ping_status":"closed","template":"","meta":{"footnotes":""},"class_list":["post-87","page","type-page","status-publish","hentry"],"_links":{"self":[{"href":"https:\/\/wp.ufpel.edu.br\/laboratoriodepropriedadesdamadeira\/wp-json\/wp\/v2\/pages\/87","targetHints":{"allow":["GET"]}}],"collection":[{"href":"https:\/\/wp.ufpel.edu.br\/laboratoriodepropriedadesdamadeira\/wp-json\/wp\/v2\/pages"}],"about":[{"href":"https:\/\/wp.ufpel.edu.br\/laboratoriodepropriedadesdamadeira\/wp-json\/wp\/v2\/types\/page"}],"author":[{"embeddable":true,"href":"https:\/\/wp.ufpel.edu.br\/laboratoriodepropriedadesdamadeira\/wp-json\/wp\/v2\/users\/729"}],"replies":[{"embeddable":true,"href":"https:\/\/wp.ufpel.edu.br\/laboratoriodepropriedadesdamadeira\/wp-json\/wp\/v2\/comments?post=87"}],"version-history":[{"count":12,"href":"https:\/\/wp.ufpel.edu.br\/laboratoriodepropriedadesdamadeira\/wp-json\/wp\/v2\/pages\/87\/revisions"}],"predecessor-version":[{"id":976,"href":"https:\/\/wp.ufpel.edu.br\/laboratoriodepropriedadesdamadeira\/wp-json\/wp\/v2\/pages\/87\/revisions\/976"}],"wp:attachment":[{"href":"https:\/\/wp.ufpel.edu.br\/laboratoriodepropriedadesdamadeira\/wp-json\/wp\/v2\/media?parent=87"}],"curies":[{"name":"wp","href":"https:\/\/api.w.org\/{rel}","templated":true}]}}