{"id":817,"date":"2018-09-19T09:55:01","date_gmt":"2018-09-19T12:55:01","guid":{"rendered":"https:\/\/wp.ufpel.edu.br\/laboratoriodepropriedadesdamadeira\/?page_id=817"},"modified":"2022-06-30T14:23:54","modified_gmt":"2022-06-30T17:23:54","slug":"moinho-de-facas","status":"publish","type":"page","link":"https:\/\/wp.ufpel.edu.br\/laboratoriodepropriedadesdamadeira\/agendamento\/moinho-de-facas\/","title":{"rendered":"Moinho de facas"},"content":{"rendered":"<p>Solicite agendamento deste equipamento pelos dois e-mails seguintes: <a href=\"mailto:silviahfuente@hotmail.com\">silviahfuente@hotmail.com<\/a> ; <a href=\"mailto:carenwilsen@hotmail.com\">carenwilsen@hotmail.com<\/a> ;<\/p>\n<p>Acompanhe o seu agendamento pelo site:\u00a0[<a href=\"https:\/\/calendar.google.com\/calendar\/embed?src=t2v9sqp6t8tllhi6gagvmqj4u8%40group.calendar.google.com&amp;ctz=America%2FSao_Paulo\">moinho de facas<\/a>]<\/p>\n<p>&nbsp;<\/p>\n<p><strong>ATEN\u00c7\u00c3O: Ser\u00e3o aceitos agendamentos com dois dias de anteced\u00eancia. Ap\u00f3s agendamento confirmado,\u00a0entre em contato com o operador do equipamento, disponibilizado no menu Infraestrutura.<\/strong><\/p>\n","protected":false},"excerpt":{"rendered":"<p>Solicite agendamento deste equipamento pelos dois e-mails seguintes: silviahfuente@hotmail.com ; carenwilsen@hotmail.com ; Acompanhe o seu agendamento pelo site:\u00a0[moinho de facas] &nbsp; ATEN\u00c7\u00c3O: Ser\u00e3o aceitos agendamentos com dois dias de anteced\u00eancia. Ap\u00f3s agendamento confirmado,\u00a0entre em contato com o operador do equipamento,&#8230; <a class=\"more-link\" href=\"https:\/\/wp.ufpel.edu.br\/laboratoriodepropriedadesdamadeira\/agendamento\/moinho-de-facas\/\">Continue lendo &rarr;<\/a><\/p>\n","protected":false},"author":729,"featured_media":0,"parent":91,"menu_order":10,"comment_status":"closed","ping_status":"closed","template":"","meta":{"footnotes":""},"class_list":["post-817","page","type-page","status-publish","hentry"],"_links":{"self":[{"href":"https:\/\/wp.ufpel.edu.br\/laboratoriodepropriedadesdamadeira\/wp-json\/wp\/v2\/pages\/817","targetHints":{"allow":["GET"]}}],"collection":[{"href":"https:\/\/wp.ufpel.edu.br\/laboratoriodepropriedadesdamadeira\/wp-json\/wp\/v2\/pages"}],"about":[{"href":"https:\/\/wp.ufpel.edu.br\/laboratoriodepropriedadesdamadeira\/wp-json\/wp\/v2\/types\/page"}],"author":[{"embeddable":true,"href":"https:\/\/wp.ufpel.edu.br\/laboratoriodepropriedadesdamadeira\/wp-json\/wp\/v2\/users\/729"}],"replies":[{"embeddable":true,"href":"https:\/\/wp.ufpel.edu.br\/laboratoriodepropriedadesdamadeira\/wp-json\/wp\/v2\/comments?post=817"}],"version-history":[{"count":5,"href":"https:\/\/wp.ufpel.edu.br\/laboratoriodepropriedadesdamadeira\/wp-json\/wp\/v2\/pages\/817\/revisions"}],"predecessor-version":[{"id":1175,"href":"https:\/\/wp.ufpel.edu.br\/laboratoriodepropriedadesdamadeira\/wp-json\/wp\/v2\/pages\/817\/revisions\/1175"}],"up":[{"embeddable":true,"href":"https:\/\/wp.ufpel.edu.br\/laboratoriodepropriedadesdamadeira\/wp-json\/wp\/v2\/pages\/91"}],"wp:attachment":[{"href":"https:\/\/wp.ufpel.edu.br\/laboratoriodepropriedadesdamadeira\/wp-json\/wp\/v2\/media?parent=817"}],"curies":[{"name":"wp","href":"https:\/\/api.w.org\/{rel}","templated":true}]}}