{"id":812,"date":"2018-09-19T09:52:01","date_gmt":"2018-09-19T12:52:01","guid":{"rendered":"https:\/\/wp.ufpel.edu.br\/laboratoriodepropriedadesdamadeira\/?page_id=812"},"modified":"2022-06-30T14:28:37","modified_gmt":"2022-06-30T17:28:37","slug":"tga-2","status":"publish","type":"page","link":"https:\/\/wp.ufpel.edu.br\/laboratoriodepropriedadesdamadeira\/agendamento\/tga-2\/","title":{"rendered":"TGA"},"content":{"rendered":"<p>Para o agendamento da An\u00e1lise Termogravim\u00e9trica \u00e9 necess\u00e1rio entrar em contato com o respons\u00e1vel Maur\u00edcio Alves Ramos por e-mail, marcar hor\u00e1rio e ver os procedimentos necess\u00e1rios.<\/p>\n<p>mauricioramos@gmail.com<\/p>\n","protected":false},"excerpt":{"rendered":"<p>Para o agendamento da An\u00e1lise Termogravim\u00e9trica \u00e9 necess\u00e1rio entrar em contato com o respons\u00e1vel Maur\u00edcio Alves Ramos por e-mail, marcar hor\u00e1rio e ver os procedimentos necess\u00e1rios. mauricioramos@gmail.com<\/p>\n","protected":false},"author":729,"featured_media":0,"parent":91,"menu_order":14,"comment_status":"closed","ping_status":"closed","template":"","meta":{"footnotes":""},"class_list":["post-812","page","type-page","status-publish","hentry"],"_links":{"self":[{"href":"https:\/\/wp.ufpel.edu.br\/laboratoriodepropriedadesdamadeira\/wp-json\/wp\/v2\/pages\/812","targetHints":{"allow":["GET"]}}],"collection":[{"href":"https:\/\/wp.ufpel.edu.br\/laboratoriodepropriedadesdamadeira\/wp-json\/wp\/v2\/pages"}],"about":[{"href":"https:\/\/wp.ufpel.edu.br\/laboratoriodepropriedadesdamadeira\/wp-json\/wp\/v2\/types\/page"}],"author":[{"embeddable":true,"href":"https:\/\/wp.ufpel.edu.br\/laboratoriodepropriedadesdamadeira\/wp-json\/wp\/v2\/users\/729"}],"replies":[{"embeddable":true,"href":"https:\/\/wp.ufpel.edu.br\/laboratoriodepropriedadesdamadeira\/wp-json\/wp\/v2\/comments?post=812"}],"version-history":[{"count":5,"href":"https:\/\/wp.ufpel.edu.br\/laboratoriodepropriedadesdamadeira\/wp-json\/wp\/v2\/pages\/812\/revisions"}],"predecessor-version":[{"id":1183,"href":"https:\/\/wp.ufpel.edu.br\/laboratoriodepropriedadesdamadeira\/wp-json\/wp\/v2\/pages\/812\/revisions\/1183"}],"up":[{"embeddable":true,"href":"https:\/\/wp.ufpel.edu.br\/laboratoriodepropriedadesdamadeira\/wp-json\/wp\/v2\/pages\/91"}],"wp:attachment":[{"href":"https:\/\/wp.ufpel.edu.br\/laboratoriodepropriedadesdamadeira\/wp-json\/wp\/v2\/media?parent=812"}],"curies":[{"name":"wp","href":"https:\/\/api.w.org\/{rel}","templated":true}]}}