{"id":665,"date":"2017-06-28T16:19:10","date_gmt":"2017-06-28T19:19:10","guid":{"rendered":"https:\/\/wp.ufpel.edu.br\/laboratoriodepropriedadesdamadeira\/?page_id=665"},"modified":"2020-05-28T20:00:53","modified_gmt":"2020-05-28T23:00:53","slug":"disciplinas","status":"publish","type":"page","link":"https:\/\/wp.ufpel.edu.br\/laboratoriodepropriedadesdamadeira\/disciplinas\/","title":{"rendered":"Disciplinas"},"content":{"rendered":"<table style=\"height: 589px;width: 1160px\" width=\"1167\">\n<tbody>\n<tr style=\"height: 64px\">\n<td style=\"text-align: center;height: 64px;width: 834px\" colspan=\"4\" width=\"1167\">\n<h4>Gradua\u00e7\u00e3o<\/h4>\n<\/td>\n<\/tr>\n<tr style=\"height: 21px\">\n<td style=\"text-align: center;height: 21px;width: 280px\"><strong>Nome<\/strong><\/td>\n<td style=\"text-align: center;height: 21px;width: 119px\"><strong>Curso<\/strong><\/td>\n<td style=\"text-align: center;height: 21px;width: 150px\"><strong>Professor<\/strong><\/td>\n<td style=\"text-align: center;height: 21px;width: 285px\"><strong>link para informa\u00e7\u00f5es<\/strong><\/td>\n<\/tr>\n<tr style=\"height: 45px\">\n<td style=\"text-align: center;height: 45px;width: 280px\">Anatomia da Madeira<\/td>\n<td style=\"text-align: center;height: 45px;width: 119px\">EIM\/UFPEL<\/td>\n<td style=\"text-align: center;height: 45px;width: 150px\">Darci Gatto<\/td>\n<td style=\"text-align: center;height: 45px;width: 285px\"><a href=\"https:\/\/institucional.ufpel.edu.br\/disciplinas\/cod\/0570034\" target=\"_blank\" rel=\"noopener noreferrer\"><img loading=\"lazy\" decoding=\"async\" class=\"aligncenter wp-image-1065\" src=\"https:\/\/wp.ufpel.edu.br\/laboratoriodepropriedadesdamadeira\/files\/2020\/05\/Sem-t\u00edtulo.png\" alt=\"\" width=\"182\" height=\"74\" srcset=\"https:\/\/wp.ufpel.edu.br\/laboratoriodepropriedadesdamadeira\/files\/2020\/05\/Sem-t\u00edtulo.png 402w, https:\/\/wp.ufpel.edu.br\/laboratoriodepropriedadesdamadeira\/files\/2020\/05\/Sem-t\u00edtulo-400x163.png 400w\" sizes=\"auto, (max-width: 182px) 100vw, 182px\" \/><\/a><\/td>\n<\/tr>\n<tr style=\"height: 45px\">\n<td style=\"text-align: center;height: 45px;width: 280px\">Energia da Biomassa Florestal<\/td>\n<td style=\"text-align: center;height: 45px;width: 119px\">EIM\/UFPEL<\/td>\n<td style=\"text-align: center;height: 45px;width: 150px\">Rafael Beltrame<\/td>\n<td style=\"text-align: center;height: 45px;width: 285px\"><a href=\"https:\/\/institucional.ufpel.edu.br\/disciplinas\/cod\/1640310\" target=\"_blank\" rel=\"noopener noreferrer\"><img loading=\"lazy\" decoding=\"async\" class=\"aligncenter wp-image-1065\" src=\"https:\/\/wp.ufpel.edu.br\/laboratoriodepropriedadesdamadeira\/files\/2020\/05\/Sem-t\u00edtulo.png\" alt=\"\" width=\"182\" height=\"74\" srcset=\"https:\/\/wp.ufpel.edu.br\/laboratoriodepropriedadesdamadeira\/files\/2020\/05\/Sem-t\u00edtulo.png 402w, https:\/\/wp.ufpel.edu.br\/laboratoriodepropriedadesdamadeira\/files\/2020\/05\/Sem-t\u00edtulo-400x163.png 400w\" sizes=\"auto, (max-width: 182px) 100vw, 182px\" \/><\/a><\/td>\n<\/tr>\n<tr style=\"height: 21px\">\n<td style=\"text-align: center;height: 21px;width: 280px\">Estat\u00edstica B\u00e1sica<\/td>\n<td style=\"text-align: center;height: 21px;width: 119px\">CENG\/UFPEL<\/td>\n<td style=\"text-align: center;height: 21px;width: 150px\">Rafael Delucis<\/td>\n<td style=\"text-align: center;height: 21px;width: 285px\"><a href=\"https:\/\/institucional.ufpel.edu.br\/disciplinas\/cod\/1640153\" target=\"_blank\" rel=\"noopener noreferrer\"><img loading=\"lazy\" decoding=\"async\" class=\"aligncenter wp-image-1065\" src=\"https:\/\/wp.ufpel.edu.br\/laboratoriodepropriedadesdamadeira\/files\/2020\/05\/Sem-t\u00edtulo.png\" alt=\"\" width=\"182\" height=\"74\" srcset=\"https:\/\/wp.ufpel.edu.br\/laboratoriodepropriedadesdamadeira\/files\/2020\/05\/Sem-t\u00edtulo.png 402w, https:\/\/wp.ufpel.edu.br\/laboratoriodepropriedadesdamadeira\/files\/2020\/05\/Sem-t\u00edtulo-400x163.png 400w\" sizes=\"auto, (max-width: 182px) 100vw, 182px\" \/><\/a><\/td>\n<\/tr>\n<tr style=\"height: 45px\">\n<td style=\"text-align: center;height: 45px;width: 280px\">Macroscopia da Madeira<\/td>\n<td style=\"text-align: center;height: 45px;width: 119px\">EIM\/UFPEL<\/td>\n<td style=\"text-align: center;height: 45px;width: 150px\">Darci Gatto<\/td>\n<td style=\"text-align: center;height: 45px;width: 285px\"><a href=\"https:\/\/institucional.ufpel.edu.br\/disciplinas\/cod\/15000050\" target=\"_blank\" rel=\"noopener noreferrer\"><img loading=\"lazy\" decoding=\"async\" class=\"aligncenter wp-image-1065\" src=\"https:\/\/wp.ufpel.edu.br\/laboratoriodepropriedadesdamadeira\/files\/2020\/05\/Sem-t\u00edtulo.png\" alt=\"\" width=\"182\" height=\"74\" srcset=\"https:\/\/wp.ufpel.edu.br\/laboratoriodepropriedadesdamadeira\/files\/2020\/05\/Sem-t\u00edtulo.png 402w, https:\/\/wp.ufpel.edu.br\/laboratoriodepropriedadesdamadeira\/files\/2020\/05\/Sem-t\u00edtulo-400x163.png 400w\" sizes=\"auto, (max-width: 182px) 100vw, 182px\" \/><\/a><\/td>\n<\/tr>\n<tr style=\"height: 21px\">\n<td style=\"text-align: center;height: 21px;width: 280px\">Mec\u00e2nica dos S\u00f3lidos<\/td>\n<td style=\"text-align: center;height: 21px;width: 119px\">CENG\/UFPEL<\/td>\n<td style=\"text-align: center;height: 21px;width: 150px\">Rafael Delucis<\/td>\n<td style=\"text-align: center;height: 21px;width: 285px\"><a href=\"https:\/\/institucional.ufpel.edu.br\/disciplinas\/cod\/15000580\" target=\"_blank\" rel=\"noopener noreferrer\"><img loading=\"lazy\" decoding=\"async\" class=\"aligncenter wp-image-1065\" src=\"https:\/\/wp.ufpel.edu.br\/laboratoriodepropriedadesdamadeira\/files\/2020\/05\/Sem-t\u00edtulo.png\" alt=\"\" width=\"182\" height=\"74\" srcset=\"https:\/\/wp.ufpel.edu.br\/laboratoriodepropriedadesdamadeira\/files\/2020\/05\/Sem-t\u00edtulo.png 402w, https:\/\/wp.ufpel.edu.br\/laboratoriodepropriedadesdamadeira\/files\/2020\/05\/Sem-t\u00edtulo-400x163.png 400w\" sizes=\"auto, (max-width: 182px) 100vw, 182px\" \/><\/a><\/td>\n<\/tr>\n<tr style=\"height: 45px\">\n<td style=\"text-align: center;height: 45px;width: 280px\">Qualidade da Madeira<\/td>\n<td style=\"text-align: center;height: 45px;width: 119px\">EIM\/UFPEL<\/td>\n<td style=\"text-align: center;height: 45px;width: 150px\">Rafael Beltrame<\/td>\n<td style=\"text-align: center;height: 45px;width: 285px\"><a href=\"https:\/\/institucional.ufpel.edu.br\/disciplinas\/cod\/1640286\" target=\"_blank\" rel=\"noopener noreferrer\"><img loading=\"lazy\" decoding=\"async\" class=\"aligncenter wp-image-1065\" src=\"https:\/\/wp.ufpel.edu.br\/laboratoriodepropriedadesdamadeira\/files\/2020\/05\/Sem-t\u00edtulo.png\" alt=\"\" width=\"182\" height=\"74\" srcset=\"https:\/\/wp.ufpel.edu.br\/laboratoriodepropriedadesdamadeira\/files\/2020\/05\/Sem-t\u00edtulo.png 402w, https:\/\/wp.ufpel.edu.br\/laboratoriodepropriedadesdamadeira\/files\/2020\/05\/Sem-t\u00edtulo-400x163.png 400w\" sizes=\"auto, (max-width: 182px) 100vw, 182px\" \/><\/a><\/td>\n<\/tr>\n<tr style=\"height: 45px\">\n<td style=\"text-align: center;height: 45px;width: 280px\">Propriedades F\u00edsicas e Mec\u00e2nicas da Madeira<\/td>\n<td style=\"text-align: center;height: 45px;width: 119px\">EIM\/UFPEL<\/td>\n<td style=\"text-align: center;height: 45px;width: 150px\">Rafael Beltrame e Darci Gatto<\/td>\n<td style=\"text-align: center;height: 45px;width: 285px\"><a href=\"https:\/\/institucional.ufpel.edu.br\/disciplinas\/cod\/0570036\" target=\"_blank\" rel=\"noopener noreferrer\"><img loading=\"lazy\" decoding=\"async\" class=\"aligncenter wp-image-1065\" src=\"https:\/\/wp.ufpel.edu.br\/laboratoriodepropriedadesdamadeira\/files\/2020\/05\/Sem-t\u00edtulo.png\" alt=\"\" width=\"182\" height=\"74\" srcset=\"https:\/\/wp.ufpel.edu.br\/laboratoriodepropriedadesdamadeira\/files\/2020\/05\/Sem-t\u00edtulo.png 402w, https:\/\/wp.ufpel.edu.br\/laboratoriodepropriedadesdamadeira\/files\/2020\/05\/Sem-t\u00edtulo-400x163.png 400w\" sizes=\"auto, (max-width: 182px) 100vw, 182px\" \/><\/a><\/td>\n<\/tr>\n<tr style=\"height: 45px\">\n<td style=\"text-align: center;height: 45px;width: 280px\">Uso Energ\u00e9tico da Madeira<\/td>\n<td style=\"text-align: center;height: 45px;width: 119px\">EIM\/UFPEL<\/td>\n<td style=\"text-align: center;height: 45px;width: 150px\">Rafael Beltrame<\/td>\n<td style=\"text-align: center;height: 45px;width: 285px\"><a href=\"https:\/\/institucional.ufpel.edu.br\/disciplinas\/cod\/15000580\" target=\"_blank\" rel=\"noopener noreferrer\"><img loading=\"lazy\" decoding=\"async\" class=\"aligncenter wp-image-1065\" src=\"https:\/\/wp.ufpel.edu.br\/laboratoriodepropriedadesdamadeira\/files\/2020\/05\/Sem-t\u00edtulo.png\" alt=\"\" width=\"182\" height=\"74\" srcset=\"https:\/\/wp.ufpel.edu.br\/laboratoriodepropriedadesdamadeira\/files\/2020\/05\/Sem-t\u00edtulo.png 402w, https:\/\/wp.ufpel.edu.br\/laboratoriodepropriedadesdamadeira\/files\/2020\/05\/Sem-t\u00edtulo-400x163.png 400w\" sizes=\"auto, (max-width: 182px) 100vw, 182px\" \/><\/a><\/td>\n<\/tr>\n<tr style=\"height: 62px\">\n<td style=\"text-align: center;height: 62px;width: 834px\" colspan=\"4\">\n<h3>P\u00f3s-Gradua\u00e7\u00e3o<\/h3>\n<\/td>\n<\/tr>\n<tr style=\"height: 19px\">\n<td style=\"text-align: center;height: 19px;width: 280px\">Ci\u00eancia e Sustentabilidade da Madeira<\/td>\n<td style=\"width: 119px;height: 19px;text-align: center\" width=\"217\">PPGAmb\/UFPEL<\/td>\n<td style=\"text-align: center;height: 19px;width: 150px\">Rafael Beltrame<\/td>\n<td style=\"text-align: center;height: 19px;width: 285px\"><a href=\"https:\/\/institucional.ufpel.edu.br\/disciplinas\/cod\/1640354\" target=\"_blank\" rel=\"noopener noreferrer\"><img loading=\"lazy\" decoding=\"async\" class=\"aligncenter wp-image-1065\" src=\"https:\/\/wp.ufpel.edu.br\/laboratoriodepropriedadesdamadeira\/files\/2020\/05\/Sem-t\u00edtulo.png\" alt=\"\" width=\"182\" height=\"74\" srcset=\"https:\/\/wp.ufpel.edu.br\/laboratoriodepropriedadesdamadeira\/files\/2020\/05\/Sem-t\u00edtulo.png 402w, https:\/\/wp.ufpel.edu.br\/laboratoriodepropriedadesdamadeira\/files\/2020\/05\/Sem-t\u00edtulo-400x163.png 400w\" sizes=\"auto, (max-width: 182px) 100vw, 182px\" \/><\/a><\/td>\n<\/tr>\n<tr style=\"height: 21px\">\n<td style=\"text-align: center;height: 21px;width: 280px\">Estat\u00edstica Aplicada \u00e0 Engenharia<\/td>\n<td style=\"width: 119px;height: 21px;text-align: center\">PPGCEM\/UFPEL<\/td>\n<td style=\"text-align: center;height: 21px;width: 150px\">Rafael Delucis<\/td>\n<td style=\"text-align: center;height: 21px;width: 285px\"><a href=\"https:\/\/institucional.ufpel.edu.br\/disciplinas\/cod\/22000327\" target=\"_blank\" rel=\"noopener noreferrer\"><img loading=\"lazy\" decoding=\"async\" class=\"aligncenter wp-image-1065\" src=\"https:\/\/wp.ufpel.edu.br\/laboratoriodepropriedadesdamadeira\/files\/2020\/05\/Sem-t\u00edtulo.png\" alt=\"\" width=\"182\" height=\"74\" srcset=\"https:\/\/wp.ufpel.edu.br\/laboratoriodepropriedadesdamadeira\/files\/2020\/05\/Sem-t\u00edtulo.png 402w, https:\/\/wp.ufpel.edu.br\/laboratoriodepropriedadesdamadeira\/files\/2020\/05\/Sem-t\u00edtulo-400x163.png 400w\" sizes=\"auto, (max-width: 182px) 100vw, 182px\" \/><\/a><\/td>\n<\/tr>\n<tr style=\"height: 45px\">\n<td style=\"text-align: center;height: 45px;width: 280px\">Patologia da Madeira<\/td>\n<td style=\"width: 119px;height: 45px;text-align: center\">PPGCEM\/UFPEL<\/td>\n<td style=\"text-align: center;height: 45px;width: 150px\">Rafael Beltrame e Darci Gatto<\/td>\n<td style=\"text-align: center;height: 45px;width: 285px\"><a href=\"https:\/\/institucional.ufpel.edu.br\/disciplinas\/cod\/1110167\" target=\"_blank\" rel=\"noopener noreferrer\"><img loading=\"lazy\" decoding=\"async\" class=\"aligncenter wp-image-1065\" src=\"https:\/\/wp.ufpel.edu.br\/laboratoriodepropriedadesdamadeira\/files\/2020\/05\/Sem-t\u00edtulo.png\" alt=\"\" width=\"182\" height=\"74\" srcset=\"https:\/\/wp.ufpel.edu.br\/laboratoriodepropriedadesdamadeira\/files\/2020\/05\/Sem-t\u00edtulo.png 402w, https:\/\/wp.ufpel.edu.br\/laboratoriodepropriedadesdamadeira\/files\/2020\/05\/Sem-t\u00edtulo-400x163.png 400w\" sizes=\"auto, (max-width: 182px) 100vw, 182px\" \/><\/a><\/td>\n<\/tr>\n<tr style=\"height: 45px\">\n<td style=\"text-align: center;height: 45px;width: 280px\">Tecnologia da Madeira<\/td>\n<td style=\"width: 119px;height: 45px;text-align: center\">PPGCEM\/UFPEL<\/td>\n<td style=\"text-align: center;height: 45px;width: 150px\">Rafael Beltrame e Darci Gatto<\/td>\n<td style=\"text-align: center;height: 45px;width: 285px\"><a href=\"https:\/\/institucional.ufpel.edu.br\/disciplinas\/cod\/1110170\" target=\"_blank\" rel=\"noopener noreferrer\"><img loading=\"lazy\" decoding=\"async\" class=\"aligncenter wp-image-1065\" src=\"https:\/\/wp.ufpel.edu.br\/laboratoriodepropriedadesdamadeira\/files\/2020\/05\/Sem-t\u00edtulo.png\" alt=\"\" width=\"182\" height=\"74\" srcset=\"https:\/\/wp.ufpel.edu.br\/laboratoriodepropriedadesdamadeira\/files\/2020\/05\/Sem-t\u00edtulo.png 402w, https:\/\/wp.ufpel.edu.br\/laboratoriodepropriedadesdamadeira\/files\/2020\/05\/Sem-t\u00edtulo-400x163.png 400w\" sizes=\"auto, (max-width: 182px) 100vw, 182px\" \/><\/a><\/td>\n<\/tr>\n<\/tbody>\n<\/table>\n<p>&nbsp;<\/p>\n","protected":false},"excerpt":{"rendered":"<p>Gradua\u00e7\u00e3o Nome Curso Professor link para informa\u00e7\u00f5es Anatomia da Madeira EIM\/UFPEL Darci Gatto Energia da Biomassa Florestal EIM\/UFPEL Rafael Beltrame Estat\u00edstica B\u00e1sica CENG\/UFPEL Rafael Delucis Macroscopia da Madeira EIM\/UFPEL Darci Gatto Mec\u00e2nica dos S\u00f3lidos CENG\/UFPEL Rafael Delucis Qualidade da Madeira&#8230; <a class=\"more-link\" href=\"https:\/\/wp.ufpel.edu.br\/laboratoriodepropriedadesdamadeira\/disciplinas\/\">Continue lendo &rarr;<\/a><\/p>\n","protected":false},"author":729,"featured_media":0,"parent":0,"menu_order":3,"comment_status":"closed","ping_status":"closed","template":"","meta":{"footnotes":""},"class_list":["post-665","page","type-page","status-publish","hentry"],"_links":{"self":[{"href":"https:\/\/wp.ufpel.edu.br\/laboratoriodepropriedadesdamadeira\/wp-json\/wp\/v2\/pages\/665","targetHints":{"allow":["GET"]}}],"collection":[{"href":"https:\/\/wp.ufpel.edu.br\/laboratoriodepropriedadesdamadeira\/wp-json\/wp\/v2\/pages"}],"about":[{"href":"https:\/\/wp.ufpel.edu.br\/laboratoriodepropriedadesdamadeira\/wp-json\/wp\/v2\/types\/page"}],"author":[{"embeddable":true,"href":"https:\/\/wp.ufpel.edu.br\/laboratoriodepropriedadesdamadeira\/wp-json\/wp\/v2\/users\/729"}],"replies":[{"embeddable":true,"href":"https:\/\/wp.ufpel.edu.br\/laboratoriodepropriedadesdamadeira\/wp-json\/wp\/v2\/comments?post=665"}],"version-history":[{"count":16,"href":"https:\/\/wp.ufpel.edu.br\/laboratoriodepropriedadesdamadeira\/wp-json\/wp\/v2\/pages\/665\/revisions"}],"predecessor-version":[{"id":902,"href":"https:\/\/wp.ufpel.edu.br\/laboratoriodepropriedadesdamadeira\/wp-json\/wp\/v2\/pages\/665\/revisions\/902"}],"wp:attachment":[{"href":"https:\/\/wp.ufpel.edu.br\/laboratoriodepropriedadesdamadeira\/wp-json\/wp\/v2\/media?parent=665"}],"curies":[{"name":"wp","href":"https:\/\/api.w.org\/{rel}","templated":true}]}}