{"id":622,"date":"2017-05-18T13:34:09","date_gmt":"2017-05-18T16:34:09","guid":{"rendered":"https:\/\/wp.ufpel.edu.br\/laboratoriodepropriedadesdamadeira\/?page_id=622"},"modified":"2020-09-16T16:08:15","modified_gmt":"2020-09-16T19:08:15","slug":"producao-cientifica","status":"publish","type":"page","link":"https:\/\/wp.ufpel.edu.br\/laboratoriodepropriedadesdamadeira\/producao-cientifica\/","title":{"rendered":"Produ\u00e7\u00e3o Cient\u00edfica"},"content":{"rendered":"<p>&nbsp;<\/p>\n<table style=\"width: 978px\" width=\"1199\">\n<tbody>\n<tr>\n<td style=\"text-align: center;width: 978px\" colspan=\"4\" width=\"1199\"><strong>Publica\u00e7\u00f5es em destaque<\/strong><\/td>\n<\/tr>\n<tr>\n<td style=\"text-align: center;width: 60px\"><strong>DOI<\/strong><\/td>\n<td style=\"text-align: center;width: 769px\"><strong>T\u00edtulo<\/strong><\/td>\n<td style=\"text-align: center;width: 129px\" width=\"187\"><strong>Revista<\/strong><\/td>\n<td style=\"text-align: center;width: 20px\" width=\"187\"><strong>Ano<\/strong><\/td>\n<\/tr>\n<tr>\n<td style=\"text-align: center;width: 60px\"><a href=\"http:\/\/dx.doi.org\/10.3390\/f11070768\" target=\"_blank\" rel=\"noopener noreferrer\"><img loading=\"lazy\" decoding=\"async\" class=\"alignnone\" src=\"http:\/\/www.ufrgs.br\/lapol\/doi.JPG\" alt=\"\" width=\"81\" height=\"47\" \/><\/a><\/td>\n<td style=\"text-align: center;width: 769px\" width=\"464\">Thermochemical and mechanical properties of wood-based composites (WPC) produced by in situ polymerization of methyl methacrylate (MMA) into pine wood<\/td>\n<td style=\"text-align: center;width: 129px\" width=\"187\">Forests<\/td>\n<td style=\"text-align: center;width: 20px\" width=\"187\">2020<\/td>\n<\/tr>\n<tr>\n<td style=\"text-align: center;width: 60px\"><a href=\"http:\/\/dx.doi.org\/10.4067\/S0718-221X2020005000202\u00a0\" target=\"_blank\" rel=\"noopener noreferrer\"><img loading=\"lazy\" decoding=\"async\" class=\"alignnone\" src=\"http:\/\/www.ufrgs.br\/lapol\/doi.JPG\" alt=\"\" width=\"81\" height=\"47\" \/><\/a><\/td>\n<td style=\"text-align: center;width: 769px\" width=\"464\">Thermochemical behavior of\u00a0Eucalyptus grandis\u00a0wood exposed to termite attack<\/td>\n<td style=\"text-align: center;width: 129px\" width=\"187\">Maderas. Ciencia y tecnolog\u00eda<\/td>\n<td style=\"text-align: center;width: 20px\">2020<\/td>\n<\/tr>\n<tr>\n<td style=\"text-align: center;width: 60px\"><a href=\"https:\/\/doi.org\/10.1177\/1847980419876201\" target=\"_blank\" rel=\"noopener noreferrer\"><img loading=\"lazy\" decoding=\"async\" class=\"alignnone\" src=\"http:\/\/www.ufrgs.br\/lapol\/doi.JPG\" alt=\"\" width=\"81\" height=\"47\" \/><\/a><\/td>\n<td style=\"text-align: center;width: 769px\" width=\"464\">Zinc oxide nanoparticles from microwave-assisted solvothermal process: Photocatalytic performance and use for wood protection against xylophagous fungus<\/td>\n<td style=\"text-align: center;width: 129px\" width=\"187\">Nanomaterials and Nanotechnology<\/td>\n<td style=\"text-align: center;width: 20px\">2019<\/td>\n<\/tr>\n<tr>\n<td style=\"text-align: center;width: 60px\"><a href=\"https:\/\/doi.org\/10.1002\/pc.24784\" target=\"_blank\" rel=\"noopener noreferrer\"><img loading=\"lazy\" decoding=\"async\" class=\"alignnone\" src=\"http:\/\/www.ufrgs.br\/lapol\/doi.JPG\" alt=\"\" width=\"81\" height=\"47\" \/><\/a><\/td>\n<td style=\"text-align: center;width: 769px\" width=\"464\">Thermal and combustion features of rigid polyurethane biofoams filled with four forest\u2010based wastes<\/td>\n<td style=\"text-align: center;width: 129px\" width=\"187\">Polymer Composites<\/td>\n<td style=\"text-align: center;width: 20px\">2018<\/td>\n<\/tr>\n<tr>\n<td style=\"text-align: center;width: 60px\"><a href=\"http:\/\/dx.doi.org\/10.4067\/S0718-221X2018005004801\u00a0\" target=\"_blank\" rel=\"noopener noreferrer\"><img loading=\"lazy\" decoding=\"async\" class=\"alignnone\" src=\"http:\/\/www.ufrgs.br\/lapol\/doi.JPG\" alt=\"\" width=\"81\" height=\"47\" \/><\/a><\/td>\n<td style=\"text-align: center;width: 769px\" width=\"464\">Microwave-assisted solvothermal: An efficient and new method to obtain hydrophobic wood surfaces<\/td>\n<td style=\"text-align: center;width: 129px\" width=\"187\">Maderas. Ciencia y tecnolog\u00eda<\/td>\n<td style=\"text-align: center;width: 20px\">2018<\/td>\n<\/tr>\n<tr>\n<td style=\"text-align: center;width: 60px\"><a href=\"http:\/\/dx.doi.org\/10.1016\/j.seppur.2017.06.010\" target=\"_blank\" rel=\"noopener noreferrer\"><img loading=\"lazy\" decoding=\"async\" class=\"alignnone\" src=\"http:\/\/www.ufrgs.br\/lapol\/doi.JPG\" alt=\"\" width=\"81\" height=\"47\" \/><\/a><\/td>\n<td style=\"text-align: center;width: 769px\" width=\"464\">Analytical characterization of purified mimosa ( Acacia mearnsii ) industrial tannin extract: Single and sequential fractionation<\/td>\n<td style=\"text-align: center;width: 129px\" width=\"187\">Separation and Purification Technology<\/td>\n<td style=\"text-align: center;width: 20px\" width=\"187\">2017<\/td>\n<\/tr>\n<tr>\n<td style=\"text-align: center;width: 60px\"><a href=\"http:\/\/dx.doi.org\/10.1080\/02773813.2015.1039544\" target=\"_blank\" rel=\"noopener noreferrer\"><img loading=\"lazy\" decoding=\"async\" class=\"alignnone\" src=\"http:\/\/www.ufrgs.br\/lapol\/doi.JPG\" alt=\"\" width=\"81\" height=\"47\" \/><\/a><\/td>\n<td style=\"text-align: center;width: 769px\" width=\"464\">Effects of Two-Step Freezing-Heat Treatments on Japanese Raisintree (\u00a0Hovenia Dulcis\u00a0Thunb.) Wood Properties<\/td>\n<td style=\"text-align: center;width: 129px\" width=\"187\">Journal of Wood Chemistry and Technology<\/td>\n<td style=\"text-align: center;width: 20px\">2016<\/td>\n<\/tr>\n<tr>\n<td style=\"text-align: center;width: 60px\"><a href=\"http:\/\/dx.doi.org\/10.1007\/s00226-015-0795-8\" target=\"_blank\" rel=\"noopener noreferrer\"><img loading=\"lazy\" decoding=\"async\" class=\"alignnone\" src=\"http:\/\/www.ufrgs.br\/lapol\/doi.JPG\" alt=\"\" width=\"81\" height=\"47\" \/><\/a><\/td>\n<td style=\"text-align: center;width: 769px\" width=\"464\">Bio-oil from base-catalyzed depolymerization of organosolv lignin as an antifungal agent for wood<\/td>\n<td style=\"text-align: center;width: 129px\" width=\"187\">Wood Science and Technology<\/td>\n<td style=\"text-align: center;width: 20px\">2015<\/td>\n<\/tr>\n<tr>\n<td style=\"text-align: center;width: 60px\"><a href=\"http:\/\/dx.doi.org\/10.1007\/s00107-015-0978-x\" target=\"_blank\" rel=\"noopener noreferrer\"><img loading=\"lazy\" decoding=\"async\" class=\"alignnone\" src=\"http:\/\/www.ufrgs.br\/lapol\/doi.JPG\" alt=\"\" width=\"81\" height=\"47\" \/><\/a><\/td>\n<td style=\"text-align: center;width: 769px\" width=\"464\">Mechanical behavior of wood species softened by microwave heating prior to bending<\/td>\n<td style=\"text-align: center;width: 129px\" width=\"187\">European Journal of Wood and Wood Products<\/td>\n<td style=\"text-align: center;width: 20px\">2015<\/td>\n<\/tr>\n<tr>\n<td style=\"text-align: center;width: 60px\"><a href=\"http:\/\/dx.doi.org\/10.1007\/s00226-015-0761-5\" target=\"_blank\" rel=\"noopener noreferrer\"><img loading=\"lazy\" decoding=\"async\" class=\"alignnone\" src=\"http:\/\/www.ufrgs.br\/lapol\/doi.JPG\" alt=\"\" width=\"81\" height=\"47\" \/><\/a><\/td>\n<td style=\"text-align: center;width: 769px\" width=\"464\">Wood-polymer composites prepared by free radical in situ polymerization of methacrylate monomers into fast-growing pinewood<\/td>\n<td style=\"text-align: center;width: 129px\" width=\"187\">Wood Science and Technology<\/td>\n<td style=\"text-align: center;width: 20px\">2015<\/td>\n<\/tr>\n<tr>\n<td style=\"text-align: center;width: 60px\"><a href=\"http:\/\/dx.doi.org\/10.1016\/j.indcrop.2012.12.048\" target=\"_blank\" rel=\"noopener noreferrer\"><img loading=\"lazy\" decoding=\"async\" class=\"alignnone\" src=\"http:\/\/www.ufrgs.br\/lapol\/doi.JPG\" alt=\"\" width=\"81\" height=\"47\" \/><\/a><\/td>\n<td style=\"text-align: center;width: 769px\" width=\"464\">Effect of thermal treatment on physicochemical properties of Gympie messmate wood<\/td>\n<td style=\"text-align: center;width: 129px\" width=\"187\">Industrial Crops and Products<\/td>\n<td style=\"text-align: center;width: 20px\">2013<\/td>\n<\/tr>\n<\/tbody>\n<\/table>\n<p>&nbsp;<\/p>\n","protected":false},"excerpt":{"rendered":"<p>&nbsp; Publica\u00e7\u00f5es em destaque DOI T\u00edtulo Revista Ano Thermochemical and mechanical properties of wood-based composites (WPC) produced by in situ polymerization of methyl methacrylate (MMA) into pine wood Forests 2020 Thermochemical behavior of\u00a0Eucalyptus grandis\u00a0wood exposed to termite attack Maderas. Ciencia&#8230; <a class=\"more-link\" href=\"https:\/\/wp.ufpel.edu.br\/laboratoriodepropriedadesdamadeira\/producao-cientifica\/\">Continue lendo &rarr;<\/a><\/p>\n","protected":false},"author":729,"featured_media":0,"parent":0,"menu_order":5,"comment_status":"closed","ping_status":"closed","template":"","meta":{"footnotes":""},"class_list":["post-622","page","type-page","status-publish","hentry"],"_links":{"self":[{"href":"https:\/\/wp.ufpel.edu.br\/laboratoriodepropriedadesdamadeira\/wp-json\/wp\/v2\/pages\/622","targetHints":{"allow":["GET"]}}],"collection":[{"href":"https:\/\/wp.ufpel.edu.br\/laboratoriodepropriedadesdamadeira\/wp-json\/wp\/v2\/pages"}],"about":[{"href":"https:\/\/wp.ufpel.edu.br\/laboratoriodepropriedadesdamadeira\/wp-json\/wp\/v2\/types\/page"}],"author":[{"embeddable":true,"href":"https:\/\/wp.ufpel.edu.br\/laboratoriodepropriedadesdamadeira\/wp-json\/wp\/v2\/users\/729"}],"replies":[{"embeddable":true,"href":"https:\/\/wp.ufpel.edu.br\/laboratoriodepropriedadesdamadeira\/wp-json\/wp\/v2\/comments?post=622"}],"version-history":[{"count":14,"href":"https:\/\/wp.ufpel.edu.br\/laboratoriodepropriedadesdamadeira\/wp-json\/wp\/v2\/pages\/622\/revisions"}],"predecessor-version":[{"id":1095,"href":"https:\/\/wp.ufpel.edu.br\/laboratoriodepropriedadesdamadeira\/wp-json\/wp\/v2\/pages\/622\/revisions\/1095"}],"wp:attachment":[{"href":"https:\/\/wp.ufpel.edu.br\/laboratoriodepropriedadesdamadeira\/wp-json\/wp\/v2\/media?parent=622"}],"curies":[{"name":"wp","href":"https:\/\/api.w.org\/{rel}","templated":true}]}}