{"id":277,"date":"2017-03-27T11:13:53","date_gmt":"2017-03-27T14:13:53","guid":{"rendered":"https:\/\/wp.ufpel.edu.br\/laboratoriodepropriedadesdamadeira\/?page_id=277"},"modified":"2022-06-30T14:18:38","modified_gmt":"2022-06-30T17:18:38","slug":"banho-termostatico","status":"publish","type":"page","link":"https:\/\/wp.ufpel.edu.br\/laboratoriodepropriedadesdamadeira\/agendamento\/laboratorio-de-quimica\/banho-termostatico\/","title":{"rendered":"Banho Termost\u00e1tico"},"content":{"rendered":"<p>Solicite agendamento deste equipamento pelos dois e-mails seguintes: <a href=\"mailto:silviahfuente@hotmail.com\">silviahfuente@hotmail.com<\/a> ; <a href=\"mailto:carenwilsen@hotmail.com\">carenwilsen@hotmail.com<\/a> ;<\/p>\n<p>Acompanhe o seu agendamento pelo site: [<a href=\"https:\/\/calendar.google.com\/calendar\/embed?src=j5vre9cu09cnqj5pem6agptl6c%40group.calendar.google.com&amp;ctz=America\/Sao_Paulo&quot; style=&quot;border: 0&quot; width=&quot;800&quot; height=&quot;600&quot; frameborder=&quot;0&quot; scrolling=&quot;no&quot;&gt;&lt;\/iframe&gt;\">banho termost\u00e1tico<\/a>]<\/p>\n<p><strong>ATEN\u00c7\u00c3O: Ser\u00e3o aceitos agendamentos com dois dias de anteced\u00eancia. Ap\u00f3s agendamento confirmado,\u00a0entre em contato com o operador do equipamento, disponibilizado no menu Infraestrutura.<\/strong><\/p>\n","protected":false},"excerpt":{"rendered":"<p>Solicite agendamento deste equipamento pelos dois e-mails seguintes: silviahfuente@hotmail.com ; carenwilsen@hotmail.com ; Acompanhe o seu agendamento pelo site: [banho termost\u00e1tico] ATEN\u00c7\u00c3O: Ser\u00e3o aceitos agendamentos com dois dias de anteced\u00eancia. Ap\u00f3s agendamento confirmado,\u00a0entre em contato com o operador do equipamento, disponibilizado&#8230; <a class=\"more-link\" href=\"https:\/\/wp.ufpel.edu.br\/laboratoriodepropriedadesdamadeira\/agendamento\/laboratorio-de-quimica\/banho-termostatico\/\">Continue lendo &rarr;<\/a><\/p>\n","protected":false},"author":729,"featured_media":0,"parent":824,"menu_order":0,"comment_status":"closed","ping_status":"closed","template":"","meta":{"footnotes":""},"class_list":["post-277","page","type-page","status-publish","hentry"],"_links":{"self":[{"href":"https:\/\/wp.ufpel.edu.br\/laboratoriodepropriedadesdamadeira\/wp-json\/wp\/v2\/pages\/277","targetHints":{"allow":["GET"]}}],"collection":[{"href":"https:\/\/wp.ufpel.edu.br\/laboratoriodepropriedadesdamadeira\/wp-json\/wp\/v2\/pages"}],"about":[{"href":"https:\/\/wp.ufpel.edu.br\/laboratoriodepropriedadesdamadeira\/wp-json\/wp\/v2\/types\/page"}],"author":[{"embeddable":true,"href":"https:\/\/wp.ufpel.edu.br\/laboratoriodepropriedadesdamadeira\/wp-json\/wp\/v2\/users\/729"}],"replies":[{"embeddable":true,"href":"https:\/\/wp.ufpel.edu.br\/laboratoriodepropriedadesdamadeira\/wp-json\/wp\/v2\/comments?post=277"}],"version-history":[{"count":8,"href":"https:\/\/wp.ufpel.edu.br\/laboratoriodepropriedadesdamadeira\/wp-json\/wp\/v2\/pages\/277\/revisions"}],"predecessor-version":[{"id":1158,"href":"https:\/\/wp.ufpel.edu.br\/laboratoriodepropriedadesdamadeira\/wp-json\/wp\/v2\/pages\/277\/revisions\/1158"}],"up":[{"embeddable":true,"href":"https:\/\/wp.ufpel.edu.br\/laboratoriodepropriedadesdamadeira\/wp-json\/wp\/v2\/pages\/824"}],"wp:attachment":[{"href":"https:\/\/wp.ufpel.edu.br\/laboratoriodepropriedadesdamadeira\/wp-json\/wp\/v2\/media?parent=277"}],"curies":[{"name":"wp","href":"https:\/\/api.w.org\/{rel}","templated":true}]}}