{"id":240,"date":"2017-03-27T08:22:48","date_gmt":"2017-03-27T11:22:48","guid":{"rendered":"https:\/\/wp.ufpel.edu.br\/laboratoriodepropriedadesdamadeira\/?page_id=240"},"modified":"2018-09-05T13:11:23","modified_gmt":"2018-09-05T16:11:23","slug":"laboratorio-de-fungos","status":"publish","type":"page","link":"https:\/\/wp.ufpel.edu.br\/laboratoriodepropriedadesdamadeira\/infraestrutura\/laboratorio-de-fungos\/","title":{"rendered":"Laborat\u00f3rio de Manipula\u00e7\u00e3o de Micro-organismos Patog\u00eanicos"},"content":{"rendered":"<p>Laborat\u00f3rio destinado a manipula\u00e7\u00e3o de fungos apodrecedores de madeira, preparo de meios de cultura, isolamento, crescimento e manuten\u00e7\u00e3o de fungos e an\u00e1lise de amostras biol\u00f3gicas.<\/p>\n<p>Os fungos dispon\u00edveis no laborat\u00f3rio s\u00e3o:<\/p>\n<p><em>Ganoderma applanatum<\/em><\/p>\n<p><em>Trametes versicolor<\/em><\/p>\n<p><em>Gloeophyllum trabeum<\/em><\/p>\n<p><em>Poria placenta<\/em><\/p>\n<p>Neste espa\u00e7o contamos com: B.O.D, micro-ondas, autoclave para esteriliza\u00e7\u00e3o, vidrarias, meios de cultura, estufa, balan\u00e7a, microsc\u00f3pio, lupa e capela com fluxo laminar para manipula\u00e7\u00e3o dos micro-organismos.<\/p>\n<p>Respons\u00e1veis: Paula Zanatta e Nicria Cruz<\/p>\n<p>&nbsp;<\/p>\n<p>Ap\u00f3s agendamento confirmado,\u00a0verificar (neste menu: Infraestrutura) em qual local ou laborat\u00f3rio o equipamento se encontra e, ent\u00e3o entrar em contato com seu respectivo respons\u00e1vel.<\/p>\n<p>Este ter\u00e1 obriga\u00e7\u00e3o de operar ou disponibilizar a chave e\/ou equipamento, dependendo do caso.<\/p>\n<p>&nbsp;<\/p>\n<p>&nbsp;<\/p>\n<p>&nbsp;<\/p>\n","protected":false},"excerpt":{"rendered":"<p>Laborat\u00f3rio destinado a manipula\u00e7\u00e3o de fungos apodrecedores de madeira, preparo de meios de cultura, isolamento, crescimento e manuten\u00e7\u00e3o de fungos e an\u00e1lise de amostras biol\u00f3gicas. Os fungos dispon\u00edveis no laborat\u00f3rio s\u00e3o: Ganoderma applanatum Trametes versicolor Gloeophyllum trabeum Poria placenta Neste&#8230; <a class=\"more-link\" href=\"https:\/\/wp.ufpel.edu.br\/laboratoriodepropriedadesdamadeira\/infraestrutura\/laboratorio-de-fungos\/\">Continue lendo &rarr;<\/a><\/p>\n","protected":false},"author":729,"featured_media":0,"parent":79,"menu_order":0,"comment_status":"closed","ping_status":"closed","template":"","meta":{"footnotes":""},"class_list":["post-240","page","type-page","status-publish","hentry"],"_links":{"self":[{"href":"https:\/\/wp.ufpel.edu.br\/laboratoriodepropriedadesdamadeira\/wp-json\/wp\/v2\/pages\/240","targetHints":{"allow":["GET"]}}],"collection":[{"href":"https:\/\/wp.ufpel.edu.br\/laboratoriodepropriedadesdamadeira\/wp-json\/wp\/v2\/pages"}],"about":[{"href":"https:\/\/wp.ufpel.edu.br\/laboratoriodepropriedadesdamadeira\/wp-json\/wp\/v2\/types\/page"}],"author":[{"embeddable":true,"href":"https:\/\/wp.ufpel.edu.br\/laboratoriodepropriedadesdamadeira\/wp-json\/wp\/v2\/users\/729"}],"replies":[{"embeddable":true,"href":"https:\/\/wp.ufpel.edu.br\/laboratoriodepropriedadesdamadeira\/wp-json\/wp\/v2\/comments?post=240"}],"version-history":[{"count":8,"href":"https:\/\/wp.ufpel.edu.br\/laboratoriodepropriedadesdamadeira\/wp-json\/wp\/v2\/pages\/240\/revisions"}],"predecessor-version":[{"id":791,"href":"https:\/\/wp.ufpel.edu.br\/laboratoriodepropriedadesdamadeira\/wp-json\/wp\/v2\/pages\/240\/revisions\/791"}],"up":[{"embeddable":true,"href":"https:\/\/wp.ufpel.edu.br\/laboratoriodepropriedadesdamadeira\/wp-json\/wp\/v2\/pages\/79"}],"wp:attachment":[{"href":"https:\/\/wp.ufpel.edu.br\/laboratoriodepropriedadesdamadeira\/wp-json\/wp\/v2\/media?parent=240"}],"curies":[{"name":"wp","href":"https:\/\/api.w.org\/{rel}","templated":true}]}}