{"id":236,"date":"2017-03-27T08:21:26","date_gmt":"2017-03-27T11:21:26","guid":{"rendered":"https:\/\/wp.ufpel.edu.br\/laboratoriodepropriedadesdamadeira\/?page_id=236"},"modified":"2018-09-05T13:12:45","modified_gmt":"2018-09-05T16:12:45","slug":"laboratorio-de-quimica","status":"publish","type":"page","link":"https:\/\/wp.ufpel.edu.br\/laboratoriodepropriedadesdamadeira\/infraestrutura\/laboratorio-de-quimica\/","title":{"rendered":"Laborat\u00f3rio de Qu\u00edmica"},"content":{"rendered":"<p>O Laborat\u00f3rio de qu\u00edmica disponibiliza estrutura e tecnologia para os alunos desenvolverem suas pesquisas,\u00a0como:<\/p>\n<ul>\n<li>extra\u00e7\u00e3o de \u00f3leos essenciais de produtos florestais<\/li>\n<li>modifica\u00e7\u00e3o qu\u00edmica da madeira<\/li>\n<li>preserva\u00e7\u00e3o e tratamento de madeira<\/li>\n<li>desenvolvimento de produtos derivados de produtos florestais<\/li>\n<li>desenvolvimento de comp\u00f3sitos \u00e0 base de madeira<\/li>\n<\/ul>\n<p>Equipamentos dispon\u00edveis: Agitador magn\u00e9tico, autoclave para tratamento, compressor, banho maria, termost\u00e1tico e ultrass\u00f4nico, bomba \u00e0 v\u00e1cuo, centr\u00edfuga de 5.000 rpm, extratores soxlhet, mufla, viscos\u00edmetro, agitador mec\u00e2nico, vidrarias, capela para manipula\u00e7\u00e3o de reagentes qu\u00edmicos, estufas e pHmetro.<\/p>\n<p>Respons\u00e1veis: D\u00e9bora Ribes e Vanessa Marques.<\/p>\n<p>&nbsp;<\/p>\n<p>Ap\u00f3s agendamento confirmado,\u00a0verificar (neste menu: Infraestrutura) em qual local ou laborat\u00f3rio o equipamento se encontra e, ent\u00e3o entrar em contato com seu respectivo respons\u00e1vel.<\/p>\n<p>Este ter\u00e1 obriga\u00e7\u00e3o de operar ou disponibilizar a chave e\/ou equipamento, dependendo do caso.<\/p>\n<p>&nbsp;<\/p>\n","protected":false},"excerpt":{"rendered":"<p>O Laborat\u00f3rio de qu\u00edmica disponibiliza estrutura e tecnologia para os alunos desenvolverem suas pesquisas,\u00a0como: extra\u00e7\u00e3o de \u00f3leos essenciais de produtos florestais modifica\u00e7\u00e3o qu\u00edmica da madeira preserva\u00e7\u00e3o e tratamento de madeira desenvolvimento de produtos derivados de produtos florestais desenvolvimento de comp\u00f3sitos&#8230; <a class=\"more-link\" href=\"https:\/\/wp.ufpel.edu.br\/laboratoriodepropriedadesdamadeira\/infraestrutura\/laboratorio-de-quimica\/\">Continue lendo &rarr;<\/a><\/p>\n","protected":false},"author":729,"featured_media":0,"parent":79,"menu_order":0,"comment_status":"closed","ping_status":"closed","template":"","meta":{"footnotes":""},"class_list":["post-236","page","type-page","status-publish","hentry"],"_links":{"self":[{"href":"https:\/\/wp.ufpel.edu.br\/laboratoriodepropriedadesdamadeira\/wp-json\/wp\/v2\/pages\/236","targetHints":{"allow":["GET"]}}],"collection":[{"href":"https:\/\/wp.ufpel.edu.br\/laboratoriodepropriedadesdamadeira\/wp-json\/wp\/v2\/pages"}],"about":[{"href":"https:\/\/wp.ufpel.edu.br\/laboratoriodepropriedadesdamadeira\/wp-json\/wp\/v2\/types\/page"}],"author":[{"embeddable":true,"href":"https:\/\/wp.ufpel.edu.br\/laboratoriodepropriedadesdamadeira\/wp-json\/wp\/v2\/users\/729"}],"replies":[{"embeddable":true,"href":"https:\/\/wp.ufpel.edu.br\/laboratoriodepropriedadesdamadeira\/wp-json\/wp\/v2\/comments?post=236"}],"version-history":[{"count":6,"href":"https:\/\/wp.ufpel.edu.br\/laboratoriodepropriedadesdamadeira\/wp-json\/wp\/v2\/pages\/236\/revisions"}],"predecessor-version":[{"id":794,"href":"https:\/\/wp.ufpel.edu.br\/laboratoriodepropriedadesdamadeira\/wp-json\/wp\/v2\/pages\/236\/revisions\/794"}],"up":[{"embeddable":true,"href":"https:\/\/wp.ufpel.edu.br\/laboratoriodepropriedadesdamadeira\/wp-json\/wp\/v2\/pages\/79"}],"wp:attachment":[{"href":"https:\/\/wp.ufpel.edu.br\/laboratoriodepropriedadesdamadeira\/wp-json\/wp\/v2\/media?parent=236"}],"curies":[{"name":"wp","href":"https:\/\/api.w.org\/{rel}","templated":true}]}}