{"id":234,"date":"2017-03-27T08:20:34","date_gmt":"2017-03-27T11:20:34","guid":{"rendered":"https:\/\/wp.ufpel.edu.br\/laboratoriodepropriedadesdamadeira\/?page_id=234"},"modified":"2018-09-05T13:12:25","modified_gmt":"2018-09-05T16:12:25","slug":"laboratorio-de-propriedades-fisicas-e-mecanicas","status":"publish","type":"page","link":"https:\/\/wp.ufpel.edu.br\/laboratoriodepropriedadesdamadeira\/infraestrutura\/laboratorio-de-propriedades-fisicas-e-mecanicas\/","title":{"rendered":"Laborat\u00f3rio de Propriedades F\u00edsicas e Mec\u00e2nicas"},"content":{"rendered":"<p style=\"text-align: justify\">O Laborat\u00f3rio de Propriedades F\u00edsicas e Mec\u00e2nicas da Madeira realiza ensaios como densidade, umidade, retratibilidade e propriedades mec\u00e2nicas atrav\u00e9s de m\u00e9todos destrutivos e n\u00e3o destrutivos em madeiras e produtos de madeiras. O laborat\u00f3rio atende \u00e0s disciplinas de gradua\u00e7\u00e3o do curso de Engenharia Industrial Madeireira e Centro de Engenharias e de p\u00f3s gradua\u00e7\u00e3o da Engenharia de Materiais entre outros, \u00e0s pesquisas e tamb\u00e9m a demandas de empresas e da comunidade para determina\u00e7\u00e3o dessas propriedades da madeira.<\/p>\n<p style=\"text-align: justify\">Para realizar suas atividades o Laborat\u00f3rio de Propriedades F\u00edsicas e Mec\u00e2nicas da Madeira disp\u00f5e de equipamentos diversos M\u00e1quina Universal de Ensaios, dur\u00f4metro de bancada, estufas, balan\u00e7as, instrumentos de medi\u00e7\u00e3o e outros.<\/p>\n<p>&nbsp;<\/p>\n<p>Respons\u00e1veis: Ezequiel Gallio e Marindia<\/p>\n<p>&nbsp;<\/p>\n<p>Ap\u00f3s agendamento confirmado,\u00a0verificar (neste menu: Infraestrutura) em qual local ou laborat\u00f3rio o equipamento se encontra e, ent\u00e3o entrar em contato com seu respectivo respons\u00e1vel.<\/p>\n<p>Este ter\u00e1 obriga\u00e7\u00e3o de operar ou disponibilizar a chave e\/ou equipamento, dependendo do caso.<\/p>\n<p>&nbsp;<\/p>\n","protected":false},"excerpt":{"rendered":"<p>O Laborat\u00f3rio de Propriedades F\u00edsicas e Mec\u00e2nicas da Madeira realiza ensaios como densidade, umidade, retratibilidade e propriedades mec\u00e2nicas atrav\u00e9s de m\u00e9todos destrutivos e n\u00e3o destrutivos em madeiras e produtos de madeiras. O laborat\u00f3rio atende \u00e0s disciplinas de gradua\u00e7\u00e3o do curso&#8230; <a class=\"more-link\" href=\"https:\/\/wp.ufpel.edu.br\/laboratoriodepropriedadesdamadeira\/infraestrutura\/laboratorio-de-propriedades-fisicas-e-mecanicas\/\">Continue lendo &rarr;<\/a><\/p>\n","protected":false},"author":729,"featured_media":0,"parent":79,"menu_order":0,"comment_status":"closed","ping_status":"closed","template":"","meta":{"footnotes":""},"class_list":["post-234","page","type-page","status-publish","hentry"],"_links":{"self":[{"href":"https:\/\/wp.ufpel.edu.br\/laboratoriodepropriedadesdamadeira\/wp-json\/wp\/v2\/pages\/234","targetHints":{"allow":["GET"]}}],"collection":[{"href":"https:\/\/wp.ufpel.edu.br\/laboratoriodepropriedadesdamadeira\/wp-json\/wp\/v2\/pages"}],"about":[{"href":"https:\/\/wp.ufpel.edu.br\/laboratoriodepropriedadesdamadeira\/wp-json\/wp\/v2\/types\/page"}],"author":[{"embeddable":true,"href":"https:\/\/wp.ufpel.edu.br\/laboratoriodepropriedadesdamadeira\/wp-json\/wp\/v2\/users\/729"}],"replies":[{"embeddable":true,"href":"https:\/\/wp.ufpel.edu.br\/laboratoriodepropriedadesdamadeira\/wp-json\/wp\/v2\/comments?post=234"}],"version-history":[{"count":4,"href":"https:\/\/wp.ufpel.edu.br\/laboratoriodepropriedadesdamadeira\/wp-json\/wp\/v2\/pages\/234\/revisions"}],"predecessor-version":[{"id":793,"href":"https:\/\/wp.ufpel.edu.br\/laboratoriodepropriedadesdamadeira\/wp-json\/wp\/v2\/pages\/234\/revisions\/793"}],"up":[{"embeddable":true,"href":"https:\/\/wp.ufpel.edu.br\/laboratoriodepropriedadesdamadeira\/wp-json\/wp\/v2\/pages\/79"}],"wp:attachment":[{"href":"https:\/\/wp.ufpel.edu.br\/laboratoriodepropriedadesdamadeira\/wp-json\/wp\/v2\/media?parent=234"}],"curies":[{"name":"wp","href":"https:\/\/api.w.org\/{rel}","templated":true}]}}