{"id":1108,"date":"2020-11-24T11:11:52","date_gmt":"2020-11-24T14:11:52","guid":{"rendered":"https:\/\/wp.ufpel.edu.br\/laboratoriodepropriedadesdamadeira\/?page_id=1108"},"modified":"2020-11-24T11:11:52","modified_gmt":"2020-11-24T14:11:52","slug":"nevoa-salina","status":"publish","type":"page","link":"https:\/\/wp.ufpel.edu.br\/laboratoriodepropriedadesdamadeira\/infraestrutura\/nevoa-salina\/","title":{"rendered":"N\u00e9voa Salina"},"content":{"rendered":"<p>O equipamento de N\u00e9voa Salina \u00e9 de propriedade do Programa de P\u00f3s-Gradua\u00e7\u00e3o em Ci\u00eancia e Engenharia de Materiais, foi instalado no pr\u00e9dio da Engenharia Industrial Madeireira com aux\u00edlio do Centro de Engenharias.<\/p>\n<p>Respos\u00e1vel: Silvia Helena Fuentes da Silva<\/p>\n<p>Ap\u00f3s agendamento confirmado, verificar (neste menu: Infraestrutura) em qual local ou laborat\u00f3rio o equipamento se encontra e, ent\u00e3o entrar em contato com seu respectivo respons\u00e1vel.<\/p>\n<p>Este ter\u00e1 obriga\u00e7\u00e3o de operar ou disponibilizar a chave e\/ou equipamento, dependendo do caso.<\/p>\n","protected":false},"excerpt":{"rendered":"<p>O equipamento de N\u00e9voa Salina \u00e9 de propriedade do Programa de P\u00f3s-Gradua\u00e7\u00e3o em Ci\u00eancia e Engenharia de Materiais, foi instalado no pr\u00e9dio da Engenharia Industrial Madeireira com aux\u00edlio do Centro de Engenharias. Respos\u00e1vel: Silvia Helena Fuentes da Silva Ap\u00f3s agendamento&#8230; <a class=\"more-link\" href=\"https:\/\/wp.ufpel.edu.br\/laboratoriodepropriedadesdamadeira\/infraestrutura\/nevoa-salina\/\">Continue lendo &rarr;<\/a><\/p>\n","protected":false},"author":729,"featured_media":0,"parent":79,"menu_order":7,"comment_status":"closed","ping_status":"closed","template":"","meta":{"footnotes":""},"class_list":["post-1108","page","type-page","status-publish","hentry"],"_links":{"self":[{"href":"https:\/\/wp.ufpel.edu.br\/laboratoriodepropriedadesdamadeira\/wp-json\/wp\/v2\/pages\/1108","targetHints":{"allow":["GET"]}}],"collection":[{"href":"https:\/\/wp.ufpel.edu.br\/laboratoriodepropriedadesdamadeira\/wp-json\/wp\/v2\/pages"}],"about":[{"href":"https:\/\/wp.ufpel.edu.br\/laboratoriodepropriedadesdamadeira\/wp-json\/wp\/v2\/types\/page"}],"author":[{"embeddable":true,"href":"https:\/\/wp.ufpel.edu.br\/laboratoriodepropriedadesdamadeira\/wp-json\/wp\/v2\/users\/729"}],"replies":[{"embeddable":true,"href":"https:\/\/wp.ufpel.edu.br\/laboratoriodepropriedadesdamadeira\/wp-json\/wp\/v2\/comments?post=1108"}],"version-history":[{"count":1,"href":"https:\/\/wp.ufpel.edu.br\/laboratoriodepropriedadesdamadeira\/wp-json\/wp\/v2\/pages\/1108\/revisions"}],"predecessor-version":[{"id":1110,"href":"https:\/\/wp.ufpel.edu.br\/laboratoriodepropriedadesdamadeira\/wp-json\/wp\/v2\/pages\/1108\/revisions\/1110"}],"up":[{"embeddable":true,"href":"https:\/\/wp.ufpel.edu.br\/laboratoriodepropriedadesdamadeira\/wp-json\/wp\/v2\/pages\/79"}],"wp:attachment":[{"href":"https:\/\/wp.ufpel.edu.br\/laboratoriodepropriedadesdamadeira\/wp-json\/wp\/v2\/media?parent=1108"}],"curies":[{"name":"wp","href":"https:\/\/api.w.org\/{rel}","templated":true}]}}