{"id":90,"date":"2017-10-26T10:28:44","date_gmt":"2017-10-26T12:28:44","guid":{"rendered":"https:\/\/wp.ufpel.edu.br\/labnema\/?page_id=90"},"modified":"2017-10-26T12:14:27","modified_gmt":"2017-10-26T14:14:27","slug":"pos-graduacao","status":"publish","type":"page","link":"https:\/\/wp.ufpel.edu.br\/labnema\/bem-vindo-ao-site-do-laboratorio-de-nematologia-da-universidade-federal-de-pelotas-nosso-realiza-trabalho-com-nematoides-parasitos-de-plantas-nas-mais-diversas-culturas-de-interesse-economico-princi\/ensino\/pos-graduacao\/","title":{"rendered":"P\u00f3s-Gradua\u00e7\u00e3o"},"content":{"rendered":"","protected":false},"excerpt":{"rendered":"","protected":false},"author":677,"featured_media":0,"parent":84,"menu_order":0,"comment_status":"closed","ping_status":"closed","template":"","meta":{"footnotes":""},"class_list":["post-90","page","type-page","status-publish","hentry"],"_links":{"self":[{"href":"https:\/\/wp.ufpel.edu.br\/labnema\/wp-json\/wp\/v2\/pages\/90","targetHints":{"allow":["GET"]}}],"collection":[{"href":"https:\/\/wp.ufpel.edu.br\/labnema\/wp-json\/wp\/v2\/pages"}],"about":[{"href":"https:\/\/wp.ufpel.edu.br\/labnema\/wp-json\/wp\/v2\/types\/page"}],"author":[{"embeddable":true,"href":"https:\/\/wp.ufpel.edu.br\/labnema\/wp-json\/wp\/v2\/users\/677"}],"replies":[{"embeddable":true,"href":"https:\/\/wp.ufpel.edu.br\/labnema\/wp-json\/wp\/v2\/comments?post=90"}],"version-history":[{"count":2,"href":"https:\/\/wp.ufpel.edu.br\/labnema\/wp-json\/wp\/v2\/pages\/90\/revisions"}],"predecessor-version":[{"id":101,"href":"https:\/\/wp.ufpel.edu.br\/labnema\/wp-json\/wp\/v2\/pages\/90\/revisions\/101"}],"up":[{"embeddable":true,"href":"https:\/\/wp.ufpel.edu.br\/labnema\/wp-json\/wp\/v2\/pages\/84"}],"wp:attachment":[{"href":"https:\/\/wp.ufpel.edu.br\/labnema\/wp-json\/wp\/v2\/media?parent=90"}],"curies":[{"name":"wp","href":"https:\/\/api.w.org\/{rel}","templated":true}]}}