{"id":81,"date":"2017-10-26T10:32:42","date_gmt":"2017-10-26T12:32:42","guid":{"rendered":"https:\/\/wp.ufpel.edu.br\/labnema\/?page_id=81"},"modified":"2023-05-31T14:22:08","modified_gmt":"2023-05-31T17:22:08","slug":"pesquisa","status":"publish","type":"page","link":"https:\/\/wp.ufpel.edu.br\/labnema\/bem-vindo-ao-site-do-laboratorio-de-nematologia-da-universidade-federal-de-pelotas-nosso-realiza-trabalho-com-nematoides-parasitos-de-plantas-nas-mais-diversas-culturas-de-interesse-economico-princi\/projetos\/pesquisa\/","title":{"rendered":"Pesquisa"},"content":{"rendered":"<div class=\"layout-cell layout-cell-9\">\n<div class=\"layout-cell-pad-5\" style=\"text-align: justify;\">Meloidoginoses na cultura da soja nos estados do Rio Grande do Sul e Santa Catarina: Levantamento de Esp\u00e9cies &amp; Danos Associados<\/div>\n<div><\/div>\n<\/div>\n<div class=\"layout-cell layout-cell-3 text-align-right\" style=\"text-align: justify;\">\n<div class=\"layout-cell-pad-5 text-align-right\"><\/div>\n<\/div>\n<div class=\"layout-cell layout-cell-9\">\n<div class=\"layout-cell-pad-5\" style=\"text-align: justify;\">A sojicultura constitui indubitavelmente uma das principais atividades agr\u00edcolas do Brasil. A despeito disso, alguns fatores bi\u00f3ticos tem fortemente limitado o alcance de \u00edndices desej\u00e1veis de produtividade. Atualmente, a ocorr\u00eancia de nematoides fitoparasitas, mormente esp\u00e9cies de <em>Meloidogyne<\/em>, vem ocupando lugar de destaque. Urge, portanto, aprimorar t\u00e9cnicas que possibilitem a redu\u00e7\u00e3o dos custos de produ\u00e7\u00e3o, tais como o manejo destes parasitas. Nos estados do Rio Grande do Sul e Santa Catarina, todavia, o panorama nematol\u00f3gico per se e sua associa\u00e7\u00e3o no estabelecimento de doen\u00e7as \u00e9 pobremente conhecido at\u00e9 o momento. Em face deste cen\u00e1rio, no presente estudo objetivar-se-\u00e3o: (<em>i<\/em>) Realizar um levantamento de esp\u00e9cies de <em>Meloidogyne<\/em> em lavouras de soja nos estados do Rio Grande do Sul e Santa Catarina; (<em>ii<\/em>) Determinar a densidade populacional das esp\u00e9cies encontradas; (<em>iii<\/em>) Realizar testes de patogenicidade para as principais esp\u00e9cies. Amostragem ser\u00e1 realizada consoante procedimentos padr\u00f5es, em zigue-zague. De modo geral, esp\u00e9cimes ser\u00e3o identificados pela integra\u00e7\u00e3o (taxonomia polif\u00e1sica) de abordagens cl\u00e1ssicas (morfol\u00f3gicas e morfom\u00e9tricas), bioqu\u00edmicas (fen\u00f3tipos de \u03b1-esterase) e moleculares (sequenciamento e iniciadores espec\u00edficos). Posteriormente, testes, em condi\u00e7\u00f5es de casa-de-vegeta\u00e7\u00e3o, ser\u00e3o conduzidos para determinar a patogenicidade das principais esp\u00e9cies de <em>Meloidogyne<\/em> encontradas. Espera-se, pois, neste estudo n\u00e3o apenas identificar e quantificar esp\u00e9cies de <em>Meloidogyne<\/em> ocorrentes em lavouras de soja, mas tamb\u00e9m determinar seu potencial patog\u00eanico. Os resultados ir\u00e3o subsidiar, coletivamente, o futuro manejo de meloidoginoses e na cultura da soja e, por conseguinte, o fomento da atividade nos estados do Rio Grande do Sul e Santa Catarina<!--nextpage--><\/div>\n<\/div>\n<div><\/div>\n<div><\/div>\n<div>\n<div class=\"layout-cell layout-cell-9\">\n<div class=\"layout-cell-pad-5\" style=\"text-align: justify;\">Nematoides em culturas do Sul do Brasil: Levantamento, Epidemiologia e Estimativa de Danos<\/div>\n<\/div>\n<div class=\"layout-cell layout-cell-3 text-align-right\" style=\"text-align: justify;\">\n<div class=\"layout-cell-pad-5 text-align-right\"><\/div>\n<\/div>\n<div class=\"layout-cell layout-cell-9\">\n<div class=\"layout-cell-pad-5\" style=\"text-align: justify;\">Descri\u00e7\u00e3o: A ocorr\u00eancia de fitonematoides tem causado danos significativos em diversas culturas recentemente. Desse modo, o conhecimento acerca de aspectos epidemiol\u00f3gicos e de informa\u00e7\u00f5es que maximizam a efici\u00eancia de ferramentas (culturais, gen\u00e9ticas, qu\u00edmicas e biol\u00f3gicas) tornam-se imprescind\u00edveis nos dias atuais. Em face disto, neste presente estudo objetivar-se-\u00e3o: (i) Levantar a ocorr\u00eancia de esp\u00e9cies de fitonematoides nas mais diversas culturas de import\u00e2ncia econ\u00f4mica do Sul do Brasil, tais como fruteiras de clima temperado (ma\u00e7\u00e3, morangueiro, mirtilo, oliveira), cereais (trigo, cevada), forrageiras, ornamentais e oleaginosas, entre outras; (ii) Caracterizar a epidemiologia de nematoses usando principalmente modelos lineares generalizados com efeitos mistos (GLMMs); (iii) Estimar os limiares de danos em diversas culturas; (iii) Avaliar diferentes estrat\u00e9gias de manejo de fitonematoides em culturas do sul do Brasil visando manejo dos principais fitonematoides.<\/div>\n<\/div>\n<\/div>\n","protected":false},"excerpt":{"rendered":"<p>Meloidoginoses na cultura da soja nos estados do Rio Grande do Sul e Santa Catarina: Levantamento de Esp\u00e9cies &amp; Danos Associados A sojicultura constitui indubitavelmente uma das principais atividades agr\u00edcolas do Brasil. A despeito disso, alguns fatores bi\u00f3ticos tem fortemente limitado o alcance de \u00edndices desej\u00e1veis de produtividade. Atualmente, a ocorr\u00eancia de nematoides fitoparasitas, mormente [&hellip;]<\/p>\n","protected":false},"author":677,"featured_media":0,"parent":69,"menu_order":0,"comment_status":"closed","ping_status":"closed","template":"","meta":{"footnotes":""},"class_list":["post-81","page","type-page","status-publish","hentry"],"_links":{"self":[{"href":"https:\/\/wp.ufpel.edu.br\/labnema\/wp-json\/wp\/v2\/pages\/81","targetHints":{"allow":["GET"]}}],"collection":[{"href":"https:\/\/wp.ufpel.edu.br\/labnema\/wp-json\/wp\/v2\/pages"}],"about":[{"href":"https:\/\/wp.ufpel.edu.br\/labnema\/wp-json\/wp\/v2\/types\/page"}],"author":[{"embeddable":true,"href":"https:\/\/wp.ufpel.edu.br\/labnema\/wp-json\/wp\/v2\/users\/677"}],"replies":[{"embeddable":true,"href":"https:\/\/wp.ufpel.edu.br\/labnema\/wp-json\/wp\/v2\/comments?post=81"}],"version-history":[{"count":3,"href":"https:\/\/wp.ufpel.edu.br\/labnema\/wp-json\/wp\/v2\/pages\/81\/revisions"}],"predecessor-version":[{"id":156,"href":"https:\/\/wp.ufpel.edu.br\/labnema\/wp-json\/wp\/v2\/pages\/81\/revisions\/156"}],"up":[{"embeddable":true,"href":"https:\/\/wp.ufpel.edu.br\/labnema\/wp-json\/wp\/v2\/pages\/69"}],"wp:attachment":[{"href":"https:\/\/wp.ufpel.edu.br\/labnema\/wp-json\/wp\/v2\/media?parent=81"}],"curies":[{"name":"wp","href":"https:\/\/api.w.org\/{rel}","templated":true}]}}